{"id":1929,"date":"2024-09-08T14:34:19","date_gmt":"2024-09-08T14:34:19","guid":{"rendered":"https:\/\/leonsolar.com\/?post_type=product&#038;p=1929"},"modified":"2024-12-03T05:41:33","modified_gmt":"2024-12-03T05:41:33","slug":"boden-pv-system-typ-w","status":"publish","type":"product","link":"https:\/\/www.leonsolar.com\/de\/produkt\/boden-pv-system-typ-w\/","title":{"rendered":"Typ-W Boden Pv System"},"content":{"rendered":"<p><img fetchpriority=\"high\" decoding=\"async\" class=\"wp-image-3273 size-full alignleft\" src=\"https:\/\/www.leonsolar.com\/wp-content\/uploads\/2024\/09\/leon-solar-Type-W-ground-photovoltaic-support-bracket-100.png\" alt=\"Solar-PV-System Installation Wirkung, starke und stabile Struktur\" width=\"800\" height=\"800\" srcset=\"https:\/\/www.leonsolar.com\/wp-content\/uploads\/2024\/09\/leon-solar-Type-W-ground-photovoltaic-support-bracket-100.png 800w, https:\/\/www.leonsolar.com\/wp-content\/uploads\/2024\/09\/leon-solar-Type-W-ground-photovoltaic-support-bracket-100-300x300.png 300w, https:\/\/www.leonsolar.com\/wp-content\/uploads\/2024\/09\/leon-solar-Type-W-ground-photovoltaic-support-bracket-100-150x150.png 150w, https:\/\/www.leonsolar.com\/wp-content\/uploads\/2024\/09\/leon-solar-Type-W-ground-photovoltaic-support-bracket-100-768x768.png 768w, https:\/\/www.leonsolar.com\/wp-content\/uploads\/2024\/09\/leon-solar-Type-W-ground-photovoltaic-support-bracket-100-12x12.png 12w, https:\/\/www.leonsolar.com\/wp-content\/uploads\/2024\/09\/leon-solar-Type-W-ground-photovoltaic-support-bracket-100-600x600.png 600w, https:\/\/www.leonsolar.com\/wp-content\/uploads\/2024\/09\/leon-solar-Type-W-ground-photovoltaic-support-bracket-100-100x100.png 100w\" sizes=\"(max-width: 800px) 100vw, 800px\" \/><\/p>\n<p>Das Typ-W Boden-PV-System ist eine spezielle Solar-Montagel\u00f6sung, die f\u00fcr bodengest\u00fctzte Installationen entwickelt wurde und einen ma\u00dfgeschneiderten Ansatz f\u00fcr die Erzeugung von Solarenergie bietet. Dieses System wurde entwickelt, um die vielf\u00e4ltigen Anforderungen von Solarstromprojekten zu erf\u00fcllen und bietet eine Reihe von Einsatzm\u00f6glichkeiten, Vorteilen und Verkaufsargumenten.<\/p>\n<p>&nbsp;<\/p>\n<p>Dieses Solar-PV-System ist insbesondere f\u00fcr mittlere bis gro\u00dfe Solar-PV-Projekte geeignet. Die Haupttr\u00e4ger und Pfosten des Systems wurden optimiert, was zu einem raffinierteren Design f\u00fchrt, w\u00e4hrend die Widerstandsf\u00e4higkeit gegen starke Wind- und Schneelasten erhalten bleibt. Dar\u00fcber hinaus erm\u00f6glicht das Design der Ankerplatte geringf\u00fcgige Anpassungen vor Ort, so dass unterschiedliche Standortbedingungen ber\u00fccksichtigt werden k\u00f6nnen. Dar\u00fcber hinaus gew\u00e4hrleistet das patentierte und zertifizierte Design des Systems die Sicherheit des Projekts und erm\u00f6glicht eine schnelle Installation.<\/p>\n<h3><\/h3>\n<h3>Boden-PV-System Zweck:<\/h3>\n<p>Das Solar-PV-System ist in erster Linie f\u00fcr die Aufst\u00e4nderung von Solarmodulen auf dem Boden konzipiert und eignet sich daher f\u00fcr verschiedene Anwendungen wie Wohnh\u00e4user, Gewerbebetriebe und gro\u00dfe Solarparks. Es ist besonders n\u00fctzlich in Szenarien, in denen der Platz auf dem Dach begrenzt oder nicht verf\u00fcgbar ist.<\/p>\n<h3>Vorteile:<\/h3>\n<ol>\n<li><strong>Stabilit\u00e4t und Langlebigkeit:<\/strong> Die Typ-W-Konstruktion gew\u00e4hrleistet eine robuste Halterung f\u00fcr Solarmodule, die rauen Wetterbedingungen standh\u00e4lt und eine lange Lebensdauer hat.<\/li>\n<li><strong>Effiziente Raumausnutzung:<\/strong> Dieses System erm\u00f6glicht eine optimale Anordnung der Solarmodule, um ein Maximum an Sonnenlicht einzufangen und die Energieproduktion zu steigern.<\/li>\n<li><strong>Einfache Installation und Wartung:<\/strong> Das Solar-PV-System ist einfach konstruiert, vereinfacht die Installation und erleichtert die regelm\u00e4\u00dfige Wartung.<\/li>\n<\/ol>\n<h3>Verkaufsargumente:<\/h3>\n<ul>\n<li><strong>Individuelles Design:<\/strong> Ma\u00dfgeschneidert f\u00fcr spezifische Projektanforderungen, um eine perfekte \u00dcbereinstimmung mit Ihren Solarenergieanforderungen zu gew\u00e4hrleisten.<\/li>\n<li><strong>Kosteneffiziente L\u00f6sung:<\/strong> Bietet ein ausgewogenes Verh\u00e4ltnis zwischen Leistung und Kosten, was ihn zu einer attraktiven Option f\u00fcr budgetbewusste Anleger macht.<\/li>\n<li><strong>Verbesserte \u00c4sthetik:<\/strong> Das Typ-W-Design kann an die Umgebung angepasst werden, um die optische Attraktivit\u00e4t Ihrer Solaranlage zu verbessern.<\/li>\n<li><strong>Vielseitigkeit in der Anwendung:<\/strong> Er eignet sich f\u00fcr ein breites Spektrum von Gel\u00e4nde- und Standortbedingungen und beweist damit seine Anpassungsf\u00e4higkeit in unterschiedlichen Umgebungen.<\/li>\n<\/ul>\n<p>Durch die Nutzung dieser Hauptmerkmale und -vorteile stellt das Type-W Ground PV System eine zuverl\u00e4ssige, effiziente und \u00e4sthetisch ansprechende L\u00f6sung f\u00fcr die Solarstromerzeugung am Boden dar.<\/p>\n<h3>Technische Zertifizierung:<\/h3>\n<p><img decoding=\"async\" class=\"size-full wp-image-2612\" src=\"https:\/\/leonsolar.com\/wp-content\/uploads\/2024\/09\/leon-solar-brackets-pv-system-certification.png\" alt=\"Wichtigste Zertifizierungen und Zwecke von PV-Montagesystemen Zu den wichtigsten Zertifizierungen f\u00fcr PV-Montagesysteme geh\u00f6ren: IEC 61730: Gew\u00e4hrleistet Sicherheits- und Leistungsstandards f\u00fcr PV-Module und deren Montagesysteme. UL 1703: Deckt die Sicherheitsanforderungen f\u00fcr PV-Flachmodule und deren Halterungen ab. CE-Kennzeichnung: Kennzeichnet die Einhaltung der EU-Normen f\u00fcr Gesundheit, Sicherheit und Umweltschutz. TUV-Zertifizierung: Best\u00e4tigt die Qualit\u00e4t und Zuverl\u00e4ssigkeit von PV-Produkten und -Systemen. Diese Zertifizierungen gew\u00e4hrleisten, dass PV-Montagesysteme strenge Qualit\u00e4ts- und Sicherheitsstandards erf\u00fcllen und zuverl\u00e4ssige Leistung und Schutz vor potenziellen Gefahren bieten. Sie sind entscheidend f\u00fcr die Marktakzeptanz und das Vertrauen der Verbraucher.\" width=\"771\" height=\"390\" srcset=\"https:\/\/www.leonsolar.com\/wp-content\/uploads\/2024\/09\/leon-solar-brackets-pv-system-certification.png 771w, https:\/\/www.leonsolar.com\/wp-content\/uploads\/2024\/09\/leon-solar-brackets-pv-system-certification-300x152.png 300w, https:\/\/www.leonsolar.com\/wp-content\/uploads\/2024\/09\/leon-solar-brackets-pv-system-certification-768x388.png 768w, https:\/\/www.leonsolar.com\/wp-content\/uploads\/2024\/09\/leon-solar-brackets-pv-system-certification-600x304.png 600w\" sizes=\"(max-width: 771px) 100vw, 771px\" \/><\/p>","protected":false},"excerpt":{"rendered":"<p>Windgeschwindigkeit: bis zu 60m\/s<\/p>\n<p>Bewertung der Schneelast: 1.4kn\/\u33a1<\/p>\n<p>Neigungswinkel: 0-60\u00b0<\/p>\n<p>Material: Hochfestes Aluminium 6005-T5, rostfreier Stahl SUS304<\/p>\n<p>Garantie: 10 Jahre<\/p>\n<p>Bescheinigungen\uff1aCE\uff0cSGS<\/p>\n<p>Konformit\u00e4t:AS\/NZS1170.2,Euro Code 8, DIN 1055.IBC 2006<\/p>","protected":false},"featured_media":3273,"template":"","meta":{"site-sidebar-layout":"default","site-content-layout":"","ast-site-content-layout":"default","site-content-style":"default","site-sidebar-style":"default","ast-global-header-display":"","ast-banner-title-visibility":"","ast-main-header-display":"","ast-hfb-above-header-display":"","ast-hfb-below-header-display":"","ast-hfb-mobile-header-display":"","site-post-title":"","ast-breadcrumbs-content":"","ast-featured-img":"","footer-sml-layout":"","theme-transparent-header-meta":"default","adv-header-id-meta":"","stick-header-meta":"default","header-above-stick-meta":"","header-main-stick-meta":"","header-below-stick-meta":"","astra-migrate-meta-layouts":"set","ast-page-background-enabled":"default","ast-page-background-meta":{"desktop":{"background-color":"var(--ast-global-color-4)","background-image":"","background-repeat":"repeat","background-position":"center center","background-size":"auto","background-attachment":"scroll","background-type":"","background-media":"","overlay-type":"","overlay-color":"","overlay-opacity":"","overlay-gradient":""},"tablet":{"background-color":"","background-image":"","background-repeat":"repeat","background-position":"center center","background-size":"auto","background-attachment":"scroll","background-type":"","background-media":"","overlay-type":"","overlay-color":"","overlay-opacity":"","overlay-gradient":""},"mobile":{"background-color":"","background-image":"","background-repeat":"repeat","background-position":"center center","background-size":"auto","background-attachment":"scroll","background-type":"","background-media":"","overlay-type":"","overlay-color":"","overlay-opacity":"","overlay-gradient":""}},"ast-content-background-meta":{"desktop":{"background-color":"var(--ast-global-color-5)","background-image":"","background-repeat":"repeat","background-position":"center center","background-size":"auto","background-attachment":"scroll","background-type":"","background-media":"","overlay-type":"","overlay-color":"","overlay-opacity":"","overlay-gradient":""},"tablet":{"background-color":"var(--ast-global-color-5)","background-image":"","background-repeat":"repeat","background-position":"center center","background-size":"auto","background-attachment":"scroll","background-type":"","background-media":"","overlay-type":"","overlay-color":"","overlay-opacity":"","overlay-gradient":""},"mobile":{"background-color":"var(--ast-global-color-5)","background-image":"","background-repeat":"repeat","background-position":"center center","background-size":"auto","background-attachment":"scroll","background-type":"","background-media":"","overlay-type":"","overlay-color":"","overlay-opacity":"","overlay-gradient":""}}},"product_brand":[],"product_cat":[65,75,100],"product_tag":[166,165,183,161,159,160,84],"class_list":{"0":"post-1929","1":"product","2":"type-product","3":"status-publish","4":"has-post-thumbnail","6":"product_cat-all-products","7":"product_cat-leonsolar-ground-pv-system","8":"product_cat-ground-solar-mounting-system","9":"product_tag-aluminum-ground-pv-system","10":"product_tag-aluminum-ground-system","11":"product_tag-ground","12":"product_tag-ground-brackets-system","13":"product_tag-ground-mounting","14":"product_tag-ground-mounting-system","15":"product_tag-ground-pv-system","16":"desktop-align-left","17":"tablet-align-left","18":"mobile-align-left","20":"first","21":"instock","22":"shipping-taxable","23":"product-type-simple"},"yoast_head":"<!-- This site is optimized with the Yoast SEO Premium plugin v23.3 (Yoast SEO v24.4) - https:\/\/yoast.com\/wordpress\/plugins\/seo\/ -->\n<title>GROUND PV SYSTEM(W SHAPE)<\/title>\n<meta name=\"description\" content=\"Leon Solar offers a variety of ground solar mounting systems, and the Type-W Ground PV System is one of the more commonly used ones.\" \/>\n<meta name=\"robots\" content=\"index, follow, max-snippet:-1, max-image-preview:large, max-video-preview:-1\" \/>\n<link rel=\"canonical\" href=\"https:\/\/www.leonsolar.com\/de\/produkt\/boden-pv-system-typ-w\/\" \/>\n<meta property=\"og:locale\" content=\"de_DE\" \/>\n<meta property=\"og:type\" content=\"article\" \/>\n<meta property=\"og:title\" content=\"Type-W Ground Pv System\" \/>\n<meta property=\"og:description\" content=\"Leon Solar offers a variety of ground solar mounting systems, and the Type-W Ground PV System is one of the more commonly used ones.\" \/>\n<meta property=\"og:url\" content=\"https:\/\/www.leonsolar.com\/de\/produkt\/boden-pv-system-typ-w\/\" \/>\n<meta property=\"article:publisher\" content=\"https:\/\/www.facebook.com\/profile.php?id=100091002557296\" \/>\n<meta property=\"article:modified_time\" content=\"2024-12-03T05:41:33+00:00\" \/>\n<meta property=\"og:image\" content=\"https:\/\/www.leonsolar.com\/wp-content\/uploads\/2024\/09\/leon-solar-Type-W-ground-photovoltaic-support-bracket-100.png\" \/>\n\t<meta property=\"og:image:width\" content=\"800\" \/>\n\t<meta property=\"og:image:height\" content=\"800\" \/>\n\t<meta property=\"og:image:type\" content=\"image\/png\" \/>\n<meta name=\"twitter:card\" content=\"summary_large_image\" \/>\n<meta name=\"twitter:label1\" content=\"Gesch\u00e4tzte Lesezeit\" \/>\n\t<meta name=\"twitter:data1\" content=\"3 Minuten\" \/>\n<script type=\"application\/ld+json\" class=\"yoast-schema-graph\">{\"@context\":\"https:\/\/schema.org\",\"@graph\":[{\"@type\":\"WebPage\",\"@id\":\"https:\/\/www.leonsolar.com\/product\/type-w-ground-pv-system\/\",\"url\":\"https:\/\/www.leonsolar.com\/product\/type-w-ground-pv-system\/\",\"name\":\"GROUND PV SYSTEM(W SHAPE)\",\"isPartOf\":{\"@id\":\"https:\/\/www.leonsolar.com\/#website\"},\"primaryImageOfPage\":{\"@id\":\"https:\/\/www.leonsolar.com\/product\/type-w-ground-pv-system\/#primaryimage\"},\"image\":{\"@id\":\"https:\/\/www.leonsolar.com\/product\/type-w-ground-pv-system\/#primaryimage\"},\"thumbnailUrl\":\"https:\/\/www.leonsolar.com\/wp-content\/uploads\/2024\/09\/leon-solar-Type-W-ground-photovoltaic-support-bracket-100.png\",\"datePublished\":\"2024-09-08T14:34:19+00:00\",\"dateModified\":\"2024-12-03T05:41:33+00:00\",\"description\":\"Leon Solar offers a variety of ground solar mounting systems, and the Type-W Ground PV System is one of the more commonly used ones.\",\"breadcrumb\":{\"@id\":\"https:\/\/www.leonsolar.com\/product\/type-w-ground-pv-system\/#breadcrumb\"},\"inLanguage\":\"de-AT\",\"potentialAction\":[{\"@type\":\"ReadAction\",\"target\":[\"https:\/\/www.leonsolar.com\/product\/type-w-ground-pv-system\/\"]}]},{\"@type\":\"ImageObject\",\"inLanguage\":\"de-AT\",\"@id\":\"https:\/\/www.leonsolar.com\/product\/type-w-ground-pv-system\/#primaryimage\",\"url\":\"https:\/\/www.leonsolar.com\/wp-content\/uploads\/2024\/09\/leon-solar-Type-W-ground-photovoltaic-support-bracket-100.png\",\"contentUrl\":\"https:\/\/www.leonsolar.com\/wp-content\/uploads\/2024\/09\/leon-solar-Type-W-ground-photovoltaic-support-bracket-100.png\",\"width\":800,\"height\":800,\"caption\":\"solar pv system installation effect, strong and stable structure\"},{\"@type\":\"BreadcrumbList\",\"@id\":\"https:\/\/www.leonsolar.com\/product\/type-w-ground-pv-system\/#breadcrumb\",\"itemListElement\":[{\"@type\":\"ListItem\",\"position\":1,\"name\":\"Home\",\"item\":\"https:\/\/www.leonsolar.com\/\"},{\"@type\":\"ListItem\",\"position\":2,\"name\":\"Products\",\"item\":\"https:\/\/www.leonsolar.com\/shop\/\"},{\"@type\":\"ListItem\",\"position\":3,\"name\":\"Type-W Ground Pv System\"}]},{\"@type\":\"WebSite\",\"@id\":\"https:\/\/www.leonsolar.com\/#website\",\"url\":\"https:\/\/www.leonsolar.com\/\",\"name\":\"Leon solar mounting system\",\"description\":\"ground mount system,tin roof mount system,tie roof mount system,floating pv system,solar pv Accessories\",\"publisher\":{\"@id\":\"https:\/\/www.leonsolar.com\/#organization\"},\"alternateName\":\"Show pages in search results Show pages in search results Disabling this means that pages will not be indexed by search engines and will be excluded from XML sitemaps. Read more about the search results settings.\",\"potentialAction\":[{\"@type\":\"SearchAction\",\"target\":{\"@type\":\"EntryPoint\",\"urlTemplate\":\"https:\/\/www.leonsolar.com\/?s={search_term_string}\"},\"query-input\":{\"@type\":\"PropertyValueSpecification\",\"valueRequired\":true,\"valueName\":\"search_term_string\"}}],\"inLanguage\":\"de-AT\"},{\"@type\":\"Organization\",\"@id\":\"https:\/\/www.leonsolar.com\/#organization\",\"name\":\"Xiamen Leon Solar Technology Co., Ltd\",\"url\":\"https:\/\/www.leonsolar.com\/\",\"logo\":{\"@type\":\"ImageObject\",\"inLanguage\":\"de-AT\",\"@id\":\"https:\/\/www.leonsolar.com\/#\/schema\/logo\/image\/\",\"url\":\"https:\/\/www.leonsolar.com\/wp-content\/uploads\/2024\/09\/leon-solar-company-logo-250-250.png\",\"contentUrl\":\"https:\/\/www.leonsolar.com\/wp-content\/uploads\/2024\/09\/leon-solar-company-logo-250-250.png\",\"width\":1044,\"height\":720,\"caption\":\"Xiamen Leon Solar Technology Co., Ltd\"},\"image\":{\"@id\":\"https:\/\/www.leonsolar.com\/#\/schema\/logo\/image\/\"},\"sameAs\":[\"https:\/\/www.facebook.com\/profile.php?id=100091002557296\",\"https:\/\/www.linkedin.com\/company\/13753269\/admin\/dashboard\/\"]}]}<\/script>\n<!-- \/ Yoast SEO Premium plugin. -->","yoast_head_json":{"title":"BODEN-PV-SYSTEM (W-FORM)","description":"Leon Solar bietet eine Vielzahl von Bodenmontagesystemen an, und das Typ-W Boden-PV-System ist eines der am h\u00e4ufigsten verwendeten Systeme.","robots":{"index":"index","follow":"follow","max-snippet":"max-snippet:-1","max-image-preview":"max-image-preview:large","max-video-preview":"max-video-preview:-1"},"canonical":"https:\/\/www.leonsolar.com\/de\/produkt\/boden-pv-system-typ-w\/","og_locale":"de_DE","og_type":"article","og_title":"Type-W Ground Pv System","og_description":"Leon Solar offers a variety of ground solar mounting systems, and the Type-W Ground PV System is one of the more commonly used ones.","og_url":"https:\/\/www.leonsolar.com\/de\/produkt\/boden-pv-system-typ-w\/","article_publisher":"https:\/\/www.facebook.com\/profile.php?id=100091002557296","article_modified_time":"2024-12-03T05:41:33+00:00","og_image":[{"width":800,"height":800,"url":"https:\/\/www.leonsolar.com\/wp-content\/uploads\/2024\/09\/leon-solar-Type-W-ground-photovoltaic-support-bracket-100.png","type":"image\/png"}],"twitter_card":"summary_large_image","twitter_misc":{"Gesch\u00e4tzte Lesezeit":"3 Minuten"},"schema":{"@context":"https:\/\/schema.org","@graph":[{"@type":"WebPage","@id":"https:\/\/www.leonsolar.com\/product\/type-w-ground-pv-system\/","url":"https:\/\/www.leonsolar.com\/product\/type-w-ground-pv-system\/","name":"BODEN-PV-SYSTEM (W-FORM)","isPartOf":{"@id":"https:\/\/www.leonsolar.com\/#website"},"primaryImageOfPage":{"@id":"https:\/\/www.leonsolar.com\/product\/type-w-ground-pv-system\/#primaryimage"},"image":{"@id":"https:\/\/www.leonsolar.com\/product\/type-w-ground-pv-system\/#primaryimage"},"thumbnailUrl":"https:\/\/www.leonsolar.com\/wp-content\/uploads\/2024\/09\/leon-solar-Type-W-ground-photovoltaic-support-bracket-100.png","datePublished":"2024-09-08T14:34:19+00:00","dateModified":"2024-12-03T05:41:33+00:00","description":"Leon Solar bietet eine Vielzahl von Bodenmontagesystemen an, und das Typ-W Boden-PV-System ist eines der am h\u00e4ufigsten verwendeten Systeme.","breadcrumb":{"@id":"https:\/\/www.leonsolar.com\/product\/type-w-ground-pv-system\/#breadcrumb"},"inLanguage":"de-AT","potentialAction":[{"@type":"ReadAction","target":["https:\/\/www.leonsolar.com\/product\/type-w-ground-pv-system\/"]}]},{"@type":"ImageObject","inLanguage":"de-AT","@id":"https:\/\/www.leonsolar.com\/product\/type-w-ground-pv-system\/#primaryimage","url":"https:\/\/www.leonsolar.com\/wp-content\/uploads\/2024\/09\/leon-solar-Type-W-ground-photovoltaic-support-bracket-100.png","contentUrl":"https:\/\/www.leonsolar.com\/wp-content\/uploads\/2024\/09\/leon-solar-Type-W-ground-photovoltaic-support-bracket-100.png","width":800,"height":800,"caption":"solar pv system installation effect, strong and stable structure"},{"@type":"BreadcrumbList","@id":"https:\/\/www.leonsolar.com\/product\/type-w-ground-pv-system\/#breadcrumb","itemListElement":[{"@type":"ListItem","position":1,"name":"Home","item":"https:\/\/www.leonsolar.com\/"},{"@type":"ListItem","position":2,"name":"Products","item":"https:\/\/www.leonsolar.com\/shop\/"},{"@type":"ListItem","position":3,"name":"Type-W Ground Pv System"}]},{"@type":"WebSite","@id":"https:\/\/www.leonsolar.com\/#website","url":"https:\/\/www.leonsolar.com\/","name":"Leon Solar-Montagesystem","description":"Bodenmontage-System, Blechdach-Montage-System, Krawatte Dach montieren System, schwimmende PV-System, Solar-PV-Zubeh\u00f6r","publisher":{"@id":"https:\/\/www.leonsolar.com\/#organization"},"alternateName":"Show pages in search results Show pages in search results Disabling this means that pages will not be indexed by search engines and will be excluded from XML sitemaps. Read more about the search results settings.","potentialAction":[{"@type":"SearchAction","target":{"@type":"EntryPoint","urlTemplate":"https:\/\/www.leonsolar.com\/?s={search_term_string}"},"query-input":{"@type":"PropertyValueSpecification","valueRequired":true,"valueName":"search_term_string"}}],"inLanguage":"de-AT"},{"@type":"Organization","@id":"https:\/\/www.leonsolar.com\/#organization","name":"Xiamen Leon Solar Technology Co. Ltd.","url":"https:\/\/www.leonsolar.com\/","logo":{"@type":"ImageObject","inLanguage":"de-AT","@id":"https:\/\/www.leonsolar.com\/#\/schema\/logo\/image\/","url":"https:\/\/www.leonsolar.com\/wp-content\/uploads\/2024\/09\/leon-solar-company-logo-250-250.png","contentUrl":"https:\/\/www.leonsolar.com\/wp-content\/uploads\/2024\/09\/leon-solar-company-logo-250-250.png","width":1044,"height":720,"caption":"Xiamen Leon Solar Technology Co., Ltd"},"image":{"@id":"https:\/\/www.leonsolar.com\/#\/schema\/logo\/image\/"},"sameAs":["https:\/\/www.facebook.com\/profile.php?id=100091002557296","https:\/\/www.linkedin.com\/company\/13753269\/admin\/dashboard\/"]}]}},"_links":{"self":[{"href":"https:\/\/www.leonsolar.com\/de\/wp-json\/wp\/v2\/product\/1929"}],"collection":[{"href":"https:\/\/www.leonsolar.com\/de\/wp-json\/wp\/v2\/product"}],"about":[{"href":"https:\/\/www.leonsolar.com\/de\/wp-json\/wp\/v2\/types\/product"}],"wp:featuredmedia":[{"embeddable":true,"href":"https:\/\/www.leonsolar.com\/de\/wp-json\/wp\/v2\/media\/3273"}],"wp:attachment":[{"href":"https:\/\/www.leonsolar.com\/de\/wp-json\/wp\/v2\/media?parent=1929"}],"wp:term":[{"taxonomy":"product_brand","embeddable":true,"href":"https:\/\/www.leonsolar.com\/de\/wp-json\/wp\/v2\/product_brand?post=1929"},{"taxonomy":"product_cat","embeddable":true,"href":"https:\/\/www.leonsolar.com\/de\/wp-json\/wp\/v2\/product_cat?post=1929"},{"taxonomy":"product_tag","embeddable":true,"href":"https:\/\/www.leonsolar.com\/de\/wp-json\/wp\/v2\/product_tag?post=1929"}],"curies":[{"name":"wp","href":"https:\/\/api.w.org\/{rel}","templated":true}]}}