{"id":1951,"date":"2024-09-09T03:23:58","date_gmt":"2024-09-09T03:23:58","guid":{"rendered":"https:\/\/leonsolar.com\/?post_type=product&#038;p=1951"},"modified":"2024-11-28T07:07:14","modified_gmt":"2024-11-28T07:07:14","slug":"solarziegel-dachregalanlage","status":"publish","type":"product","link":"https:\/\/www.leonsolar.com\/de\/produkt\/solarziegel-dachregalanlage\/","title":{"rendered":"Solaranlage mit verglastem Ziegeldach"},"content":{"rendered":"<p>Das Solarziegeldachgest\u00e4nge ist eine spezielle Montagel\u00f6sung f\u00fcr die Installation von Solarmodulen auf Ziegeld\u00e4chern. Sein Hauptziel ist es, einen sicheren und optisch ansprechenden Rahmen f\u00fcr die Anbringung von Solarmodulen zu bieten. Gleichzeitig bleibt die Integrit\u00e4t der Dachziegeldeckung erhalten.<\/p>\n<figure id=\"attachment_1955\" aria-describedby=\"caption-attachment-1955\" style=\"width: 5000px\" class=\"wp-caption alignnone\"><img fetchpriority=\"high\" decoding=\"async\" class=\"size-full wp-image-1955\" src=\"https:\/\/leonsolar.com\/wp-content\/uploads\/2024\/09\/Glazed-tile-roof-solar-pv-system-200.png\" alt=\"Das PV-System f\u00fcr glasierte Ziegeld\u00e4cher wurde f\u00fcr die Integration von Solarmodulen in glasierte Ziegeld\u00e4cher entwickelt und bietet eine stabile und optisch ansprechende L\u00f6sung f\u00fcr die Erzeugung von Solarenergie, wobei die architektonische Integrit\u00e4t des Geb\u00e4udes erhalten bleibt.\" width=\"5000\" height=\"3341\" \/><figcaption id=\"caption-attachment-1955\" class=\"wp-caption-text\">Das PV-System f\u00fcr glasierte Ziegeld\u00e4cher zeichnet sich durch eine sichere Befestigung der Module, Kompatibilit\u00e4t mit glasierten Ziegeld\u00e4chern und ein \u00e4sthetisches Design aus, das sich in die Architektur des Geb\u00e4udes einf\u00fcgt und eine effiziente Solarenergieerzeugung ohne Beeintr\u00e4chtigung der Dachintegrit\u00e4t gew\u00e4hrleistet.<\/figcaption><\/figure>\n<h3>Solarziegel-Dachgestelle Hauptverwendungszwecke:<\/h3>\n<p>&nbsp;<\/p>\n<ul>\n<li><strong>Ziegeldach Kompatibilit\u00e4t<\/strong>Speziell f\u00fcr verschiedene Ziegeld\u00e4cher entwickelt, gew\u00e4hrleistet es eine nahtlose Integration ohne Besch\u00e4digung der Ziegel.<\/li>\n<li><strong style=\"font-size: 16px;\">Stabile Plattenbefestigung<\/strong><span style=\"font-size: 16px;\">: Das H-f\u00f6rmige Schienendesign bietet eine robuste Struktur, um die Solarmodule auch bei Wind sicher zu halten.<\/span><\/li>\n<li><strong>\u00c4sthetische Anziehungskraft<\/strong>: F\u00fcgt sich in den architektonischen Stil von Ziegeld\u00e4chern ein und bewahrt die visuelle Harmonie des \u00c4u\u00dferen des Geb\u00e4udes.<\/li>\n<\/ul>\n<h3>Bemerkenswerte Vorteile:<\/h3>\n<p>&nbsp;<\/p>\n<ul>\n<li><strong>Dauerhaftigkeit<\/strong>: Hergestellt aus hochwertigen Materialien, die korrosions- und witterungsbest\u00e4ndig sind und somit eine langfristige Funktionalit\u00e4t gew\u00e4hrleisten.<\/li>\n<li><strong>Einfacher Einbau<\/strong>: Das H-f\u00f6rmige Schienensystem vereinfacht den Installationsprozess und erm\u00f6glicht eine effiziente und unkomplizierte Panelmontage.<\/li>\n<li><strong>Minimierte Dachdurchdringung<\/strong>: Reduziert die Notwendigkeit zahlreicher Dachdurchdringungen, die die Wasserdichtigkeit von Ziegeld\u00e4chern beeintr\u00e4chtigen k\u00f6nnen.<\/li>\n<li><strong>Einstellbarkeit<\/strong>: Oftmals mit verstellbaren Schienen, die eine optimale Positionierung der Solarmodule f\u00fcr maximale Sonneneinstrahlung erm\u00f6glichen.<\/li>\n<\/ul>\n<h3>Besondere Ber\u00fccksichtigung von Solarziegel-Dachgestellen:<\/h3>\n<p>&nbsp;<\/p>\n<ul>\n<li><strong>Erhaltung der Integrit\u00e4t des Daches<\/strong>: Das Design vermeidet die Ber\u00fchrung von Fliesen und verhindert Kratzer bei der Montage und Demontage.<\/li>\n<li><strong>Windwiderstand<\/strong>: Die H-f\u00f6rmigen Schienen bieten zus\u00e4tzliche Stabilit\u00e4t gegen Windkr\u00e4fte, was f\u00fcr die Positionierung der Platten auf Ziegeld\u00e4chern entscheidend ist.<\/li>\n<\/ul>\n<h3>Technische Zertifizierungen:<\/h3>\n<p>&nbsp;<\/p>\n<p><img decoding=\"async\" class=\"size-full wp-image-2612\" src=\"https:\/\/leonsolar.com\/wp-content\/uploads\/2024\/09\/leon-solar-brackets-pv-system-certification.png\" alt=\"Wichtigste Zertifizierungen und Zwecke von PV-Montagesystemen Zu den wichtigsten Zertifizierungen f\u00fcr PV-Montagesysteme geh\u00f6ren: IEC 61730: Gew\u00e4hrleistet Sicherheits- und Leistungsstandards f\u00fcr PV-Module und deren Montagesysteme. UL 1703: Deckt die Sicherheitsanforderungen f\u00fcr PV-Flachmodule und deren Halterungen ab. CE-Kennzeichnung: Kennzeichnet die Einhaltung der EU-Normen f\u00fcr Gesundheit, Sicherheit und Umweltschutz. TUV-Zertifizierung: Best\u00e4tigt die Qualit\u00e4t und Zuverl\u00e4ssigkeit von PV-Produkten und -Systemen. Diese Zertifizierungen gew\u00e4hrleisten, dass PV-Montagesysteme strenge Qualit\u00e4ts- und Sicherheitsstandards erf\u00fcllen und zuverl\u00e4ssige Leistung und Schutz vor potenziellen Gefahren bieten. Sie sind entscheidend f\u00fcr die Marktakzeptanz und das Vertrauen der Verbraucher.\" width=\"771\" height=\"390\" srcset=\"https:\/\/www.leonsolar.com\/wp-content\/uploads\/2024\/09\/leon-solar-brackets-pv-system-certification.png 771w, https:\/\/www.leonsolar.com\/wp-content\/uploads\/2024\/09\/leon-solar-brackets-pv-system-certification-300x152.png 300w, https:\/\/www.leonsolar.com\/wp-content\/uploads\/2024\/09\/leon-solar-brackets-pv-system-certification-768x388.png 768w, https:\/\/www.leonsolar.com\/wp-content\/uploads\/2024\/09\/leon-solar-brackets-pv-system-certification-600x304.png 600w\" sizes=\"(max-width: 771px) 100vw, 771px\" \/><\/p>","protected":false},"excerpt":{"rendered":"<p>Windgeschwindigkeit: bis zu 55m\/s<\/p>\n<p>Bewertung der Schneelast: 1.4kn\/\u33a1<\/p>\n<p>Material: Hochfestes Aluminium 6005-T5, rostfreier Stahl SUS304<\/p>\n<p>Einhaltung der Vorschriften: AS\/NZS1170.2.Euro Code 8, DIN 1055, IBC 2006<\/p>","protected":false},"featured_media":3223,"template":"","meta":{"site-sidebar-layout":"default","site-content-layout":"","ast-site-content-layout":"default","site-content-style":"default","site-sidebar-style":"default","ast-global-header-display":"","ast-banner-title-visibility":"","ast-main-header-display":"","ast-hfb-above-header-display":"","ast-hfb-below-header-display":"","ast-hfb-mobile-header-display":"","site-post-title":"","ast-breadcrumbs-content":"","ast-featured-img":"","footer-sml-layout":"","theme-transparent-header-meta":"default","adv-header-id-meta":"","stick-header-meta":"default","header-above-stick-meta":"","header-main-stick-meta":"","header-below-stick-meta":"","astra-migrate-meta-layouts":"set","ast-page-background-enabled":"default","ast-page-background-meta":{"desktop":{"background-color":"var(--ast-global-color-4)","background-image":"","background-repeat":"repeat","background-position":"center center","background-size":"auto","background-attachment":"scroll","background-type":"","background-media":"","overlay-type":"","overlay-color":"","overlay-opacity":"","overlay-gradient":""},"tablet":{"background-color":"","background-image":"","background-repeat":"repeat","background-position":"center center","background-size":"auto","background-attachment":"scroll","background-type":"","background-media":"","overlay-type":"","overlay-color":"","overlay-opacity":"","overlay-gradient":""},"mobile":{"background-color":"","background-image":"","background-repeat":"repeat","background-position":"center center","background-size":"auto","background-attachment":"scroll","background-type":"","background-media":"","overlay-type":"","overlay-color":"","overlay-opacity":"","overlay-gradient":""}},"ast-content-background-meta":{"desktop":{"background-color":"var(--ast-global-color-5)","background-image":"","background-repeat":"repeat","background-position":"center center","background-size":"auto","background-attachment":"scroll","background-type":"","background-media":"","overlay-type":"","overlay-color":"","overlay-opacity":"","overlay-gradient":""},"tablet":{"background-color":"var(--ast-global-color-5)","background-image":"","background-repeat":"repeat","background-position":"center center","background-size":"auto","background-attachment":"scroll","background-type":"","background-media":"","overlay-type":"","overlay-color":"","overlay-opacity":"","overlay-gradient":""},"mobile":{"background-color":"var(--ast-global-color-5)","background-image":"","background-repeat":"repeat","background-position":"center center","background-size":"auto","background-attachment":"scroll","background-type":"","background-media":"","overlay-type":"","overlay-color":"","overlay-opacity":"","overlay-gradient":""}}},"product_brand":[],"product_cat":[65,76,105],"product_tag":[225,221,222,220,223,224],"class_list":{"0":"post-1951","1":"product","2":"type-product","3":"status-publish","4":"has-post-thumbnail","6":"product_cat-all-products","7":"product_cat-leonsolar-roof-solar-pv-system","8":"product_cat-tile-roof-mounting-structure","9":"product_tag-tile-roof","10":"product_tag-tile-roof-mounting-system","11":"product_tag-tile-roof-mounts","12":"product_tag-tile-roof-pv-system","13":"product_tag-tile-roof-solar-installations","14":"product_tag-tile-roofing-mounts","15":"desktop-align-left","16":"tablet-align-left","17":"mobile-align-left","19":"first","20":"instock","21":"shipping-taxable","22":"product-type-simple"},"yoast_head":"<!-- This site is optimized with the Yoast SEO Premium plugin v23.3 (Yoast SEO v24.4) - https:\/\/yoast.com\/wordpress\/plugins\/seo\/ -->\n<title>solar tile roof racking system<\/title>\n<meta name=\"description\" content=\"Leon Solar can provide you with a series of tie roof solar racking system,that allows solar panels to be safely and efficientlymounted on tile roofs.\" \/>\n<meta name=\"robots\" content=\"index, follow, max-snippet:-1, max-image-preview:large, max-video-preview:-1\" \/>\n<link rel=\"canonical\" href=\"https:\/\/www.leonsolar.com\/de\/produkt\/solarziegel-dachregalanlage\/\" \/>\n<meta property=\"og:locale\" content=\"de_DE\" \/>\n<meta property=\"og:type\" content=\"article\" \/>\n<meta property=\"og:title\" content=\"Glazed tile roof solar pv system\" \/>\n<meta property=\"og:description\" content=\"Leon Solar can provide you with a series of tie roof solar racking system,that allows solar panels to be safely and efficientlymounted on tile roofs.\" \/>\n<meta property=\"og:url\" content=\"https:\/\/www.leonsolar.com\/de\/produkt\/solarziegel-dachregalanlage\/\" \/>\n<meta property=\"article:publisher\" content=\"https:\/\/www.facebook.com\/profile.php?id=100091002557296\" \/>\n<meta property=\"article:modified_time\" content=\"2024-11-28T07:07:14+00:00\" \/>\n<meta property=\"og:image\" content=\"https:\/\/www.leonsolar.com\/wp-content\/uploads\/2024\/09\/Glazed-tile-roof-solar-pv-system-100.png\" \/>\n\t<meta property=\"og:image:width\" content=\"1200\" \/>\n\t<meta property=\"og:image:height\" content=\"1200\" \/>\n\t<meta property=\"og:image:type\" content=\"image\/png\" \/>\n<meta name=\"twitter:card\" content=\"summary_large_image\" \/>\n<meta name=\"twitter:label1\" content=\"Gesch\u00e4tzte Lesezeit\" \/>\n\t<meta name=\"twitter:data1\" content=\"2 Minuten\" \/>\n<script type=\"application\/ld+json\" class=\"yoast-schema-graph\">{\"@context\":\"https:\/\/schema.org\",\"@graph\":[{\"@type\":\"WebPage\",\"@id\":\"https:\/\/www.leonsolar.com\/product\/solar-tile-roof-racking-system\/\",\"url\":\"https:\/\/www.leonsolar.com\/product\/solar-tile-roof-racking-system\/\",\"name\":\"solar tile roof racking system\",\"isPartOf\":{\"@id\":\"https:\/\/www.leonsolar.com\/#website\"},\"primaryImageOfPage\":{\"@id\":\"https:\/\/www.leonsolar.com\/product\/solar-tile-roof-racking-system\/#primaryimage\"},\"image\":{\"@id\":\"https:\/\/www.leonsolar.com\/product\/solar-tile-roof-racking-system\/#primaryimage\"},\"thumbnailUrl\":\"https:\/\/www.leonsolar.com\/wp-content\/uploads\/2024\/09\/Glazed-tile-roof-solar-pv-system-100.png\",\"datePublished\":\"2024-09-09T03:23:58+00:00\",\"dateModified\":\"2024-11-28T07:07:14+00:00\",\"description\":\"Leon Solar can provide you with a series of tie roof solar racking system,that allows solar panels to be safely and efficientlymounted on tile roofs.\",\"breadcrumb\":{\"@id\":\"https:\/\/www.leonsolar.com\/product\/solar-tile-roof-racking-system\/#breadcrumb\"},\"inLanguage\":\"de-AT\",\"potentialAction\":[{\"@type\":\"ReadAction\",\"target\":[\"https:\/\/www.leonsolar.com\/product\/solar-tile-roof-racking-system\/\"]}]},{\"@type\":\"ImageObject\",\"inLanguage\":\"de-AT\",\"@id\":\"https:\/\/www.leonsolar.com\/product\/solar-tile-roof-racking-system\/#primaryimage\",\"url\":\"https:\/\/www.leonsolar.com\/wp-content\/uploads\/2024\/09\/Glazed-tile-roof-solar-pv-system-100.png\",\"contentUrl\":\"https:\/\/www.leonsolar.com\/wp-content\/uploads\/2024\/09\/Glazed-tile-roof-solar-pv-system-100.png\",\"width\":1200,\"height\":1200,\"caption\":\"Tile roof solar installation will not break the roof\"},{\"@type\":\"BreadcrumbList\",\"@id\":\"https:\/\/www.leonsolar.com\/product\/solar-tile-roof-racking-system\/#breadcrumb\",\"itemListElement\":[{\"@type\":\"ListItem\",\"position\":1,\"name\":\"Home\",\"item\":\"https:\/\/www.leonsolar.com\/\"},{\"@type\":\"ListItem\",\"position\":2,\"name\":\"Products\",\"item\":\"https:\/\/www.leonsolar.com\/shop\/\"},{\"@type\":\"ListItem\",\"position\":3,\"name\":\"Glazed tile roof solar pv system\"}]},{\"@type\":\"WebSite\",\"@id\":\"https:\/\/www.leonsolar.com\/#website\",\"url\":\"https:\/\/www.leonsolar.com\/\",\"name\":\"Leon solar mounting system\",\"description\":\"ground mount system,tin roof mount system,tie roof mount system,floating pv system,solar pv Accessories\",\"publisher\":{\"@id\":\"https:\/\/www.leonsolar.com\/#organization\"},\"alternateName\":\"Show pages in search results Show pages in search results Disabling this means that pages will not be indexed by search engines and will be excluded from XML sitemaps. Read more about the search results settings.\",\"potentialAction\":[{\"@type\":\"SearchAction\",\"target\":{\"@type\":\"EntryPoint\",\"urlTemplate\":\"https:\/\/www.leonsolar.com\/?s={search_term_string}\"},\"query-input\":{\"@type\":\"PropertyValueSpecification\",\"valueRequired\":true,\"valueName\":\"search_term_string\"}}],\"inLanguage\":\"de-AT\"},{\"@type\":\"Organization\",\"@id\":\"https:\/\/www.leonsolar.com\/#organization\",\"name\":\"Xiamen Leon Solar Technology Co., Ltd\",\"url\":\"https:\/\/www.leonsolar.com\/\",\"logo\":{\"@type\":\"ImageObject\",\"inLanguage\":\"de-AT\",\"@id\":\"https:\/\/www.leonsolar.com\/#\/schema\/logo\/image\/\",\"url\":\"https:\/\/www.leonsolar.com\/wp-content\/uploads\/2024\/09\/leon-solar-company-logo-250-250.png\",\"contentUrl\":\"https:\/\/www.leonsolar.com\/wp-content\/uploads\/2024\/09\/leon-solar-company-logo-250-250.png\",\"width\":1044,\"height\":720,\"caption\":\"Xiamen Leon Solar Technology Co., Ltd\"},\"image\":{\"@id\":\"https:\/\/www.leonsolar.com\/#\/schema\/logo\/image\/\"},\"sameAs\":[\"https:\/\/www.facebook.com\/profile.php?id=100091002557296\",\"https:\/\/www.linkedin.com\/company\/13753269\/admin\/dashboard\/\"]}]}<\/script>\n<!-- \/ Yoast SEO Premium plugin. -->","yoast_head_json":{"title":"Solarziegel-Dachregalanlage","description":"Leon Solar kann Ihnen eine Reihe von Solarmodulen anbieten, die sicher und effizient auf Ziegeld\u00e4chern montiert werden k\u00f6nnen.","robots":{"index":"index","follow":"follow","max-snippet":"max-snippet:-1","max-image-preview":"max-image-preview:large","max-video-preview":"max-video-preview:-1"},"canonical":"https:\/\/www.leonsolar.com\/de\/produkt\/solarziegel-dachregalanlage\/","og_locale":"de_DE","og_type":"article","og_title":"Glazed tile roof solar pv system","og_description":"Leon Solar can provide you with a series of tie roof solar racking system,that allows solar panels to be safely and efficientlymounted on tile roofs.","og_url":"https:\/\/www.leonsolar.com\/de\/produkt\/solarziegel-dachregalanlage\/","article_publisher":"https:\/\/www.facebook.com\/profile.php?id=100091002557296","article_modified_time":"2024-11-28T07:07:14+00:00","og_image":[{"width":1200,"height":1200,"url":"https:\/\/www.leonsolar.com\/wp-content\/uploads\/2024\/09\/Glazed-tile-roof-solar-pv-system-100.png","type":"image\/png"}],"twitter_card":"summary_large_image","twitter_misc":{"Gesch\u00e4tzte Lesezeit":"2 Minuten"},"schema":{"@context":"https:\/\/schema.org","@graph":[{"@type":"WebPage","@id":"https:\/\/www.leonsolar.com\/product\/solar-tile-roof-racking-system\/","url":"https:\/\/www.leonsolar.com\/product\/solar-tile-roof-racking-system\/","name":"Solarziegel-Dachregalanlage","isPartOf":{"@id":"https:\/\/www.leonsolar.com\/#website"},"primaryImageOfPage":{"@id":"https:\/\/www.leonsolar.com\/product\/solar-tile-roof-racking-system\/#primaryimage"},"image":{"@id":"https:\/\/www.leonsolar.com\/product\/solar-tile-roof-racking-system\/#primaryimage"},"thumbnailUrl":"https:\/\/www.leonsolar.com\/wp-content\/uploads\/2024\/09\/Glazed-tile-roof-solar-pv-system-100.png","datePublished":"2024-09-09T03:23:58+00:00","dateModified":"2024-11-28T07:07:14+00:00","description":"Leon Solar kann Ihnen eine Reihe von Solarmodulen anbieten, die sicher und effizient auf Ziegeld\u00e4chern montiert werden k\u00f6nnen.","breadcrumb":{"@id":"https:\/\/www.leonsolar.com\/product\/solar-tile-roof-racking-system\/#breadcrumb"},"inLanguage":"de-AT","potentialAction":[{"@type":"ReadAction","target":["https:\/\/www.leonsolar.com\/product\/solar-tile-roof-racking-system\/"]}]},{"@type":"ImageObject","inLanguage":"de-AT","@id":"https:\/\/www.leonsolar.com\/product\/solar-tile-roof-racking-system\/#primaryimage","url":"https:\/\/www.leonsolar.com\/wp-content\/uploads\/2024\/09\/Glazed-tile-roof-solar-pv-system-100.png","contentUrl":"https:\/\/www.leonsolar.com\/wp-content\/uploads\/2024\/09\/Glazed-tile-roof-solar-pv-system-100.png","width":1200,"height":1200,"caption":"Tile roof solar installation will not break the roof"},{"@type":"BreadcrumbList","@id":"https:\/\/www.leonsolar.com\/product\/solar-tile-roof-racking-system\/#breadcrumb","itemListElement":[{"@type":"ListItem","position":1,"name":"Home","item":"https:\/\/www.leonsolar.com\/"},{"@type":"ListItem","position":2,"name":"Products","item":"https:\/\/www.leonsolar.com\/shop\/"},{"@type":"ListItem","position":3,"name":"Glazed tile roof solar pv system"}]},{"@type":"WebSite","@id":"https:\/\/www.leonsolar.com\/#website","url":"https:\/\/www.leonsolar.com\/","name":"Leon Solar-Montagesystem","description":"Bodenmontage-System, Blechdach-Montage-System, Krawatte Dach montieren System, schwimmende PV-System, Solar-PV-Zubeh\u00f6r","publisher":{"@id":"https:\/\/www.leonsolar.com\/#organization"},"alternateName":"Show pages in search results Show pages in search results Disabling this means that pages will not be indexed by search engines and will be excluded from XML sitemaps. Read more about the search results settings.","potentialAction":[{"@type":"SearchAction","target":{"@type":"EntryPoint","urlTemplate":"https:\/\/www.leonsolar.com\/?s={search_term_string}"},"query-input":{"@type":"PropertyValueSpecification","valueRequired":true,"valueName":"search_term_string"}}],"inLanguage":"de-AT"},{"@type":"Organization","@id":"https:\/\/www.leonsolar.com\/#organization","name":"Xiamen Leon Solar Technology Co. Ltd.","url":"https:\/\/www.leonsolar.com\/","logo":{"@type":"ImageObject","inLanguage":"de-AT","@id":"https:\/\/www.leonsolar.com\/#\/schema\/logo\/image\/","url":"https:\/\/www.leonsolar.com\/wp-content\/uploads\/2024\/09\/leon-solar-company-logo-250-250.png","contentUrl":"https:\/\/www.leonsolar.com\/wp-content\/uploads\/2024\/09\/leon-solar-company-logo-250-250.png","width":1044,"height":720,"caption":"Xiamen Leon Solar Technology Co., Ltd"},"image":{"@id":"https:\/\/www.leonsolar.com\/#\/schema\/logo\/image\/"},"sameAs":["https:\/\/www.facebook.com\/profile.php?id=100091002557296","https:\/\/www.linkedin.com\/company\/13753269\/admin\/dashboard\/"]}]}},"_links":{"self":[{"href":"https:\/\/www.leonsolar.com\/de\/wp-json\/wp\/v2\/product\/1951"}],"collection":[{"href":"https:\/\/www.leonsolar.com\/de\/wp-json\/wp\/v2\/product"}],"about":[{"href":"https:\/\/www.leonsolar.com\/de\/wp-json\/wp\/v2\/types\/product"}],"wp:featuredmedia":[{"embeddable":true,"href":"https:\/\/www.leonsolar.com\/de\/wp-json\/wp\/v2\/media\/3223"}],"wp:attachment":[{"href":"https:\/\/www.leonsolar.com\/de\/wp-json\/wp\/v2\/media?parent=1951"}],"wp:term":[{"taxonomy":"product_brand","embeddable":true,"href":"https:\/\/www.leonsolar.com\/de\/wp-json\/wp\/v2\/product_brand?post=1951"},{"taxonomy":"product_cat","embeddable":true,"href":"https:\/\/www.leonsolar.com\/de\/wp-json\/wp\/v2\/product_cat?post=1951"},{"taxonomy":"product_tag","embeddable":true,"href":"https:\/\/www.leonsolar.com\/de\/wp-json\/wp\/v2\/product_tag?post=1951"}],"curies":[{"name":"wp","href":"https:\/\/api.w.org\/{rel}","templated":true}]}}