{"id":1972,"date":"2024-09-09T05:38:19","date_gmt":"2024-09-09T05:38:19","guid":{"rendered":"https:\/\/leonsolar.com\/?post_type=product&#038;p=1972"},"modified":"2024-11-27T08:35:53","modified_gmt":"2024-11-27T08:35:53","slug":"dreibein-solarhalterung","status":"publish","type":"product","link":"https:\/\/www.leonsolar.com\/de\/produkt\/dreibein-solarhalterung\/","title":{"rendered":"Solaranlage mit dreieckigem Rahmen auf dem Dach"},"content":{"rendered":"<p>Die dreieckige Solarhalterung f\u00fcr D\u00e4cher ist eine spezielle Montagel\u00f6sung f\u00fcr die effiziente Erzeugung von Solarenergie auf D\u00e4chern. Die dreieckige Rahmenstruktur bietet eine stabile und \u00e4sthetisch ansprechende Plattform f\u00fcr Solarmodule.<\/p>\n<p><img fetchpriority=\"high\" decoding=\"async\" class=\"alignnone wp-image-3219 size-full\" src=\"https:\/\/www.leonsolar.com\/wp-content\/uploads\/2024\/09\/leon-solar-Roof-triangular-frame-solar-pv-system-100.png\" alt=\"Zementbasiertes Dreibein-Solarmontagesystem\" width=\"1200\" height=\"1200\" srcset=\"https:\/\/www.leonsolar.com\/wp-content\/uploads\/2024\/09\/leon-solar-Roof-triangular-frame-solar-pv-system-100.png 1200w, https:\/\/www.leonsolar.com\/wp-content\/uploads\/2024\/09\/leon-solar-Roof-triangular-frame-solar-pv-system-100-300x300.png 300w, https:\/\/www.leonsolar.com\/wp-content\/uploads\/2024\/09\/leon-solar-Roof-triangular-frame-solar-pv-system-100-1024x1024.png 1024w, https:\/\/www.leonsolar.com\/wp-content\/uploads\/2024\/09\/leon-solar-Roof-triangular-frame-solar-pv-system-100-150x150.png 150w, https:\/\/www.leonsolar.com\/wp-content\/uploads\/2024\/09\/leon-solar-Roof-triangular-frame-solar-pv-system-100-768x768.png 768w, https:\/\/www.leonsolar.com\/wp-content\/uploads\/2024\/09\/leon-solar-Roof-triangular-frame-solar-pv-system-100-12x12.png 12w, https:\/\/www.leonsolar.com\/wp-content\/uploads\/2024\/09\/leon-solar-Roof-triangular-frame-solar-pv-system-100-600x600.png 600w, https:\/\/www.leonsolar.com\/wp-content\/uploads\/2024\/09\/leon-solar-Roof-triangular-frame-solar-pv-system-100-100x100.png 100w\" sizes=\"(max-width: 1200px) 100vw, 1200px\" \/><\/p>\n<h3>Wichtigste Verwendungszwecke:<\/h3>\n<p>&nbsp;<\/p>\n<ul>\n<li><strong>Solarenergieerzeugung auf dem Dach<\/strong>: Dieses System ist ideal f\u00fcr Wohn- und Gesch\u00e4ftsgeb\u00e4ude und wurde entwickelt, um die Sonneneinstrahlung auf die Solarmodule zu maximieren.<\/li>\n<li><strong>Strukturelle Stabilit\u00e4t<\/strong>: Das dreieckige Rahmendesign bietet hervorragende Stabilit\u00e4t, verteilt das Gewicht gleichm\u00e4\u00dfig und reduziert die Belastung des Daches.<\/li>\n<li><strong>\u00c4sthetische Integration<\/strong>: F\u00fcgt sich nahtlos in viele architektonische Stile ein und steigert die optische Attraktivit\u00e4t des Geb\u00e4udes.<\/li>\n<\/ul>\n<p>&nbsp;<\/p>\n<h3>Bemerkenswerte Vorteile:<\/h3>\n<p>&nbsp;<\/p>\n<ul>\n<li><strong>Dauerhaftigkeit<\/strong>: Die aus hochwertigen Materialien gefertigte Solarhalterung h\u00e4lt den unterschiedlichsten Witterungsbedingungen stand und gew\u00e4hrleistet langfristige Zuverl\u00e4ssigkeit.<\/li>\n<li><strong>Einfacher Einbau<\/strong>: Das modulare Design vereinfacht den Installationsprozess und reduziert Arbeitskosten und Zeitaufwand.<\/li>\n<li><strong>Optimale Positionierung von Solarmodulen<\/strong>: Erm\u00f6glicht eine pr\u00e4zise Einstellung der Winkel der Paneele, um w\u00e4hrend des gesamten Tages und der verschiedenen Jahreszeiten ein Maximum an Sonnenlicht einzufangen.<\/li>\n<li><strong>Weltraum-Effizienz<\/strong>: Effiziente Nutzung der Dachfl\u00e4che, daher geeignet f\u00fcr Geb\u00e4ude mit begrenzter Fl\u00e4che f\u00fcr die Installation von Solarzellen.<\/li>\n<\/ul>\n<p>&nbsp;<\/p>\n<h3>Besondere Ber\u00fccksichtigung von Dachtypen:<\/h3>\n<p>&nbsp;<\/p>\n<ul>\n<li><strong>Flachdach-Kompatibilit\u00e4t<\/strong>: Kann mit Hilfe von verstellbaren St\u00fctzen an Flachd\u00e4cher angepasst werden, um eine optimale Positionierung der Platten zu gew\u00e4hrleisten.<\/li>\n<li><strong>Anpassungsf\u00e4higkeit von Schr\u00e4gd\u00e4chern<\/strong>: Passt sich nat\u00fcrlich an geneigte D\u00e4cher an, sorgt f\u00fcr eine sichere Befestigung und verbessert die Energieausbeute.<\/li>\n<\/ul>\n<p>&nbsp;<\/p>\n<h3>Technische Zertifizierungen:<\/h3>\n<p>&nbsp;<\/p>\n<p><img decoding=\"async\" class=\"size-full wp-image-2612\" src=\"https:\/\/leonsolar.com\/wp-content\/uploads\/2024\/09\/leon-solar-brackets-pv-system-certification.png\" alt=\"Wichtigste Zertifizierungen und Zwecke von PV-Montagesystemen Zu den wichtigsten Zertifizierungen f\u00fcr PV-Montagesysteme geh\u00f6ren: IEC 61730: Gew\u00e4hrleistet Sicherheits- und Leistungsstandards f\u00fcr PV-Module und deren Montagesysteme. UL 1703: Deckt die Sicherheitsanforderungen f\u00fcr PV-Flachmodule und deren Halterungen ab. CE-Kennzeichnung: Kennzeichnet die Einhaltung der EU-Normen f\u00fcr Gesundheit, Sicherheit und Umweltschutz. TUV-Zertifizierung: Best\u00e4tigt die Qualit\u00e4t und Zuverl\u00e4ssigkeit von PV-Produkten und -Systemen. Diese Zertifizierungen gew\u00e4hrleisten, dass PV-Montagesysteme strenge Qualit\u00e4ts- und Sicherheitsstandards erf\u00fcllen und zuverl\u00e4ssige Leistung und Schutz vor potenziellen Gefahren bieten. Sie sind entscheidend f\u00fcr die Marktakzeptanz und das Vertrauen der Verbraucher.\" width=\"771\" height=\"390\" srcset=\"https:\/\/www.leonsolar.com\/wp-content\/uploads\/2024\/09\/leon-solar-brackets-pv-system-certification.png 771w, https:\/\/www.leonsolar.com\/wp-content\/uploads\/2024\/09\/leon-solar-brackets-pv-system-certification-300x152.png 300w, https:\/\/www.leonsolar.com\/wp-content\/uploads\/2024\/09\/leon-solar-brackets-pv-system-certification-768x388.png 768w, https:\/\/www.leonsolar.com\/wp-content\/uploads\/2024\/09\/leon-solar-brackets-pv-system-certification-600x304.png 600w\" sizes=\"(max-width: 771px) 100vw, 771px\" \/><\/p>","protected":false},"excerpt":{"rendered":"<p>Windgeschwindigkeit: bis zu 60m\/s&lt;\/p&gt;<\/p>\n<p>S<\/p>\n<p>jetzt Lastwert: 1.4kn\/\u33a1<\/p>\n<p>Kippen<\/p>\n<p>Winkel: 0-60\u00b0&amp;amp;amp;amp;amp;amp;amp;amp;amp;lt;\/p&gt;<\/p>\n<p>Material: Hochfestes Aluminium 6005-T5, rostfreier Stahl SUS304<\/p>\n<p>Garantie: 10 Jahre<\/p>\n<p>Bescheinigungen\uff1aCE\uff0cSGS<\/p>\n<p>Konformit\u00e4t:AS\/NZS1170.2,Euro Code 8, DIN 1055.IBC 2006<\/p>","protected":false},"featured_media":3219,"template":"","meta":{"site-sidebar-layout":"default","site-content-layout":"","ast-site-content-layout":"default","site-content-style":"default","site-sidebar-style":"default","ast-global-header-display":"","ast-banner-title-visibility":"","ast-main-header-display":"","ast-hfb-above-header-display":"","ast-hfb-below-header-display":"","ast-hfb-mobile-header-display":"","site-post-title":"","ast-breadcrumbs-content":"","ast-featured-img":"","footer-sml-layout":"","theme-transparent-header-meta":"default","adv-header-id-meta":"","stick-header-meta":"default","header-above-stick-meta":"","header-main-stick-meta":"","header-below-stick-meta":"","astra-migrate-meta-layouts":"set","ast-page-background-enabled":"default","ast-page-background-meta":{"desktop":{"background-color":"var(--ast-global-color-4)","background-image":"","background-repeat":"repeat","background-position":"center center","background-size":"auto","background-attachment":"scroll","background-type":"","background-media":"","overlay-type":"","overlay-color":"","overlay-opacity":"","overlay-gradient":""},"tablet":{"background-color":"","background-image":"","background-repeat":"repeat","background-position":"center center","background-size":"auto","background-attachment":"scroll","background-type":"","background-media":"","overlay-type":"","overlay-color":"","overlay-opacity":"","overlay-gradient":""},"mobile":{"background-color":"","background-image":"","background-repeat":"repeat","background-position":"center center","background-size":"auto","background-attachment":"scroll","background-type":"","background-media":"","overlay-type":"","overlay-color":"","overlay-opacity":"","overlay-gradient":""}},"ast-content-background-meta":{"desktop":{"background-color":"var(--ast-global-color-5)","background-image":"","background-repeat":"repeat","background-position":"center center","background-size":"auto","background-attachment":"scroll","background-type":"","background-media":"","overlay-type":"","overlay-color":"","overlay-opacity":"","overlay-gradient":""},"tablet":{"background-color":"var(--ast-global-color-5)","background-image":"","background-repeat":"repeat","background-position":"center center","background-size":"auto","background-attachment":"scroll","background-type":"","background-media":"","overlay-type":"","overlay-color":"","overlay-opacity":"","overlay-gradient":""},"mobile":{"background-color":"var(--ast-global-color-5)","background-image":"","background-repeat":"repeat","background-position":"center center","background-size":"auto","background-attachment":"scroll","background-type":"","background-media":"","overlay-type":"","overlay-color":"","overlay-opacity":"","overlay-gradient":""}}},"product_brand":[],"product_cat":[65,104,76],"product_tag":[189,140,188,197,200,196,195,191,139,143,190,192],"class_list":{"0":"post-1972","1":"product","2":"type-product","3":"status-publish","4":"has-post-thumbnail","6":"product_cat-all-products","7":"product_cat-flat-roof-solar-mounting","8":"product_cat-leonsolar-roof-solar-pv-system","9":"product_tag-pv-roof-systems","10":"product_tag-roof-mounting-system","11":"product_tag-roof-pv-mounts","12":"product_tag-roof-pv-system","13":"product_tag-roof-solar-mount-system","14":"product_tag-roof-solar-pv-system","15":"product_tag-roof-tripod-solar-pv-system","16":"product_tag-rooftop-solar-installations","17":"product_tag-solar-mounting-roof","18":"product_tag-solar-roof-installation","19":"product_tag-solar-roof-mounts","20":"product_tag-solar-roofing-mounts","21":"desktop-align-left","22":"tablet-align-left","23":"mobile-align-left","25":"first","26":"instock","27":"shipping-taxable","28":"product-type-simple"},"yoast_head":"<!-- This site is optimized with the Yoast SEO Premium plugin v23.3 (Yoast SEO v24.4) - https:\/\/yoast.com\/wordpress\/plugins\/seo\/ -->\n<title>solar mounting bracket<\/title>\n<meta name=\"description\" content=\"Leon Solar offers a series of products such as tripod solar mounting bracket, which is easy to install, strong in structure and resistant to wind and snow\" \/>\n<meta name=\"robots\" content=\"index, follow, max-snippet:-1, max-image-preview:large, max-video-preview:-1\" \/>\n<link rel=\"canonical\" href=\"https:\/\/www.leonsolar.com\/de\/produkt\/dreibein-solarhalterung\/\" \/>\n<meta property=\"og:locale\" content=\"de_DE\" \/>\n<meta property=\"og:type\" content=\"article\" \/>\n<meta property=\"og:title\" content=\"Roof triangular frame solar pv system\" \/>\n<meta property=\"og:description\" content=\"Leon Solar offers a series of products such as tripod solar mounting bracket, which is easy to install, strong in structure and resistant to wind and snow\" \/>\n<meta property=\"og:url\" content=\"https:\/\/www.leonsolar.com\/de\/produkt\/dreibein-solarhalterung\/\" \/>\n<meta property=\"article:publisher\" content=\"https:\/\/www.facebook.com\/profile.php?id=100091002557296\" \/>\n<meta property=\"article:modified_time\" content=\"2024-11-27T08:35:53+00:00\" \/>\n<meta property=\"og:image\" content=\"https:\/\/www.leonsolar.com\/wp-content\/uploads\/2024\/09\/leon-solar-Roof-triangular-frame-solar-pv-system-100.png\" \/>\n\t<meta property=\"og:image:width\" content=\"1200\" \/>\n\t<meta property=\"og:image:height\" content=\"1200\" \/>\n\t<meta property=\"og:image:type\" content=\"image\/png\" \/>\n<meta name=\"twitter:card\" content=\"summary_large_image\" \/>\n<meta name=\"twitter:label1\" content=\"Gesch\u00e4tzte Lesezeit\" \/>\n\t<meta name=\"twitter:data1\" content=\"2 Minuten\" \/>\n<script type=\"application\/ld+json\" class=\"yoast-schema-graph\">{\"@context\":\"https:\/\/schema.org\",\"@graph\":[{\"@type\":\"WebPage\",\"@id\":\"https:\/\/www.leonsolar.com\/product\/tripod-solar-mounting-bracket\/\",\"url\":\"https:\/\/www.leonsolar.com\/product\/tripod-solar-mounting-bracket\/\",\"name\":\"solar mounting bracket\",\"isPartOf\":{\"@id\":\"https:\/\/www.leonsolar.com\/#website\"},\"primaryImageOfPage\":{\"@id\":\"https:\/\/www.leonsolar.com\/product\/tripod-solar-mounting-bracket\/#primaryimage\"},\"image\":{\"@id\":\"https:\/\/www.leonsolar.com\/product\/tripod-solar-mounting-bracket\/#primaryimage\"},\"thumbnailUrl\":\"https:\/\/www.leonsolar.com\/wp-content\/uploads\/2024\/09\/leon-solar-Roof-triangular-frame-solar-pv-system-100.png\",\"datePublished\":\"2024-09-09T05:38:19+00:00\",\"dateModified\":\"2024-11-27T08:35:53+00:00\",\"description\":\"Leon Solar offers a series of products such as tripod solar mounting bracket, which is easy to install, strong in structure and resistant to wind and snow\",\"breadcrumb\":{\"@id\":\"https:\/\/www.leonsolar.com\/product\/tripod-solar-mounting-bracket\/#breadcrumb\"},\"inLanguage\":\"de-AT\",\"potentialAction\":[{\"@type\":\"ReadAction\",\"target\":[\"https:\/\/www.leonsolar.com\/product\/tripod-solar-mounting-bracket\/\"]}]},{\"@type\":\"ImageObject\",\"inLanguage\":\"de-AT\",\"@id\":\"https:\/\/www.leonsolar.com\/product\/tripod-solar-mounting-bracket\/#primaryimage\",\"url\":\"https:\/\/www.leonsolar.com\/wp-content\/uploads\/2024\/09\/leon-solar-Roof-triangular-frame-solar-pv-system-100.png\",\"contentUrl\":\"https:\/\/www.leonsolar.com\/wp-content\/uploads\/2024\/09\/leon-solar-Roof-triangular-frame-solar-pv-system-100.png\",\"width\":1200,\"height\":1200,\"caption\":\"Cement-based tripod solar mounting system\"},{\"@type\":\"BreadcrumbList\",\"@id\":\"https:\/\/www.leonsolar.com\/product\/tripod-solar-mounting-bracket\/#breadcrumb\",\"itemListElement\":[{\"@type\":\"ListItem\",\"position\":1,\"name\":\"Home\",\"item\":\"https:\/\/www.leonsolar.com\/\"},{\"@type\":\"ListItem\",\"position\":2,\"name\":\"Products\",\"item\":\"https:\/\/www.leonsolar.com\/shop\/\"},{\"@type\":\"ListItem\",\"position\":3,\"name\":\"Roof triangular frame solar pv system\"}]},{\"@type\":\"WebSite\",\"@id\":\"https:\/\/www.leonsolar.com\/#website\",\"url\":\"https:\/\/www.leonsolar.com\/\",\"name\":\"Leon solar mounting system\",\"description\":\"ground mount system,tin roof mount system,tie roof mount system,floating pv system,solar pv Accessories\",\"publisher\":{\"@id\":\"https:\/\/www.leonsolar.com\/#organization\"},\"alternateName\":\"Show pages in search results Show pages in search results Disabling this means that pages will not be indexed by search engines and will be excluded from XML sitemaps. Read more about the search results settings.\",\"potentialAction\":[{\"@type\":\"SearchAction\",\"target\":{\"@type\":\"EntryPoint\",\"urlTemplate\":\"https:\/\/www.leonsolar.com\/?s={search_term_string}\"},\"query-input\":{\"@type\":\"PropertyValueSpecification\",\"valueRequired\":true,\"valueName\":\"search_term_string\"}}],\"inLanguage\":\"de-AT\"},{\"@type\":\"Organization\",\"@id\":\"https:\/\/www.leonsolar.com\/#organization\",\"name\":\"Xiamen Leon Solar Technology Co., Ltd\",\"url\":\"https:\/\/www.leonsolar.com\/\",\"logo\":{\"@type\":\"ImageObject\",\"inLanguage\":\"de-AT\",\"@id\":\"https:\/\/www.leonsolar.com\/#\/schema\/logo\/image\/\",\"url\":\"https:\/\/www.leonsolar.com\/wp-content\/uploads\/2024\/09\/leon-solar-company-logo-250-250.png\",\"contentUrl\":\"https:\/\/www.leonsolar.com\/wp-content\/uploads\/2024\/09\/leon-solar-company-logo-250-250.png\",\"width\":1044,\"height\":720,\"caption\":\"Xiamen Leon Solar Technology Co., Ltd\"},\"image\":{\"@id\":\"https:\/\/www.leonsolar.com\/#\/schema\/logo\/image\/\"},\"sameAs\":[\"https:\/\/www.facebook.com\/profile.php?id=100091002557296\",\"https:\/\/www.linkedin.com\/company\/13753269\/admin\/dashboard\/\"]}]}<\/script>\n<!-- \/ Yoast SEO Premium plugin. -->","yoast_head_json":{"title":"Solar-Halterung","description":"Leon Solar bietet eine Reihe von Produkten an, wie z.B. eine dreibeinige Solarhalterung, die einfach zu installieren ist, eine starke Struktur hat und resistent gegen Wind und Schnee ist.","robots":{"index":"index","follow":"follow","max-snippet":"max-snippet:-1","max-image-preview":"max-image-preview:large","max-video-preview":"max-video-preview:-1"},"canonical":"https:\/\/www.leonsolar.com\/de\/produkt\/dreibein-solarhalterung\/","og_locale":"de_DE","og_type":"article","og_title":"Roof triangular frame solar pv system","og_description":"Leon Solar offers a series of products such as tripod solar mounting bracket, which is easy to install, strong in structure and resistant to wind and snow","og_url":"https:\/\/www.leonsolar.com\/de\/produkt\/dreibein-solarhalterung\/","article_publisher":"https:\/\/www.facebook.com\/profile.php?id=100091002557296","article_modified_time":"2024-11-27T08:35:53+00:00","og_image":[{"width":1200,"height":1200,"url":"https:\/\/www.leonsolar.com\/wp-content\/uploads\/2024\/09\/leon-solar-Roof-triangular-frame-solar-pv-system-100.png","type":"image\/png"}],"twitter_card":"summary_large_image","twitter_misc":{"Gesch\u00e4tzte Lesezeit":"2 Minuten"},"schema":{"@context":"https:\/\/schema.org","@graph":[{"@type":"WebPage","@id":"https:\/\/www.leonsolar.com\/product\/tripod-solar-mounting-bracket\/","url":"https:\/\/www.leonsolar.com\/product\/tripod-solar-mounting-bracket\/","name":"Solar-Halterung","isPartOf":{"@id":"https:\/\/www.leonsolar.com\/#website"},"primaryImageOfPage":{"@id":"https:\/\/www.leonsolar.com\/product\/tripod-solar-mounting-bracket\/#primaryimage"},"image":{"@id":"https:\/\/www.leonsolar.com\/product\/tripod-solar-mounting-bracket\/#primaryimage"},"thumbnailUrl":"https:\/\/www.leonsolar.com\/wp-content\/uploads\/2024\/09\/leon-solar-Roof-triangular-frame-solar-pv-system-100.png","datePublished":"2024-09-09T05:38:19+00:00","dateModified":"2024-11-27T08:35:53+00:00","description":"Leon Solar bietet eine Reihe von Produkten an, wie z.B. eine dreibeinige Solarhalterung, die einfach zu installieren ist, eine starke Struktur hat und resistent gegen Wind und Schnee ist.","breadcrumb":{"@id":"https:\/\/www.leonsolar.com\/product\/tripod-solar-mounting-bracket\/#breadcrumb"},"inLanguage":"de-AT","potentialAction":[{"@type":"ReadAction","target":["https:\/\/www.leonsolar.com\/product\/tripod-solar-mounting-bracket\/"]}]},{"@type":"ImageObject","inLanguage":"de-AT","@id":"https:\/\/www.leonsolar.com\/product\/tripod-solar-mounting-bracket\/#primaryimage","url":"https:\/\/www.leonsolar.com\/wp-content\/uploads\/2024\/09\/leon-solar-Roof-triangular-frame-solar-pv-system-100.png","contentUrl":"https:\/\/www.leonsolar.com\/wp-content\/uploads\/2024\/09\/leon-solar-Roof-triangular-frame-solar-pv-system-100.png","width":1200,"height":1200,"caption":"Cement-based tripod solar mounting system"},{"@type":"BreadcrumbList","@id":"https:\/\/www.leonsolar.com\/product\/tripod-solar-mounting-bracket\/#breadcrumb","itemListElement":[{"@type":"ListItem","position":1,"name":"Home","item":"https:\/\/www.leonsolar.com\/"},{"@type":"ListItem","position":2,"name":"Products","item":"https:\/\/www.leonsolar.com\/shop\/"},{"@type":"ListItem","position":3,"name":"Roof triangular frame solar pv system"}]},{"@type":"WebSite","@id":"https:\/\/www.leonsolar.com\/#website","url":"https:\/\/www.leonsolar.com\/","name":"Leon Solar-Montagesystem","description":"Bodenmontage-System, Blechdach-Montage-System, Krawatte Dach montieren System, schwimmende PV-System, Solar-PV-Zubeh\u00f6r","publisher":{"@id":"https:\/\/www.leonsolar.com\/#organization"},"alternateName":"Show pages in search results Show pages in search results Disabling this means that pages will not be indexed by search engines and will be excluded from XML sitemaps. Read more about the search results settings.","potentialAction":[{"@type":"SearchAction","target":{"@type":"EntryPoint","urlTemplate":"https:\/\/www.leonsolar.com\/?s={search_term_string}"},"query-input":{"@type":"PropertyValueSpecification","valueRequired":true,"valueName":"search_term_string"}}],"inLanguage":"de-AT"},{"@type":"Organization","@id":"https:\/\/www.leonsolar.com\/#organization","name":"Xiamen Leon Solar Technology Co. Ltd.","url":"https:\/\/www.leonsolar.com\/","logo":{"@type":"ImageObject","inLanguage":"de-AT","@id":"https:\/\/www.leonsolar.com\/#\/schema\/logo\/image\/","url":"https:\/\/www.leonsolar.com\/wp-content\/uploads\/2024\/09\/leon-solar-company-logo-250-250.png","contentUrl":"https:\/\/www.leonsolar.com\/wp-content\/uploads\/2024\/09\/leon-solar-company-logo-250-250.png","width":1044,"height":720,"caption":"Xiamen Leon Solar Technology Co., Ltd"},"image":{"@id":"https:\/\/www.leonsolar.com\/#\/schema\/logo\/image\/"},"sameAs":["https:\/\/www.facebook.com\/profile.php?id=100091002557296","https:\/\/www.linkedin.com\/company\/13753269\/admin\/dashboard\/"]}]}},"_links":{"self":[{"href":"https:\/\/www.leonsolar.com\/de\/wp-json\/wp\/v2\/product\/1972"}],"collection":[{"href":"https:\/\/www.leonsolar.com\/de\/wp-json\/wp\/v2\/product"}],"about":[{"href":"https:\/\/www.leonsolar.com\/de\/wp-json\/wp\/v2\/types\/product"}],"wp:featuredmedia":[{"embeddable":true,"href":"https:\/\/www.leonsolar.com\/de\/wp-json\/wp\/v2\/media\/3219"}],"wp:attachment":[{"href":"https:\/\/www.leonsolar.com\/de\/wp-json\/wp\/v2\/media?parent=1972"}],"wp:term":[{"taxonomy":"product_brand","embeddable":true,"href":"https:\/\/www.leonsolar.com\/de\/wp-json\/wp\/v2\/product_brand?post=1972"},{"taxonomy":"product_cat","embeddable":true,"href":"https:\/\/www.leonsolar.com\/de\/wp-json\/wp\/v2\/product_cat?post=1972"},{"taxonomy":"product_tag","embeddable":true,"href":"https:\/\/www.leonsolar.com\/de\/wp-json\/wp\/v2\/product_tag?post=1972"}],"curies":[{"name":"wp","href":"https:\/\/api.w.org\/{rel}","templated":true}]}}