{"id":2092,"date":"2024-09-10T06:41:54","date_gmt":"2024-09-10T06:41:54","guid":{"rendered":"https:\/\/leonsolar.com\/?post_type=product&#038;p=2092"},"modified":"2024-09-24T07:44:53","modified_gmt":"2024-09-24T07:44:53","slug":"h-schiene-fur-dach","status":"publish","type":"product","link":"https:\/\/www.leonsolar.com\/de\/produkt\/h-schiene-fur-dach\/","title":{"rendered":"Metalldach Solar H-Schiene"},"content":{"rendered":"<h2 style=\"text-align: center\">H-Schiene<\/h2>\n<p>&nbsp;<\/p>\n<h3>Beschreibung des Produkts<\/h3>\n<p><strong>Die H-Schienen eignen sich f\u00fcr verschiedene Arten von D\u00e4chern, darunter Flachd\u00e4cher, Ziegeld\u00e4cher und Metalld\u00e4cher. Sie sind mit verschiedenen Arten von Halterungen und Zubeh\u00f6r kompatibel und bieten eine hohe Anpassungsf\u00e4higkeit (z. B. Haken f\u00fcr Ziegeld\u00e4cher und verschiedene Klemmen f\u00fcr Metalld\u00e4cher). Das Design ist leicht, und das Material aus einer Aluminiumlegierung ist eloxiert, um Korrosionsbest\u00e4ndigkeit zu gew\u00e4hrleisten und eine lange Lebensdauer zu garantieren.<\/strong><\/p>\n<p><img fetchpriority=\"high\" decoding=\"async\" class=\"alignleft size-full wp-image-2800\" src=\"https:\/\/leonsolar.com\/wp-content\/uploads\/2024\/09\/H-type-rail-scene-1-scaled.jpg\" alt=\"\" width=\"2560\" height=\"1716\" srcset=\"https:\/\/www.leonsolar.com\/wp-content\/uploads\/2024\/09\/H-type-rail-scene-1-scaled.jpg 2560w, https:\/\/www.leonsolar.com\/wp-content\/uploads\/2024\/09\/H-type-rail-scene-1-300x201.jpg 300w, https:\/\/www.leonsolar.com\/wp-content\/uploads\/2024\/09\/H-type-rail-scene-1-1024x686.jpg 1024w, https:\/\/www.leonsolar.com\/wp-content\/uploads\/2024\/09\/H-type-rail-scene-1-768x515.jpg 768w, https:\/\/www.leonsolar.com\/wp-content\/uploads\/2024\/09\/H-type-rail-scene-1-1536x1030.jpg 1536w, https:\/\/www.leonsolar.com\/wp-content\/uploads\/2024\/09\/H-type-rail-scene-1-2048x1373.jpg 2048w, https:\/\/www.leonsolar.com\/wp-content\/uploads\/2024\/09\/H-type-rail-scene-1-18x12.jpg 18w, https:\/\/www.leonsolar.com\/wp-content\/uploads\/2024\/09\/H-type-rail-scene-1-600x402.jpg 600w\" sizes=\"(max-width: 2560px) 100vw, 2560px\" \/><\/p>\n<p>&nbsp;<\/p>\n<p>&nbsp;<\/p>\n<p>&nbsp;<\/p>\n<p>&nbsp;<\/p>\n<h4>Technische Merkmale<\/h4>\n<p><img decoding=\"async\" class=\"alignleft size-full wp-image-2782\" src=\"https:\/\/leonsolar.com\/wp-content\/uploads\/2024\/09\/Aluminum-rail.png\" alt=\"\" width=\"1249\" height=\"282\" srcset=\"https:\/\/www.leonsolar.com\/wp-content\/uploads\/2024\/09\/Aluminum-rail.png 1249w, https:\/\/www.leonsolar.com\/wp-content\/uploads\/2024\/09\/Aluminum-rail-300x68.png 300w, https:\/\/www.leonsolar.com\/wp-content\/uploads\/2024\/09\/Aluminum-rail-1024x231.png 1024w, https:\/\/www.leonsolar.com\/wp-content\/uploads\/2024\/09\/Aluminum-rail-768x173.png 768w, https:\/\/www.leonsolar.com\/wp-content\/uploads\/2024\/09\/Aluminum-rail-18x4.png 18w, https:\/\/www.leonsolar.com\/wp-content\/uploads\/2024\/09\/Aluminum-rail-600x135.png 600w\" sizes=\"(max-width: 1249px) 100vw, 1249px\" \/><\/p>\n<p>&nbsp;<\/p>","protected":false},"excerpt":{"rendered":"<p><strong>Artikel:LS-RB<\/strong><\/p>\n<p><strong>Schienen f\u00fcr verschiedene Dachtypen geeignet<\/strong><\/p>","protected":false},"featured_media":2093,"template":"","meta":{"site-sidebar-layout":"default","site-content-layout":"","ast-site-content-layout":"default","site-content-style":"default","site-sidebar-style":"default","ast-global-header-display":"","ast-banner-title-visibility":"","ast-main-header-display":"","ast-hfb-above-header-display":"","ast-hfb-below-header-display":"","ast-hfb-mobile-header-display":"","site-post-title":"","ast-breadcrumbs-content":"","ast-featured-img":"","footer-sml-layout":"","theme-transparent-header-meta":"default","adv-header-id-meta":"","stick-header-meta":"default","header-above-stick-meta":"","header-main-stick-meta":"","header-below-stick-meta":"","astra-migrate-meta-layouts":"set","ast-page-background-enabled":"default","ast-page-background-meta":{"desktop":{"background-color":"var(--ast-global-color-4)","background-image":"","background-repeat":"repeat","background-position":"center center","background-size":"auto","background-attachment":"scroll","background-type":"","background-media":"","overlay-type":"","overlay-color":"","overlay-opacity":"","overlay-gradient":""},"tablet":{"background-color":"","background-image":"","background-repeat":"repeat","background-position":"center center","background-size":"auto","background-attachment":"scroll","background-type":"","background-media":"","overlay-type":"","overlay-color":"","overlay-opacity":"","overlay-gradient":""},"mobile":{"background-color":"","background-image":"","background-repeat":"repeat","background-position":"center center","background-size":"auto","background-attachment":"scroll","background-type":"","background-media":"","overlay-type":"","overlay-color":"","overlay-opacity":"","overlay-gradient":""}},"ast-content-background-meta":{"desktop":{"background-color":"var(--ast-global-color-5)","background-image":"","background-repeat":"repeat","background-position":"center center","background-size":"auto","background-attachment":"scroll","background-type":"","background-media":"","overlay-type":"","overlay-color":"","overlay-opacity":"","overlay-gradient":""},"tablet":{"background-color":"var(--ast-global-color-5)","background-image":"","background-repeat":"repeat","background-position":"center center","background-size":"auto","background-attachment":"scroll","background-type":"","background-media":"","overlay-type":"","overlay-color":"","overlay-opacity":"","overlay-gradient":""},"mobile":{"background-color":"var(--ast-global-color-5)","background-image":"","background-repeat":"repeat","background-position":"center center","background-size":"auto","background-attachment":"scroll","background-type":"","background-media":"","overlay-type":"","overlay-color":"","overlay-opacity":"","overlay-gradient":""}}},"product_brand":[],"product_cat":[65,111,78],"product_tag":[120,118,136],"class_list":{"0":"post-2092","1":"product","2":"type-product","3":"status-publish","4":"has-post-thumbnail","6":"product_cat-all-products","7":"product_cat-rail","8":"product_cat-leonsolar-solar-pv-accessories","9":"product_tag-solar-bracket","10":"product_tag-solar-mounting-kit","11":"product_tag-solar-rail","12":"desktop-align-left","13":"tablet-align-left","14":"mobile-align-left","16":"first","17":"instock","18":"shipping-taxable","19":"product-type-simple"},"yoast_head":"<!-- This site is optimized with the Yoast SEO Premium plugin v23.3 (Yoast SEO v24.4) - https:\/\/yoast.com\/wordpress\/plugins\/seo\/ -->\n<title>Metal roof solar H rail -<\/title>\n<meta name=\"robots\" content=\"index, follow, max-snippet:-1, max-image-preview:large, max-video-preview:-1\" \/>\n<link rel=\"canonical\" href=\"https:\/\/www.leonsolar.com\/de\/produkt\/h-schiene-fur-dach\/\" \/>\n<meta property=\"og:locale\" content=\"de_DE\" \/>\n<meta property=\"og:type\" content=\"article\" \/>\n<meta property=\"og:title\" content=\"Metal roof solar H rail\" \/>\n<meta property=\"og:description\" content=\"Item:LS-RB  Rails suitable for various types of rooftops\" \/>\n<meta property=\"og:url\" content=\"https:\/\/www.leonsolar.com\/de\/produkt\/h-schiene-fur-dach\/\" \/>\n<meta property=\"article:publisher\" content=\"https:\/\/www.facebook.com\/profile.php?id=100091002557296\" \/>\n<meta property=\"article:modified_time\" content=\"2024-09-24T07:44:53+00:00\" \/>\n<meta property=\"og:image\" content=\"https:\/\/www.leonsolar.com\/wp-content\/uploads\/2024\/09\/leon-solar-H-shaped-roof-guide-rail-100.png\" \/>\n\t<meta property=\"og:image:width\" content=\"8000\" \/>\n\t<meta property=\"og:image:height\" content=\"7159\" \/>\n\t<meta property=\"og:image:type\" content=\"image\/png\" \/>\n<meta name=\"twitter:card\" content=\"summary_large_image\" \/>\n<script type=\"application\/ld+json\" class=\"yoast-schema-graph\">{\"@context\":\"https:\/\/schema.org\",\"@graph\":[{\"@type\":\"WebPage\",\"@id\":\"https:\/\/www.leonsolar.com\/product\/h-shaped-rail-for-roof\/\",\"url\":\"https:\/\/www.leonsolar.com\/product\/h-shaped-rail-for-roof\/\",\"name\":\"Metal roof solar H rail -\",\"isPartOf\":{\"@id\":\"https:\/\/www.leonsolar.com\/#website\"},\"primaryImageOfPage\":{\"@id\":\"https:\/\/www.leonsolar.com\/product\/h-shaped-rail-for-roof\/#primaryimage\"},\"image\":{\"@id\":\"https:\/\/www.leonsolar.com\/product\/h-shaped-rail-for-roof\/#primaryimage\"},\"thumbnailUrl\":\"https:\/\/www.leonsolar.com\/wp-content\/uploads\/2024\/09\/leon-solar-H-shaped-roof-guide-rail-100.png\",\"datePublished\":\"2024-09-10T06:41:54+00:00\",\"dateModified\":\"2024-09-24T07:44:53+00:00\",\"breadcrumb\":{\"@id\":\"https:\/\/www.leonsolar.com\/product\/h-shaped-rail-for-roof\/#breadcrumb\"},\"inLanguage\":\"de-AT\",\"potentialAction\":[{\"@type\":\"ReadAction\",\"target\":[\"https:\/\/www.leonsolar.com\/product\/h-shaped-rail-for-roof\/\"]}]},{\"@type\":\"ImageObject\",\"inLanguage\":\"de-AT\",\"@id\":\"https:\/\/www.leonsolar.com\/product\/h-shaped-rail-for-roof\/#primaryimage\",\"url\":\"https:\/\/www.leonsolar.com\/wp-content\/uploads\/2024\/09\/leon-solar-H-shaped-roof-guide-rail-100.png\",\"contentUrl\":\"https:\/\/www.leonsolar.com\/wp-content\/uploads\/2024\/09\/leon-solar-H-shaped-roof-guide-rail-100.png\",\"width\":8000,\"height\":7159,\"caption\":\"The Solar H rail is an H-shaped mounting system that securely supports solar panels. It is designed for easy installation and provides stability and durability, making it suitable for various roofing applications.\"},{\"@type\":\"BreadcrumbList\",\"@id\":\"https:\/\/www.leonsolar.com\/product\/h-shaped-rail-for-roof\/#breadcrumb\",\"itemListElement\":[{\"@type\":\"ListItem\",\"position\":1,\"name\":\"Home\",\"item\":\"https:\/\/www.leonsolar.com\/\"},{\"@type\":\"ListItem\",\"position\":2,\"name\":\"Products\",\"item\":\"https:\/\/www.leonsolar.com\/shop\/\"},{\"@type\":\"ListItem\",\"position\":3,\"name\":\"Metal roof solar H rail\"}]},{\"@type\":\"WebSite\",\"@id\":\"https:\/\/www.leonsolar.com\/#website\",\"url\":\"https:\/\/www.leonsolar.com\/\",\"name\":\"Leon solar mounting system\",\"description\":\"ground mount system,tin roof mount system,tie roof mount system,floating pv system,solar pv Accessories\",\"publisher\":{\"@id\":\"https:\/\/www.leonsolar.com\/#organization\"},\"alternateName\":\"Show pages in search results Show pages in search results Disabling this means that pages will not be indexed by search engines and will be excluded from XML sitemaps. Read more about the search results settings.\",\"potentialAction\":[{\"@type\":\"SearchAction\",\"target\":{\"@type\":\"EntryPoint\",\"urlTemplate\":\"https:\/\/www.leonsolar.com\/?s={search_term_string}\"},\"query-input\":{\"@type\":\"PropertyValueSpecification\",\"valueRequired\":true,\"valueName\":\"search_term_string\"}}],\"inLanguage\":\"de-AT\"},{\"@type\":\"Organization\",\"@id\":\"https:\/\/www.leonsolar.com\/#organization\",\"name\":\"Xiamen Leon Solar Technology Co., Ltd\",\"url\":\"https:\/\/www.leonsolar.com\/\",\"logo\":{\"@type\":\"ImageObject\",\"inLanguage\":\"de-AT\",\"@id\":\"https:\/\/www.leonsolar.com\/#\/schema\/logo\/image\/\",\"url\":\"https:\/\/www.leonsolar.com\/wp-content\/uploads\/2024\/09\/leon-solar-company-logo-250-250.png\",\"contentUrl\":\"https:\/\/www.leonsolar.com\/wp-content\/uploads\/2024\/09\/leon-solar-company-logo-250-250.png\",\"width\":1044,\"height\":720,\"caption\":\"Xiamen Leon Solar Technology Co., Ltd\"},\"image\":{\"@id\":\"https:\/\/www.leonsolar.com\/#\/schema\/logo\/image\/\"},\"sameAs\":[\"https:\/\/www.facebook.com\/profile.php?id=100091002557296\",\"https:\/\/www.linkedin.com\/company\/13753269\/admin\/dashboard\/\"]}]}<\/script>\n<!-- \/ Yoast SEO Premium plugin. -->","yoast_head_json":{"title":"Metalldach Solar H-Schiene -","robots":{"index":"index","follow":"follow","max-snippet":"max-snippet:-1","max-image-preview":"max-image-preview:large","max-video-preview":"max-video-preview:-1"},"canonical":"https:\/\/www.leonsolar.com\/de\/produkt\/h-schiene-fur-dach\/","og_locale":"de_DE","og_type":"article","og_title":"Metal roof solar H rail","og_description":"Item:LS-RB  Rails suitable for various types of rooftops","og_url":"https:\/\/www.leonsolar.com\/de\/produkt\/h-schiene-fur-dach\/","article_publisher":"https:\/\/www.facebook.com\/profile.php?id=100091002557296","article_modified_time":"2024-09-24T07:44:53+00:00","og_image":[{"width":8000,"height":7159,"url":"https:\/\/www.leonsolar.com\/wp-content\/uploads\/2024\/09\/leon-solar-H-shaped-roof-guide-rail-100.png","type":"image\/png"}],"twitter_card":"summary_large_image","schema":{"@context":"https:\/\/schema.org","@graph":[{"@type":"WebPage","@id":"https:\/\/www.leonsolar.com\/product\/h-shaped-rail-for-roof\/","url":"https:\/\/www.leonsolar.com\/product\/h-shaped-rail-for-roof\/","name":"Metalldach Solar H-Schiene -","isPartOf":{"@id":"https:\/\/www.leonsolar.com\/#website"},"primaryImageOfPage":{"@id":"https:\/\/www.leonsolar.com\/product\/h-shaped-rail-for-roof\/#primaryimage"},"image":{"@id":"https:\/\/www.leonsolar.com\/product\/h-shaped-rail-for-roof\/#primaryimage"},"thumbnailUrl":"https:\/\/www.leonsolar.com\/wp-content\/uploads\/2024\/09\/leon-solar-H-shaped-roof-guide-rail-100.png","datePublished":"2024-09-10T06:41:54+00:00","dateModified":"2024-09-24T07:44:53+00:00","breadcrumb":{"@id":"https:\/\/www.leonsolar.com\/product\/h-shaped-rail-for-roof\/#breadcrumb"},"inLanguage":"de-AT","potentialAction":[{"@type":"ReadAction","target":["https:\/\/www.leonsolar.com\/product\/h-shaped-rail-for-roof\/"]}]},{"@type":"ImageObject","inLanguage":"de-AT","@id":"https:\/\/www.leonsolar.com\/product\/h-shaped-rail-for-roof\/#primaryimage","url":"https:\/\/www.leonsolar.com\/wp-content\/uploads\/2024\/09\/leon-solar-H-shaped-roof-guide-rail-100.png","contentUrl":"https:\/\/www.leonsolar.com\/wp-content\/uploads\/2024\/09\/leon-solar-H-shaped-roof-guide-rail-100.png","width":8000,"height":7159,"caption":"The Solar H rail is an H-shaped mounting system that securely supports solar panels. It is designed for easy installation and provides stability and durability, making it suitable for various roofing applications."},{"@type":"BreadcrumbList","@id":"https:\/\/www.leonsolar.com\/product\/h-shaped-rail-for-roof\/#breadcrumb","itemListElement":[{"@type":"ListItem","position":1,"name":"Home","item":"https:\/\/www.leonsolar.com\/"},{"@type":"ListItem","position":2,"name":"Products","item":"https:\/\/www.leonsolar.com\/shop\/"},{"@type":"ListItem","position":3,"name":"Metal roof solar H rail"}]},{"@type":"WebSite","@id":"https:\/\/www.leonsolar.com\/#website","url":"https:\/\/www.leonsolar.com\/","name":"Leon Solar-Montagesystem","description":"Bodenmontage-System, Blechdach-Montage-System, Krawatte Dach montieren System, schwimmende PV-System, Solar-PV-Zubeh\u00f6r","publisher":{"@id":"https:\/\/www.leonsolar.com\/#organization"},"alternateName":"Show pages in search results Show pages in search results Disabling this means that pages will not be indexed by search engines and will be excluded from XML sitemaps. Read more about the search results settings.","potentialAction":[{"@type":"SearchAction","target":{"@type":"EntryPoint","urlTemplate":"https:\/\/www.leonsolar.com\/?s={search_term_string}"},"query-input":{"@type":"PropertyValueSpecification","valueRequired":true,"valueName":"search_term_string"}}],"inLanguage":"de-AT"},{"@type":"Organization","@id":"https:\/\/www.leonsolar.com\/#organization","name":"Xiamen Leon Solar Technology Co. Ltd.","url":"https:\/\/www.leonsolar.com\/","logo":{"@type":"ImageObject","inLanguage":"de-AT","@id":"https:\/\/www.leonsolar.com\/#\/schema\/logo\/image\/","url":"https:\/\/www.leonsolar.com\/wp-content\/uploads\/2024\/09\/leon-solar-company-logo-250-250.png","contentUrl":"https:\/\/www.leonsolar.com\/wp-content\/uploads\/2024\/09\/leon-solar-company-logo-250-250.png","width":1044,"height":720,"caption":"Xiamen Leon Solar Technology Co., Ltd"},"image":{"@id":"https:\/\/www.leonsolar.com\/#\/schema\/logo\/image\/"},"sameAs":["https:\/\/www.facebook.com\/profile.php?id=100091002557296","https:\/\/www.linkedin.com\/company\/13753269\/admin\/dashboard\/"]}]}},"_links":{"self":[{"href":"https:\/\/www.leonsolar.com\/de\/wp-json\/wp\/v2\/product\/2092"}],"collection":[{"href":"https:\/\/www.leonsolar.com\/de\/wp-json\/wp\/v2\/product"}],"about":[{"href":"https:\/\/www.leonsolar.com\/de\/wp-json\/wp\/v2\/types\/product"}],"wp:featuredmedia":[{"embeddable":true,"href":"https:\/\/www.leonsolar.com\/de\/wp-json\/wp\/v2\/media\/2093"}],"wp:attachment":[{"href":"https:\/\/www.leonsolar.com\/de\/wp-json\/wp\/v2\/media?parent=2092"}],"wp:term":[{"taxonomy":"product_brand","embeddable":true,"href":"https:\/\/www.leonsolar.com\/de\/wp-json\/wp\/v2\/product_brand?post=2092"},{"taxonomy":"product_cat","embeddable":true,"href":"https:\/\/www.leonsolar.com\/de\/wp-json\/wp\/v2\/product_cat?post=2092"},{"taxonomy":"product_tag","embeddable":true,"href":"https:\/\/www.leonsolar.com\/de\/wp-json\/wp\/v2\/product_tag?post=2092"}],"curies":[{"name":"wp","href":"https:\/\/api.w.org\/{rel}","templated":true}]}}