{"id":1961,"date":"2024-09-09T03:36:26","date_gmt":"2024-09-09T03:36:26","guid":{"rendered":"https:\/\/leonsolar.com\/?post_type=product&#038;p=1961"},"modified":"2024-11-15T08:15:19","modified_gmt":"2024-11-15T08:15:19","slug":"carport-aus-aluminiumlegierung-solar-pv-system","status":"publish","type":"product","link":"https:\/\/www.leonsolar.com\/de_ch\/produkt\/carport-aus-aluminiumlegierung-solar-pv-system\/","title":{"rendered":"Carport-Solarmontage-System aus Aluminiumlegierung"},"content":{"rendered":"<p><strong>Das Carport-Solarmontagesystem aus Aluminiumlegierung ist eine vielseitige und effiziente L\u00f6sung f\u00fcr die Erzeugung erneuerbarer Energie und bietet zahlreiche Vorteile und Alleinstellungsmerkmale:<\/strong><\/p>\n<p><img fetchpriority=\"high\" decoding=\"async\" class=\"alignnone wp-image-3171 size-full\" src=\"https:\/\/www.leonsolar.com\/wp-content\/uploads\/2024\/11\/leon-solar-Aluminumalloy-carport-solar-pv-system-100.png\" alt=\"Das Carport-Befestigungssystem muss ausreichend stabil sein, um die Sicherheit von Fahrzeugen und Personen zu gew\u00e4hrleisten.\" width=\"800\" height=\"800\" srcset=\"https:\/\/www.leonsolar.com\/wp-content\/uploads\/2024\/11\/leon-solar-Aluminumalloy-carport-solar-pv-system-100.png 800w, https:\/\/www.leonsolar.com\/wp-content\/uploads\/2024\/11\/leon-solar-Aluminumalloy-carport-solar-pv-system-100-300x300.png 300w, https:\/\/www.leonsolar.com\/wp-content\/uploads\/2024\/11\/leon-solar-Aluminumalloy-carport-solar-pv-system-100-150x150.png 150w, https:\/\/www.leonsolar.com\/wp-content\/uploads\/2024\/11\/leon-solar-Aluminumalloy-carport-solar-pv-system-100-768x768.png 768w, https:\/\/www.leonsolar.com\/wp-content\/uploads\/2024\/11\/leon-solar-Aluminumalloy-carport-solar-pv-system-100-12x12.png 12w, https:\/\/www.leonsolar.com\/wp-content\/uploads\/2024\/11\/leon-solar-Aluminumalloy-carport-solar-pv-system-100-600x600.png 600w, https:\/\/www.leonsolar.com\/wp-content\/uploads\/2024\/11\/leon-solar-Aluminumalloy-carport-solar-pv-system-100-100x100.png 100w\" sizes=\"(max-width: 800px) 100vw, 800px\" \/><\/p>\n<p>&nbsp;<\/p>\n<p>&nbsp;<\/p>\n<h3>Zweck:<\/h3>\n<p><strong>Dieses System wurde entwickelt, um einen sch\u00fctzenden Unterstand f\u00fcr Fahrzeuge zu bieten und gleichzeitig die Kraft der Sonne zur Erzeugung von sauberem, nachhaltigem Strom nutzbar zu machen. Es f\u00fcgt sich nahtlos in verschiedene Umgebungen ein und ist damit die ideale Wahl f\u00fcr Wohnh\u00e4user, Unternehmen und \u00f6ffentliche R\u00e4ume.<\/strong><\/p>\n<h3>Vorteile:<\/h3>\n<ol>\n<li><strong>Langlebigkeit: Der aus einer hochwertigen Aluminiumlegierung gefertigte Carport widersteht rauen Witterungsbedingungen und erfordert nur minimale Wartung.<\/strong><\/li>\n<li><strong>Raumeffizienz: Es nutzt den vertikalen und den \u00dcberkopfbereich effektiv und maximiert so die Sonneneinstrahlung auf die Solarmodule.<\/strong><\/li>\n<li><strong>Umweltfreundlich: Durch die Umwandlung von Sonnenlicht in Strom wird die Abh\u00e4ngigkeit von fossilen Brennstoffen verringert und der Kohlenstoffaussto\u00df gesenkt.<\/strong><\/li>\n<li><strong>Kosteneffektiv: Bietet langfristige Einsparungen bei den Energierechnungen und m\u00f6gliche staatliche Anreize f\u00fcr die Einf\u00fchrung erneuerbarer Energien.<\/strong><\/li>\n<li><strong>\u00c4sthetisch ansprechend: Das schlichte und moderne Design passt zu jedem architektonischen Stil und wertet das Gesamtbild Ihrer Immobilie auf.<\/strong><\/li>\n<\/ol>\n<h3>Verkaufsargumente:<\/h3>\n<ul>\n<li><strong>Innovative Technologie: Hochmoderne Solarmodule und Wechselrichter sorgen f\u00fcr optimale Leistung.<\/strong><\/li>\n<li><strong>Anpassungsm\u00f6glichkeiten: Erh\u00e4ltlich in verschiedenen Gr\u00f6\u00dfen und Konfigurationen, um spezifischen Anforderungen und Platzverh\u00e4ltnissen gerecht zu werden.<\/strong><\/li>\n<li><strong>Einfache Installation: Vorgefertigte Strukturen vereinfachen den Installationsprozess und sparen Zeit und M\u00fche.<\/strong><\/li>\n<li><strong>Sicherheitsmerkmale: Integrierte Erdung und Blitzschutz gew\u00e4hrleisten die Sicherheit des Benutzers und die Zuverl\u00e4ssigkeit des Systems.<\/strong><\/li>\n<li><strong>Vielseitigkeit: Geeignet f\u00fcr private, gewerbliche und industrielle Anwendungen, bietet Flexibilit\u00e4t in verschiedenen Bereichen.<\/strong><\/li>\n<\/ul>\n<p><strong>Durch die Kombination dieser Hauptmerkmale zeichnet sich das Carport-Solarmontagesystem aus Aluminiumlegierung als zuverl\u00e4ssige, umweltfreundliche und kosteng\u00fcnstige Investition in erneuerbare Energien aus.<\/strong><\/p>\n<div class=\"agent-chat__conv--ai__speech_show\">\n<div class=\"agent-chat__speech-text\">\n<div class=\"hyc-component-text\">\n<div class=\"hyc-content-md\">\n<div class=\"hyc-common-markdown hyc-common-markdown-style\">\n<h3>Technische Zertifizierung\uff1a<\/h3>\n<p><img decoding=\"async\" class=\"size-full wp-image-2612\" src=\"https:\/\/leonsolar.com\/wp-content\/uploads\/2024\/09\/leon-solar-brackets-pv-system-certification.png\" alt=\"Wichtigste Zertifizierungen und Zwecke von PV-Montagesystemen Zu den wichtigsten Zertifizierungen f\u00fcr PV-Montagesysteme geh\u00f6ren: IEC 61730: Gew\u00e4hrleistet Sicherheits- und Leistungsstandards f\u00fcr PV-Module und deren Montagesysteme. UL 1703: Deckt die Sicherheitsanforderungen f\u00fcr PV-Flachmodule und deren Halterungen ab. CE-Kennzeichnung: Kennzeichnet die Einhaltung der EU-Normen f\u00fcr Gesundheit, Sicherheit und Umweltschutz. TUV-Zertifizierung: Best\u00e4tigt die Qualit\u00e4t und Zuverl\u00e4ssigkeit von PV-Produkten und -Systemen. Diese Zertifizierungen gew\u00e4hrleisten, dass PV-Montagesysteme strenge Qualit\u00e4ts- und Sicherheitsstandards erf\u00fcllen und zuverl\u00e4ssige Leistung und Schutz vor potenziellen Gefahren bieten. Sie sind entscheidend f\u00fcr die Marktakzeptanz und das Vertrauen der Verbraucher.\" width=\"771\" height=\"390\" srcset=\"https:\/\/www.leonsolar.com\/wp-content\/uploads\/2024\/09\/leon-solar-brackets-pv-system-certification.png 771w, https:\/\/www.leonsolar.com\/wp-content\/uploads\/2024\/09\/leon-solar-brackets-pv-system-certification-300x152.png 300w, https:\/\/www.leonsolar.com\/wp-content\/uploads\/2024\/09\/leon-solar-brackets-pv-system-certification-768x388.png 768w, https:\/\/www.leonsolar.com\/wp-content\/uploads\/2024\/09\/leon-solar-brackets-pv-system-certification-600x304.png 600w\" sizes=\"(max-width: 771px) 100vw, 771px\" \/><\/p>\n<\/div>\n<\/div>\n<\/div>\n<\/div>\n<\/div>","protected":false},"excerpt":{"rendered":"<p>Windgeschwindigkeit: bis zu 60m\/s<\/p>\n<p>Bewertung der Schneelast: 1.4kn\/\u33a1<\/p>\n<p>Neigungswinkel: 0-20\u00b0<\/p>\n<p>Material: Hochfestes Aluminium 6005-T5, rostfreier Stahl SUS304<\/p>\n<p>Garantie: 10 Jahre<\/p>\n<p>Bescheinigungen\uff1aCE\uff0cSGS<\/p>\n<p>Konformit\u00e4t:AS\/NZS1170.2,Euro Code 8, DIN 1055.IBC 2006<\/p>","protected":false},"featured_media":3172,"template":"","meta":{"site-sidebar-layout":"default","site-content-layout":"","ast-site-content-layout":"default","site-content-style":"default","site-sidebar-style":"default","ast-global-header-display":"","ast-banner-title-visibility":"","ast-main-header-display":"","ast-hfb-above-header-display":"","ast-hfb-below-header-display":"","ast-hfb-mobile-header-display":"","site-post-title":"","ast-breadcrumbs-content":"","ast-featured-img":"","footer-sml-layout":"","theme-transparent-header-meta":"default","adv-header-id-meta":"","stick-header-meta":"default","header-above-stick-meta":"","header-main-stick-meta":"","header-below-stick-meta":"","astra-migrate-meta-layouts":"set","ast-page-background-enabled":"default","ast-page-background-meta":{"desktop":{"background-color":"var(--ast-global-color-4)","background-image":"","background-repeat":"repeat","background-position":"center center","background-size":"auto","background-attachment":"scroll","background-type":"","background-media":"","overlay-type":"","overlay-color":"","overlay-opacity":"","overlay-gradient":""},"tablet":{"background-color":"","background-image":"","background-repeat":"repeat","background-position":"center center","background-size":"auto","background-attachment":"scroll","background-type":"","background-media":"","overlay-type":"","overlay-color":"","overlay-opacity":"","overlay-gradient":""},"mobile":{"background-color":"","background-image":"","background-repeat":"repeat","background-position":"center center","background-size":"auto","background-attachment":"scroll","background-type":"","background-media":"","overlay-type":"","overlay-color":"","overlay-opacity":"","overlay-gradient":""}},"ast-content-background-meta":{"desktop":{"background-color":"var(--ast-global-color-5)","background-image":"","background-repeat":"repeat","background-position":"center center","background-size":"auto","background-attachment":"scroll","background-type":"","background-media":"","overlay-type":"","overlay-color":"","overlay-opacity":"","overlay-gradient":""},"tablet":{"background-color":"var(--ast-global-color-5)","background-image":"","background-repeat":"repeat","background-position":"center center","background-size":"auto","background-attachment":"scroll","background-type":"","background-media":"","overlay-type":"","overlay-color":"","overlay-opacity":"","overlay-gradient":""},"mobile":{"background-color":"var(--ast-global-color-5)","background-image":"","background-repeat":"repeat","background-position":"center center","background-size":"auto","background-attachment":"scroll","background-type":"","background-media":"","overlay-type":"","overlay-color":"","overlay-opacity":"","overlay-gradient":""}}},"product_brand":[],"product_cat":[65,101,75],"product_tag":[179,153,178,152,150],"class_list":{"0":"post-1961","1":"product","2":"type-product","3":"status-publish","4":"has-post-thumbnail","6":"product_cat-all-products","7":"product_cat-carport-solar-mounting-system","8":"product_cat-leonsolar-ground-pv-system","9":"product_tag-car","10":"product_tag-carport","11":"product_tag-carport-pv-system","12":"product_tag-carport-system","13":"product_tag-solar-carport-system","14":"desktop-align-left","15":"tablet-align-left","16":"mobile-align-left","18":"first","19":"instock","20":"shipping-taxable","21":"product-type-simple"},"yoast_head":"<!-- This site is optimized with the Yoast SEO Premium plugin v23.3 (Yoast SEO v24.4) - https:\/\/yoast.com\/wordpress\/plugins\/seo\/ -->\n<title>Carport Solar Mounting System Excellent Water Resistance<\/title>\n<meta name=\"description\" content=\"Leon carport solar mounting system Advantages: Watertight, durable support for customization, easy to install\uff0cThe most important thing is safety.\" \/>\n<meta name=\"robots\" content=\"index, follow, max-snippet:-1, max-image-preview:large, max-video-preview:-1\" \/>\n<link rel=\"canonical\" href=\"https:\/\/www.leonsolar.com\/de_ch\/produkt\/carport-aus-aluminiumlegierung-solar-pv-system\/\" \/>\n<meta property=\"og:locale\" content=\"de_DE\" \/>\n<meta property=\"og:type\" content=\"article\" \/>\n<meta property=\"og:title\" content=\"Aluminumalloy carport solar mounting system\" \/>\n<meta property=\"og:description\" content=\"Leon carport solar mounting system Advantages: Watertight, durable support for customization, easy to install\uff0cThe most important thing is safety.\" \/>\n<meta property=\"og:url\" content=\"https:\/\/www.leonsolar.com\/de_ch\/produkt\/carport-aus-aluminiumlegierung-solar-pv-system\/\" \/>\n<meta property=\"article:publisher\" content=\"https:\/\/www.facebook.com\/profile.php?id=100091002557296\" \/>\n<meta property=\"article:modified_time\" content=\"2024-11-15T08:15:19+00:00\" \/>\n<meta property=\"og:image\" content=\"https:\/\/www.leonsolar.com\/wp-content\/uploads\/2024\/11\/leon-solar-Aluminumalloy-carport-solar-pv-system-200.png\" \/>\n\t<meta property=\"og:image:width\" content=\"800\" \/>\n\t<meta property=\"og:image:height\" content=\"800\" \/>\n\t<meta property=\"og:image:type\" content=\"image\/png\" \/>\n<meta name=\"twitter:card\" content=\"summary_large_image\" \/>\n<meta name=\"twitter:description\" content=\"Leon carport solar mounting system Advantages: Watertight, durable support for customization, easy to install\uff0cThe most important thing is safety.\" \/>\n<meta name=\"twitter:label1\" content=\"Gesch\u00e4tzte Lesezeit\" \/>\n\t<meta name=\"twitter:data1\" content=\"2 Minuten\" \/>\n<script type=\"application\/ld+json\" class=\"yoast-schema-graph\">{\"@context\":\"https:\/\/schema.org\",\"@graph\":[{\"@type\":\"WebPage\",\"@id\":\"https:\/\/www.leonsolar.com\/product\/aluminumalloy-carport-solar-pv-system\/\",\"url\":\"https:\/\/www.leonsolar.com\/product\/aluminumalloy-carport-solar-pv-system\/\",\"name\":\"Carport Solar Mounting System Excellent Water Resistance\",\"isPartOf\":{\"@id\":\"https:\/\/www.leonsolar.com\/#website\"},\"primaryImageOfPage\":{\"@id\":\"https:\/\/www.leonsolar.com\/product\/aluminumalloy-carport-solar-pv-system\/#primaryimage\"},\"image\":{\"@id\":\"https:\/\/www.leonsolar.com\/product\/aluminumalloy-carport-solar-pv-system\/#primaryimage\"},\"thumbnailUrl\":\"https:\/\/www.leonsolar.com\/wp-content\/uploads\/2024\/11\/leon-solar-Aluminumalloy-carport-solar-pv-system-200.png\",\"datePublished\":\"2024-09-09T03:36:26+00:00\",\"dateModified\":\"2024-11-15T08:15:19+00:00\",\"description\":\"Leon carport solar mounting system Advantages: Watertight, durable support for customization, easy to install\uff0cThe most important thing is safety.\",\"breadcrumb\":{\"@id\":\"https:\/\/www.leonsolar.com\/product\/aluminumalloy-carport-solar-pv-system\/#breadcrumb\"},\"inLanguage\":\"de-CH\",\"potentialAction\":[{\"@type\":\"ReadAction\",\"target\":[\"https:\/\/www.leonsolar.com\/product\/aluminumalloy-carport-solar-pv-system\/\"]}]},{\"@type\":\"ImageObject\",\"inLanguage\":\"de-CH\",\"@id\":\"https:\/\/www.leonsolar.com\/product\/aluminumalloy-carport-solar-pv-system\/#primaryimage\",\"url\":\"https:\/\/www.leonsolar.com\/wp-content\/uploads\/2024\/11\/leon-solar-Aluminumalloy-carport-solar-pv-system-200.png\",\"contentUrl\":\"https:\/\/www.leonsolar.com\/wp-content\/uploads\/2024\/11\/leon-solar-Aluminumalloy-carport-solar-pv-system-200.png\",\"width\":800,\"height\":800,\"caption\":\"carport mounting system must have enough strength to ensure vehicle and personal safety.\"},{\"@type\":\"BreadcrumbList\",\"@id\":\"https:\/\/www.leonsolar.com\/product\/aluminumalloy-carport-solar-pv-system\/#breadcrumb\",\"itemListElement\":[{\"@type\":\"ListItem\",\"position\":1,\"name\":\"Home\",\"item\":\"https:\/\/www.leonsolar.com\/\"},{\"@type\":\"ListItem\",\"position\":2,\"name\":\"Products\",\"item\":\"https:\/\/www.leonsolar.com\/shop\/\"},{\"@type\":\"ListItem\",\"position\":3,\"name\":\"Aluminumalloy carport solar mounting system\"}]},{\"@type\":\"WebSite\",\"@id\":\"https:\/\/www.leonsolar.com\/#website\",\"url\":\"https:\/\/www.leonsolar.com\/\",\"name\":\"Leon solar mounting system\",\"description\":\"ground mount system,tin roof mount system,tie roof mount system,floating pv system,solar pv Accessories\",\"publisher\":{\"@id\":\"https:\/\/www.leonsolar.com\/#organization\"},\"alternateName\":\"Show pages in search results Show pages in search results Disabling this means that pages will not be indexed by search engines and will be excluded from XML sitemaps. Read more about the search results settings.\",\"potentialAction\":[{\"@type\":\"SearchAction\",\"target\":{\"@type\":\"EntryPoint\",\"urlTemplate\":\"https:\/\/www.leonsolar.com\/?s={search_term_string}\"},\"query-input\":{\"@type\":\"PropertyValueSpecification\",\"valueRequired\":true,\"valueName\":\"search_term_string\"}}],\"inLanguage\":\"de-CH\"},{\"@type\":\"Organization\",\"@id\":\"https:\/\/www.leonsolar.com\/#organization\",\"name\":\"Xiamen Leon Solar Technology Co., Ltd\",\"url\":\"https:\/\/www.leonsolar.com\/\",\"logo\":{\"@type\":\"ImageObject\",\"inLanguage\":\"de-CH\",\"@id\":\"https:\/\/www.leonsolar.com\/#\/schema\/logo\/image\/\",\"url\":\"https:\/\/www.leonsolar.com\/wp-content\/uploads\/2024\/09\/leon-solar-company-logo-250-250.png\",\"contentUrl\":\"https:\/\/www.leonsolar.com\/wp-content\/uploads\/2024\/09\/leon-solar-company-logo-250-250.png\",\"width\":1044,\"height\":720,\"caption\":\"Xiamen Leon Solar Technology Co., Ltd\"},\"image\":{\"@id\":\"https:\/\/www.leonsolar.com\/#\/schema\/logo\/image\/\"},\"sameAs\":[\"https:\/\/www.facebook.com\/profile.php?id=100091002557296\",\"https:\/\/www.linkedin.com\/company\/13753269\/admin\/dashboard\/\"]}]}<\/script>\n<!-- \/ Yoast SEO Premium plugin. -->","yoast_head_json":{"title":"Carport-Solar-Montagesystem Ausgezeichnete Wasserbest\u00e4ndigkeit","description":"Leon Carport Solar-Montage-System Vorteile: Wasserdicht, dauerhafte Unterst\u00fctzung f\u00fcr die Anpassung, einfach zu installieren, das Wichtigste ist die Sicherheit.","robots":{"index":"index","follow":"follow","max-snippet":"max-snippet:-1","max-image-preview":"max-image-preview:large","max-video-preview":"max-video-preview:-1"},"canonical":"https:\/\/www.leonsolar.com\/de_ch\/produkt\/carport-aus-aluminiumlegierung-solar-pv-system\/","og_locale":"de_DE","og_type":"article","og_title":"Aluminumalloy carport solar mounting system","og_description":"Leon carport solar mounting system Advantages: Watertight, durable support for customization, easy to install\uff0cThe most important thing is safety.","og_url":"https:\/\/www.leonsolar.com\/de_ch\/produkt\/carport-aus-aluminiumlegierung-solar-pv-system\/","article_publisher":"https:\/\/www.facebook.com\/profile.php?id=100091002557296","article_modified_time":"2024-11-15T08:15:19+00:00","og_image":[{"width":800,"height":800,"url":"https:\/\/www.leonsolar.com\/wp-content\/uploads\/2024\/11\/leon-solar-Aluminumalloy-carport-solar-pv-system-200.png","type":"image\/png"}],"twitter_card":"summary_large_image","twitter_description":"Leon carport solar mounting system Advantages: Watertight, durable support for customization, easy to install\uff0cThe most important thing is safety.","twitter_misc":{"Gesch\u00e4tzte Lesezeit":"2 Minuten"},"schema":{"@context":"https:\/\/schema.org","@graph":[{"@type":"WebPage","@id":"https:\/\/www.leonsolar.com\/product\/aluminumalloy-carport-solar-pv-system\/","url":"https:\/\/www.leonsolar.com\/product\/aluminumalloy-carport-solar-pv-system\/","name":"Carport-Solar-Montagesystem Ausgezeichnete Wasserbest\u00e4ndigkeit","isPartOf":{"@id":"https:\/\/www.leonsolar.com\/#website"},"primaryImageOfPage":{"@id":"https:\/\/www.leonsolar.com\/product\/aluminumalloy-carport-solar-pv-system\/#primaryimage"},"image":{"@id":"https:\/\/www.leonsolar.com\/product\/aluminumalloy-carport-solar-pv-system\/#primaryimage"},"thumbnailUrl":"https:\/\/www.leonsolar.com\/wp-content\/uploads\/2024\/11\/leon-solar-Aluminumalloy-carport-solar-pv-system-200.png","datePublished":"2024-09-09T03:36:26+00:00","dateModified":"2024-11-15T08:15:19+00:00","description":"Leon Carport Solar-Montage-System Vorteile: Wasserdicht, dauerhafte Unterst\u00fctzung f\u00fcr die Anpassung, einfach zu installieren, das Wichtigste ist die Sicherheit.","breadcrumb":{"@id":"https:\/\/www.leonsolar.com\/product\/aluminumalloy-carport-solar-pv-system\/#breadcrumb"},"inLanguage":"de-CH","potentialAction":[{"@type":"ReadAction","target":["https:\/\/www.leonsolar.com\/product\/aluminumalloy-carport-solar-pv-system\/"]}]},{"@type":"ImageObject","inLanguage":"de-CH","@id":"https:\/\/www.leonsolar.com\/product\/aluminumalloy-carport-solar-pv-system\/#primaryimage","url":"https:\/\/www.leonsolar.com\/wp-content\/uploads\/2024\/11\/leon-solar-Aluminumalloy-carport-solar-pv-system-200.png","contentUrl":"https:\/\/www.leonsolar.com\/wp-content\/uploads\/2024\/11\/leon-solar-Aluminumalloy-carport-solar-pv-system-200.png","width":800,"height":800,"caption":"carport mounting system must have enough strength to ensure vehicle and personal safety."},{"@type":"BreadcrumbList","@id":"https:\/\/www.leonsolar.com\/product\/aluminumalloy-carport-solar-pv-system\/#breadcrumb","itemListElement":[{"@type":"ListItem","position":1,"name":"Home","item":"https:\/\/www.leonsolar.com\/"},{"@type":"ListItem","position":2,"name":"Products","item":"https:\/\/www.leonsolar.com\/shop\/"},{"@type":"ListItem","position":3,"name":"Aluminumalloy carport solar mounting system"}]},{"@type":"WebSite","@id":"https:\/\/www.leonsolar.com\/#website","url":"https:\/\/www.leonsolar.com\/","name":"Leon Solar-Montagesystem","description":"Bodenmontage-System, Blechdach-Montage-System, Krawatte Dach montieren System, schwimmende PV-System, Solar-PV-Zubeh\u00f6r","publisher":{"@id":"https:\/\/www.leonsolar.com\/#organization"},"alternateName":"Show pages in search results Show pages in search results Disabling this means that pages will not be indexed by search engines and will be excluded from XML sitemaps. Read more about the search results settings.","potentialAction":[{"@type":"SearchAction","target":{"@type":"EntryPoint","urlTemplate":"https:\/\/www.leonsolar.com\/?s={search_term_string}"},"query-input":{"@type":"PropertyValueSpecification","valueRequired":true,"valueName":"search_term_string"}}],"inLanguage":"de-CH"},{"@type":"Organization","@id":"https:\/\/www.leonsolar.com\/#organization","name":"Xiamen Leon Solar Technology Co. Ltd.","url":"https:\/\/www.leonsolar.com\/","logo":{"@type":"ImageObject","inLanguage":"de-CH","@id":"https:\/\/www.leonsolar.com\/#\/schema\/logo\/image\/","url":"https:\/\/www.leonsolar.com\/wp-content\/uploads\/2024\/09\/leon-solar-company-logo-250-250.png","contentUrl":"https:\/\/www.leonsolar.com\/wp-content\/uploads\/2024\/09\/leon-solar-company-logo-250-250.png","width":1044,"height":720,"caption":"Xiamen Leon Solar Technology Co., Ltd"},"image":{"@id":"https:\/\/www.leonsolar.com\/#\/schema\/logo\/image\/"},"sameAs":["https:\/\/www.facebook.com\/profile.php?id=100091002557296","https:\/\/www.linkedin.com\/company\/13753269\/admin\/dashboard\/"]}]}},"_links":{"self":[{"href":"https:\/\/www.leonsolar.com\/de_ch\/wp-json\/wp\/v2\/product\/1961"}],"collection":[{"href":"https:\/\/www.leonsolar.com\/de_ch\/wp-json\/wp\/v2\/product"}],"about":[{"href":"https:\/\/www.leonsolar.com\/de_ch\/wp-json\/wp\/v2\/types\/product"}],"wp:featuredmedia":[{"embeddable":true,"href":"https:\/\/www.leonsolar.com\/de_ch\/wp-json\/wp\/v2\/media\/3172"}],"wp:attachment":[{"href":"https:\/\/www.leonsolar.com\/de_ch\/wp-json\/wp\/v2\/media?parent=1961"}],"wp:term":[{"taxonomy":"product_brand","embeddable":true,"href":"https:\/\/www.leonsolar.com\/de_ch\/wp-json\/wp\/v2\/product_brand?post=1961"},{"taxonomy":"product_cat","embeddable":true,"href":"https:\/\/www.leonsolar.com\/de_ch\/wp-json\/wp\/v2\/product_cat?post=1961"},{"taxonomy":"product_tag","embeddable":true,"href":"https:\/\/www.leonsolar.com\/de_ch\/wp-json\/wp\/v2\/product_tag?post=1961"}],"curies":[{"name":"wp","href":"https:\/\/api.w.org\/{rel}","templated":true}]}}