{"id":2069,"date":"2024-09-10T03:12:23","date_gmt":"2024-09-10T03:12:23","guid":{"rendered":"https:\/\/leonsolar.com\/?post_type=product&#038;p=2069"},"modified":"2024-11-20T03:21:32","modified_gmt":"2024-11-20T03:21:32","slug":"balkon-photovoltaik-tragersystem","status":"publish","type":"product","link":"https:\/\/www.leonsolar.com\/de_ch\/produkt\/balkon-photovoltaik-tragersystem\/","title":{"rendered":"Balkon-Photovoltaik-Tr\u00e4gersystem"},"content":{"rendered":"<p>Das Balcony Photovoltaic Support System ist eine vielseitige und innovative L\u00f6sung zur Nutzung von Solarenergie auf Wohnbalkonen, insbesondere durch die Verwendung von Balkongel\u00e4ndern. Dieses System zielt darauf ab, den t\u00e4glichen Strombedarf der Nutzer zu decken und gleichzeitig den Raum zu optimieren und die \u00c4sthetik des Wohnumfelds zu verbessern.<\/p>\n<p><img fetchpriority=\"high\" decoding=\"async\" class=\"alignnone wp-image-3177 size-full\" src=\"https:\/\/www.leonsolar.com\/wp-content\/uploads\/2024\/11\/leon-solar-roof-Balcony-photovoltaic-support-system-100.png\" alt=\"Wirkung einer Balkon-Solaranlage\" width=\"1200\" height=\"1200\" srcset=\"https:\/\/www.leonsolar.com\/wp-content\/uploads\/2024\/11\/leon-solar-roof-Balcony-photovoltaic-support-system-100.png 1200w, https:\/\/www.leonsolar.com\/wp-content\/uploads\/2024\/11\/leon-solar-roof-Balcony-photovoltaic-support-system-100-300x300.png 300w, https:\/\/www.leonsolar.com\/wp-content\/uploads\/2024\/11\/leon-solar-roof-Balcony-photovoltaic-support-system-100-1024x1024.png 1024w, https:\/\/www.leonsolar.com\/wp-content\/uploads\/2024\/11\/leon-solar-roof-Balcony-photovoltaic-support-system-100-150x150.png 150w, https:\/\/www.leonsolar.com\/wp-content\/uploads\/2024\/11\/leon-solar-roof-Balcony-photovoltaic-support-system-100-768x768.png 768w, https:\/\/www.leonsolar.com\/wp-content\/uploads\/2024\/11\/leon-solar-roof-Balcony-photovoltaic-support-system-100-12x12.png 12w, https:\/\/www.leonsolar.com\/wp-content\/uploads\/2024\/11\/leon-solar-roof-Balcony-photovoltaic-support-system-100-600x600.png 600w, https:\/\/www.leonsolar.com\/wp-content\/uploads\/2024\/11\/leon-solar-roof-Balcony-photovoltaic-support-system-100-100x100.png 100w\" sizes=\"(max-width: 1200px) 100vw, 1200px\" \/><\/p>\n<h3>Prim\u00e4rer Zweck:<\/h3>\n<ul>\n<li><strong>Erneuerbare Energieerzeugung<\/strong>: Erzeugung von sauberem, nachhaltigem Strom direkt auf dem Balkon, um die Abh\u00e4ngigkeit vom Stromnetz zu verringern.<\/li>\n<li><strong>Weltraum-Effizienz<\/strong>: Durch die Integration in bestehende Balkongel\u00e4nder wird der begrenzte Platz im Freien optimal genutzt, ohne die Wohnbereiche zu beeintr\u00e4chtigen.<\/li>\n<li><strong>Bequemlichkeit und Zug\u00e4nglichkeit<\/strong>: Einfach zu installieren und zu warten, so dass Hausbesitzer ihre Energieerzeugung selbst steuern k\u00f6nnen.<\/li>\n<\/ul>\n<h3>Die wichtigsten Vorteile:<\/h3>\n<ul>\n<li><strong>Integration mit Balkongel\u00e4ndern<\/strong>: Das System ist so konzipiert, dass es sicher am Gel\u00e4nder befestigt werden kann und so einen ansonsten ungenutzten Teil des Balkons f\u00fcr die Energieerzeugung nutzt.<\/li>\n<li><strong>Deckung des t\u00e4glichen Strombedarfs<\/strong>: Je nach Gr\u00f6\u00dfe und Effizienz der verwendeten Solarmodule kann ein erheblicher Teil des t\u00e4glichen Strombedarfs eines Haushalts gedeckt werden.<\/li>\n<li><strong>\u00c4sthetische Anziehungskraft<\/strong>: F\u00fcgt sich harmonisch in die architektonische Gestaltung des Geb\u00e4udes ein und wertet das Gesamtbild des Balkons auf, ohne aufdringlich zu sein.<\/li>\n<li><strong>Langlebigkeit und Wetterbest\u00e4ndigkeit<\/strong>: Hergestellt aus robusten Materialien, die den unterschiedlichsten Witterungsbedingungen standhalten und eine langfristige Zuverl\u00e4ssigkeit und Leistung gew\u00e4hrleisten.<\/li>\n<\/ul>\n<h3>Besondere Ber\u00fccksichtigung bei der Nutzung von Balkonen:<\/h3>\n<ul>\n<li><strong>Platzsparendes Design<\/strong>: Das Design des Systems erm\u00f6glicht eine effiziente Nutzung des Balkons, was in st\u00e4dtischen Umgebungen, in denen die Au\u00dfenbereiche begrenzt sind, von entscheidender Bedeutung ist.<\/li>\n<li><strong>Sicherheit und Stabilit\u00e4t<\/strong>: Die sorgf\u00e4ltige Konstruktion stellt sicher, dass das System kein zus\u00e4tzliches Risiko f\u00fcr die Benutzer des Balkons darstellt und die Stabilit\u00e4t und die Sicherheitsstandards aufrechterh\u00e4lt.<\/li>\n<li><strong>Einfacher Einbau<\/strong>: Dank der einfachen Installationsverfahren k\u00f6nnen die Benutzer das System oft selbst installieren, was Kosten und Zeit spart.<\/li>\n<\/ul>\n<p>Durch die Nutzung von Konzepten aus der Liste der 100 Schl\u00fcsselw\u00f6rter, wie z. B. \"<a href=\"https:\/\/www.leonsolar.com\/de_ch\/produktkategorie\/leonsolar-solar-mount-system\/leonsolar-roof-solar-pv-system\/\">Solarmodul-Dachhalterungen<\/a>Das Balkon-Photovoltaik-Unterst\u00fctzungssystem bietet eine umfassende L\u00f6sung f\u00fcr die Integration von Solarenergie in das t\u00e4gliche Leben. Dieser Ansatz tr\u00e4gt nicht nur zur \u00f6kologischen Nachhaltigkeit bei, sondern bietet auch wirtschaftliche Vorteile, indem er die Stromrechnungen senkt und den Wert der Immobilie potenziell erh\u00f6ht.<\/p>\n<p>&nbsp;<\/p>\n<h3>Technische Zertifizierungen:<\/h3>\n<p>&nbsp;<\/p>\n<p><img decoding=\"async\" class=\"size-full wp-image-2612\" src=\"https:\/\/leonsolar.com\/wp-content\/uploads\/2024\/09\/leon-solar-brackets-pv-system-certification.png\" alt=\"Wichtigste Zertifizierungen und Zwecke von PV-Montagesystemen Zu den wichtigsten Zertifizierungen f\u00fcr PV-Montagesysteme geh\u00f6ren: IEC 61730: Gew\u00e4hrleistet Sicherheits- und Leistungsstandards f\u00fcr PV-Module und deren Montagesysteme. UL 1703: Deckt die Sicherheitsanforderungen f\u00fcr PV-Flachmodule und deren Halterungen ab. CE-Kennzeichnung: Kennzeichnet die Einhaltung der EU-Normen f\u00fcr Gesundheit, Sicherheit und Umweltschutz. TUV-Zertifizierung: Best\u00e4tigt die Qualit\u00e4t und Zuverl\u00e4ssigkeit von PV-Produkten und -Systemen. Diese Zertifizierungen gew\u00e4hrleisten, dass PV-Montagesysteme strenge Qualit\u00e4ts- und Sicherheitsstandards erf\u00fcllen und zuverl\u00e4ssige Leistung und Schutz vor potenziellen Gefahren bieten. Sie sind entscheidend f\u00fcr die Marktakzeptanz und das Vertrauen der Verbraucher.\" width=\"771\" height=\"390\" srcset=\"https:\/\/www.leonsolar.com\/wp-content\/uploads\/2024\/09\/leon-solar-brackets-pv-system-certification.png 771w, https:\/\/www.leonsolar.com\/wp-content\/uploads\/2024\/09\/leon-solar-brackets-pv-system-certification-300x152.png 300w, https:\/\/www.leonsolar.com\/wp-content\/uploads\/2024\/09\/leon-solar-brackets-pv-system-certification-768x388.png 768w, https:\/\/www.leonsolar.com\/wp-content\/uploads\/2024\/09\/leon-solar-brackets-pv-system-certification-600x304.png 600w\" sizes=\"(max-width: 771px) 100vw, 771px\" \/><\/p>","protected":false},"excerpt":{"rendered":"<p>Neigungswinkel: 15-30\u00b0<\/p>\n<p>Material: Hochfestes Aluminium 6005-T5, rostfreier Stahl SUS304<\/p>\n<p>Garantie: 10 Jahre<\/p>\n<p>Bescheinigungen\uff1aCE\uff0cSGS<\/p>\n<p>Konformit\u00e4t:AS\/NZS1170.2,Euro Code 8, DIN 1055.IBC 2006<\/p>","protected":false},"featured_media":3177,"template":"","meta":{"site-sidebar-layout":"default","site-content-layout":"","ast-site-content-layout":"default","site-content-style":"default","site-sidebar-style":"default","ast-global-header-display":"","ast-banner-title-visibility":"","ast-main-header-display":"","ast-hfb-above-header-display":"","ast-hfb-below-header-display":"","ast-hfb-mobile-header-display":"","site-post-title":"","ast-breadcrumbs-content":"","ast-featured-img":"","footer-sml-layout":"","theme-transparent-header-meta":"default","adv-header-id-meta":"","stick-header-meta":"default","header-above-stick-meta":"","header-main-stick-meta":"","header-below-stick-meta":"","astra-migrate-meta-layouts":"set","ast-page-background-enabled":"default","ast-page-background-meta":{"desktop":{"background-color":"var(--ast-global-color-4)","background-image":"","background-repeat":"repeat","background-position":"center center","background-size":"auto","background-attachment":"scroll","background-type":"","background-media":"","overlay-type":"","overlay-color":"","overlay-opacity":"","overlay-gradient":""},"tablet":{"background-color":"","background-image":"","background-repeat":"repeat","background-position":"center center","background-size":"auto","background-attachment":"scroll","background-type":"","background-media":"","overlay-type":"","overlay-color":"","overlay-opacity":"","overlay-gradient":""},"mobile":{"background-color":"","background-image":"","background-repeat":"repeat","background-position":"center center","background-size":"auto","background-attachment":"scroll","background-type":"","background-media":"","overlay-type":"","overlay-color":"","overlay-opacity":"","overlay-gradient":""}},"ast-content-background-meta":{"desktop":{"background-color":"var(--ast-global-color-5)","background-image":"","background-repeat":"repeat","background-position":"center center","background-size":"auto","background-attachment":"scroll","background-type":"","background-media":"","overlay-type":"","overlay-color":"","overlay-opacity":"","overlay-gradient":""},"tablet":{"background-color":"var(--ast-global-color-5)","background-image":"","background-repeat":"repeat","background-position":"center center","background-size":"auto","background-attachment":"scroll","background-type":"","background-media":"","overlay-type":"","overlay-color":"","overlay-opacity":"","overlay-gradient":""},"mobile":{"background-color":"var(--ast-global-color-5)","background-image":"","background-repeat":"repeat","background-position":"center center","background-size":"auto","background-attachment":"scroll","background-type":"","background-media":"","overlay-type":"","overlay-color":"","overlay-opacity":"","overlay-gradient":""}}},"product_brand":[],"product_cat":[65,107,76],"product_tag":[194,189,188,193],"class_list":{"0":"post-2069","1":"product","2":"type-product","3":"status-publish","4":"has-post-thumbnail","6":"product_cat-all-products","7":"product_cat-balcony-solar-mounting-structure","8":"product_cat-leonsolar-roof-solar-pv-system","9":"product_tag-balcony-pv-system","10":"product_tag-pv-roof-systems","11":"product_tag-roof-pv-mounts","12":"product_tag-solar-panel-mounts","13":"desktop-align-left","14":"tablet-align-left","15":"mobile-align-left","17":"first","18":"instock","19":"shipping-taxable","20":"product-type-simple"},"yoast_head":"<!-- This site is optimized with the Yoast SEO Premium plugin v23.3 (Yoast SEO v24.4) - https:\/\/yoast.com\/wordpress\/plugins\/seo\/ -->\n<title>balcony solar system manufacturer<\/title>\n<meta name=\"description\" content=\"The balcony solar system can use the location of the balcony railing,or window to install photovoltaic panels.ballasted solar racking manufacturer.\" \/>\n<meta name=\"robots\" content=\"index, follow, max-snippet:-1, max-image-preview:large, max-video-preview:-1\" \/>\n<link rel=\"canonical\" href=\"https:\/\/www.leonsolar.com\/de_ch\/produkt\/balkon-photovoltaik-tragersystem\/\" \/>\n<meta property=\"og:locale\" content=\"de_DE\" \/>\n<meta property=\"og:type\" content=\"article\" \/>\n<meta property=\"og:title\" content=\"Balcony photovoltaic support system\" \/>\n<meta property=\"og:description\" content=\"The balcony solar system can use the location of the balcony railing,or window to install photovoltaic panels.ballasted solar racking manufacturer.\" \/>\n<meta property=\"og:url\" content=\"https:\/\/www.leonsolar.com\/de_ch\/produkt\/balkon-photovoltaik-tragersystem\/\" \/>\n<meta property=\"article:publisher\" content=\"https:\/\/www.facebook.com\/profile.php?id=100091002557296\" \/>\n<meta property=\"article:modified_time\" content=\"2024-11-20T03:21:32+00:00\" \/>\n<meta property=\"og:image\" content=\"https:\/\/www.leonsolar.com\/wp-content\/uploads\/2024\/11\/leon-solar-roof-Balcony-photovoltaic-support-system-100.png\" \/>\n\t<meta property=\"og:image:width\" content=\"1200\" \/>\n\t<meta property=\"og:image:height\" content=\"1200\" \/>\n\t<meta property=\"og:image:type\" content=\"image\/png\" \/>\n<meta name=\"twitter:card\" content=\"summary_large_image\" \/>\n<meta name=\"twitter:label1\" content=\"Gesch\u00e4tzte Lesezeit\" \/>\n\t<meta name=\"twitter:data1\" content=\"3 Minuten\" \/>\n<script type=\"application\/ld+json\" class=\"yoast-schema-graph\">{\"@context\":\"https:\/\/schema.org\",\"@graph\":[{\"@type\":\"WebPage\",\"@id\":\"https:\/\/www.leonsolar.com\/product\/balcony-photovoltaic-support-system\/\",\"url\":\"https:\/\/www.leonsolar.com\/product\/balcony-photovoltaic-support-system\/\",\"name\":\"balcony solar system manufacturer\",\"isPartOf\":{\"@id\":\"https:\/\/www.leonsolar.com\/#website\"},\"primaryImageOfPage\":{\"@id\":\"https:\/\/www.leonsolar.com\/product\/balcony-photovoltaic-support-system\/#primaryimage\"},\"image\":{\"@id\":\"https:\/\/www.leonsolar.com\/product\/balcony-photovoltaic-support-system\/#primaryimage\"},\"thumbnailUrl\":\"https:\/\/www.leonsolar.com\/wp-content\/uploads\/2024\/11\/leon-solar-roof-Balcony-photovoltaic-support-system-100.png\",\"datePublished\":\"2024-09-10T03:12:23+00:00\",\"dateModified\":\"2024-11-20T03:21:32+00:00\",\"description\":\"The balcony solar system can use the location of the balcony railing,or window to install photovoltaic panels.ballasted solar racking manufacturer.\",\"breadcrumb\":{\"@id\":\"https:\/\/www.leonsolar.com\/product\/balcony-photovoltaic-support-system\/#breadcrumb\"},\"inLanguage\":\"de-CH\",\"potentialAction\":[{\"@type\":\"ReadAction\",\"target\":[\"https:\/\/www.leonsolar.com\/product\/balcony-photovoltaic-support-system\/\"]}]},{\"@type\":\"ImageObject\",\"inLanguage\":\"de-CH\",\"@id\":\"https:\/\/www.leonsolar.com\/product\/balcony-photovoltaic-support-system\/#primaryimage\",\"url\":\"https:\/\/www.leonsolar.com\/wp-content\/uploads\/2024\/11\/leon-solar-roof-Balcony-photovoltaic-support-system-100.png\",\"contentUrl\":\"https:\/\/www.leonsolar.com\/wp-content\/uploads\/2024\/11\/leon-solar-roof-Balcony-photovoltaic-support-system-100.png\",\"width\":1200,\"height\":1200,\"caption\":\"Balcony solar installation system effect\"},{\"@type\":\"BreadcrumbList\",\"@id\":\"https:\/\/www.leonsolar.com\/product\/balcony-photovoltaic-support-system\/#breadcrumb\",\"itemListElement\":[{\"@type\":\"ListItem\",\"position\":1,\"name\":\"Home\",\"item\":\"https:\/\/www.leonsolar.com\/\"},{\"@type\":\"ListItem\",\"position\":2,\"name\":\"Products\",\"item\":\"https:\/\/www.leonsolar.com\/shop\/\"},{\"@type\":\"ListItem\",\"position\":3,\"name\":\"Balcony photovoltaic support system\"}]},{\"@type\":\"WebSite\",\"@id\":\"https:\/\/www.leonsolar.com\/#website\",\"url\":\"https:\/\/www.leonsolar.com\/\",\"name\":\"Leon solar mounting system\",\"description\":\"ground mount system,tin roof mount system,tie roof mount system,floating pv system,solar pv Accessories\",\"publisher\":{\"@id\":\"https:\/\/www.leonsolar.com\/#organization\"},\"alternateName\":\"Show pages in search results Show pages in search results Disabling this means that pages will not be indexed by search engines and will be excluded from XML sitemaps. Read more about the search results settings.\",\"potentialAction\":[{\"@type\":\"SearchAction\",\"target\":{\"@type\":\"EntryPoint\",\"urlTemplate\":\"https:\/\/www.leonsolar.com\/?s={search_term_string}\"},\"query-input\":{\"@type\":\"PropertyValueSpecification\",\"valueRequired\":true,\"valueName\":\"search_term_string\"}}],\"inLanguage\":\"de-CH\"},{\"@type\":\"Organization\",\"@id\":\"https:\/\/www.leonsolar.com\/#organization\",\"name\":\"Xiamen Leon Solar Technology Co., Ltd\",\"url\":\"https:\/\/www.leonsolar.com\/\",\"logo\":{\"@type\":\"ImageObject\",\"inLanguage\":\"de-CH\",\"@id\":\"https:\/\/www.leonsolar.com\/#\/schema\/logo\/image\/\",\"url\":\"https:\/\/www.leonsolar.com\/wp-content\/uploads\/2024\/09\/leon-solar-company-logo-250-250.png\",\"contentUrl\":\"https:\/\/www.leonsolar.com\/wp-content\/uploads\/2024\/09\/leon-solar-company-logo-250-250.png\",\"width\":1044,\"height\":720,\"caption\":\"Xiamen Leon Solar Technology Co., Ltd\"},\"image\":{\"@id\":\"https:\/\/www.leonsolar.com\/#\/schema\/logo\/image\/\"},\"sameAs\":[\"https:\/\/www.facebook.com\/profile.php?id=100091002557296\",\"https:\/\/www.linkedin.com\/company\/13753269\/admin\/dashboard\/\"]}]}<\/script>\n<!-- \/ Yoast SEO Premium plugin. -->","yoast_head_json":{"title":"Hersteller von Balkonsolaranlagen","description":"Die Balkon-Solaranlage kann den Standort des Balkongel\u00e4nders oder des Fensters nutzen, um Photovoltaik-Paneele zu installieren.ballasted solar racking manufacturer.","robots":{"index":"index","follow":"follow","max-snippet":"max-snippet:-1","max-image-preview":"max-image-preview:large","max-video-preview":"max-video-preview:-1"},"canonical":"https:\/\/www.leonsolar.com\/de_ch\/produkt\/balkon-photovoltaik-tragersystem\/","og_locale":"de_DE","og_type":"article","og_title":"Balcony photovoltaic support system","og_description":"The balcony solar system can use the location of the balcony railing,or window to install photovoltaic panels.ballasted solar racking manufacturer.","og_url":"https:\/\/www.leonsolar.com\/de_ch\/produkt\/balkon-photovoltaik-tragersystem\/","article_publisher":"https:\/\/www.facebook.com\/profile.php?id=100091002557296","article_modified_time":"2024-11-20T03:21:32+00:00","og_image":[{"width":1200,"height":1200,"url":"https:\/\/www.leonsolar.com\/wp-content\/uploads\/2024\/11\/leon-solar-roof-Balcony-photovoltaic-support-system-100.png","type":"image\/png"}],"twitter_card":"summary_large_image","twitter_misc":{"Gesch\u00e4tzte Lesezeit":"3 Minuten"},"schema":{"@context":"https:\/\/schema.org","@graph":[{"@type":"WebPage","@id":"https:\/\/www.leonsolar.com\/product\/balcony-photovoltaic-support-system\/","url":"https:\/\/www.leonsolar.com\/product\/balcony-photovoltaic-support-system\/","name":"Hersteller von Balkonsolaranlagen","isPartOf":{"@id":"https:\/\/www.leonsolar.com\/#website"},"primaryImageOfPage":{"@id":"https:\/\/www.leonsolar.com\/product\/balcony-photovoltaic-support-system\/#primaryimage"},"image":{"@id":"https:\/\/www.leonsolar.com\/product\/balcony-photovoltaic-support-system\/#primaryimage"},"thumbnailUrl":"https:\/\/www.leonsolar.com\/wp-content\/uploads\/2024\/11\/leon-solar-roof-Balcony-photovoltaic-support-system-100.png","datePublished":"2024-09-10T03:12:23+00:00","dateModified":"2024-11-20T03:21:32+00:00","description":"Die Balkon-Solaranlage kann den Standort des Balkongel\u00e4nders oder des Fensters nutzen, um Photovoltaik-Paneele zu installieren.ballasted solar racking manufacturer.","breadcrumb":{"@id":"https:\/\/www.leonsolar.com\/product\/balcony-photovoltaic-support-system\/#breadcrumb"},"inLanguage":"de-CH","potentialAction":[{"@type":"ReadAction","target":["https:\/\/www.leonsolar.com\/product\/balcony-photovoltaic-support-system\/"]}]},{"@type":"ImageObject","inLanguage":"de-CH","@id":"https:\/\/www.leonsolar.com\/product\/balcony-photovoltaic-support-system\/#primaryimage","url":"https:\/\/www.leonsolar.com\/wp-content\/uploads\/2024\/11\/leon-solar-roof-Balcony-photovoltaic-support-system-100.png","contentUrl":"https:\/\/www.leonsolar.com\/wp-content\/uploads\/2024\/11\/leon-solar-roof-Balcony-photovoltaic-support-system-100.png","width":1200,"height":1200,"caption":"Balcony solar installation system effect"},{"@type":"BreadcrumbList","@id":"https:\/\/www.leonsolar.com\/product\/balcony-photovoltaic-support-system\/#breadcrumb","itemListElement":[{"@type":"ListItem","position":1,"name":"Home","item":"https:\/\/www.leonsolar.com\/"},{"@type":"ListItem","position":2,"name":"Products","item":"https:\/\/www.leonsolar.com\/shop\/"},{"@type":"ListItem","position":3,"name":"Balcony photovoltaic support system"}]},{"@type":"WebSite","@id":"https:\/\/www.leonsolar.com\/#website","url":"https:\/\/www.leonsolar.com\/","name":"Leon Solar-Montagesystem","description":"Bodenmontage-System, Blechdach-Montage-System, Krawatte Dach montieren System, schwimmende PV-System, Solar-PV-Zubeh\u00f6r","publisher":{"@id":"https:\/\/www.leonsolar.com\/#organization"},"alternateName":"Show pages in search results Show pages in search results Disabling this means that pages will not be indexed by search engines and will be excluded from XML sitemaps. Read more about the search results settings.","potentialAction":[{"@type":"SearchAction","target":{"@type":"EntryPoint","urlTemplate":"https:\/\/www.leonsolar.com\/?s={search_term_string}"},"query-input":{"@type":"PropertyValueSpecification","valueRequired":true,"valueName":"search_term_string"}}],"inLanguage":"de-CH"},{"@type":"Organization","@id":"https:\/\/www.leonsolar.com\/#organization","name":"Xiamen Leon Solar Technology Co. Ltd.","url":"https:\/\/www.leonsolar.com\/","logo":{"@type":"ImageObject","inLanguage":"de-CH","@id":"https:\/\/www.leonsolar.com\/#\/schema\/logo\/image\/","url":"https:\/\/www.leonsolar.com\/wp-content\/uploads\/2024\/09\/leon-solar-company-logo-250-250.png","contentUrl":"https:\/\/www.leonsolar.com\/wp-content\/uploads\/2024\/09\/leon-solar-company-logo-250-250.png","width":1044,"height":720,"caption":"Xiamen Leon Solar Technology Co., Ltd"},"image":{"@id":"https:\/\/www.leonsolar.com\/#\/schema\/logo\/image\/"},"sameAs":["https:\/\/www.facebook.com\/profile.php?id=100091002557296","https:\/\/www.linkedin.com\/company\/13753269\/admin\/dashboard\/"]}]}},"_links":{"self":[{"href":"https:\/\/www.leonsolar.com\/de_ch\/wp-json\/wp\/v2\/product\/2069"}],"collection":[{"href":"https:\/\/www.leonsolar.com\/de_ch\/wp-json\/wp\/v2\/product"}],"about":[{"href":"https:\/\/www.leonsolar.com\/de_ch\/wp-json\/wp\/v2\/types\/product"}],"wp:featuredmedia":[{"embeddable":true,"href":"https:\/\/www.leonsolar.com\/de_ch\/wp-json\/wp\/v2\/media\/3177"}],"wp:attachment":[{"href":"https:\/\/www.leonsolar.com\/de_ch\/wp-json\/wp\/v2\/media?parent=2069"}],"wp:term":[{"taxonomy":"product_brand","embeddable":true,"href":"https:\/\/www.leonsolar.com\/de_ch\/wp-json\/wp\/v2\/product_brand?post=2069"},{"taxonomy":"product_cat","embeddable":true,"href":"https:\/\/www.leonsolar.com\/de_ch\/wp-json\/wp\/v2\/product_cat?post=2069"},{"taxonomy":"product_tag","embeddable":true,"href":"https:\/\/www.leonsolar.com\/de_ch\/wp-json\/wp\/v2\/product_tag?post=2069"}],"curies":[{"name":"wp","href":"https:\/\/api.w.org\/{rel}","templated":true}]}}