{"id":2077,"date":"2024-09-10T06:13:09","date_gmt":"2024-09-10T06:13:09","guid":{"rendered":"https:\/\/leonsolar.com\/?post_type=product&#038;p=2077"},"modified":"2024-09-24T08:50:31","modified_gmt":"2024-09-24T08:50:31","slug":"begehbarkeit-der-pv-anlage","status":"publish","type":"product","link":"https:\/\/www.leonsolar.com\/de_ch\/produkt\/begehbarkeit-der-pv-anlage\/","title":{"rendered":"Fotovoltaik-Dach Aluminium-Gehweg"},"content":{"rendered":"<h2 style=\"text-align: center\">Aluminium Laufsteg<\/h2>\n<p>&nbsp;<\/p>\n<h3>Beschreibung des Produkts<\/h3>\n<p><strong>Ein Solar-Photovoltaik-Laufsteg bietet einen sicheren Zugang f\u00fcr die Wartung und Inspektion von Solarsystemen, verhindert Sch\u00e4den an den Modulen und gew\u00e4hrleistet die Langlebigkeit des Systems. Der Laufsteg erh\u00f6ht die Sicherheit durch sein rutschfestes Design und hilft bei der Organisation der Kabel, was sowohl die Installation als auch die Wartung effizienter macht Der Laufsteg eignet sich f\u00fcr Metalld\u00e4cher, auf denen Solarmontagesysteme installiert sind.<\/strong><\/p>\n<p><img fetchpriority=\"high\" decoding=\"async\" class=\"alignleft size-full wp-image-2808\" src=\"https:\/\/leonsolar.com\/wp-content\/uploads\/2024\/09\/\u603b\u88c5\u56fe1-scaled.jpg\" alt=\"\" width=\"2560\" height=\"1699\" srcset=\"https:\/\/www.leonsolar.com\/wp-content\/uploads\/2024\/09\/\u603b\u88c5\u56fe1-scaled.jpg 2560w, https:\/\/www.leonsolar.com\/wp-content\/uploads\/2024\/09\/\u603b\u88c5\u56fe1-300x199.jpg 300w, https:\/\/www.leonsolar.com\/wp-content\/uploads\/2024\/09\/\u603b\u88c5\u56fe1-1024x680.jpg 1024w, https:\/\/www.leonsolar.com\/wp-content\/uploads\/2024\/09\/\u603b\u88c5\u56fe1-768x510.jpg 768w, https:\/\/www.leonsolar.com\/wp-content\/uploads\/2024\/09\/\u603b\u88c5\u56fe1-1536x1019.jpg 1536w, https:\/\/www.leonsolar.com\/wp-content\/uploads\/2024\/09\/\u603b\u88c5\u56fe1-2048x1359.jpg 2048w, https:\/\/www.leonsolar.com\/wp-content\/uploads\/2024\/09\/\u603b\u88c5\u56fe1-18x12.jpg 18w, https:\/\/www.leonsolar.com\/wp-content\/uploads\/2024\/09\/\u603b\u88c5\u56fe1-600x398.jpg 600w\" sizes=\"(max-width: 2560px) 100vw, 2560px\" \/><\/p>\n<p>&nbsp;<\/p>\n<p>&nbsp;<\/p>\n<h3><\/h3>\n<h3><\/h3>\n<h3><\/h3>\n<h3><\/h3>\n<h3>Technische Merkmale<\/h3>\n<p><img decoding=\"async\" class=\"alignleft size-full wp-image-2782\" src=\"https:\/\/leonsolar.com\/wp-content\/uploads\/2024\/09\/Aluminum-rail.png\" alt=\"\" width=\"1249\" height=\"282\" srcset=\"https:\/\/www.leonsolar.com\/wp-content\/uploads\/2024\/09\/Aluminum-rail.png 1249w, https:\/\/www.leonsolar.com\/wp-content\/uploads\/2024\/09\/Aluminum-rail-300x68.png 300w, https:\/\/www.leonsolar.com\/wp-content\/uploads\/2024\/09\/Aluminum-rail-1024x231.png 1024w, https:\/\/www.leonsolar.com\/wp-content\/uploads\/2024\/09\/Aluminum-rail-768x173.png 768w, https:\/\/www.leonsolar.com\/wp-content\/uploads\/2024\/09\/Aluminum-rail-18x4.png 18w, https:\/\/www.leonsolar.com\/wp-content\/uploads\/2024\/09\/Aluminum-rail-600x135.png 600w\" sizes=\"(max-width: 1249px) 100vw, 1249px\" \/><\/p>","protected":false},"excerpt":{"rendered":"<p><strong>Artikel:LS-MP<\/strong><\/p>\n<p><strong>Ein Photovoltaik-Gehweg bietet einen sicheren und effizienten Zugang f\u00fcr die Wartung und Installation von Solaranlagen auf Metalld\u00e4chern.<\/strong><\/p>","protected":false},"featured_media":2078,"template":"","meta":{"site-sidebar-layout":"default","site-content-layout":"","ast-site-content-layout":"default","site-content-style":"default","site-sidebar-style":"default","ast-global-header-display":"","ast-banner-title-visibility":"","ast-main-header-display":"","ast-hfb-above-header-display":"","ast-hfb-below-header-display":"","ast-hfb-mobile-header-display":"","site-post-title":"","ast-breadcrumbs-content":"","ast-featured-img":"","footer-sml-layout":"","theme-transparent-header-meta":"default","adv-header-id-meta":"","stick-header-meta":"default","header-above-stick-meta":"","header-main-stick-meta":"","header-below-stick-meta":"","astra-migrate-meta-layouts":"set","ast-page-background-enabled":"default","ast-page-background-meta":{"desktop":{"background-color":"var(--ast-global-color-4)","background-image":"","background-repeat":"repeat","background-position":"center center","background-size":"auto","background-attachment":"scroll","background-type":"","background-media":"","overlay-type":"","overlay-color":"","overlay-opacity":"","overlay-gradient":""},"tablet":{"background-color":"","background-image":"","background-repeat":"repeat","background-position":"center center","background-size":"auto","background-attachment":"scroll","background-type":"","background-media":"","overlay-type":"","overlay-color":"","overlay-opacity":"","overlay-gradient":""},"mobile":{"background-color":"","background-image":"","background-repeat":"repeat","background-position":"center center","background-size":"auto","background-attachment":"scroll","background-type":"","background-media":"","overlay-type":"","overlay-color":"","overlay-opacity":"","overlay-gradient":""}},"ast-content-background-meta":{"desktop":{"background-color":"var(--ast-global-color-5)","background-image":"","background-repeat":"repeat","background-position":"center center","background-size":"auto","background-attachment":"scroll","background-type":"","background-media":"","overlay-type":"","overlay-color":"","overlay-opacity":"","overlay-gradient":""},"tablet":{"background-color":"var(--ast-global-color-5)","background-image":"","background-repeat":"repeat","background-position":"center center","background-size":"auto","background-attachment":"scroll","background-type":"","background-media":"","overlay-type":"","overlay-color":"","overlay-opacity":"","overlay-gradient":""},"mobile":{"background-color":"var(--ast-global-color-5)","background-image":"","background-repeat":"repeat","background-position":"center center","background-size":"auto","background-attachment":"scroll","background-type":"","background-media":"","overlay-type":"","overlay-color":"","overlay-opacity":"","overlay-gradient":""}}},"product_brand":[],"product_cat":[65,111,78],"product_tag":[123,143],"class_list":{"0":"post-2077","1":"product","2":"type-product","3":"status-publish","4":"has-post-thumbnail","6":"product_cat-all-products","7":"product_cat-rail","8":"product_cat-leonsolar-solar-pv-accessories","9":"product_tag-solar-accessaries","10":"product_tag-solar-roof-installation","11":"desktop-align-left","12":"tablet-align-left","13":"mobile-align-left","15":"first","16":"instock","17":"shipping-taxable","18":"product-type-simple"},"yoast_head":"<!-- This site is optimized with the Yoast SEO Premium plugin v23.3 (Yoast SEO v24.4) - https:\/\/yoast.com\/wordpress\/plugins\/seo\/ -->\n<title>Photovoltaic Roof Aluminum Walkway -<\/title>\n<meta name=\"robots\" content=\"index, follow, max-snippet:-1, max-image-preview:large, max-video-preview:-1\" \/>\n<link rel=\"canonical\" href=\"https:\/\/www.leonsolar.com\/de_ch\/produkt\/begehbarkeit-der-pv-anlage\/\" \/>\n<meta property=\"og:locale\" content=\"de_DE\" \/>\n<meta property=\"og:type\" content=\"article\" \/>\n<meta property=\"og:title\" content=\"Photovoltaic Roof Aluminum Walkway\" \/>\n<meta property=\"og:description\" content=\"Item:LS-MP  A photovoltaic walkway provides safe and efficient access for maintaining and installing solar systems on metal roofs.\" \/>\n<meta property=\"og:url\" content=\"https:\/\/www.leonsolar.com\/de_ch\/produkt\/begehbarkeit-der-pv-anlage\/\" \/>\n<meta property=\"article:publisher\" content=\"https:\/\/www.facebook.com\/profile.php?id=100091002557296\" \/>\n<meta property=\"article:modified_time\" content=\"2024-09-24T08:50:31+00:00\" \/>\n<meta property=\"og:image\" content=\"https:\/\/www.leonsolar.com\/wp-content\/uploads\/2024\/09\/leon-solar-triangular-corridor-for-roof-BIPV-pv-system-100-1024x680.png\" \/>\n\t<meta property=\"og:image:width\" content=\"1024\" \/>\n\t<meta property=\"og:image:height\" content=\"680\" \/>\n\t<meta property=\"og:image:type\" content=\"image\/png\" \/>\n<meta name=\"twitter:card\" content=\"summary_large_image\" \/>\n<script type=\"application\/ld+json\" class=\"yoast-schema-graph\">{\"@context\":\"https:\/\/schema.org\",\"@graph\":[{\"@type\":\"WebPage\",\"@id\":\"https:\/\/www.leonsolar.com\/product\/walk-way-of-pv-system\/\",\"url\":\"https:\/\/www.leonsolar.com\/product\/walk-way-of-pv-system\/\",\"name\":\"Photovoltaic Roof Aluminum Walkway -\",\"isPartOf\":{\"@id\":\"https:\/\/www.leonsolar.com\/#website\"},\"primaryImageOfPage\":{\"@id\":\"https:\/\/www.leonsolar.com\/product\/walk-way-of-pv-system\/#primaryimage\"},\"image\":{\"@id\":\"https:\/\/www.leonsolar.com\/product\/walk-way-of-pv-system\/#primaryimage\"},\"thumbnailUrl\":\"https:\/\/www.leonsolar.com\/wp-content\/uploads\/2024\/09\/leon-solar-triangular-corridor-for-roof-BIPV-pv-system-100.png\",\"datePublished\":\"2024-09-10T06:13:09+00:00\",\"dateModified\":\"2024-09-24T08:50:31+00:00\",\"breadcrumb\":{\"@id\":\"https:\/\/www.leonsolar.com\/product\/walk-way-of-pv-system\/#breadcrumb\"},\"inLanguage\":\"de-CH\",\"potentialAction\":[{\"@type\":\"ReadAction\",\"target\":[\"https:\/\/www.leonsolar.com\/product\/walk-way-of-pv-system\/\"]}]},{\"@type\":\"ImageObject\",\"inLanguage\":\"de-CH\",\"@id\":\"https:\/\/www.leonsolar.com\/product\/walk-way-of-pv-system\/#primaryimage\",\"url\":\"https:\/\/www.leonsolar.com\/wp-content\/uploads\/2024\/09\/leon-solar-triangular-corridor-for-roof-BIPV-pv-system-100.png\",\"contentUrl\":\"https:\/\/www.leonsolar.com\/wp-content\/uploads\/2024\/09\/leon-solar-triangular-corridor-for-roof-BIPV-pv-system-100.png\",\"width\":8000,\"height\":5309,\"caption\":\"The solar walkway is designed to provide a safe and stable path while integrating solar technology. It features solar panels embedded within the walkway, harnessing solar energy for lighting or other applications. This innovative solution combines functionality with sustainability, making it ideal for outdoor spaces and pathways.\"},{\"@type\":\"BreadcrumbList\",\"@id\":\"https:\/\/www.leonsolar.com\/product\/walk-way-of-pv-system\/#breadcrumb\",\"itemListElement\":[{\"@type\":\"ListItem\",\"position\":1,\"name\":\"Home\",\"item\":\"https:\/\/www.leonsolar.com\/\"},{\"@type\":\"ListItem\",\"position\":2,\"name\":\"Products\",\"item\":\"https:\/\/www.leonsolar.com\/shop\/\"},{\"@type\":\"ListItem\",\"position\":3,\"name\":\"Photovoltaic Roof Aluminum Walkway\"}]},{\"@type\":\"WebSite\",\"@id\":\"https:\/\/www.leonsolar.com\/#website\",\"url\":\"https:\/\/www.leonsolar.com\/\",\"name\":\"Leon solar mounting system\",\"description\":\"ground mount system,tin roof mount system,tie roof mount system,floating pv system,solar pv Accessories\",\"publisher\":{\"@id\":\"https:\/\/www.leonsolar.com\/#organization\"},\"alternateName\":\"Show pages in search results Show pages in search results Disabling this means that pages will not be indexed by search engines and will be excluded from XML sitemaps. Read more about the search results settings.\",\"potentialAction\":[{\"@type\":\"SearchAction\",\"target\":{\"@type\":\"EntryPoint\",\"urlTemplate\":\"https:\/\/www.leonsolar.com\/?s={search_term_string}\"},\"query-input\":{\"@type\":\"PropertyValueSpecification\",\"valueRequired\":true,\"valueName\":\"search_term_string\"}}],\"inLanguage\":\"de-CH\"},{\"@type\":\"Organization\",\"@id\":\"https:\/\/www.leonsolar.com\/#organization\",\"name\":\"Xiamen Leon Solar Technology Co., Ltd\",\"url\":\"https:\/\/www.leonsolar.com\/\",\"logo\":{\"@type\":\"ImageObject\",\"inLanguage\":\"de-CH\",\"@id\":\"https:\/\/www.leonsolar.com\/#\/schema\/logo\/image\/\",\"url\":\"https:\/\/www.leonsolar.com\/wp-content\/uploads\/2024\/09\/leon-solar-company-logo-250-250.png\",\"contentUrl\":\"https:\/\/www.leonsolar.com\/wp-content\/uploads\/2024\/09\/leon-solar-company-logo-250-250.png\",\"width\":1044,\"height\":720,\"caption\":\"Xiamen Leon Solar Technology Co., Ltd\"},\"image\":{\"@id\":\"https:\/\/www.leonsolar.com\/#\/schema\/logo\/image\/\"},\"sameAs\":[\"https:\/\/www.facebook.com\/profile.php?id=100091002557296\",\"https:\/\/www.linkedin.com\/company\/13753269\/admin\/dashboard\/\"]}]}<\/script>\n<!-- \/ Yoast SEO Premium plugin. -->","yoast_head_json":{"title":"Fotovoltaik Dach Aluminium Gehweg -","robots":{"index":"index","follow":"follow","max-snippet":"max-snippet:-1","max-image-preview":"max-image-preview:large","max-video-preview":"max-video-preview:-1"},"canonical":"https:\/\/www.leonsolar.com\/de_ch\/produkt\/begehbarkeit-der-pv-anlage\/","og_locale":"de_DE","og_type":"article","og_title":"Photovoltaic Roof Aluminum Walkway","og_description":"Item:LS-MP  A photovoltaic walkway provides safe and efficient access for maintaining and installing solar systems on metal roofs.","og_url":"https:\/\/www.leonsolar.com\/de_ch\/produkt\/begehbarkeit-der-pv-anlage\/","article_publisher":"https:\/\/www.facebook.com\/profile.php?id=100091002557296","article_modified_time":"2024-09-24T08:50:31+00:00","og_image":[{"width":1024,"height":680,"url":"https:\/\/www.leonsolar.com\/wp-content\/uploads\/2024\/09\/leon-solar-triangular-corridor-for-roof-BIPV-pv-system-100-1024x680.png","type":"image\/png"}],"twitter_card":"summary_large_image","schema":{"@context":"https:\/\/schema.org","@graph":[{"@type":"WebPage","@id":"https:\/\/www.leonsolar.com\/product\/walk-way-of-pv-system\/","url":"https:\/\/www.leonsolar.com\/product\/walk-way-of-pv-system\/","name":"Fotovoltaik Dach Aluminium Gehweg -","isPartOf":{"@id":"https:\/\/www.leonsolar.com\/#website"},"primaryImageOfPage":{"@id":"https:\/\/www.leonsolar.com\/product\/walk-way-of-pv-system\/#primaryimage"},"image":{"@id":"https:\/\/www.leonsolar.com\/product\/walk-way-of-pv-system\/#primaryimage"},"thumbnailUrl":"https:\/\/www.leonsolar.com\/wp-content\/uploads\/2024\/09\/leon-solar-triangular-corridor-for-roof-BIPV-pv-system-100.png","datePublished":"2024-09-10T06:13:09+00:00","dateModified":"2024-09-24T08:50:31+00:00","breadcrumb":{"@id":"https:\/\/www.leonsolar.com\/product\/walk-way-of-pv-system\/#breadcrumb"},"inLanguage":"de-CH","potentialAction":[{"@type":"ReadAction","target":["https:\/\/www.leonsolar.com\/product\/walk-way-of-pv-system\/"]}]},{"@type":"ImageObject","inLanguage":"de-CH","@id":"https:\/\/www.leonsolar.com\/product\/walk-way-of-pv-system\/#primaryimage","url":"https:\/\/www.leonsolar.com\/wp-content\/uploads\/2024\/09\/leon-solar-triangular-corridor-for-roof-BIPV-pv-system-100.png","contentUrl":"https:\/\/www.leonsolar.com\/wp-content\/uploads\/2024\/09\/leon-solar-triangular-corridor-for-roof-BIPV-pv-system-100.png","width":8000,"height":5309,"caption":"The solar walkway is designed to provide a safe and stable path while integrating solar technology. It features solar panels embedded within the walkway, harnessing solar energy for lighting or other applications. This innovative solution combines functionality with sustainability, making it ideal for outdoor spaces and pathways."},{"@type":"BreadcrumbList","@id":"https:\/\/www.leonsolar.com\/product\/walk-way-of-pv-system\/#breadcrumb","itemListElement":[{"@type":"ListItem","position":1,"name":"Home","item":"https:\/\/www.leonsolar.com\/"},{"@type":"ListItem","position":2,"name":"Products","item":"https:\/\/www.leonsolar.com\/shop\/"},{"@type":"ListItem","position":3,"name":"Photovoltaic Roof Aluminum Walkway"}]},{"@type":"WebSite","@id":"https:\/\/www.leonsolar.com\/#website","url":"https:\/\/www.leonsolar.com\/","name":"Leon Solar-Montagesystem","description":"Bodenmontage-System, Blechdach-Montage-System, Krawatte Dach montieren System, schwimmende PV-System, Solar-PV-Zubeh\u00f6r","publisher":{"@id":"https:\/\/www.leonsolar.com\/#organization"},"alternateName":"Show pages in search results Show pages in search results Disabling this means that pages will not be indexed by search engines and will be excluded from XML sitemaps. Read more about the search results settings.","potentialAction":[{"@type":"SearchAction","target":{"@type":"EntryPoint","urlTemplate":"https:\/\/www.leonsolar.com\/?s={search_term_string}"},"query-input":{"@type":"PropertyValueSpecification","valueRequired":true,"valueName":"search_term_string"}}],"inLanguage":"de-CH"},{"@type":"Organization","@id":"https:\/\/www.leonsolar.com\/#organization","name":"Xiamen Leon Solar Technology Co. Ltd.","url":"https:\/\/www.leonsolar.com\/","logo":{"@type":"ImageObject","inLanguage":"de-CH","@id":"https:\/\/www.leonsolar.com\/#\/schema\/logo\/image\/","url":"https:\/\/www.leonsolar.com\/wp-content\/uploads\/2024\/09\/leon-solar-company-logo-250-250.png","contentUrl":"https:\/\/www.leonsolar.com\/wp-content\/uploads\/2024\/09\/leon-solar-company-logo-250-250.png","width":1044,"height":720,"caption":"Xiamen Leon Solar Technology Co., Ltd"},"image":{"@id":"https:\/\/www.leonsolar.com\/#\/schema\/logo\/image\/"},"sameAs":["https:\/\/www.facebook.com\/profile.php?id=100091002557296","https:\/\/www.linkedin.com\/company\/13753269\/admin\/dashboard\/"]}]}},"_links":{"self":[{"href":"https:\/\/www.leonsolar.com\/de_ch\/wp-json\/wp\/v2\/product\/2077"}],"collection":[{"href":"https:\/\/www.leonsolar.com\/de_ch\/wp-json\/wp\/v2\/product"}],"about":[{"href":"https:\/\/www.leonsolar.com\/de_ch\/wp-json\/wp\/v2\/types\/product"}],"wp:featuredmedia":[{"embeddable":true,"href":"https:\/\/www.leonsolar.com\/de_ch\/wp-json\/wp\/v2\/media\/2078"}],"wp:attachment":[{"href":"https:\/\/www.leonsolar.com\/de_ch\/wp-json\/wp\/v2\/media?parent=2077"}],"wp:term":[{"taxonomy":"product_brand","embeddable":true,"href":"https:\/\/www.leonsolar.com\/de_ch\/wp-json\/wp\/v2\/product_brand?post=2077"},{"taxonomy":"product_cat","embeddable":true,"href":"https:\/\/www.leonsolar.com\/de_ch\/wp-json\/wp\/v2\/product_cat?post=2077"},{"taxonomy":"product_tag","embeddable":true,"href":"https:\/\/www.leonsolar.com\/de_ch\/wp-json\/wp\/v2\/product_tag?post=2077"}],"curies":[{"name":"wp","href":"https:\/\/api.w.org\/{rel}","templated":true}]}}