{"id":2089,"date":"2024-09-10T06:26:40","date_gmt":"2024-09-10T06:26:40","guid":{"rendered":"https:\/\/leonsolar.com\/?post_type=product&#038;p=2089"},"modified":"2024-09-25T05:42:14","modified_gmt":"2024-09-25T05:42:14","slug":"mittelklemme-fur-solaranlagen","status":"publish","type":"product","link":"https:\/\/www.leonsolar.com\/de_ch\/produkt\/mittelklemme-fur-solaranlagen\/","title":{"rendered":"Wasserdichte Endklemme mit Mittelabweiser"},"content":{"rendered":"<h2 style=\"text-align: center\">Mittlere Schallwand mit mittlerer Klammer<\/h2>\n<p>&nbsp;<\/p>\n<h3>Beschreibung des Produkts<\/h3>\n<p><strong>Die wasserdichte Mittelklemme mit einer mittleren Ablenkplatte wird \u00fcber dem M-f\u00f6rmigen Wasserkanal angebracht und mit selbstschneidenden Schrauben auf beiden Seiten des Kanals befestigt. Sie fixiert das Solarpanel an der mittleren Ablenkplatte und schafft so eine stabile, wasserdichte Halterung. Sie besteht aus einer eloxierten Aluminiumlegierung und ist daher korrosionsbest\u00e4ndig und langlebig. In der Regel kann das mittlere Ablenkblech entweder mit Mittelklemmen oder Endklemmen verwendet werden.<\/strong><\/p>\n<p><img fetchpriority=\"high\" decoding=\"async\" class=\"alignleft size-full wp-image-2835\" src=\"https:\/\/leonsolar.com\/wp-content\/uploads\/2024\/09\/Middle-baffle-with-middle-clamp-scaled.jpg\" alt=\"\" width=\"2560\" height=\"1699\" srcset=\"https:\/\/www.leonsolar.com\/wp-content\/uploads\/2024\/09\/Middle-baffle-with-middle-clamp-scaled.jpg 2560w, https:\/\/www.leonsolar.com\/wp-content\/uploads\/2024\/09\/Middle-baffle-with-middle-clamp-300x199.jpg 300w, https:\/\/www.leonsolar.com\/wp-content\/uploads\/2024\/09\/Middle-baffle-with-middle-clamp-1024x680.jpg 1024w, https:\/\/www.leonsolar.com\/wp-content\/uploads\/2024\/09\/Middle-baffle-with-middle-clamp-768x510.jpg 768w, https:\/\/www.leonsolar.com\/wp-content\/uploads\/2024\/09\/Middle-baffle-with-middle-clamp-1536x1019.jpg 1536w, https:\/\/www.leonsolar.com\/wp-content\/uploads\/2024\/09\/Middle-baffle-with-middle-clamp-2048x1359.jpg 2048w, https:\/\/www.leonsolar.com\/wp-content\/uploads\/2024\/09\/Middle-baffle-with-middle-clamp-18x12.jpg 18w, https:\/\/www.leonsolar.com\/wp-content\/uploads\/2024\/09\/Middle-baffle-with-middle-clamp-600x398.jpg 600w\" sizes=\"(max-width: 2560px) 100vw, 2560px\" \/><\/p>\n<p>&nbsp;<\/p>\n<p>&nbsp;<\/p>\n<p><img decoding=\"async\" class=\"alignleft size-full wp-image-2826\" src=\"https:\/\/leonsolar.com\/wp-content\/uploads\/2024\/09\/Middle-baffle-clamp-scaled.jpg\" alt=\"\" width=\"2560\" height=\"1699\" srcset=\"https:\/\/www.leonsolar.com\/wp-content\/uploads\/2024\/09\/Middle-baffle-clamp-scaled.jpg 2560w, https:\/\/www.leonsolar.com\/wp-content\/uploads\/2024\/09\/Middle-baffle-clamp-300x199.jpg 300w, https:\/\/www.leonsolar.com\/wp-content\/uploads\/2024\/09\/Middle-baffle-clamp-1024x680.jpg 1024w, https:\/\/www.leonsolar.com\/wp-content\/uploads\/2024\/09\/Middle-baffle-clamp-768x510.jpg 768w, https:\/\/www.leonsolar.com\/wp-content\/uploads\/2024\/09\/Middle-baffle-clamp-1536x1019.jpg 1536w, https:\/\/www.leonsolar.com\/wp-content\/uploads\/2024\/09\/Middle-baffle-clamp-2048x1359.jpg 2048w, https:\/\/www.leonsolar.com\/wp-content\/uploads\/2024\/09\/Middle-baffle-clamp-18x12.jpg 18w, https:\/\/www.leonsolar.com\/wp-content\/uploads\/2024\/09\/Middle-baffle-clamp-600x398.jpg 600w\" sizes=\"(max-width: 2560px) 100vw, 2560px\" \/><\/p>\n<h4><\/h4>\n<h4><\/h4>\n<h3>Technische Merkmale<\/h3>\n<p><img decoding=\"async\" class=\"alignleft size-full wp-image-2718\" src=\"https:\/\/leonsolar.com\/wp-content\/uploads\/2024\/09\/Aluminum-bracket.png\" alt=\"\" width=\"1249\" height=\"282\" srcset=\"https:\/\/www.leonsolar.com\/wp-content\/uploads\/2024\/09\/Aluminum-bracket.png 1249w, https:\/\/www.leonsolar.com\/wp-content\/uploads\/2024\/09\/Aluminum-bracket-300x68.png 300w, https:\/\/www.leonsolar.com\/wp-content\/uploads\/2024\/09\/Aluminum-bracket-1024x231.png 1024w, https:\/\/www.leonsolar.com\/wp-content\/uploads\/2024\/09\/Aluminum-bracket-768x173.png 768w, https:\/\/www.leonsolar.com\/wp-content\/uploads\/2024\/09\/Aluminum-bracket-18x4.png 18w, https:\/\/www.leonsolar.com\/wp-content\/uploads\/2024\/09\/Aluminum-bracket-600x135.png 600w\" sizes=\"(max-width: 1249px) 100vw, 1249px\" \/><\/p>","protected":false},"excerpt":{"rendered":"<p><strong>Artikel:LS-MMB<\/strong><\/p>\n<p><strong>Die wasserdichte Mittelklemme mit einer mittleren Ablenkplatte bietet eine stabile, korrosionsbest\u00e4ndige Halterung f\u00fcr Solarmodule und gew\u00e4hrleistet eine wasserdichte Abdichtung und Kompatibilit\u00e4t mit Mittel- und Endklemmen<\/strong><\/p>","protected":false},"featured_media":2090,"template":"","meta":{"site-sidebar-layout":"default","site-content-layout":"","ast-site-content-layout":"default","site-content-style":"default","site-sidebar-style":"default","ast-global-header-display":"","ast-banner-title-visibility":"","ast-main-header-display":"","ast-hfb-above-header-display":"","ast-hfb-below-header-display":"","ast-hfb-mobile-header-display":"","site-post-title":"","ast-breadcrumbs-content":"","ast-featured-img":"","footer-sml-layout":"","theme-transparent-header-meta":"default","adv-header-id-meta":"","stick-header-meta":"default","header-above-stick-meta":"","header-main-stick-meta":"","header-below-stick-meta":"","astra-migrate-meta-layouts":"set","ast-page-background-enabled":"default","ast-page-background-meta":{"desktop":{"background-color":"var(--ast-global-color-4)","background-image":"","background-repeat":"repeat","background-position":"center center","background-size":"auto","background-attachment":"scroll","background-type":"","background-media":"","overlay-type":"","overlay-color":"","overlay-opacity":"","overlay-gradient":""},"tablet":{"background-color":"","background-image":"","background-repeat":"repeat","background-position":"center center","background-size":"auto","background-attachment":"scroll","background-type":"","background-media":"","overlay-type":"","overlay-color":"","overlay-opacity":"","overlay-gradient":""},"mobile":{"background-color":"","background-image":"","background-repeat":"repeat","background-position":"center center","background-size":"auto","background-attachment":"scroll","background-type":"","background-media":"","overlay-type":"","overlay-color":"","overlay-opacity":"","overlay-gradient":""}},"ast-content-background-meta":{"desktop":{"background-color":"var(--ast-global-color-5)","background-image":"","background-repeat":"repeat","background-position":"center center","background-size":"auto","background-attachment":"scroll","background-type":"","background-media":"","overlay-type":"","overlay-color":"","overlay-opacity":"","overlay-gradient":""},"tablet":{"background-color":"var(--ast-global-color-5)","background-image":"","background-repeat":"repeat","background-position":"center center","background-size":"auto","background-attachment":"scroll","background-type":"","background-media":"","overlay-type":"","overlay-color":"","overlay-opacity":"","overlay-gradient":""},"mobile":{"background-color":"var(--ast-global-color-5)","background-image":"","background-repeat":"repeat","background-position":"center center","background-size":"auto","background-attachment":"scroll","background-type":"","background-media":"","overlay-type":"","overlay-color":"","overlay-opacity":"","overlay-gradient":""}}},"product_brand":[],"product_cat":[65,109,78],"product_tag":[120,146],"class_list":{"0":"post-2089","1":"product","2":"type-product","3":"status-publish","4":"has-post-thumbnail","6":"product_cat-all-products","7":"product_cat-solar-clamps","8":"product_cat-leonsolar-solar-pv-accessories","9":"product_tag-solar-bracket","10":"product_tag-waterproof-mounting-kit","11":"desktop-align-left","12":"tablet-align-left","13":"mobile-align-left","15":"first","16":"instock","17":"shipping-taxable","18":"product-type-simple"},"yoast_head":"<!-- This site is optimized with the Yoast SEO Premium plugin v23.3 (Yoast SEO v24.4) - https:\/\/yoast.com\/wordpress\/plugins\/seo\/ -->\n<title>Waterproof end clamp with a middle baffle -<\/title>\n<meta name=\"robots\" content=\"index, follow, max-snippet:-1, max-image-preview:large, max-video-preview:-1\" \/>\n<link rel=\"canonical\" href=\"https:\/\/www.leonsolar.com\/de_ch\/produkt\/mittelklemme-fur-solaranlagen\/\" \/>\n<meta property=\"og:locale\" content=\"de_DE\" \/>\n<meta property=\"og:type\" content=\"article\" \/>\n<meta property=\"og:title\" content=\"Waterproof end clamp with a middle baffle\" \/>\n<meta property=\"og:description\" content=\"Item:LS-MMB  The waterproof middle clamp with a middle baffle provides stable, corrosion-resistant support for solar panels, ensuring a waterproof seal and compatibility with both mid and end clamps\" \/>\n<meta property=\"og:url\" content=\"https:\/\/www.leonsolar.com\/de_ch\/produkt\/mittelklemme-fur-solaranlagen\/\" \/>\n<meta property=\"article:publisher\" content=\"https:\/\/www.facebook.com\/profile.php?id=100091002557296\" \/>\n<meta property=\"article:modified_time\" content=\"2024-09-25T05:42:14+00:00\" \/>\n<meta property=\"og:image\" content=\"https:\/\/www.leonsolar.com\/wp-content\/uploads\/2024\/09\/leon-solar-mid-clamp-for-roof-pv-system-100-1024x680.png\" \/>\n\t<meta property=\"og:image:width\" content=\"1024\" \/>\n\t<meta property=\"og:image:height\" content=\"680\" \/>\n\t<meta property=\"og:image:type\" content=\"image\/png\" \/>\n<meta name=\"twitter:card\" content=\"summary_large_image\" \/>\n<script type=\"application\/ld+json\" class=\"yoast-schema-graph\">{\"@context\":\"https:\/\/schema.org\",\"@graph\":[{\"@type\":\"WebPage\",\"@id\":\"https:\/\/www.leonsolar.com\/product\/mid-clamp-for-solar-pv-system\/\",\"url\":\"https:\/\/www.leonsolar.com\/product\/mid-clamp-for-solar-pv-system\/\",\"name\":\"Waterproof end clamp with a middle baffle -\",\"isPartOf\":{\"@id\":\"https:\/\/www.leonsolar.com\/#website\"},\"primaryImageOfPage\":{\"@id\":\"https:\/\/www.leonsolar.com\/product\/mid-clamp-for-solar-pv-system\/#primaryimage\"},\"image\":{\"@id\":\"https:\/\/www.leonsolar.com\/product\/mid-clamp-for-solar-pv-system\/#primaryimage\"},\"thumbnailUrl\":\"https:\/\/www.leonsolar.com\/wp-content\/uploads\/2024\/09\/leon-solar-mid-clamp-for-roof-pv-system-100.png\",\"datePublished\":\"2024-09-10T06:26:40+00:00\",\"dateModified\":\"2024-09-25T05:42:14+00:00\",\"breadcrumb\":{\"@id\":\"https:\/\/www.leonsolar.com\/product\/mid-clamp-for-solar-pv-system\/#breadcrumb\"},\"inLanguage\":\"de-CH\",\"potentialAction\":[{\"@type\":\"ReadAction\",\"target\":[\"https:\/\/www.leonsolar.com\/product\/mid-clamp-for-solar-pv-system\/\"]}]},{\"@type\":\"ImageObject\",\"inLanguage\":\"de-CH\",\"@id\":\"https:\/\/www.leonsolar.com\/product\/mid-clamp-for-solar-pv-system\/#primaryimage\",\"url\":\"https:\/\/www.leonsolar.com\/wp-content\/uploads\/2024\/09\/leon-solar-mid-clamp-for-roof-pv-system-100.png\",\"contentUrl\":\"https:\/\/www.leonsolar.com\/wp-content\/uploads\/2024\/09\/leon-solar-mid-clamp-for-roof-pv-system-100.png\",\"width\":8000,\"height\":5309,\"caption\":\"The waterproof middle clamp with a middle baffle provides stable, corrosion-resistant support for solar panels, ensuring a waterproof seal and compatibility with both mid and side clamps\"},{\"@type\":\"BreadcrumbList\",\"@id\":\"https:\/\/www.leonsolar.com\/product\/mid-clamp-for-solar-pv-system\/#breadcrumb\",\"itemListElement\":[{\"@type\":\"ListItem\",\"position\":1,\"name\":\"Home\",\"item\":\"https:\/\/www.leonsolar.com\/\"},{\"@type\":\"ListItem\",\"position\":2,\"name\":\"Products\",\"item\":\"https:\/\/www.leonsolar.com\/shop\/\"},{\"@type\":\"ListItem\",\"position\":3,\"name\":\"Waterproof end clamp with a middle baffle\"}]},{\"@type\":\"WebSite\",\"@id\":\"https:\/\/www.leonsolar.com\/#website\",\"url\":\"https:\/\/www.leonsolar.com\/\",\"name\":\"Leon solar mounting system\",\"description\":\"ground mount system,tin roof mount system,tie roof mount system,floating pv system,solar pv Accessories\",\"publisher\":{\"@id\":\"https:\/\/www.leonsolar.com\/#organization\"},\"alternateName\":\"Show pages in search results Show pages in search results Disabling this means that pages will not be indexed by search engines and will be excluded from XML sitemaps. Read more about the search results settings.\",\"potentialAction\":[{\"@type\":\"SearchAction\",\"target\":{\"@type\":\"EntryPoint\",\"urlTemplate\":\"https:\/\/www.leonsolar.com\/?s={search_term_string}\"},\"query-input\":{\"@type\":\"PropertyValueSpecification\",\"valueRequired\":true,\"valueName\":\"search_term_string\"}}],\"inLanguage\":\"de-CH\"},{\"@type\":\"Organization\",\"@id\":\"https:\/\/www.leonsolar.com\/#organization\",\"name\":\"Xiamen Leon Solar Technology Co., Ltd\",\"url\":\"https:\/\/www.leonsolar.com\/\",\"logo\":{\"@type\":\"ImageObject\",\"inLanguage\":\"de-CH\",\"@id\":\"https:\/\/www.leonsolar.com\/#\/schema\/logo\/image\/\",\"url\":\"https:\/\/www.leonsolar.com\/wp-content\/uploads\/2024\/09\/leon-solar-company-logo-250-250.png\",\"contentUrl\":\"https:\/\/www.leonsolar.com\/wp-content\/uploads\/2024\/09\/leon-solar-company-logo-250-250.png\",\"width\":1044,\"height\":720,\"caption\":\"Xiamen Leon Solar Technology Co., Ltd\"},\"image\":{\"@id\":\"https:\/\/www.leonsolar.com\/#\/schema\/logo\/image\/\"},\"sameAs\":[\"https:\/\/www.facebook.com\/profile.php?id=100091002557296\",\"https:\/\/www.linkedin.com\/company\/13753269\/admin\/dashboard\/\"]}]}<\/script>\n<!-- \/ Yoast SEO Premium plugin. -->","yoast_head_json":{"title":"Wasserdichte Endklemme mit Mittelabweiser -","robots":{"index":"index","follow":"follow","max-snippet":"max-snippet:-1","max-image-preview":"max-image-preview:large","max-video-preview":"max-video-preview:-1"},"canonical":"https:\/\/www.leonsolar.com\/de_ch\/produkt\/mittelklemme-fur-solaranlagen\/","og_locale":"de_DE","og_type":"article","og_title":"Waterproof end clamp with a middle baffle","og_description":"Item:LS-MMB  The waterproof middle clamp with a middle baffle provides stable, corrosion-resistant support for solar panels, ensuring a waterproof seal and compatibility with both mid and end clamps","og_url":"https:\/\/www.leonsolar.com\/de_ch\/produkt\/mittelklemme-fur-solaranlagen\/","article_publisher":"https:\/\/www.facebook.com\/profile.php?id=100091002557296","article_modified_time":"2024-09-25T05:42:14+00:00","og_image":[{"width":1024,"height":680,"url":"https:\/\/www.leonsolar.com\/wp-content\/uploads\/2024\/09\/leon-solar-mid-clamp-for-roof-pv-system-100-1024x680.png","type":"image\/png"}],"twitter_card":"summary_large_image","schema":{"@context":"https:\/\/schema.org","@graph":[{"@type":"WebPage","@id":"https:\/\/www.leonsolar.com\/product\/mid-clamp-for-solar-pv-system\/","url":"https:\/\/www.leonsolar.com\/product\/mid-clamp-for-solar-pv-system\/","name":"Wasserdichte Endklemme mit Mittelabweiser -","isPartOf":{"@id":"https:\/\/www.leonsolar.com\/#website"},"primaryImageOfPage":{"@id":"https:\/\/www.leonsolar.com\/product\/mid-clamp-for-solar-pv-system\/#primaryimage"},"image":{"@id":"https:\/\/www.leonsolar.com\/product\/mid-clamp-for-solar-pv-system\/#primaryimage"},"thumbnailUrl":"https:\/\/www.leonsolar.com\/wp-content\/uploads\/2024\/09\/leon-solar-mid-clamp-for-roof-pv-system-100.png","datePublished":"2024-09-10T06:26:40+00:00","dateModified":"2024-09-25T05:42:14+00:00","breadcrumb":{"@id":"https:\/\/www.leonsolar.com\/product\/mid-clamp-for-solar-pv-system\/#breadcrumb"},"inLanguage":"de-CH","potentialAction":[{"@type":"ReadAction","target":["https:\/\/www.leonsolar.com\/product\/mid-clamp-for-solar-pv-system\/"]}]},{"@type":"ImageObject","inLanguage":"de-CH","@id":"https:\/\/www.leonsolar.com\/product\/mid-clamp-for-solar-pv-system\/#primaryimage","url":"https:\/\/www.leonsolar.com\/wp-content\/uploads\/2024\/09\/leon-solar-mid-clamp-for-roof-pv-system-100.png","contentUrl":"https:\/\/www.leonsolar.com\/wp-content\/uploads\/2024\/09\/leon-solar-mid-clamp-for-roof-pv-system-100.png","width":8000,"height":5309,"caption":"The waterproof middle clamp with a middle baffle provides stable, corrosion-resistant support for solar panels, ensuring a waterproof seal and compatibility with both mid and side clamps"},{"@type":"BreadcrumbList","@id":"https:\/\/www.leonsolar.com\/product\/mid-clamp-for-solar-pv-system\/#breadcrumb","itemListElement":[{"@type":"ListItem","position":1,"name":"Home","item":"https:\/\/www.leonsolar.com\/"},{"@type":"ListItem","position":2,"name":"Products","item":"https:\/\/www.leonsolar.com\/shop\/"},{"@type":"ListItem","position":3,"name":"Waterproof end clamp with a middle baffle"}]},{"@type":"WebSite","@id":"https:\/\/www.leonsolar.com\/#website","url":"https:\/\/www.leonsolar.com\/","name":"Leon Solar-Montagesystem","description":"Bodenmontage-System, Blechdach-Montage-System, Krawatte Dach montieren System, schwimmende PV-System, Solar-PV-Zubeh\u00f6r","publisher":{"@id":"https:\/\/www.leonsolar.com\/#organization"},"alternateName":"Show pages in search results Show pages in search results Disabling this means that pages will not be indexed by search engines and will be excluded from XML sitemaps. Read more about the search results settings.","potentialAction":[{"@type":"SearchAction","target":{"@type":"EntryPoint","urlTemplate":"https:\/\/www.leonsolar.com\/?s={search_term_string}"},"query-input":{"@type":"PropertyValueSpecification","valueRequired":true,"valueName":"search_term_string"}}],"inLanguage":"de-CH"},{"@type":"Organization","@id":"https:\/\/www.leonsolar.com\/#organization","name":"Xiamen Leon Solar Technology Co. Ltd.","url":"https:\/\/www.leonsolar.com\/","logo":{"@type":"ImageObject","inLanguage":"de-CH","@id":"https:\/\/www.leonsolar.com\/#\/schema\/logo\/image\/","url":"https:\/\/www.leonsolar.com\/wp-content\/uploads\/2024\/09\/leon-solar-company-logo-250-250.png","contentUrl":"https:\/\/www.leonsolar.com\/wp-content\/uploads\/2024\/09\/leon-solar-company-logo-250-250.png","width":1044,"height":720,"caption":"Xiamen Leon Solar Technology Co., Ltd"},"image":{"@id":"https:\/\/www.leonsolar.com\/#\/schema\/logo\/image\/"},"sameAs":["https:\/\/www.facebook.com\/profile.php?id=100091002557296","https:\/\/www.linkedin.com\/company\/13753269\/admin\/dashboard\/"]}]}},"_links":{"self":[{"href":"https:\/\/www.leonsolar.com\/de_ch\/wp-json\/wp\/v2\/product\/2089"}],"collection":[{"href":"https:\/\/www.leonsolar.com\/de_ch\/wp-json\/wp\/v2\/product"}],"about":[{"href":"https:\/\/www.leonsolar.com\/de_ch\/wp-json\/wp\/v2\/types\/product"}],"wp:featuredmedia":[{"embeddable":true,"href":"https:\/\/www.leonsolar.com\/de_ch\/wp-json\/wp\/v2\/media\/2090"}],"wp:attachment":[{"href":"https:\/\/www.leonsolar.com\/de_ch\/wp-json\/wp\/v2\/media?parent=2089"}],"wp:term":[{"taxonomy":"product_brand","embeddable":true,"href":"https:\/\/www.leonsolar.com\/de_ch\/wp-json\/wp\/v2\/product_brand?post=2089"},{"taxonomy":"product_cat","embeddable":true,"href":"https:\/\/www.leonsolar.com\/de_ch\/wp-json\/wp\/v2\/product_cat?post=2089"},{"taxonomy":"product_tag","embeddable":true,"href":"https:\/\/www.leonsolar.com\/de_ch\/wp-json\/wp\/v2\/product_tag?post=2089"}],"curies":[{"name":"wp","href":"https:\/\/api.w.org\/{rel}","templated":true}]}}