{"id":1911,"date":"2024-09-08T11:28:01","date_gmt":"2024-09-08T11:28:01","guid":{"rendered":"https:\/\/leonsolar.com\/?post_type=product&#038;p=1911"},"modified":"2024-12-10T14:50:39","modified_gmt":"2024-12-10T14:50:39","slug":"sistema-solar-fotovoltaico-agricola","status":"publish","type":"product","link":"https:\/\/www.leonsolar.com\/es\/producto\/sistema-solar-fotovoltaico-agricola\/","title":{"rendered":"Sistema fotovoltaico con soporte solar para invernaderos agr\u00edcolas"},"content":{"rendered":"<p>El sistema FV de soporte solar agr\u00edcola es una soluci\u00f3n de montaje solar especializada dise\u00f1ada para invernaderos agr\u00edcolas, que ofrece una funcionalidad de doble uso que combina la generaci\u00f3n de energ\u00eda solar con el cultivo de la tierra. Este sistema aborda las necesidades \u00fanicas de los entornos agr\u00edcolas, proporcionando varios usos y ventajas clave:<\/p>\n<p>&nbsp;<\/p>\n<p><img fetchpriority=\"high\" decoding=\"async\" class=\"alignnone size-full wp-image-3373\" src=\"https:\/\/www.leonsolar.com\/wp-content\/uploads\/2024\/09\/leon-Agricultural-greenhouse-solar-bracket-pv-system-100.png\" alt=\"El sistema solar fotovoltaico agr\u00edcola est\u00e1 dise\u00f1ado para instalarse a mayor altura, y el panel fotovoltaico se instala encima, lo que permite hacer sombra al sol y generar electricidad sin retrasar la actividad agr\u00edcola.\" width=\"800\" height=\"800\" srcset=\"https:\/\/www.leonsolar.com\/wp-content\/uploads\/2024\/09\/leon-Agricultural-greenhouse-solar-bracket-pv-system-100.png 800w, https:\/\/www.leonsolar.com\/wp-content\/uploads\/2024\/09\/leon-Agricultural-greenhouse-solar-bracket-pv-system-100-300x300.png 300w, https:\/\/www.leonsolar.com\/wp-content\/uploads\/2024\/09\/leon-Agricultural-greenhouse-solar-bracket-pv-system-100-150x150.png 150w, https:\/\/www.leonsolar.com\/wp-content\/uploads\/2024\/09\/leon-Agricultural-greenhouse-solar-bracket-pv-system-100-768x768.png 768w, https:\/\/www.leonsolar.com\/wp-content\/uploads\/2024\/09\/leon-Agricultural-greenhouse-solar-bracket-pv-system-100-12x12.png 12w, https:\/\/www.leonsolar.com\/wp-content\/uploads\/2024\/09\/leon-Agricultural-greenhouse-solar-bracket-pv-system-100-600x600.png 600w, https:\/\/www.leonsolar.com\/wp-content\/uploads\/2024\/09\/leon-Agricultural-greenhouse-solar-bracket-pv-system-100-100x100.png 100w\" sizes=\"(max-width: 800px) 100vw, 800px\" \/><\/p>\n<p>&nbsp;<\/p>\n<h3>Sistema solar fotovoltaico agr\u00edcola Finalidad:<\/h3>\n<p>El objetivo principal del sistema es instalar paneles solares sobre invernaderos agr\u00edcolas, lo que permite simultanear la producci\u00f3n de energ\u00eda con el cultivo. Esta configuraci\u00f3n es especialmente beneficiosa para los agricultores que buscan diversificar sus fuentes de ingresos y mejorar la sostenibilidad.<\/p>\n<h3>Ventajas:<\/h3>\n<ol>\n<li><strong>Doble uso del suelo<\/strong>: Permite el cultivo de cosechas u otras actividades agr\u00edcolas bajo los paneles solares, optimizando la eficiencia del uso del suelo.<\/li>\n<li><strong>Generaci\u00f3n de energ\u00eda renovable<\/strong>: Proporciona una fuente de electricidad limpia y sostenible, reduciendo la dependencia de los combustibles f\u00f3siles y las emisiones de carbono.<\/li>\n<li><strong>Protecci\u00f3n de los cultivos<\/strong>: Los paneles solares ofrecen sombra, lo que puede proteger los cultivos de la luz solar excesiva y las condiciones clim\u00e1ticas adversas, mejorando potencialmente los rendimientos.<\/li>\n<li><strong>Apoyo estructural<\/strong>: El sistema de soportes proporciona un marco resistente para los paneles solares, garantizando la estabilidad y la seguridad.<\/li>\n<li><strong>Escalabilidad<\/strong>: F\u00e1cilmente adaptable a invernaderos de distintos tama\u00f1os y necesidades energ\u00e9ticas.<\/li>\n<\/ol>\n<p>Al integrar estas caracter\u00edsticas, el sistema fotovoltaico de soporte solar agr\u00edcola ofrece una soluci\u00f3n pr\u00e1ctica e innovadora para los agricultores que buscan combinar las pr\u00e1cticas agr\u00edcolas modernas con la producci\u00f3n de energ\u00eda renovable, mejorando tanto la sostenibilidad econ\u00f3mica como la medioambiental.<\/p>\n<p>&nbsp;<\/p>\n<h3>Certificaciones t\u00e9cnicas:<\/h3>\n<p>&nbsp;<\/p>\n<p>&nbsp;<\/p>\n<p><img decoding=\"async\" class=\"size-full wp-image-2612\" src=\"https:\/\/leonsolar.com\/wp-content\/uploads\/2024\/09\/leon-solar-brackets-pv-system-certification.png\" alt=\"Principales certificaciones y objetivos de los sistemas de montaje FV Las principales certificaciones de los sistemas de montaje FV son: IEC 61730: Garantiza las normas de seguridad y rendimiento de los m\u00f3dulos FV y sus sistemas de montaje. UL 1703: Cubre los requisitos de seguridad para m\u00f3dulos FV planos y sus soportes. Marcado CE: Indica el cumplimiento de las normas de la UE en materia de salud, seguridad y protecci\u00f3n del medio ambiente. Certificaci\u00f3n TUV: Valida la calidad y fiabilidad de los productos y sistemas fotovoltaicos. Estas certificaciones garantizan que los sistemas de montaje FV cumplen rigurosas normas de calidad y seguridad, proporcionando un rendimiento fiable y protecci\u00f3n frente a posibles peligros. Son cruciales para conseguir la aceptaci\u00f3n del mercado y la confianza del consumidor.\" width=\"771\" height=\"390\" srcset=\"https:\/\/www.leonsolar.com\/wp-content\/uploads\/2024\/09\/leon-solar-brackets-pv-system-certification.png 771w, https:\/\/www.leonsolar.com\/wp-content\/uploads\/2024\/09\/leon-solar-brackets-pv-system-certification-300x152.png 300w, https:\/\/www.leonsolar.com\/wp-content\/uploads\/2024\/09\/leon-solar-brackets-pv-system-certification-768x388.png 768w, https:\/\/www.leonsolar.com\/wp-content\/uploads\/2024\/09\/leon-solar-brackets-pv-system-certification-600x304.png 600w\" sizes=\"(max-width: 771px) 100vw, 771px\" \/><\/p>","protected":false},"excerpt":{"rendered":"<p>Velocidad del viento: hasta 60 m\/s<\/p>\n<p>Capacidad de carga de nieve: 1.4kn\/\u33a1<\/p>\n<p>\u00c1ngulo de inclinaci\u00f3n: 0-60<\/p>\n<p>Material: Aluminio de alta resistencia 6005-T5, acero inoxidable SUS304<\/p>\n<p>Garant\u00eda: 10 a\u00f1os<\/p>\n<p>Certificados\uff1aCE\uff0cSGS<\/p>\n<p>Conformidad:AS\/NZS1170.2,Euro Code 8, DIN 1055.IBC 2006<\/p>","protected":false},"featured_media":3373,"template":"","meta":{"site-sidebar-layout":"default","site-content-layout":"","ast-site-content-layout":"default","site-content-style":"default","site-sidebar-style":"default","ast-global-header-display":"","ast-banner-title-visibility":"","ast-main-header-display":"","ast-hfb-above-header-display":"","ast-hfb-below-header-display":"","ast-hfb-mobile-header-display":"","site-post-title":"","ast-breadcrumbs-content":"","ast-featured-img":"","footer-sml-layout":"","theme-transparent-header-meta":"default","adv-header-id-meta":"","stick-header-meta":"default","header-above-stick-meta":"","header-main-stick-meta":"","header-below-stick-meta":"","astra-migrate-meta-layouts":"set","ast-page-background-enabled":"default","ast-page-background-meta":{"desktop":{"background-color":"var(--ast-global-color-4)","background-image":"","background-repeat":"repeat","background-position":"center center","background-size":"auto","background-attachment":"scroll","background-type":"","background-media":"","overlay-type":"","overlay-color":"","overlay-opacity":"","overlay-gradient":""},"tablet":{"background-color":"","background-image":"","background-repeat":"repeat","background-position":"center center","background-size":"auto","background-attachment":"scroll","background-type":"","background-media":"","overlay-type":"","overlay-color":"","overlay-opacity":"","overlay-gradient":""},"mobile":{"background-color":"","background-image":"","background-repeat":"repeat","background-position":"center center","background-size":"auto","background-attachment":"scroll","background-type":"","background-media":"","overlay-type":"","overlay-color":"","overlay-opacity":"","overlay-gradient":""}},"ast-content-background-meta":{"desktop":{"background-color":"var(--ast-global-color-5)","background-image":"","background-repeat":"repeat","background-position":"center center","background-size":"auto","background-attachment":"scroll","background-type":"","background-media":"","overlay-type":"","overlay-color":"","overlay-opacity":"","overlay-gradient":""},"tablet":{"background-color":"var(--ast-global-color-5)","background-image":"","background-repeat":"repeat","background-position":"center center","background-size":"auto","background-attachment":"scroll","background-type":"","background-media":"","overlay-type":"","overlay-color":"","overlay-opacity":"","overlay-gradient":""},"mobile":{"background-color":"var(--ast-global-color-5)","background-image":"","background-repeat":"repeat","background-position":"center center","background-size":"auto","background-attachment":"scroll","background-type":"","background-media":"","overlay-type":"","overlay-color":"","overlay-opacity":"","overlay-gradient":""}}},"product_brand":[],"product_cat":[65,102,75],"product_tag":[185,184,187,166,165,186,183,161,159,160,84],"class_list":{"0":"post-1911","1":"product","2":"type-product","3":"status-publish","4":"has-post-thumbnail","6":"product_cat-all-products","7":"product_cat-agriculture-mounting-system","8":"product_cat-leonsolar-ground-pv-system","9":"product_tag-agricultural","10":"product_tag-agricultural-greenhouse","11":"product_tag-agricultural-greenhouse-solar-bracket-pv-system","12":"product_tag-aluminum-ground-pv-system","13":"product_tag-aluminum-ground-system","14":"product_tag-greenhouse","15":"product_tag-ground","16":"product_tag-ground-brackets-system","17":"product_tag-ground-mounting","18":"product_tag-ground-mounting-system","19":"product_tag-ground-pv-system","20":"desktop-align-left","21":"tablet-align-left","22":"mobile-align-left","24":"first","25":"instock","26":"shipping-taxable","27":"product-type-simple"},"yoast_head":"<!-- This site is optimized with the Yoast SEO Premium plugin v23.3 (Yoast SEO v24.4) - https:\/\/yoast.com\/wordpress\/plugins\/seo\/ -->\n<title>Agricultural solar pv system<\/title>\n<meta name=\"description\" content=\"Leon Solar is a manufacturer of Agricultural solar pv system systems. Can photovoltaic power stations be installed on farms? Yes, there is no problem.\" \/>\n<meta name=\"robots\" content=\"index, follow, max-snippet:-1, max-image-preview:large, max-video-preview:-1\" \/>\n<link rel=\"canonical\" href=\"https:\/\/www.leonsolar.com\/es\/producto\/sistema-solar-fotovoltaico-agricola\/\" \/>\n<meta property=\"og:locale\" content=\"es_ES\" \/>\n<meta property=\"og:type\" content=\"article\" \/>\n<meta property=\"og:title\" content=\"Agricultural greenhouse solar bracket pv system\" \/>\n<meta property=\"og:description\" content=\"Leon Solar is a manufacturer of Agricultural solar pv system systems. Can photovoltaic power stations be installed on farms? Yes, there is no problem.\" \/>\n<meta property=\"og:url\" content=\"https:\/\/www.leonsolar.com\/es\/producto\/sistema-solar-fotovoltaico-agricola\/\" \/>\n<meta property=\"article:publisher\" content=\"https:\/\/www.facebook.com\/profile.php?id=100091002557296\" \/>\n<meta property=\"article:modified_time\" content=\"2024-12-10T14:50:39+00:00\" \/>\n<meta property=\"og:image\" content=\"https:\/\/www.leonsolar.com\/wp-content\/uploads\/2024\/09\/leon-Agricultural-greenhouse-solar-bracket-pv-system-100.png\" \/>\n\t<meta property=\"og:image:width\" content=\"800\" \/>\n\t<meta property=\"og:image:height\" content=\"800\" \/>\n\t<meta property=\"og:image:type\" content=\"image\/png\" \/>\n<meta name=\"twitter:card\" content=\"summary_large_image\" \/>\n<meta name=\"twitter:label1\" content=\"Tiempo de lectura\" \/>\n\t<meta name=\"twitter:data1\" content=\"2 minutos\" \/>\n<script type=\"application\/ld+json\" class=\"yoast-schema-graph\">{\"@context\":\"https:\/\/schema.org\",\"@graph\":[{\"@type\":\"WebPage\",\"@id\":\"https:\/\/www.leonsolar.com\/product\/agricultural-solar-pv-system\/\",\"url\":\"https:\/\/www.leonsolar.com\/product\/agricultural-solar-pv-system\/\",\"name\":\"Agricultural solar pv system\",\"isPartOf\":{\"@id\":\"https:\/\/www.leonsolar.com\/#website\"},\"primaryImageOfPage\":{\"@id\":\"https:\/\/www.leonsolar.com\/product\/agricultural-solar-pv-system\/#primaryimage\"},\"image\":{\"@id\":\"https:\/\/www.leonsolar.com\/product\/agricultural-solar-pv-system\/#primaryimage\"},\"thumbnailUrl\":\"https:\/\/www.leonsolar.com\/wp-content\/uploads\/2024\/09\/leon-Agricultural-greenhouse-solar-bracket-pv-system-100.png\",\"datePublished\":\"2024-09-08T11:28:01+00:00\",\"dateModified\":\"2024-12-10T14:50:39+00:00\",\"description\":\"Leon Solar is a manufacturer of Agricultural solar pv system systems. Can photovoltaic power stations be installed on farms? Yes, there is no problem.\",\"breadcrumb\":{\"@id\":\"https:\/\/www.leonsolar.com\/product\/agricultural-solar-pv-system\/#breadcrumb\"},\"inLanguage\":\"es\",\"potentialAction\":[{\"@type\":\"ReadAction\",\"target\":[\"https:\/\/www.leonsolar.com\/product\/agricultural-solar-pv-system\/\"]}]},{\"@type\":\"ImageObject\",\"inLanguage\":\"es\",\"@id\":\"https:\/\/www.leonsolar.com\/product\/agricultural-solar-pv-system\/#primaryimage\",\"url\":\"https:\/\/www.leonsolar.com\/wp-content\/uploads\/2024\/09\/leon-Agricultural-greenhouse-solar-bracket-pv-system-100.png\",\"contentUrl\":\"https:\/\/www.leonsolar.com\/wp-content\/uploads\/2024\/09\/leon-Agricultural-greenhouse-solar-bracket-pv-system-100.png\",\"width\":800,\"height\":800,\"caption\":\"Agricultural solar pv system is designed to be installed higher, and the photovoltaic panel is installed above it, which can shade the sun and generate electricity without delaying the farming.\"},{\"@type\":\"BreadcrumbList\",\"@id\":\"https:\/\/www.leonsolar.com\/product\/agricultural-solar-pv-system\/#breadcrumb\",\"itemListElement\":[{\"@type\":\"ListItem\",\"position\":1,\"name\":\"Home\",\"item\":\"https:\/\/www.leonsolar.com\/\"},{\"@type\":\"ListItem\",\"position\":2,\"name\":\"Products\",\"item\":\"https:\/\/www.leonsolar.com\/shop\/\"},{\"@type\":\"ListItem\",\"position\":3,\"name\":\"Agricultural greenhouse solar bracket pv system\"}]},{\"@type\":\"WebSite\",\"@id\":\"https:\/\/www.leonsolar.com\/#website\",\"url\":\"https:\/\/www.leonsolar.com\/\",\"name\":\"Leon solar mounting system\",\"description\":\"ground mount system,tin roof mount system,tie roof mount system,floating pv system,solar pv Accessories\",\"publisher\":{\"@id\":\"https:\/\/www.leonsolar.com\/#organization\"},\"alternateName\":\"Show pages in search results Show pages in search results Disabling this means that pages will not be indexed by search engines and will be excluded from XML sitemaps. Read more about the search results settings.\",\"potentialAction\":[{\"@type\":\"SearchAction\",\"target\":{\"@type\":\"EntryPoint\",\"urlTemplate\":\"https:\/\/www.leonsolar.com\/?s={search_term_string}\"},\"query-input\":{\"@type\":\"PropertyValueSpecification\",\"valueRequired\":true,\"valueName\":\"search_term_string\"}}],\"inLanguage\":\"es\"},{\"@type\":\"Organization\",\"@id\":\"https:\/\/www.leonsolar.com\/#organization\",\"name\":\"Xiamen Leon Solar Technology Co., Ltd\",\"url\":\"https:\/\/www.leonsolar.com\/\",\"logo\":{\"@type\":\"ImageObject\",\"inLanguage\":\"es\",\"@id\":\"https:\/\/www.leonsolar.com\/#\/schema\/logo\/image\/\",\"url\":\"https:\/\/www.leonsolar.com\/wp-content\/uploads\/2024\/09\/leon-solar-company-logo-250-250.png\",\"contentUrl\":\"https:\/\/www.leonsolar.com\/wp-content\/uploads\/2024\/09\/leon-solar-company-logo-250-250.png\",\"width\":1044,\"height\":720,\"caption\":\"Xiamen Leon Solar Technology Co., Ltd\"},\"image\":{\"@id\":\"https:\/\/www.leonsolar.com\/#\/schema\/logo\/image\/\"},\"sameAs\":[\"https:\/\/www.facebook.com\/profile.php?id=100091002557296\",\"https:\/\/www.linkedin.com\/company\/13753269\/admin\/dashboard\/\"]}]}<\/script>\n<!-- \/ Yoast SEO Premium plugin. -->","yoast_head_json":{"title":"Instalaci\u00f3n solar fotovoltaica agr\u00edcola","description":"Leon Solar es un fabricante de sistemas de energ\u00eda solar fotovoltaica para la agricultura. \u00bfSe pueden instalar centrales fotovoltaicas en granjas? S\u00ed, no hay ning\u00fan problema.","robots":{"index":"index","follow":"follow","max-snippet":"max-snippet:-1","max-image-preview":"max-image-preview:large","max-video-preview":"max-video-preview:-1"},"canonical":"https:\/\/www.leonsolar.com\/es\/producto\/sistema-solar-fotovoltaico-agricola\/","og_locale":"es_ES","og_type":"article","og_title":"Agricultural greenhouse solar bracket pv system","og_description":"Leon Solar is a manufacturer of Agricultural solar pv system systems. Can photovoltaic power stations be installed on farms? Yes, there is no problem.","og_url":"https:\/\/www.leonsolar.com\/es\/producto\/sistema-solar-fotovoltaico-agricola\/","article_publisher":"https:\/\/www.facebook.com\/profile.php?id=100091002557296","article_modified_time":"2024-12-10T14:50:39+00:00","og_image":[{"width":800,"height":800,"url":"https:\/\/www.leonsolar.com\/wp-content\/uploads\/2024\/09\/leon-Agricultural-greenhouse-solar-bracket-pv-system-100.png","type":"image\/png"}],"twitter_card":"summary_large_image","twitter_misc":{"Tiempo de lectura":"2 minutos"},"schema":{"@context":"https:\/\/schema.org","@graph":[{"@type":"WebPage","@id":"https:\/\/www.leonsolar.com\/product\/agricultural-solar-pv-system\/","url":"https:\/\/www.leonsolar.com\/product\/agricultural-solar-pv-system\/","name":"Instalaci\u00f3n solar fotovoltaica agr\u00edcola","isPartOf":{"@id":"https:\/\/www.leonsolar.com\/#website"},"primaryImageOfPage":{"@id":"https:\/\/www.leonsolar.com\/product\/agricultural-solar-pv-system\/#primaryimage"},"image":{"@id":"https:\/\/www.leonsolar.com\/product\/agricultural-solar-pv-system\/#primaryimage"},"thumbnailUrl":"https:\/\/www.leonsolar.com\/wp-content\/uploads\/2024\/09\/leon-Agricultural-greenhouse-solar-bracket-pv-system-100.png","datePublished":"2024-09-08T11:28:01+00:00","dateModified":"2024-12-10T14:50:39+00:00","description":"Leon Solar es un fabricante de sistemas de energ\u00eda solar fotovoltaica para la agricultura. \u00bfSe pueden instalar centrales fotovoltaicas en granjas? S\u00ed, no hay ning\u00fan problema.","breadcrumb":{"@id":"https:\/\/www.leonsolar.com\/product\/agricultural-solar-pv-system\/#breadcrumb"},"inLanguage":"es","potentialAction":[{"@type":"ReadAction","target":["https:\/\/www.leonsolar.com\/product\/agricultural-solar-pv-system\/"]}]},{"@type":"ImageObject","inLanguage":"es","@id":"https:\/\/www.leonsolar.com\/product\/agricultural-solar-pv-system\/#primaryimage","url":"https:\/\/www.leonsolar.com\/wp-content\/uploads\/2024\/09\/leon-Agricultural-greenhouse-solar-bracket-pv-system-100.png","contentUrl":"https:\/\/www.leonsolar.com\/wp-content\/uploads\/2024\/09\/leon-Agricultural-greenhouse-solar-bracket-pv-system-100.png","width":800,"height":800,"caption":"Agricultural solar pv system is designed to be installed higher, and the photovoltaic panel is installed above it, which can shade the sun and generate electricity without delaying the farming."},{"@type":"BreadcrumbList","@id":"https:\/\/www.leonsolar.com\/product\/agricultural-solar-pv-system\/#breadcrumb","itemListElement":[{"@type":"ListItem","position":1,"name":"Home","item":"https:\/\/www.leonsolar.com\/"},{"@type":"ListItem","position":2,"name":"Products","item":"https:\/\/www.leonsolar.com\/shop\/"},{"@type":"ListItem","position":3,"name":"Agricultural greenhouse solar bracket pv system"}]},{"@type":"WebSite","@id":"https:\/\/www.leonsolar.com\/#website","url":"https:\/\/www.leonsolar.com\/","name":"Sistema de montaje solar Leon","description":"sistema de montaje en suelo,sistema de montaje en tejado de zinc,sistema de montaje en tejado flotante,sistema pv solar Accesorios","publisher":{"@id":"https:\/\/www.leonsolar.com\/#organization"},"alternateName":"Show pages in search results Show pages in search results Disabling this means that pages will not be indexed by search engines and will be excluded from XML sitemaps. Read more about the search results settings.","potentialAction":[{"@type":"SearchAction","target":{"@type":"EntryPoint","urlTemplate":"https:\/\/www.leonsolar.com\/?s={search_term_string}"},"query-input":{"@type":"PropertyValueSpecification","valueRequired":true,"valueName":"search_term_string"}}],"inLanguage":"es"},{"@type":"Organization","@id":"https:\/\/www.leonsolar.com\/#organization","name":"Xiamen Leon Solar Technology S.L.","url":"https:\/\/www.leonsolar.com\/","logo":{"@type":"ImageObject","inLanguage":"es","@id":"https:\/\/www.leonsolar.com\/#\/schema\/logo\/image\/","url":"https:\/\/www.leonsolar.com\/wp-content\/uploads\/2024\/09\/leon-solar-company-logo-250-250.png","contentUrl":"https:\/\/www.leonsolar.com\/wp-content\/uploads\/2024\/09\/leon-solar-company-logo-250-250.png","width":1044,"height":720,"caption":"Xiamen Leon Solar Technology Co., Ltd"},"image":{"@id":"https:\/\/www.leonsolar.com\/#\/schema\/logo\/image\/"},"sameAs":["https:\/\/www.facebook.com\/profile.php?id=100091002557296","https:\/\/www.linkedin.com\/company\/13753269\/admin\/dashboard\/"]}]}},"_links":{"self":[{"href":"https:\/\/www.leonsolar.com\/es\/wp-json\/wp\/v2\/product\/1911"}],"collection":[{"href":"https:\/\/www.leonsolar.com\/es\/wp-json\/wp\/v2\/product"}],"about":[{"href":"https:\/\/www.leonsolar.com\/es\/wp-json\/wp\/v2\/types\/product"}],"wp:featuredmedia":[{"embeddable":true,"href":"https:\/\/www.leonsolar.com\/es\/wp-json\/wp\/v2\/media\/3373"}],"wp:attachment":[{"href":"https:\/\/www.leonsolar.com\/es\/wp-json\/wp\/v2\/media?parent=1911"}],"wp:term":[{"taxonomy":"product_brand","embeddable":true,"href":"https:\/\/www.leonsolar.com\/es\/wp-json\/wp\/v2\/product_brand?post=1911"},{"taxonomy":"product_cat","embeddable":true,"href":"https:\/\/www.leonsolar.com\/es\/wp-json\/wp\/v2\/product_cat?post=1911"},{"taxonomy":"product_tag","embeddable":true,"href":"https:\/\/www.leonsolar.com\/es\/wp-json\/wp\/v2\/product_tag?post=1911"}],"curies":[{"name":"wp","href":"https:\/\/api.w.org\/{rel}","templated":true}]}}