{"id":1933,"date":"2024-09-08T14:38:50","date_gmt":"2024-09-08T14:38:50","guid":{"rendered":"https:\/\/leonsolar.com\/?post_type=product&#038;p=1933"},"modified":"2024-11-29T06:55:42","modified_gmt":"2024-11-29T06:55:42","slug":"sistema-solar-de-montaje-en-suelo","status":"publish","type":"product","link":"https:\/\/www.leonsolar.com\/es\/producto\/sistema-solar-de-montaje-en-suelo\/","title":{"rendered":"Sistema Ground Pv de varias secciones"},"content":{"rendered":"<p><strong>El sistema solar multisecci\u00f3n de montaje en suelo es una soluci\u00f3n de generaci\u00f3n de energ\u00eda solar vers\u00e1til y eficiente, dise\u00f1ada para instalaciones exteriores en suelo. Este sistema ofrece una amplia gama de usos, ventajas, caracter\u00edsticas y puntos de venta:<\/strong><\/p>\n<p><img fetchpriority=\"high\" decoding=\"async\" class=\"alignnone wp-image-3237 size-full\" src=\"https:\/\/www.leonsolar.com\/wp-content\/uploads\/2024\/09\/leon-solar-Multi-section-support-system-solar-brackets-200.png\" alt=\"El sistema solar multisecci\u00f3n de montaje en suelo puede ahorrar m\u00e1s costes\" width=\"1200\" height=\"1200\" srcset=\"https:\/\/www.leonsolar.com\/wp-content\/uploads\/2024\/09\/leon-solar-Multi-section-support-system-solar-brackets-200.png 1200w, https:\/\/www.leonsolar.com\/wp-content\/uploads\/2024\/09\/leon-solar-Multi-section-support-system-solar-brackets-200-300x300.png 300w, https:\/\/www.leonsolar.com\/wp-content\/uploads\/2024\/09\/leon-solar-Multi-section-support-system-solar-brackets-200-1024x1024.png 1024w, https:\/\/www.leonsolar.com\/wp-content\/uploads\/2024\/09\/leon-solar-Multi-section-support-system-solar-brackets-200-150x150.png 150w, https:\/\/www.leonsolar.com\/wp-content\/uploads\/2024\/09\/leon-solar-Multi-section-support-system-solar-brackets-200-768x768.png 768w, https:\/\/www.leonsolar.com\/wp-content\/uploads\/2024\/09\/leon-solar-Multi-section-support-system-solar-brackets-200-12x12.png 12w, https:\/\/www.leonsolar.com\/wp-content\/uploads\/2024\/09\/leon-solar-Multi-section-support-system-solar-brackets-200-600x600.png 600w, https:\/\/www.leonsolar.com\/wp-content\/uploads\/2024\/09\/leon-solar-Multi-section-support-system-solar-brackets-200-100x100.png 100w\" sizes=\"(max-width: 1200px) 100vw, 1200px\" \/><\/p>\n<p>Una soluci\u00f3n de generaci\u00f3n dise\u00f1ada para instalaciones exteriores en el suelo,<\/p>\n<p>este sistema ofrece una serie de usos, ventajas, caracter\u00edsticas y argumentos de venta.<\/p>\n<p>Para empezar, su finalidad es clara: El objetivo principal de la secci\u00f3n m\u00faltiple<\/p>\n<p>El sistema fotovoltaico en suelo proporciona una generaci\u00f3n de energ\u00eda solar escalable y flexible.<\/p>\n<p>para diversas aplicaciones. Entre ellas, residenciales, comerciales,<\/p>\n<p>y proyectos a gran escala. Adem\u00e1s, es especialmente id\u00f3neo para emplazamientos en los que<\/p>\n<p>las instalaciones en tejados no son viables o cuando se necesitan huertos solares m\u00e1s grandes.<\/p>\n<h3><\/h3>\n<h3>Prop\u00f3sito:<\/h3>\n<p>La multisecci\u00f3n <strong>solar en suelo <\/strong> tiene como principal objetivo proporcionar una soluci\u00f3n de generaci\u00f3n de energ\u00eda solar escalable y flexible para diversas aplicaciones, como proyectos residenciales, comerciales y de servicios p\u00fablicos. Es ideal para lugares en los que las instalaciones en tejados no son viables o en los que se necesitan paneles solares de mayor tama\u00f1o.<\/p>\n<h3>Ventajas:<\/h3>\n<ol>\n<li><strong>Escalabilidad<\/strong>: El sistema puede ampliarse o reducirse f\u00e1cilmente para satisfacer las necesidades energ\u00e9ticas cambiantes.<\/li>\n<li><strong>Flexibilidad de colocaci\u00f3n<\/strong>: Permite un posicionamiento \u00f3ptimo para captar el m\u00e1ximo de luz solar durante todo el d\u00eda.<\/li>\n<li><strong>Facilidad de mantenimiento<\/strong>: Con una instalaci\u00f3n en tierra, el acceso a los paneles solares y su mantenimiento son sencillos.<\/li>\n<li><strong>Durabilidad<\/strong>: Construido con materiales robustos para soportar diversas condiciones clim\u00e1ticas y garantizar un rendimiento a largo plazo.<\/li>\n<\/ol>\n<h3>Caracter\u00edsticas:<\/h3>\n<ul>\n<li><strong>Dise\u00f1o modular<\/strong>:Lo componen m\u00faltiples secciones, que pueden instalarse o retirarse individualmente seg\u00fan sea necesario.<\/li>\n<li><strong>Sistema de anclaje al suelo<\/strong>: Garantiza la estabilidad y seguridad del campo solar en terrenos irregulares o inclinados.<\/li>\n<li><strong>Gesti\u00f3n integrada del cableado<\/strong>: Simplifica las conexiones el\u00e9ctricas y reduce el riesgo de da\u00f1os en el cableado.<\/li>\n<li><strong>Opciones de seguimiento del sol<\/strong>: Algunos modelos ofrecen un seguimiento solar ajustable o automatizado para maximizar la producci\u00f3n de energ\u00eda.<\/li>\n<\/ul>\n<h3>Puntos de venta:<\/h3>\n<ul>\n<li><strong>Alta eficacia<\/strong>: Utiliza paneles solares avanzados y un posicionamiento \u00f3ptimo para lograr un alto rendimiento energ\u00e9tico.<\/li>\n<li><strong>Rentable<\/strong>: Ofrece una soluci\u00f3n rentable para instalaciones solares a gran escala.<\/li>\n<li><strong>Beneficios medioambientales<\/strong>: Genera energ\u00eda limpia y renovable, reduciendo las emisiones de carbono y fomentando la sostenibilidad.<\/li>\n<li><strong>Aplicaciones vers\u00e1tiles<\/strong>: Adecuado para una amplia gama de emplazamientos, incluidas zonas residenciales, pol\u00edgonos industriales y campos abiertos.<\/li>\n<\/ul>\n<p><strong>Al incorporar estas caracter\u00edsticas y ventajas clave, el sistema solar multisecci\u00f3n de montaje en suelo destaca como una opci\u00f3n fiable, eficiente y adaptable para la generaci\u00f3n de energ\u00eda solar.<\/strong><\/p>\n<h3>Certificaci\u00f3n t\u00e9cnica:<\/h3>\n<p><img decoding=\"async\" class=\"size-full wp-image-2612\" src=\"https:\/\/leonsolar.com\/wp-content\/uploads\/2024\/09\/leon-solar-brackets-pv-system-certification.png\" alt=\"Principales certificaciones y objetivos de los sistemas de montaje FV Las principales certificaciones de los sistemas de montaje FV son: IEC 61730: Garantiza las normas de seguridad y rendimiento de los m\u00f3dulos FV y sus sistemas de montaje. UL 1703: Cubre los requisitos de seguridad para m\u00f3dulos FV planos y sus soportes. Marcado CE: Indica el cumplimiento de las normas de la UE en materia de salud, seguridad y protecci\u00f3n del medio ambiente. Certificaci\u00f3n TUV: Valida la calidad y fiabilidad de los productos y sistemas fotovoltaicos. Estas certificaciones garantizan que los sistemas de montaje FV cumplen rigurosas normas de calidad y seguridad, proporcionando un rendimiento fiable y protecci\u00f3n frente a posibles peligros. Son cruciales para conseguir la aceptaci\u00f3n del mercado y la confianza del consumidor.\" width=\"771\" height=\"390\" srcset=\"https:\/\/www.leonsolar.com\/wp-content\/uploads\/2024\/09\/leon-solar-brackets-pv-system-certification.png 771w, https:\/\/www.leonsolar.com\/wp-content\/uploads\/2024\/09\/leon-solar-brackets-pv-system-certification-300x152.png 300w, https:\/\/www.leonsolar.com\/wp-content\/uploads\/2024\/09\/leon-solar-brackets-pv-system-certification-768x388.png 768w, https:\/\/www.leonsolar.com\/wp-content\/uploads\/2024\/09\/leon-solar-brackets-pv-system-certification-600x304.png 600w\" sizes=\"(max-width: 771px) 100vw, 771px\" \/><\/p>","protected":false},"excerpt":{"rendered":"<p>Velocidad del viento: hasta 60 m\/s&lt;\/p&gt;<\/p>\n<p>Carga de nieve<\/p>\n<p>g: 1.4kn\/\u33a1<\/p>\n<p>\u00c1ngulo de inclinaci\u00f3n: 0-60<\/p>\n<p>Material: Aluminio de alta resistencia 6005-T5, acero inoxidable SUS304<\/p>\n<p>&lt;p&gt;Garant&iacute;a: 10 a&ntilde;os<\/p>\n<p>Certificados\uff1aCE\uff0cSGS<\/p>\n<p>Conformidad:AS\/NZS1170.2,Euro Code 8, DIN 1055.IBC 2006<\/p>","protected":false},"featured_media":3237,"template":"","meta":{"site-sidebar-layout":"default","site-content-layout":"","ast-site-content-layout":"default","site-content-style":"default","site-sidebar-style":"default","ast-global-header-display":"","ast-banner-title-visibility":"","ast-main-header-display":"","ast-hfb-above-header-display":"","ast-hfb-below-header-display":"","ast-hfb-mobile-header-display":"","site-post-title":"","ast-breadcrumbs-content":"","ast-featured-img":"","footer-sml-layout":"","theme-transparent-header-meta":"default","adv-header-id-meta":"","stick-header-meta":"default","header-above-stick-meta":"","header-main-stick-meta":"","header-below-stick-meta":"","astra-migrate-meta-layouts":"set","ast-page-background-enabled":"default","ast-page-background-meta":{"desktop":{"background-color":"var(--ast-global-color-4)","background-image":"","background-repeat":"repeat","background-position":"center center","background-size":"auto","background-attachment":"scroll","background-type":"","background-media":"","overlay-type":"","overlay-color":"","overlay-opacity":"","overlay-gradient":""},"tablet":{"background-color":"","background-image":"","background-repeat":"repeat","background-position":"center center","background-size":"auto","background-attachment":"scroll","background-type":"","background-media":"","overlay-type":"","overlay-color":"","overlay-opacity":"","overlay-gradient":""},"mobile":{"background-color":"","background-image":"","background-repeat":"repeat","background-position":"center center","background-size":"auto","background-attachment":"scroll","background-type":"","background-media":"","overlay-type":"","overlay-color":"","overlay-opacity":"","overlay-gradient":""}},"ast-content-background-meta":{"desktop":{"background-color":"var(--ast-global-color-5)","background-image":"","background-repeat":"repeat","background-position":"center center","background-size":"auto","background-attachment":"scroll","background-type":"","background-media":"","overlay-type":"","overlay-color":"","overlay-opacity":"","overlay-gradient":""},"tablet":{"background-color":"var(--ast-global-color-5)","background-image":"","background-repeat":"repeat","background-position":"center center","background-size":"auto","background-attachment":"scroll","background-type":"","background-media":"","overlay-type":"","overlay-color":"","overlay-opacity":"","overlay-gradient":""},"mobile":{"background-color":"var(--ast-global-color-5)","background-image":"","background-repeat":"repeat","background-position":"center center","background-size":"auto","background-attachment":"scroll","background-type":"","background-media":"","overlay-type":"","overlay-color":"","overlay-opacity":"","overlay-gradient":""}}},"product_brand":[],"product_cat":[65,75,100],"product_tag":[166,165,161,159,160,84],"class_list":{"0":"post-1933","1":"product","2":"type-product","3":"status-publish","4":"has-post-thumbnail","6":"product_cat-all-products","7":"product_cat-leonsolar-ground-pv-system","8":"product_cat-ground-solar-mounting-system","9":"product_tag-aluminum-ground-pv-system","10":"product_tag-aluminum-ground-system","11":"product_tag-ground-brackets-system","12":"product_tag-ground-mounting","13":"product_tag-ground-mounting-system","14":"product_tag-ground-pv-system","15":"desktop-align-left","16":"tablet-align-left","17":"mobile-align-left","19":"first","20":"instock","21":"shipping-taxable","22":"product-type-simple"},"yoast_head":"<!-- This site is optimized with the Yoast SEO Premium plugin v23.3 (Yoast SEO v24.4) - https:\/\/yoast.com\/wordpress\/plugins\/seo\/ -->\n<title>Ground Mount Solar\u200b System<\/title>\n<meta name=\"description\" content=\"Leon Solar specializes in providing ground mount solar\u200b systems, which can be designed and quoted according to the actual solar panel size of the project\" \/>\n<meta name=\"robots\" content=\"index, follow, max-snippet:-1, max-image-preview:large, max-video-preview:-1\" \/>\n<link rel=\"canonical\" href=\"https:\/\/www.leonsolar.com\/es\/producto\/sistema-solar-de-montaje-en-suelo\/\" \/>\n<meta property=\"og:locale\" content=\"es_ES\" \/>\n<meta property=\"og:type\" content=\"article\" \/>\n<meta property=\"og:title\" content=\"Multi-section Ground Pv System\" \/>\n<meta property=\"og:description\" content=\"Leon Solar specializes in providing ground mount solar\u200b systems, which can be designed and quoted according to the actual solar panel size of the project\" \/>\n<meta property=\"og:url\" content=\"https:\/\/www.leonsolar.com\/es\/producto\/sistema-solar-de-montaje-en-suelo\/\" \/>\n<meta property=\"article:publisher\" content=\"https:\/\/www.facebook.com\/profile.php?id=100091002557296\" \/>\n<meta property=\"article:modified_time\" content=\"2024-11-29T06:55:42+00:00\" \/>\n<meta property=\"og:image\" content=\"https:\/\/www.leonsolar.com\/wp-content\/uploads\/2024\/09\/leon-solar-Multi-section-support-system-solar-brackets-200.png\" \/>\n\t<meta property=\"og:image:width\" content=\"1200\" \/>\n\t<meta property=\"og:image:height\" content=\"1200\" \/>\n\t<meta property=\"og:image:type\" content=\"image\/png\" \/>\n<meta name=\"twitter:card\" content=\"summary_large_image\" \/>\n<meta name=\"twitter:label1\" content=\"Tiempo de lectura\" \/>\n\t<meta name=\"twitter:data1\" content=\"3 minutos\" \/>\n<script type=\"application\/ld+json\" class=\"yoast-schema-graph\">{\"@context\":\"https:\/\/schema.org\",\"@graph\":[{\"@type\":\"WebPage\",\"@id\":\"https:\/\/www.leonsolar.com\/product\/ground-mount-solar-system\/\",\"url\":\"https:\/\/www.leonsolar.com\/product\/ground-mount-solar-system\/\",\"name\":\"Ground Mount Solar\u200b System\",\"isPartOf\":{\"@id\":\"https:\/\/www.leonsolar.com\/#website\"},\"primaryImageOfPage\":{\"@id\":\"https:\/\/www.leonsolar.com\/product\/ground-mount-solar-system\/#primaryimage\"},\"image\":{\"@id\":\"https:\/\/www.leonsolar.com\/product\/ground-mount-solar-system\/#primaryimage\"},\"thumbnailUrl\":\"https:\/\/www.leonsolar.com\/wp-content\/uploads\/2024\/09\/leon-solar-Multi-section-support-system-solar-brackets-200.png\",\"datePublished\":\"2024-09-08T14:38:50+00:00\",\"dateModified\":\"2024-11-29T06:55:42+00:00\",\"description\":\"Leon Solar specializes in providing ground mount solar\u200b systems, which can be designed and quoted according to the actual solar panel size of the project\",\"breadcrumb\":{\"@id\":\"https:\/\/www.leonsolar.com\/product\/ground-mount-solar-system\/#breadcrumb\"},\"inLanguage\":\"es\",\"potentialAction\":[{\"@type\":\"ReadAction\",\"target\":[\"https:\/\/www.leonsolar.com\/product\/ground-mount-solar-system\/\"]}]},{\"@type\":\"ImageObject\",\"inLanguage\":\"es\",\"@id\":\"https:\/\/www.leonsolar.com\/product\/ground-mount-solar-system\/#primaryimage\",\"url\":\"https:\/\/www.leonsolar.com\/wp-content\/uploads\/2024\/09\/leon-solar-Multi-section-support-system-solar-brackets-200.png\",\"contentUrl\":\"https:\/\/www.leonsolar.com\/wp-content\/uploads\/2024\/09\/leon-solar-Multi-section-support-system-solar-brackets-200.png\",\"width\":1200,\"height\":1200,\"caption\":\"Multi-section ground mount solar System can save more cost\"},{\"@type\":\"BreadcrumbList\",\"@id\":\"https:\/\/www.leonsolar.com\/product\/ground-mount-solar-system\/#breadcrumb\",\"itemListElement\":[{\"@type\":\"ListItem\",\"position\":1,\"name\":\"Home\",\"item\":\"https:\/\/www.leonsolar.com\/\"},{\"@type\":\"ListItem\",\"position\":2,\"name\":\"Products\",\"item\":\"https:\/\/www.leonsolar.com\/shop\/\"},{\"@type\":\"ListItem\",\"position\":3,\"name\":\"Multi-section Ground Pv System\"}]},{\"@type\":\"WebSite\",\"@id\":\"https:\/\/www.leonsolar.com\/#website\",\"url\":\"https:\/\/www.leonsolar.com\/\",\"name\":\"Leon solar mounting system\",\"description\":\"ground mount system,tin roof mount system,tie roof mount system,floating pv system,solar pv Accessories\",\"publisher\":{\"@id\":\"https:\/\/www.leonsolar.com\/#organization\"},\"alternateName\":\"Show pages in search results Show pages in search results Disabling this means that pages will not be indexed by search engines and will be excluded from XML sitemaps. Read more about the search results settings.\",\"potentialAction\":[{\"@type\":\"SearchAction\",\"target\":{\"@type\":\"EntryPoint\",\"urlTemplate\":\"https:\/\/www.leonsolar.com\/?s={search_term_string}\"},\"query-input\":{\"@type\":\"PropertyValueSpecification\",\"valueRequired\":true,\"valueName\":\"search_term_string\"}}],\"inLanguage\":\"es\"},{\"@type\":\"Organization\",\"@id\":\"https:\/\/www.leonsolar.com\/#organization\",\"name\":\"Xiamen Leon Solar Technology Co., Ltd\",\"url\":\"https:\/\/www.leonsolar.com\/\",\"logo\":{\"@type\":\"ImageObject\",\"inLanguage\":\"es\",\"@id\":\"https:\/\/www.leonsolar.com\/#\/schema\/logo\/image\/\",\"url\":\"https:\/\/www.leonsolar.com\/wp-content\/uploads\/2024\/09\/leon-solar-company-logo-250-250.png\",\"contentUrl\":\"https:\/\/www.leonsolar.com\/wp-content\/uploads\/2024\/09\/leon-solar-company-logo-250-250.png\",\"width\":1044,\"height\":720,\"caption\":\"Xiamen Leon Solar Technology Co., Ltd\"},\"image\":{\"@id\":\"https:\/\/www.leonsolar.com\/#\/schema\/logo\/image\/\"},\"sameAs\":[\"https:\/\/www.facebook.com\/profile.php?id=100091002557296\",\"https:\/\/www.linkedin.com\/company\/13753269\/admin\/dashboard\/\"]}]}<\/script>\n<!-- \/ Yoast SEO Premium plugin. -->","yoast_head_json":{"title":"Sistema solar de montaje en suelo","description":"Leon Solar se especializa en el suministro de sistemas solares de montaje en suelo, que pueden ser dise\u00f1ados y cotizados de acuerdo con el tama\u00f1o real de los paneles solares del proyecto.","robots":{"index":"index","follow":"follow","max-snippet":"max-snippet:-1","max-image-preview":"max-image-preview:large","max-video-preview":"max-video-preview:-1"},"canonical":"https:\/\/www.leonsolar.com\/es\/producto\/sistema-solar-de-montaje-en-suelo\/","og_locale":"es_ES","og_type":"article","og_title":"Multi-section Ground Pv System","og_description":"Leon Solar specializes in providing ground mount solar\u200b systems, which can be designed and quoted according to the actual solar panel size of the project","og_url":"https:\/\/www.leonsolar.com\/es\/producto\/sistema-solar-de-montaje-en-suelo\/","article_publisher":"https:\/\/www.facebook.com\/profile.php?id=100091002557296","article_modified_time":"2024-11-29T06:55:42+00:00","og_image":[{"width":1200,"height":1200,"url":"https:\/\/www.leonsolar.com\/wp-content\/uploads\/2024\/09\/leon-solar-Multi-section-support-system-solar-brackets-200.png","type":"image\/png"}],"twitter_card":"summary_large_image","twitter_misc":{"Tiempo de lectura":"3 minutos"},"schema":{"@context":"https:\/\/schema.org","@graph":[{"@type":"WebPage","@id":"https:\/\/www.leonsolar.com\/product\/ground-mount-solar-system\/","url":"https:\/\/www.leonsolar.com\/product\/ground-mount-solar-system\/","name":"Sistema solar de montaje en suelo","isPartOf":{"@id":"https:\/\/www.leonsolar.com\/#website"},"primaryImageOfPage":{"@id":"https:\/\/www.leonsolar.com\/product\/ground-mount-solar-system\/#primaryimage"},"image":{"@id":"https:\/\/www.leonsolar.com\/product\/ground-mount-solar-system\/#primaryimage"},"thumbnailUrl":"https:\/\/www.leonsolar.com\/wp-content\/uploads\/2024\/09\/leon-solar-Multi-section-support-system-solar-brackets-200.png","datePublished":"2024-09-08T14:38:50+00:00","dateModified":"2024-11-29T06:55:42+00:00","description":"Leon Solar se especializa en el suministro de sistemas solares de montaje en suelo, que pueden ser dise\u00f1ados y cotizados de acuerdo con el tama\u00f1o real de los paneles solares del proyecto.","breadcrumb":{"@id":"https:\/\/www.leonsolar.com\/product\/ground-mount-solar-system\/#breadcrumb"},"inLanguage":"es","potentialAction":[{"@type":"ReadAction","target":["https:\/\/www.leonsolar.com\/product\/ground-mount-solar-system\/"]}]},{"@type":"ImageObject","inLanguage":"es","@id":"https:\/\/www.leonsolar.com\/product\/ground-mount-solar-system\/#primaryimage","url":"https:\/\/www.leonsolar.com\/wp-content\/uploads\/2024\/09\/leon-solar-Multi-section-support-system-solar-brackets-200.png","contentUrl":"https:\/\/www.leonsolar.com\/wp-content\/uploads\/2024\/09\/leon-solar-Multi-section-support-system-solar-brackets-200.png","width":1200,"height":1200,"caption":"Multi-section ground mount solar System can save more cost"},{"@type":"BreadcrumbList","@id":"https:\/\/www.leonsolar.com\/product\/ground-mount-solar-system\/#breadcrumb","itemListElement":[{"@type":"ListItem","position":1,"name":"Home","item":"https:\/\/www.leonsolar.com\/"},{"@type":"ListItem","position":2,"name":"Products","item":"https:\/\/www.leonsolar.com\/shop\/"},{"@type":"ListItem","position":3,"name":"Multi-section Ground Pv System"}]},{"@type":"WebSite","@id":"https:\/\/www.leonsolar.com\/#website","url":"https:\/\/www.leonsolar.com\/","name":"Sistema de montaje solar Leon","description":"sistema de montaje en suelo,sistema de montaje en tejado de zinc,sistema de montaje en tejado flotante,sistema pv solar Accesorios","publisher":{"@id":"https:\/\/www.leonsolar.com\/#organization"},"alternateName":"Show pages in search results Show pages in search results Disabling this means that pages will not be indexed by search engines and will be excluded from XML sitemaps. Read more about the search results settings.","potentialAction":[{"@type":"SearchAction","target":{"@type":"EntryPoint","urlTemplate":"https:\/\/www.leonsolar.com\/?s={search_term_string}"},"query-input":{"@type":"PropertyValueSpecification","valueRequired":true,"valueName":"search_term_string"}}],"inLanguage":"es"},{"@type":"Organization","@id":"https:\/\/www.leonsolar.com\/#organization","name":"Xiamen Leon Solar Technology S.L.","url":"https:\/\/www.leonsolar.com\/","logo":{"@type":"ImageObject","inLanguage":"es","@id":"https:\/\/www.leonsolar.com\/#\/schema\/logo\/image\/","url":"https:\/\/www.leonsolar.com\/wp-content\/uploads\/2024\/09\/leon-solar-company-logo-250-250.png","contentUrl":"https:\/\/www.leonsolar.com\/wp-content\/uploads\/2024\/09\/leon-solar-company-logo-250-250.png","width":1044,"height":720,"caption":"Xiamen Leon Solar Technology Co., Ltd"},"image":{"@id":"https:\/\/www.leonsolar.com\/#\/schema\/logo\/image\/"},"sameAs":["https:\/\/www.facebook.com\/profile.php?id=100091002557296","https:\/\/www.linkedin.com\/company\/13753269\/admin\/dashboard\/"]}]}},"_links":{"self":[{"href":"https:\/\/www.leonsolar.com\/es\/wp-json\/wp\/v2\/product\/1933"}],"collection":[{"href":"https:\/\/www.leonsolar.com\/es\/wp-json\/wp\/v2\/product"}],"about":[{"href":"https:\/\/www.leonsolar.com\/es\/wp-json\/wp\/v2\/types\/product"}],"wp:featuredmedia":[{"embeddable":true,"href":"https:\/\/www.leonsolar.com\/es\/wp-json\/wp\/v2\/media\/3237"}],"wp:attachment":[{"href":"https:\/\/www.leonsolar.com\/es\/wp-json\/wp\/v2\/media?parent=1933"}],"wp:term":[{"taxonomy":"product_brand","embeddable":true,"href":"https:\/\/www.leonsolar.com\/es\/wp-json\/wp\/v2\/product_brand?post=1933"},{"taxonomy":"product_cat","embeddable":true,"href":"https:\/\/www.leonsolar.com\/es\/wp-json\/wp\/v2\/product_cat?post=1933"},{"taxonomy":"product_tag","embeddable":true,"href":"https:\/\/www.leonsolar.com\/es\/wp-json\/wp\/v2\/product_tag?post=1933"}],"curies":[{"name":"wp","href":"https:\/\/api.w.org\/{rel}","templated":true}]}}