{"id":1945,"date":"2024-09-09T03:10:32","date_gmt":"2024-09-09T03:10:32","guid":{"rendered":"https:\/\/leonsolar.com\/?post_type=product&#038;p=1945"},"modified":"2024-11-29T05:00:54","modified_gmt":"2024-11-29T05:00:54","slug":"sistema-de-montaje-solar-impermeable","status":"publish","type":"product","link":"https:\/\/www.leonsolar.com\/es\/producto\/sistema-de-montaje-solar-impermeable\/","title":{"rendered":"L pies techo impermeable solar pv sistema"},"content":{"rendered":"<p>El sistema de montaje solar impermeable en tejado en forma de L est\u00e1 dise\u00f1ado para fijar de forma segura paneles solares a tejados en forma de L. Garantiza una completa impermeabilizaci\u00f3n y protecci\u00f3n contra la infiltraci\u00f3n de agua. Principalmente, proporciona una plataforma fiable y eficiente para la generaci\u00f3n de energ\u00eda solar en estructuras de tejado complejas.<\/p>\n<p><img fetchpriority=\"high\" decoding=\"async\" class=\"alignleft wp-image-3229 size-full\" src=\"https:\/\/www.leonsolar.com\/wp-content\/uploads\/2024\/09\/L-shaped-roof-waterproof-pv-system-100.png\" alt=\"Esquema de instalaci\u00f3n solar estanca en tejado\" width=\"800\" height=\"800\" srcset=\"https:\/\/www.leonsolar.com\/wp-content\/uploads\/2024\/09\/L-shaped-roof-waterproof-pv-system-100.png 800w, https:\/\/www.leonsolar.com\/wp-content\/uploads\/2024\/09\/L-shaped-roof-waterproof-pv-system-100-300x300.png 300w, https:\/\/www.leonsolar.com\/wp-content\/uploads\/2024\/09\/L-shaped-roof-waterproof-pv-system-100-150x150.png 150w, https:\/\/www.leonsolar.com\/wp-content\/uploads\/2024\/09\/L-shaped-roof-waterproof-pv-system-100-768x768.png 768w, https:\/\/www.leonsolar.com\/wp-content\/uploads\/2024\/09\/L-shaped-roof-waterproof-pv-system-100-12x12.png 12w, https:\/\/www.leonsolar.com\/wp-content\/uploads\/2024\/09\/L-shaped-roof-waterproof-pv-system-100-600x600.png 600w, https:\/\/www.leonsolar.com\/wp-content\/uploads\/2024\/09\/L-shaped-roof-waterproof-pv-system-100-100x100.png 100w\" sizes=\"(max-width: 800px) 100vw, 800px\" \/><\/p>\n<h3>Usos clave:<\/h3>\n<p>&nbsp;<\/p>\n<ul>\n<li><strong>Compatibilidad con techos en forma de L:<\/strong> Dise\u00f1ado para tejados en forma de L, garantizando una integraci\u00f3n perfecta.<\/li>\n<li><strong>Instalaci\u00f3n estanca:<\/strong> Mantiene la impermeabilidad del tejado, evitando las goteras.<\/li>\n<li><strong>Fijaci\u00f3n estable de paneles<\/strong>: Sujeta los paneles en su sitio.<\/li>\n<\/ul>\n<h3>Ventajas notables:<\/h3>\n<p>&nbsp;<\/p>\n<ul>\n<li><strong>Durabilidad:<\/strong> Fabricado con materiales de alta calidad resistentes a la intemperie.<\/li>\n<li><strong>Facilidad de instalaci\u00f3n:<\/strong> Reduce los costes de mano de obra y el tiempo.<\/li>\n<li><strong>Preservaci\u00f3n de la integridad del tejado:<\/strong> Evita penetraciones, mantiene el estado.<\/li>\n<li><strong>Atractivo est\u00e9tico:<\/strong> Combina con la arquitectura de los tejados en forma de L.<\/li>\n<\/ul>\n<h3>Consideraciones especiales para el sistema de montaje solar impermeable en el tejado :<\/h3>\n<p>&nbsp;<\/p>\n<ul>\n<li><strong>Geometr\u00eda compleja del tejado:<\/strong> Se adapta a \u00e1ngulos \u00fanicos, garantiza un posicionamiento \u00f3ptimo.<\/li>\n<li><strong>Medidas de impermeabilizaci\u00f3n mejoradas: <\/strong>A\u00f1ade sellado y protecci\u00f3n adicionales.<\/li>\n<\/ul>\n<p>Al incorporar elementos de la lista proporcionada de 100 palabras clave, como \"Soportes FV para tejados\", \"Instalaci\u00f3n de paneles solares\" y \"Soportes de sistemas FV para tejados\", el sistema FV impermeable para tejados en forma de L ofrece un enfoque a medida para aprovechar la energ\u00eda solar en estructuras de tejado complejas. Este sistema garantiza que los usuarios puedan generar electricidad limpia preservando la belleza y la integridad de sus tejados en forma de L.<\/p>\n<p>Las estructuras de montaje solar desempe\u00f1an un papel fundamental en la mejora de la eficacia de los sistemas de energ\u00eda solar, ya sea para proyectos de servicios p\u00fablicos a gran escala o para peque\u00f1as instalaciones en tejados. Al colocar los paneles solares en el \u00e1ngulo \u00f3ptimo, estas estructuras son fundamentales para optimizar la producci\u00f3n de energ\u00eda.<\/p>\n<p>Antes de instalar paneles solares en su tejado, es importante conocer las distintas opciones de montaje. Hay que tener en cuenta varios factores, como la antig\u00fcedad del tejado, la integridad estructural, el acceso a los equipos y los retranqueos necesarios para cumplir la normativa de seguridad contra incendios y protecci\u00f3n de la vida. En este art\u00edculo se describen los distintos tipos de sistemas de estanter\u00edas solares para tejados y c\u00f3mo elegir el m\u00e1s adecuado para su instalaci\u00f3n solar.<\/p>\n<p>P\u00f3ngase en contacto con nosotros para obtener m\u00e1s informaci\u00f3n sobre <a href=\"https:\/\/www.leonsolar.com\/es\/categoria-de-productos\/sistema-de-montaje-solar-leonsolar\/sistema-fotovoltaico-leonsolar\/\">sistema de montaje solar en tejado<\/a>.<\/p>\n<p>&nbsp;<\/p>\n<h3>Certificaciones t\u00e9cnicas:<\/h3>\n<p>&nbsp;<\/p>\n<p><img decoding=\"async\" class=\"size-full wp-image-2612\" src=\"https:\/\/leonsolar.com\/wp-content\/uploads\/2024\/09\/leon-solar-brackets-pv-system-certification.png\" alt=\"Principales certificaciones y objetivos de los sistemas de montaje FV Las principales certificaciones de los sistemas de montaje FV son: IEC 61730: Garantiza las normas de seguridad y rendimiento de los m\u00f3dulos FV y sus sistemas de montaje. UL 1703: Cubre los requisitos de seguridad para m\u00f3dulos FV planos y sus soportes. Marcado CE: Indica el cumplimiento de las normas de la UE en materia de salud, seguridad y protecci\u00f3n del medio ambiente. Certificaci\u00f3n TUV: Valida la calidad y fiabilidad de los productos y sistemas fotovoltaicos. Estas certificaciones garantizan que los sistemas de montaje FV cumplen rigurosas normas de calidad y seguridad, proporcionando un rendimiento fiable y protecci\u00f3n frente a posibles peligros. Son cruciales para conseguir la aceptaci\u00f3n del mercado y la confianza del consumidor.\" width=\"771\" height=\"390\" srcset=\"https:\/\/www.leonsolar.com\/wp-content\/uploads\/2024\/09\/leon-solar-brackets-pv-system-certification.png 771w, https:\/\/www.leonsolar.com\/wp-content\/uploads\/2024\/09\/leon-solar-brackets-pv-system-certification-300x152.png 300w, https:\/\/www.leonsolar.com\/wp-content\/uploads\/2024\/09\/leon-solar-brackets-pv-system-certification-768x388.png 768w, https:\/\/www.leonsolar.com\/wp-content\/uploads\/2024\/09\/leon-solar-brackets-pv-system-certification-600x304.png 600w\" sizes=\"(max-width: 771px) 100vw, 771px\" \/><\/p>","protected":false},"excerpt":{"rendered":"<p>Velocidad del viento: hasta 55 m\/s<\/p>\n<p>Capacidad de carga de nieve: 1.4kn\/\u33a1<\/p>\n<p>Material: Aluminio de alta resistencia 6005-T5, acero inoxidable SUS304<\/p>\n<p>Conformidad: AS\/NZS1170.2.Euro C\u00f3digo 8, DIN 1055,IBC 2006<\/p>","protected":false},"featured_media":3228,"template":"","meta":{"site-sidebar-layout":"default","site-content-layout":"","ast-site-content-layout":"default","site-content-style":"default","site-sidebar-style":"default","ast-global-header-display":"","ast-banner-title-visibility":"","ast-main-header-display":"","ast-hfb-above-header-display":"","ast-hfb-below-header-display":"","ast-hfb-mobile-header-display":"","site-post-title":"","ast-breadcrumbs-content":"","ast-featured-img":"","footer-sml-layout":"","theme-transparent-header-meta":"default","adv-header-id-meta":"","stick-header-meta":"default","header-above-stick-meta":"","header-main-stick-meta":"","header-below-stick-meta":"","astra-migrate-meta-layouts":"set","ast-page-background-enabled":"default","ast-page-background-meta":{"desktop":{"background-color":"var(--ast-global-color-4)","background-image":"","background-repeat":"repeat","background-position":"center center","background-size":"auto","background-attachment":"scroll","background-type":"","background-media":"","overlay-type":"","overlay-color":"","overlay-opacity":"","overlay-gradient":""},"tablet":{"background-color":"","background-image":"","background-repeat":"repeat","background-position":"center center","background-size":"auto","background-attachment":"scroll","background-type":"","background-media":"","overlay-type":"","overlay-color":"","overlay-opacity":"","overlay-gradient":""},"mobile":{"background-color":"","background-image":"","background-repeat":"repeat","background-position":"center center","background-size":"auto","background-attachment":"scroll","background-type":"","background-media":"","overlay-type":"","overlay-color":"","overlay-opacity":"","overlay-gradient":""}},"ast-content-background-meta":{"desktop":{"background-color":"var(--ast-global-color-5)","background-image":"","background-repeat":"repeat","background-position":"center center","background-size":"auto","background-attachment":"scroll","background-type":"","background-media":"","overlay-type":"","overlay-color":"","overlay-opacity":"","overlay-gradient":""},"tablet":{"background-color":"var(--ast-global-color-5)","background-image":"","background-repeat":"repeat","background-position":"center center","background-size":"auto","background-attachment":"scroll","background-type":"","background-media":"","overlay-type":"","overlay-color":"","overlay-opacity":"","overlay-gradient":""},"mobile":{"background-color":"var(--ast-global-color-5)","background-image":"","background-repeat":"repeat","background-position":"center center","background-size":"auto","background-attachment":"scroll","background-type":"","background-media":"","overlay-type":"","overlay-color":"","overlay-opacity":"","overlay-gradient":""}}},"product_brand":[],"product_cat":[65,106,76],"product_tag":[226,189,207,206],"class_list":{"0":"post-1945","1":"product","2":"type-product","3":"status-publish","4":"has-post-thumbnail","6":"product_cat-all-products","7":"product_cat-metal-roof-mounting-structure","8":"product_cat-leonsolar-roof-solar-pv-system","9":"product_tag-l-shaped-roof-waterproof-pv-system","10":"product_tag-pv-roof-systems","11":"product_tag-pv-system-roof-mounts","12":"product_tag-solar-panel-installation","13":"desktop-align-left","14":"tablet-align-left","15":"mobile-align-left","17":"first","18":"instock","19":"shipping-taxable","20":"product-type-simple"},"yoast_head":"<!-- This site is optimized with the Yoast SEO Premium plugin v23.3 (Yoast SEO v24.4) - https:\/\/yoast.com\/wordpress\/plugins\/seo\/ -->\n<title>waterproof solar mount system<\/title>\n<meta name=\"description\" content=\"The roof waterproof solar mount system,can effectively waterproof, using L-feet and rails to fix solar panels. Contact us to learn more about roof solar.\" \/>\n<meta name=\"robots\" content=\"index, follow, max-snippet:-1, max-image-preview:large, max-video-preview:-1\" \/>\n<link rel=\"canonical\" href=\"https:\/\/www.leonsolar.com\/es\/producto\/sistema-de-montaje-solar-impermeable\/\" \/>\n<meta property=\"og:locale\" content=\"es_ES\" \/>\n<meta property=\"og:type\" content=\"article\" \/>\n<meta property=\"og:title\" content=\"L feet roof waterproof solar pv system\" \/>\n<meta property=\"og:description\" content=\"The roof waterproof solar mount system,can effectively waterproof, using L-feet and rails to fix solar panels. Contact us to learn more about roof solar.\" \/>\n<meta property=\"og:url\" content=\"https:\/\/www.leonsolar.com\/es\/producto\/sistema-de-montaje-solar-impermeable\/\" \/>\n<meta property=\"article:publisher\" content=\"https:\/\/www.facebook.com\/profile.php?id=100091002557296\" \/>\n<meta property=\"article:modified_time\" content=\"2024-11-29T05:00:54+00:00\" \/>\n<meta property=\"og:image\" content=\"https:\/\/www.leonsolar.com\/wp-content\/uploads\/2024\/09\/L-shaped-roof-waterproof-pv-system-200.png\" \/>\n\t<meta property=\"og:image:width\" content=\"800\" \/>\n\t<meta property=\"og:image:height\" content=\"800\" \/>\n\t<meta property=\"og:image:type\" content=\"image\/png\" \/>\n<meta name=\"twitter:card\" content=\"summary_large_image\" \/>\n<meta name=\"twitter:label1\" content=\"Tiempo de lectura\" \/>\n\t<meta name=\"twitter:data1\" content=\"2 minutos\" \/>\n<script type=\"application\/ld+json\" class=\"yoast-schema-graph\">{\"@context\":\"https:\/\/schema.org\",\"@graph\":[{\"@type\":\"WebPage\",\"@id\":\"https:\/\/www.leonsolar.com\/product\/waterproof-solar-mount-system\/\",\"url\":\"https:\/\/www.leonsolar.com\/product\/waterproof-solar-mount-system\/\",\"name\":\"waterproof solar mount system\",\"isPartOf\":{\"@id\":\"https:\/\/www.leonsolar.com\/#website\"},\"primaryImageOfPage\":{\"@id\":\"https:\/\/www.leonsolar.com\/product\/waterproof-solar-mount-system\/#primaryimage\"},\"image\":{\"@id\":\"https:\/\/www.leonsolar.com\/product\/waterproof-solar-mount-system\/#primaryimage\"},\"thumbnailUrl\":\"https:\/\/www.leonsolar.com\/wp-content\/uploads\/2024\/09\/L-shaped-roof-waterproof-pv-system-200.png\",\"datePublished\":\"2024-09-09T03:10:32+00:00\",\"dateModified\":\"2024-11-29T05:00:54+00:00\",\"description\":\"The roof waterproof solar mount system,can effectively waterproof, using L-feet and rails to fix solar panels. Contact us to learn more about roof solar.\",\"breadcrumb\":{\"@id\":\"https:\/\/www.leonsolar.com\/product\/waterproof-solar-mount-system\/#breadcrumb\"},\"inLanguage\":\"es\",\"potentialAction\":[{\"@type\":\"ReadAction\",\"target\":[\"https:\/\/www.leonsolar.com\/product\/waterproof-solar-mount-system\/\"]}]},{\"@type\":\"ImageObject\",\"inLanguage\":\"es\",\"@id\":\"https:\/\/www.leonsolar.com\/product\/waterproof-solar-mount-system\/#primaryimage\",\"url\":\"https:\/\/www.leonsolar.com\/wp-content\/uploads\/2024\/09\/L-shaped-roof-waterproof-pv-system-200.png\",\"contentUrl\":\"https:\/\/www.leonsolar.com\/wp-content\/uploads\/2024\/09\/L-shaped-roof-waterproof-pv-system-200.png\",\"width\":800,\"height\":800,\"caption\":\"Overall rendering of roof waterproof solar installation\"},{\"@type\":\"BreadcrumbList\",\"@id\":\"https:\/\/www.leonsolar.com\/product\/waterproof-solar-mount-system\/#breadcrumb\",\"itemListElement\":[{\"@type\":\"ListItem\",\"position\":1,\"name\":\"Home\",\"item\":\"https:\/\/www.leonsolar.com\/\"},{\"@type\":\"ListItem\",\"position\":2,\"name\":\"Products\",\"item\":\"https:\/\/www.leonsolar.com\/shop\/\"},{\"@type\":\"ListItem\",\"position\":3,\"name\":\"L feet roof waterproof solar pv system\"}]},{\"@type\":\"WebSite\",\"@id\":\"https:\/\/www.leonsolar.com\/#website\",\"url\":\"https:\/\/www.leonsolar.com\/\",\"name\":\"Leon solar mounting system\",\"description\":\"ground mount system,tin roof mount system,tie roof mount system,floating pv system,solar pv Accessories\",\"publisher\":{\"@id\":\"https:\/\/www.leonsolar.com\/#organization\"},\"alternateName\":\"Show pages in search results Show pages in search results Disabling this means that pages will not be indexed by search engines and will be excluded from XML sitemaps. Read more about the search results settings.\",\"potentialAction\":[{\"@type\":\"SearchAction\",\"target\":{\"@type\":\"EntryPoint\",\"urlTemplate\":\"https:\/\/www.leonsolar.com\/?s={search_term_string}\"},\"query-input\":{\"@type\":\"PropertyValueSpecification\",\"valueRequired\":true,\"valueName\":\"search_term_string\"}}],\"inLanguage\":\"es\"},{\"@type\":\"Organization\",\"@id\":\"https:\/\/www.leonsolar.com\/#organization\",\"name\":\"Xiamen Leon Solar Technology Co., Ltd\",\"url\":\"https:\/\/www.leonsolar.com\/\",\"logo\":{\"@type\":\"ImageObject\",\"inLanguage\":\"es\",\"@id\":\"https:\/\/www.leonsolar.com\/#\/schema\/logo\/image\/\",\"url\":\"https:\/\/www.leonsolar.com\/wp-content\/uploads\/2024\/09\/leon-solar-company-logo-250-250.png\",\"contentUrl\":\"https:\/\/www.leonsolar.com\/wp-content\/uploads\/2024\/09\/leon-solar-company-logo-250-250.png\",\"width\":1044,\"height\":720,\"caption\":\"Xiamen Leon Solar Technology Co., Ltd\"},\"image\":{\"@id\":\"https:\/\/www.leonsolar.com\/#\/schema\/logo\/image\/\"},\"sameAs\":[\"https:\/\/www.facebook.com\/profile.php?id=100091002557296\",\"https:\/\/www.linkedin.com\/company\/13753269\/admin\/dashboard\/\"]}]}<\/script>\n<!-- \/ Yoast SEO Premium plugin. -->","yoast_head_json":{"title":"sistema de montaje solar impermeable","description":"El sistema de montaje solar impermeable para tejados, puede impermeabilizar eficazmente, utilizando pies en L y ra\u00edles para fijar los paneles solares. P\u00f3ngase en contacto con nosotros para obtener m\u00e1s informaci\u00f3n sobre el techo solar.","robots":{"index":"index","follow":"follow","max-snippet":"max-snippet:-1","max-image-preview":"max-image-preview:large","max-video-preview":"max-video-preview:-1"},"canonical":"https:\/\/www.leonsolar.com\/es\/producto\/sistema-de-montaje-solar-impermeable\/","og_locale":"es_ES","og_type":"article","og_title":"L feet roof waterproof solar pv system","og_description":"The roof waterproof solar mount system,can effectively waterproof, using L-feet and rails to fix solar panels. Contact us to learn more about roof solar.","og_url":"https:\/\/www.leonsolar.com\/es\/producto\/sistema-de-montaje-solar-impermeable\/","article_publisher":"https:\/\/www.facebook.com\/profile.php?id=100091002557296","article_modified_time":"2024-11-29T05:00:54+00:00","og_image":[{"width":800,"height":800,"url":"https:\/\/www.leonsolar.com\/wp-content\/uploads\/2024\/09\/L-shaped-roof-waterproof-pv-system-200.png","type":"image\/png"}],"twitter_card":"summary_large_image","twitter_misc":{"Tiempo de lectura":"2 minutos"},"schema":{"@context":"https:\/\/schema.org","@graph":[{"@type":"WebPage","@id":"https:\/\/www.leonsolar.com\/product\/waterproof-solar-mount-system\/","url":"https:\/\/www.leonsolar.com\/product\/waterproof-solar-mount-system\/","name":"sistema de montaje solar impermeable","isPartOf":{"@id":"https:\/\/www.leonsolar.com\/#website"},"primaryImageOfPage":{"@id":"https:\/\/www.leonsolar.com\/product\/waterproof-solar-mount-system\/#primaryimage"},"image":{"@id":"https:\/\/www.leonsolar.com\/product\/waterproof-solar-mount-system\/#primaryimage"},"thumbnailUrl":"https:\/\/www.leonsolar.com\/wp-content\/uploads\/2024\/09\/L-shaped-roof-waterproof-pv-system-200.png","datePublished":"2024-09-09T03:10:32+00:00","dateModified":"2024-11-29T05:00:54+00:00","description":"El sistema de montaje solar impermeable para tejados, puede impermeabilizar eficazmente, utilizando pies en L y ra\u00edles para fijar los paneles solares. P\u00f3ngase en contacto con nosotros para obtener m\u00e1s informaci\u00f3n sobre el techo solar.","breadcrumb":{"@id":"https:\/\/www.leonsolar.com\/product\/waterproof-solar-mount-system\/#breadcrumb"},"inLanguage":"es","potentialAction":[{"@type":"ReadAction","target":["https:\/\/www.leonsolar.com\/product\/waterproof-solar-mount-system\/"]}]},{"@type":"ImageObject","inLanguage":"es","@id":"https:\/\/www.leonsolar.com\/product\/waterproof-solar-mount-system\/#primaryimage","url":"https:\/\/www.leonsolar.com\/wp-content\/uploads\/2024\/09\/L-shaped-roof-waterproof-pv-system-200.png","contentUrl":"https:\/\/www.leonsolar.com\/wp-content\/uploads\/2024\/09\/L-shaped-roof-waterproof-pv-system-200.png","width":800,"height":800,"caption":"Overall rendering of roof waterproof solar installation"},{"@type":"BreadcrumbList","@id":"https:\/\/www.leonsolar.com\/product\/waterproof-solar-mount-system\/#breadcrumb","itemListElement":[{"@type":"ListItem","position":1,"name":"Home","item":"https:\/\/www.leonsolar.com\/"},{"@type":"ListItem","position":2,"name":"Products","item":"https:\/\/www.leonsolar.com\/shop\/"},{"@type":"ListItem","position":3,"name":"L feet roof waterproof solar pv system"}]},{"@type":"WebSite","@id":"https:\/\/www.leonsolar.com\/#website","url":"https:\/\/www.leonsolar.com\/","name":"Sistema de montaje solar Leon","description":"sistema de montaje en suelo,sistema de montaje en tejado de zinc,sistema de montaje en tejado flotante,sistema pv solar Accesorios","publisher":{"@id":"https:\/\/www.leonsolar.com\/#organization"},"alternateName":"Show pages in search results Show pages in search results Disabling this means that pages will not be indexed by search engines and will be excluded from XML sitemaps. Read more about the search results settings.","potentialAction":[{"@type":"SearchAction","target":{"@type":"EntryPoint","urlTemplate":"https:\/\/www.leonsolar.com\/?s={search_term_string}"},"query-input":{"@type":"PropertyValueSpecification","valueRequired":true,"valueName":"search_term_string"}}],"inLanguage":"es"},{"@type":"Organization","@id":"https:\/\/www.leonsolar.com\/#organization","name":"Xiamen Leon Solar Technology S.L.","url":"https:\/\/www.leonsolar.com\/","logo":{"@type":"ImageObject","inLanguage":"es","@id":"https:\/\/www.leonsolar.com\/#\/schema\/logo\/image\/","url":"https:\/\/www.leonsolar.com\/wp-content\/uploads\/2024\/09\/leon-solar-company-logo-250-250.png","contentUrl":"https:\/\/www.leonsolar.com\/wp-content\/uploads\/2024\/09\/leon-solar-company-logo-250-250.png","width":1044,"height":720,"caption":"Xiamen Leon Solar Technology Co., Ltd"},"image":{"@id":"https:\/\/www.leonsolar.com\/#\/schema\/logo\/image\/"},"sameAs":["https:\/\/www.facebook.com\/profile.php?id=100091002557296","https:\/\/www.linkedin.com\/company\/13753269\/admin\/dashboard\/"]}]}},"_links":{"self":[{"href":"https:\/\/www.leonsolar.com\/es\/wp-json\/wp\/v2\/product\/1945"}],"collection":[{"href":"https:\/\/www.leonsolar.com\/es\/wp-json\/wp\/v2\/product"}],"about":[{"href":"https:\/\/www.leonsolar.com\/es\/wp-json\/wp\/v2\/types\/product"}],"wp:featuredmedia":[{"embeddable":true,"href":"https:\/\/www.leonsolar.com\/es\/wp-json\/wp\/v2\/media\/3228"}],"wp:attachment":[{"href":"https:\/\/www.leonsolar.com\/es\/wp-json\/wp\/v2\/media?parent=1945"}],"wp:term":[{"taxonomy":"product_brand","embeddable":true,"href":"https:\/\/www.leonsolar.com\/es\/wp-json\/wp\/v2\/product_brand?post=1945"},{"taxonomy":"product_cat","embeddable":true,"href":"https:\/\/www.leonsolar.com\/es\/wp-json\/wp\/v2\/product_cat?post=1945"},{"taxonomy":"product_tag","embeddable":true,"href":"https:\/\/www.leonsolar.com\/es\/wp-json\/wp\/v2\/product_tag?post=1945"}],"curies":[{"name":"wp","href":"https:\/\/api.w.org\/{rel}","templated":true}]}}