{"id":1951,"date":"2024-09-09T03:23:58","date_gmt":"2024-09-09T03:23:58","guid":{"rendered":"https:\/\/leonsolar.com\/?post_type=product&#038;p=1951"},"modified":"2024-11-28T07:07:14","modified_gmt":"2024-11-28T07:07:14","slug":"sistema-de-estanterias-para-tejados-de-tejas-solares","status":"publish","type":"product","link":"https:\/\/www.leonsolar.com\/es\/producto\/sistema-de-estanterias-para-tejados-de-tejas-solares\/","title":{"rendered":"Instalaci\u00f3n fotovoltaica sobre cubierta de teja acristalada"},"content":{"rendered":"<p>El Solar Tile Roof Racking System es una soluci\u00f3n de montaje especializada para la instalaci\u00f3n de paneles solares en tejados de tejas. Su principal objetivo es ofrecer un marco seguro y visualmente atractivo para fijar los paneles solares. Al mismo tiempo, preserva la integridad de la cubierta de tejas.<\/p>\n<figure id=\"attachment_1955\" aria-describedby=\"caption-attachment-1955\" style=\"width: 5000px\" class=\"wp-caption alignnone\"><img fetchpriority=\"high\" decoding=\"async\" class=\"size-full wp-image-1955\" src=\"https:\/\/leonsolar.com\/wp-content\/uploads\/2024\/09\/Glazed-tile-roof-solar-pv-system-200.png\" alt=\"El sistema fotovoltaico solar para tejados de tejas acristaladas est\u00e1 dise\u00f1ado para integrar paneles solares con tejados de tejas acristaladas, proporcionando una soluci\u00f3n estable y visualmente atractiva para generar energ\u00eda solar al tiempo que se preserva la integridad arquitect\u00f3nica del edificio.\" width=\"5000\" height=\"3341\" \/><figcaption id=\"caption-attachment-1955\" class=\"wp-caption-text\">El sistema FV solar para tejados de tejas acristaladas ofrece una fijaci\u00f3n segura de los paneles, compatibilidad con tejados de tejas acristaladas y un dise\u00f1o est\u00e9tico que se integra en la arquitectura del edificio, garantizando una generaci\u00f3n eficiente de energ\u00eda solar sin comprometer la integridad del tejado.<\/figcaption><\/figure>\n<h3>Estanter\u00edas para tejados de tejas solares Usos clave:<\/h3>\n<p>&nbsp;<\/p>\n<ul>\n<li><strong>Compatibilidad con tejados de tejas<\/strong>:Espec\u00edficamente dise\u00f1ado para diversos tejados de tejas, garantiza una integraci\u00f3n perfecta sin da\u00f1ar las tejas.<\/li>\n<li><strong style=\"font-size: 16px;\">Fijaci\u00f3n estable de paneles<\/strong><span style=\"font-size: 16px;\">: El dise\u00f1o del ra\u00edl en forma de H ofrece una estructura robusta para sujetar con seguridad los paneles solares en su sitio, incluso en condiciones de viento.<\/span><\/li>\n<li><strong>Atractivo est\u00e9tico<\/strong>: Se integra en el estilo arquitect\u00f3nico de las cubiertas de teja, manteniendo la armon\u00eda visual del exterior del edificio.<\/li>\n<\/ul>\n<h3>Ventajas notables:<\/h3>\n<p>&nbsp;<\/p>\n<ul>\n<li><strong>Durabilidad<\/strong>: Construido con materiales de alta calidad resistentes a la corrosi\u00f3n y a la intemperie, lo que garantiza una funcionalidad a largo plazo.<\/li>\n<li><strong>Facilidad de instalaci\u00f3n<\/strong>: El sistema de ra\u00edles en forma de H simplifica el proceso de instalaci\u00f3n, permitiendo un montaje eficiente y sencillo de los paneles.<\/li>\n<li><strong>Penetraci\u00f3n m\u00ednima en el tejado<\/strong>: Reduce la necesidad de numerosas penetraciones en el tejado, que pueden comprometer la impermeabilidad de las cubiertas de tejas.<\/li>\n<li><strong>Ajustabilidad<\/strong>: A menudo cuenta con ra\u00edles ajustables, lo que permite una colocaci\u00f3n \u00f3ptima de los paneles solares para una exposici\u00f3n m\u00e1xima a la luz solar.<\/li>\n<\/ul>\n<h3>Consideraci\u00f3n especial para las estanter\u00edas para tejados de tejas solares:<\/h3>\n<p>&nbsp;<\/p>\n<ul>\n<li><strong>Preservaci\u00f3n de la integridad del tejado<\/strong>: El dise\u00f1o evita tocar los azulejos, evitando ara\u00f1azos durante la instalaci\u00f3n y la retirada.<\/li>\n<li><strong>Resistencia al viento<\/strong>: Los ra\u00edles en forma de H proporcionan estabilidad adicional frente a las fuerzas del viento, lo que resulta crucial para mantener la posici\u00f3n de los paneles en los tejados de tejas.<\/li>\n<\/ul>\n<h3>Certificaciones t\u00e9cnicas:<\/h3>\n<p>&nbsp;<\/p>\n<p><img decoding=\"async\" class=\"size-full wp-image-2612\" src=\"https:\/\/leonsolar.com\/wp-content\/uploads\/2024\/09\/leon-solar-brackets-pv-system-certification.png\" alt=\"Principales certificaciones y objetivos de los sistemas de montaje FV Las principales certificaciones de los sistemas de montaje FV son: IEC 61730: Garantiza las normas de seguridad y rendimiento de los m\u00f3dulos FV y sus sistemas de montaje. UL 1703: Cubre los requisitos de seguridad para m\u00f3dulos FV planos y sus soportes. Marcado CE: Indica el cumplimiento de las normas de la UE en materia de salud, seguridad y protecci\u00f3n del medio ambiente. Certificaci\u00f3n TUV: Valida la calidad y fiabilidad de los productos y sistemas fotovoltaicos. Estas certificaciones garantizan que los sistemas de montaje FV cumplen rigurosas normas de calidad y seguridad, proporcionando un rendimiento fiable y protecci\u00f3n frente a posibles peligros. Son cruciales para conseguir la aceptaci\u00f3n del mercado y la confianza del consumidor.\" width=\"771\" height=\"390\" srcset=\"https:\/\/www.leonsolar.com\/wp-content\/uploads\/2024\/09\/leon-solar-brackets-pv-system-certification.png 771w, https:\/\/www.leonsolar.com\/wp-content\/uploads\/2024\/09\/leon-solar-brackets-pv-system-certification-300x152.png 300w, https:\/\/www.leonsolar.com\/wp-content\/uploads\/2024\/09\/leon-solar-brackets-pv-system-certification-768x388.png 768w, https:\/\/www.leonsolar.com\/wp-content\/uploads\/2024\/09\/leon-solar-brackets-pv-system-certification-600x304.png 600w\" sizes=\"(max-width: 771px) 100vw, 771px\" \/><\/p>","protected":false},"excerpt":{"rendered":"<p>Velocidad del viento: hasta 55 m\/s<\/p>\n<p>Capacidad de carga de nieve: 1.4kn\/\u33a1<\/p>\n<p>Material: Aluminio de alta resistencia 6005-T5, acero inoxidable SUS304<\/p>\n<p>Conformidad: AS\/NZS1170.2.Euro C\u00f3digo 8, DIN 1055,IBC 2006<\/p>","protected":false},"featured_media":3223,"template":"","meta":{"site-sidebar-layout":"default","site-content-layout":"","ast-site-content-layout":"default","site-content-style":"default","site-sidebar-style":"default","ast-global-header-display":"","ast-banner-title-visibility":"","ast-main-header-display":"","ast-hfb-above-header-display":"","ast-hfb-below-header-display":"","ast-hfb-mobile-header-display":"","site-post-title":"","ast-breadcrumbs-content":"","ast-featured-img":"","footer-sml-layout":"","theme-transparent-header-meta":"default","adv-header-id-meta":"","stick-header-meta":"default","header-above-stick-meta":"","header-main-stick-meta":"","header-below-stick-meta":"","astra-migrate-meta-layouts":"set","ast-page-background-enabled":"default","ast-page-background-meta":{"desktop":{"background-color":"var(--ast-global-color-4)","background-image":"","background-repeat":"repeat","background-position":"center center","background-size":"auto","background-attachment":"scroll","background-type":"","background-media":"","overlay-type":"","overlay-color":"","overlay-opacity":"","overlay-gradient":""},"tablet":{"background-color":"","background-image":"","background-repeat":"repeat","background-position":"center center","background-size":"auto","background-attachment":"scroll","background-type":"","background-media":"","overlay-type":"","overlay-color":"","overlay-opacity":"","overlay-gradient":""},"mobile":{"background-color":"","background-image":"","background-repeat":"repeat","background-position":"center center","background-size":"auto","background-attachment":"scroll","background-type":"","background-media":"","overlay-type":"","overlay-color":"","overlay-opacity":"","overlay-gradient":""}},"ast-content-background-meta":{"desktop":{"background-color":"var(--ast-global-color-5)","background-image":"","background-repeat":"repeat","background-position":"center center","background-size":"auto","background-attachment":"scroll","background-type":"","background-media":"","overlay-type":"","overlay-color":"","overlay-opacity":"","overlay-gradient":""},"tablet":{"background-color":"var(--ast-global-color-5)","background-image":"","background-repeat":"repeat","background-position":"center center","background-size":"auto","background-attachment":"scroll","background-type":"","background-media":"","overlay-type":"","overlay-color":"","overlay-opacity":"","overlay-gradient":""},"mobile":{"background-color":"var(--ast-global-color-5)","background-image":"","background-repeat":"repeat","background-position":"center center","background-size":"auto","background-attachment":"scroll","background-type":"","background-media":"","overlay-type":"","overlay-color":"","overlay-opacity":"","overlay-gradient":""}}},"product_brand":[],"product_cat":[65,76,105],"product_tag":[225,221,222,220,223,224],"class_list":{"0":"post-1951","1":"product","2":"type-product","3":"status-publish","4":"has-post-thumbnail","6":"product_cat-all-products","7":"product_cat-leonsolar-roof-solar-pv-system","8":"product_cat-tile-roof-mounting-structure","9":"product_tag-tile-roof","10":"product_tag-tile-roof-mounting-system","11":"product_tag-tile-roof-mounts","12":"product_tag-tile-roof-pv-system","13":"product_tag-tile-roof-solar-installations","14":"product_tag-tile-roofing-mounts","15":"desktop-align-left","16":"tablet-align-left","17":"mobile-align-left","19":"first","20":"instock","21":"shipping-taxable","22":"product-type-simple"},"yoast_head":"<!-- This site is optimized with the Yoast SEO Premium plugin v23.3 (Yoast SEO v24.4) - https:\/\/yoast.com\/wordpress\/plugins\/seo\/ -->\n<title>solar tile roof racking system<\/title>\n<meta name=\"description\" content=\"Leon Solar can provide you with a series of tie roof solar racking system,that allows solar panels to be safely and efficientlymounted on tile roofs.\" \/>\n<meta name=\"robots\" content=\"index, follow, max-snippet:-1, max-image-preview:large, max-video-preview:-1\" \/>\n<link rel=\"canonical\" href=\"https:\/\/www.leonsolar.com\/es\/producto\/sistema-de-estanterias-para-tejados-de-tejas-solares\/\" \/>\n<meta property=\"og:locale\" content=\"es_ES\" \/>\n<meta property=\"og:type\" content=\"article\" \/>\n<meta property=\"og:title\" content=\"Glazed tile roof solar pv system\" \/>\n<meta property=\"og:description\" content=\"Leon Solar can provide you with a series of tie roof solar racking system,that allows solar panels to be safely and efficientlymounted on tile roofs.\" \/>\n<meta property=\"og:url\" content=\"https:\/\/www.leonsolar.com\/es\/producto\/sistema-de-estanterias-para-tejados-de-tejas-solares\/\" \/>\n<meta property=\"article:publisher\" content=\"https:\/\/www.facebook.com\/profile.php?id=100091002557296\" \/>\n<meta property=\"article:modified_time\" content=\"2024-11-28T07:07:14+00:00\" \/>\n<meta property=\"og:image\" content=\"https:\/\/www.leonsolar.com\/wp-content\/uploads\/2024\/09\/Glazed-tile-roof-solar-pv-system-100.png\" \/>\n\t<meta property=\"og:image:width\" content=\"1200\" \/>\n\t<meta property=\"og:image:height\" content=\"1200\" \/>\n\t<meta property=\"og:image:type\" content=\"image\/png\" \/>\n<meta name=\"twitter:card\" content=\"summary_large_image\" \/>\n<meta name=\"twitter:label1\" content=\"Tiempo de lectura\" \/>\n\t<meta name=\"twitter:data1\" content=\"2 minutos\" \/>\n<script type=\"application\/ld+json\" class=\"yoast-schema-graph\">{\"@context\":\"https:\/\/schema.org\",\"@graph\":[{\"@type\":\"WebPage\",\"@id\":\"https:\/\/www.leonsolar.com\/product\/solar-tile-roof-racking-system\/\",\"url\":\"https:\/\/www.leonsolar.com\/product\/solar-tile-roof-racking-system\/\",\"name\":\"solar tile roof racking system\",\"isPartOf\":{\"@id\":\"https:\/\/www.leonsolar.com\/#website\"},\"primaryImageOfPage\":{\"@id\":\"https:\/\/www.leonsolar.com\/product\/solar-tile-roof-racking-system\/#primaryimage\"},\"image\":{\"@id\":\"https:\/\/www.leonsolar.com\/product\/solar-tile-roof-racking-system\/#primaryimage\"},\"thumbnailUrl\":\"https:\/\/www.leonsolar.com\/wp-content\/uploads\/2024\/09\/Glazed-tile-roof-solar-pv-system-100.png\",\"datePublished\":\"2024-09-09T03:23:58+00:00\",\"dateModified\":\"2024-11-28T07:07:14+00:00\",\"description\":\"Leon Solar can provide you with a series of tie roof solar racking system,that allows solar panels to be safely and efficientlymounted on tile roofs.\",\"breadcrumb\":{\"@id\":\"https:\/\/www.leonsolar.com\/product\/solar-tile-roof-racking-system\/#breadcrumb\"},\"inLanguage\":\"es\",\"potentialAction\":[{\"@type\":\"ReadAction\",\"target\":[\"https:\/\/www.leonsolar.com\/product\/solar-tile-roof-racking-system\/\"]}]},{\"@type\":\"ImageObject\",\"inLanguage\":\"es\",\"@id\":\"https:\/\/www.leonsolar.com\/product\/solar-tile-roof-racking-system\/#primaryimage\",\"url\":\"https:\/\/www.leonsolar.com\/wp-content\/uploads\/2024\/09\/Glazed-tile-roof-solar-pv-system-100.png\",\"contentUrl\":\"https:\/\/www.leonsolar.com\/wp-content\/uploads\/2024\/09\/Glazed-tile-roof-solar-pv-system-100.png\",\"width\":1200,\"height\":1200,\"caption\":\"Tile roof solar installation will not break the roof\"},{\"@type\":\"BreadcrumbList\",\"@id\":\"https:\/\/www.leonsolar.com\/product\/solar-tile-roof-racking-system\/#breadcrumb\",\"itemListElement\":[{\"@type\":\"ListItem\",\"position\":1,\"name\":\"Home\",\"item\":\"https:\/\/www.leonsolar.com\/\"},{\"@type\":\"ListItem\",\"position\":2,\"name\":\"Products\",\"item\":\"https:\/\/www.leonsolar.com\/shop\/\"},{\"@type\":\"ListItem\",\"position\":3,\"name\":\"Glazed tile roof solar pv system\"}]},{\"@type\":\"WebSite\",\"@id\":\"https:\/\/www.leonsolar.com\/#website\",\"url\":\"https:\/\/www.leonsolar.com\/\",\"name\":\"Leon solar mounting system\",\"description\":\"ground mount system,tin roof mount system,tie roof mount system,floating pv system,solar pv Accessories\",\"publisher\":{\"@id\":\"https:\/\/www.leonsolar.com\/#organization\"},\"alternateName\":\"Show pages in search results Show pages in search results Disabling this means that pages will not be indexed by search engines and will be excluded from XML sitemaps. Read more about the search results settings.\",\"potentialAction\":[{\"@type\":\"SearchAction\",\"target\":{\"@type\":\"EntryPoint\",\"urlTemplate\":\"https:\/\/www.leonsolar.com\/?s={search_term_string}\"},\"query-input\":{\"@type\":\"PropertyValueSpecification\",\"valueRequired\":true,\"valueName\":\"search_term_string\"}}],\"inLanguage\":\"es\"},{\"@type\":\"Organization\",\"@id\":\"https:\/\/www.leonsolar.com\/#organization\",\"name\":\"Xiamen Leon Solar Technology Co., Ltd\",\"url\":\"https:\/\/www.leonsolar.com\/\",\"logo\":{\"@type\":\"ImageObject\",\"inLanguage\":\"es\",\"@id\":\"https:\/\/www.leonsolar.com\/#\/schema\/logo\/image\/\",\"url\":\"https:\/\/www.leonsolar.com\/wp-content\/uploads\/2024\/09\/leon-solar-company-logo-250-250.png\",\"contentUrl\":\"https:\/\/www.leonsolar.com\/wp-content\/uploads\/2024\/09\/leon-solar-company-logo-250-250.png\",\"width\":1044,\"height\":720,\"caption\":\"Xiamen Leon Solar Technology Co., Ltd\"},\"image\":{\"@id\":\"https:\/\/www.leonsolar.com\/#\/schema\/logo\/image\/\"},\"sameAs\":[\"https:\/\/www.facebook.com\/profile.php?id=100091002557296\",\"https:\/\/www.linkedin.com\/company\/13753269\/admin\/dashboard\/\"]}]}<\/script>\n<!-- \/ Yoast SEO Premium plugin. -->","yoast_head_json":{"title":"sistema de estanter\u00edas para tejados de tejas solares","description":"Leon Solar puede proporcionarle una serie de sistemas de estanter\u00edas solares para tejados inclinados, que permiten montar paneles solares de forma segura y eficiente en tejados de tejas.","robots":{"index":"index","follow":"follow","max-snippet":"max-snippet:-1","max-image-preview":"max-image-preview:large","max-video-preview":"max-video-preview:-1"},"canonical":"https:\/\/www.leonsolar.com\/es\/producto\/sistema-de-estanterias-para-tejados-de-tejas-solares\/","og_locale":"es_ES","og_type":"article","og_title":"Glazed tile roof solar pv system","og_description":"Leon Solar can provide you with a series of tie roof solar racking system,that allows solar panels to be safely and efficientlymounted on tile roofs.","og_url":"https:\/\/www.leonsolar.com\/es\/producto\/sistema-de-estanterias-para-tejados-de-tejas-solares\/","article_publisher":"https:\/\/www.facebook.com\/profile.php?id=100091002557296","article_modified_time":"2024-11-28T07:07:14+00:00","og_image":[{"width":1200,"height":1200,"url":"https:\/\/www.leonsolar.com\/wp-content\/uploads\/2024\/09\/Glazed-tile-roof-solar-pv-system-100.png","type":"image\/png"}],"twitter_card":"summary_large_image","twitter_misc":{"Tiempo de lectura":"2 minutos"},"schema":{"@context":"https:\/\/schema.org","@graph":[{"@type":"WebPage","@id":"https:\/\/www.leonsolar.com\/product\/solar-tile-roof-racking-system\/","url":"https:\/\/www.leonsolar.com\/product\/solar-tile-roof-racking-system\/","name":"sistema de estanter\u00edas para tejados de tejas solares","isPartOf":{"@id":"https:\/\/www.leonsolar.com\/#website"},"primaryImageOfPage":{"@id":"https:\/\/www.leonsolar.com\/product\/solar-tile-roof-racking-system\/#primaryimage"},"image":{"@id":"https:\/\/www.leonsolar.com\/product\/solar-tile-roof-racking-system\/#primaryimage"},"thumbnailUrl":"https:\/\/www.leonsolar.com\/wp-content\/uploads\/2024\/09\/Glazed-tile-roof-solar-pv-system-100.png","datePublished":"2024-09-09T03:23:58+00:00","dateModified":"2024-11-28T07:07:14+00:00","description":"Leon Solar puede proporcionarle una serie de sistemas de estanter\u00edas solares para tejados inclinados, que permiten montar paneles solares de forma segura y eficiente en tejados de tejas.","breadcrumb":{"@id":"https:\/\/www.leonsolar.com\/product\/solar-tile-roof-racking-system\/#breadcrumb"},"inLanguage":"es","potentialAction":[{"@type":"ReadAction","target":["https:\/\/www.leonsolar.com\/product\/solar-tile-roof-racking-system\/"]}]},{"@type":"ImageObject","inLanguage":"es","@id":"https:\/\/www.leonsolar.com\/product\/solar-tile-roof-racking-system\/#primaryimage","url":"https:\/\/www.leonsolar.com\/wp-content\/uploads\/2024\/09\/Glazed-tile-roof-solar-pv-system-100.png","contentUrl":"https:\/\/www.leonsolar.com\/wp-content\/uploads\/2024\/09\/Glazed-tile-roof-solar-pv-system-100.png","width":1200,"height":1200,"caption":"Tile roof solar installation will not break the roof"},{"@type":"BreadcrumbList","@id":"https:\/\/www.leonsolar.com\/product\/solar-tile-roof-racking-system\/#breadcrumb","itemListElement":[{"@type":"ListItem","position":1,"name":"Home","item":"https:\/\/www.leonsolar.com\/"},{"@type":"ListItem","position":2,"name":"Products","item":"https:\/\/www.leonsolar.com\/shop\/"},{"@type":"ListItem","position":3,"name":"Glazed tile roof solar pv system"}]},{"@type":"WebSite","@id":"https:\/\/www.leonsolar.com\/#website","url":"https:\/\/www.leonsolar.com\/","name":"Sistema de montaje solar Leon","description":"sistema de montaje en suelo,sistema de montaje en tejado de zinc,sistema de montaje en tejado flotante,sistema pv solar Accesorios","publisher":{"@id":"https:\/\/www.leonsolar.com\/#organization"},"alternateName":"Show pages in search results Show pages in search results Disabling this means that pages will not be indexed by search engines and will be excluded from XML sitemaps. Read more about the search results settings.","potentialAction":[{"@type":"SearchAction","target":{"@type":"EntryPoint","urlTemplate":"https:\/\/www.leonsolar.com\/?s={search_term_string}"},"query-input":{"@type":"PropertyValueSpecification","valueRequired":true,"valueName":"search_term_string"}}],"inLanguage":"es"},{"@type":"Organization","@id":"https:\/\/www.leonsolar.com\/#organization","name":"Xiamen Leon Solar Technology S.L.","url":"https:\/\/www.leonsolar.com\/","logo":{"@type":"ImageObject","inLanguage":"es","@id":"https:\/\/www.leonsolar.com\/#\/schema\/logo\/image\/","url":"https:\/\/www.leonsolar.com\/wp-content\/uploads\/2024\/09\/leon-solar-company-logo-250-250.png","contentUrl":"https:\/\/www.leonsolar.com\/wp-content\/uploads\/2024\/09\/leon-solar-company-logo-250-250.png","width":1044,"height":720,"caption":"Xiamen Leon Solar Technology Co., Ltd"},"image":{"@id":"https:\/\/www.leonsolar.com\/#\/schema\/logo\/image\/"},"sameAs":["https:\/\/www.facebook.com\/profile.php?id=100091002557296","https:\/\/www.linkedin.com\/company\/13753269\/admin\/dashboard\/"]}]}},"_links":{"self":[{"href":"https:\/\/www.leonsolar.com\/es\/wp-json\/wp\/v2\/product\/1951"}],"collection":[{"href":"https:\/\/www.leonsolar.com\/es\/wp-json\/wp\/v2\/product"}],"about":[{"href":"https:\/\/www.leonsolar.com\/es\/wp-json\/wp\/v2\/types\/product"}],"wp:featuredmedia":[{"embeddable":true,"href":"https:\/\/www.leonsolar.com\/es\/wp-json\/wp\/v2\/media\/3223"}],"wp:attachment":[{"href":"https:\/\/www.leonsolar.com\/es\/wp-json\/wp\/v2\/media?parent=1951"}],"wp:term":[{"taxonomy":"product_brand","embeddable":true,"href":"https:\/\/www.leonsolar.com\/es\/wp-json\/wp\/v2\/product_brand?post=1951"},{"taxonomy":"product_cat","embeddable":true,"href":"https:\/\/www.leonsolar.com\/es\/wp-json\/wp\/v2\/product_cat?post=1951"},{"taxonomy":"product_tag","embeddable":true,"href":"https:\/\/www.leonsolar.com\/es\/wp-json\/wp\/v2\/product_tag?post=1951"}],"curies":[{"name":"wp","href":"https:\/\/api.w.org\/{rel}","templated":true}]}}