{"id":1961,"date":"2024-09-09T03:36:26","date_gmt":"2024-09-09T03:36:26","guid":{"rendered":"https:\/\/leonsolar.com\/?post_type=product&#038;p=1961"},"modified":"2024-11-15T08:15:19","modified_gmt":"2024-11-15T08:15:19","slug":"carport-de-aleacion-de-aluminio-sistema-solar-pv","status":"publish","type":"product","link":"https:\/\/www.leonsolar.com\/es\/producto\/carport-de-aleacion-de-aluminio-sistema-solar-pv\/","title":{"rendered":"Sistema de montaje solar en cobertizo de aleaci\u00f3n de aluminio"},"content":{"rendered":"<p><strong>El sistema de montaje solar en cochera de aleaci\u00f3n de aluminio es una soluci\u00f3n vers\u00e1til y eficaz para la generaci\u00f3n de energ\u00eda renovable, que ofrece numerosas ventajas y puntos de venta \u00fanicos:<\/strong><\/p>\n<p><img fetchpriority=\"high\" decoding=\"async\" class=\"alignnone wp-image-3171 size-full\" src=\"https:\/\/www.leonsolar.com\/wp-content\/uploads\/2024\/11\/leon-solar-Aluminumalloy-carport-solar-pv-system-100.png\" alt=\"El sistema de montaje de la marquesina debe tener la resistencia suficiente para garantizar la seguridad del veh\u00edculo y de las personas.\" width=\"800\" height=\"800\" srcset=\"https:\/\/www.leonsolar.com\/wp-content\/uploads\/2024\/11\/leon-solar-Aluminumalloy-carport-solar-pv-system-100.png 800w, https:\/\/www.leonsolar.com\/wp-content\/uploads\/2024\/11\/leon-solar-Aluminumalloy-carport-solar-pv-system-100-300x300.png 300w, https:\/\/www.leonsolar.com\/wp-content\/uploads\/2024\/11\/leon-solar-Aluminumalloy-carport-solar-pv-system-100-150x150.png 150w, https:\/\/www.leonsolar.com\/wp-content\/uploads\/2024\/11\/leon-solar-Aluminumalloy-carport-solar-pv-system-100-768x768.png 768w, https:\/\/www.leonsolar.com\/wp-content\/uploads\/2024\/11\/leon-solar-Aluminumalloy-carport-solar-pv-system-100-12x12.png 12w, https:\/\/www.leonsolar.com\/wp-content\/uploads\/2024\/11\/leon-solar-Aluminumalloy-carport-solar-pv-system-100-600x600.png 600w, https:\/\/www.leonsolar.com\/wp-content\/uploads\/2024\/11\/leon-solar-Aluminumalloy-carport-solar-pv-system-100-100x100.png 100w\" sizes=\"(max-width: 800px) 100vw, 800px\" \/><\/p>\n<p>&nbsp;<\/p>\n<p>&nbsp;<\/p>\n<h3>Prop\u00f3sito:<\/h3>\n<p><strong>Este sistema est\u00e1 dise\u00f1ado para proporcionar un refugio protector a los veh\u00edculos al tiempo que aprovecha la energ\u00eda del sol para generar electricidad limpia y sostenible. Se integra perfectamente en diversos entornos, por lo que es una opci\u00f3n ideal para hogares, empresas y espacios p\u00fablicos.<\/strong><\/p>\n<h3>Ventajas:<\/h3>\n<ol>\n<li><strong>Durabilidad: Construido con una aleaci\u00f3n de aluminio de alta calidad, este cobertizo para coches resiste las inclemencias del tiempo y requiere un mantenimiento m\u00ednimo.<\/strong><\/li>\n<li><strong>Eficiencia espacial: Utiliza eficazmente el espacio vertical y superior, maximizando la exposici\u00f3n de los paneles solares a la luz solar.<\/strong><\/li>\n<li><strong>Ecol\u00f3gico: al convertir la luz solar en electricidad, reduce la dependencia de los combustibles f\u00f3siles y disminuye las emisiones de carbono.<\/strong><\/li>\n<li><strong>Rentable: Ofrece ahorros a largo plazo en las facturas de energ\u00eda y posibles incentivos gubernamentales para la adopci\u00f3n de energ\u00edas renovables.<\/strong><\/li>\n<li><strong>Atractivo est\u00e9tico: El dise\u00f1o elegante y moderno complementa cualquier estilo arquitect\u00f3nico, mejorando el aspecto general de su propiedad.<\/strong><\/li>\n<\/ol>\n<h3>Puntos de venta:<\/h3>\n<ul>\n<li><strong>Tecnolog\u00eda innovadora: Incorpora paneles solares e inversores de \u00faltima generaci\u00f3n para un rendimiento \u00f3ptimo.<\/strong><\/li>\n<li><strong>Opciones de personalizaci\u00f3n: Disponible en varios tama\u00f1os y configuraciones para adaptarse a necesidades espec\u00edficas y limitaciones de espacio.<\/strong><\/li>\n<li><strong>F\u00e1cil instalaci\u00f3n: Las estructuras predise\u00f1adas simplifican el proceso de instalaci\u00f3n, ahorrando tiempo y esfuerzo.<\/strong><\/li>\n<li><strong>Funciones de seguridad: La toma de tierra y la protecci\u00f3n contra rayos incorporadas garantizan la seguridad del usuario y la fiabilidad del sistema.<\/strong><\/li>\n<li><strong>Versatilidad: Adecuado para aplicaciones residenciales, comerciales e industriales, lo que proporciona flexibilidad en diferentes sectores.<\/strong><\/li>\n<\/ul>\n<p><strong>Al combinar estas caracter\u00edsticas clave, el sistema de montaje solar en cochera de aleaci\u00f3n de aluminio destaca como una inversi\u00f3n fiable, ecol\u00f3gica y rentable en energ\u00eda renovable.<\/strong><\/p>\n<div class=\"agent-chat__conv--ai__speech_show\">\n<div class=\"agent-chat__speech-text\">\n<div class=\"hyc-component-text\">\n<div class=\"hyc-content-md\">\n<div class=\"hyc-common-markdown hyc-common-markdown-style\">\n<h3>Certificaci\u00f3n t\u00e9cnica\uff1a<\/h3>\n<p><img decoding=\"async\" class=\"size-full wp-image-2612\" src=\"https:\/\/leonsolar.com\/wp-content\/uploads\/2024\/09\/leon-solar-brackets-pv-system-certification.png\" alt=\"Principales certificaciones y objetivos de los sistemas de montaje FV Las principales certificaciones de los sistemas de montaje FV son: IEC 61730: Garantiza las normas de seguridad y rendimiento de los m\u00f3dulos FV y sus sistemas de montaje. UL 1703: Cubre los requisitos de seguridad para m\u00f3dulos FV planos y sus soportes. Marcado CE: Indica el cumplimiento de las normas de la UE en materia de salud, seguridad y protecci\u00f3n del medio ambiente. Certificaci\u00f3n TUV: Valida la calidad y fiabilidad de los productos y sistemas fotovoltaicos. Estas certificaciones garantizan que los sistemas de montaje FV cumplen rigurosas normas de calidad y seguridad, proporcionando un rendimiento fiable y protecci\u00f3n frente a posibles peligros. Son cruciales para conseguir la aceptaci\u00f3n del mercado y la confianza del consumidor.\" width=\"771\" height=\"390\" srcset=\"https:\/\/www.leonsolar.com\/wp-content\/uploads\/2024\/09\/leon-solar-brackets-pv-system-certification.png 771w, https:\/\/www.leonsolar.com\/wp-content\/uploads\/2024\/09\/leon-solar-brackets-pv-system-certification-300x152.png 300w, https:\/\/www.leonsolar.com\/wp-content\/uploads\/2024\/09\/leon-solar-brackets-pv-system-certification-768x388.png 768w, https:\/\/www.leonsolar.com\/wp-content\/uploads\/2024\/09\/leon-solar-brackets-pv-system-certification-600x304.png 600w\" sizes=\"(max-width: 771px) 100vw, 771px\" \/><\/p>\n<\/div>\n<\/div>\n<\/div>\n<\/div>\n<\/div>","protected":false},"excerpt":{"rendered":"<p>Velocidad del viento: hasta 60 m\/s<\/p>\n<p>Capacidad de carga de nieve: 1.4kn\/\u33a1<\/p>\n<p>\u00c1ngulo de inclinaci\u00f3n: 0-20\u00b0.<\/p>\n<p>Material: Aluminio de alta resistencia 6005-T5, acero inoxidable SUS304<\/p>\n<p>Garant\u00eda: 10 a\u00f1os<\/p>\n<p>Certificados\uff1aCE\uff0cSGS<\/p>\n<p>Conformidad:AS\/NZS1170.2,Euro Code 8, DIN 1055.IBC 2006<\/p>","protected":false},"featured_media":3172,"template":"","meta":{"site-sidebar-layout":"default","site-content-layout":"","ast-site-content-layout":"default","site-content-style":"default","site-sidebar-style":"default","ast-global-header-display":"","ast-banner-title-visibility":"","ast-main-header-display":"","ast-hfb-above-header-display":"","ast-hfb-below-header-display":"","ast-hfb-mobile-header-display":"","site-post-title":"","ast-breadcrumbs-content":"","ast-featured-img":"","footer-sml-layout":"","theme-transparent-header-meta":"default","adv-header-id-meta":"","stick-header-meta":"default","header-above-stick-meta":"","header-main-stick-meta":"","header-below-stick-meta":"","astra-migrate-meta-layouts":"set","ast-page-background-enabled":"default","ast-page-background-meta":{"desktop":{"background-color":"var(--ast-global-color-4)","background-image":"","background-repeat":"repeat","background-position":"center center","background-size":"auto","background-attachment":"scroll","background-type":"","background-media":"","overlay-type":"","overlay-color":"","overlay-opacity":"","overlay-gradient":""},"tablet":{"background-color":"","background-image":"","background-repeat":"repeat","background-position":"center center","background-size":"auto","background-attachment":"scroll","background-type":"","background-media":"","overlay-type":"","overlay-color":"","overlay-opacity":"","overlay-gradient":""},"mobile":{"background-color":"","background-image":"","background-repeat":"repeat","background-position":"center center","background-size":"auto","background-attachment":"scroll","background-type":"","background-media":"","overlay-type":"","overlay-color":"","overlay-opacity":"","overlay-gradient":""}},"ast-content-background-meta":{"desktop":{"background-color":"var(--ast-global-color-5)","background-image":"","background-repeat":"repeat","background-position":"center center","background-size":"auto","background-attachment":"scroll","background-type":"","background-media":"","overlay-type":"","overlay-color":"","overlay-opacity":"","overlay-gradient":""},"tablet":{"background-color":"var(--ast-global-color-5)","background-image":"","background-repeat":"repeat","background-position":"center center","background-size":"auto","background-attachment":"scroll","background-type":"","background-media":"","overlay-type":"","overlay-color":"","overlay-opacity":"","overlay-gradient":""},"mobile":{"background-color":"var(--ast-global-color-5)","background-image":"","background-repeat":"repeat","background-position":"center center","background-size":"auto","background-attachment":"scroll","background-type":"","background-media":"","overlay-type":"","overlay-color":"","overlay-opacity":"","overlay-gradient":""}}},"product_brand":[],"product_cat":[65,101,75],"product_tag":[179,153,178,152,150],"class_list":{"0":"post-1961","1":"product","2":"type-product","3":"status-publish","4":"has-post-thumbnail","6":"product_cat-all-products","7":"product_cat-carport-solar-mounting-system","8":"product_cat-leonsolar-ground-pv-system","9":"product_tag-car","10":"product_tag-carport","11":"product_tag-carport-pv-system","12":"product_tag-carport-system","13":"product_tag-solar-carport-system","14":"desktop-align-left","15":"tablet-align-left","16":"mobile-align-left","18":"first","19":"instock","20":"shipping-taxable","21":"product-type-simple"},"yoast_head":"<!-- This site is optimized with the Yoast SEO Premium plugin v23.3 (Yoast SEO v24.4) - https:\/\/yoast.com\/wordpress\/plugins\/seo\/ -->\n<title>Carport Solar Mounting System Excellent Water Resistance<\/title>\n<meta name=\"description\" content=\"Leon carport solar mounting system Advantages: Watertight, durable support for customization, easy to install\uff0cThe most important thing is safety.\" \/>\n<meta name=\"robots\" content=\"index, follow, max-snippet:-1, max-image-preview:large, max-video-preview:-1\" \/>\n<link rel=\"canonical\" href=\"https:\/\/www.leonsolar.com\/es\/producto\/carport-de-aleacion-de-aluminio-sistema-solar-pv\/\" \/>\n<meta property=\"og:locale\" content=\"es_ES\" \/>\n<meta property=\"og:type\" content=\"article\" \/>\n<meta property=\"og:title\" content=\"Aluminumalloy carport solar mounting system\" \/>\n<meta property=\"og:description\" content=\"Leon carport solar mounting system Advantages: Watertight, durable support for customization, easy to install\uff0cThe most important thing is safety.\" \/>\n<meta property=\"og:url\" content=\"https:\/\/www.leonsolar.com\/es\/producto\/carport-de-aleacion-de-aluminio-sistema-solar-pv\/\" \/>\n<meta property=\"article:publisher\" content=\"https:\/\/www.facebook.com\/profile.php?id=100091002557296\" \/>\n<meta property=\"article:modified_time\" content=\"2024-11-15T08:15:19+00:00\" \/>\n<meta property=\"og:image\" content=\"https:\/\/www.leonsolar.com\/wp-content\/uploads\/2024\/11\/leon-solar-Aluminumalloy-carport-solar-pv-system-200.png\" \/>\n\t<meta property=\"og:image:width\" content=\"800\" \/>\n\t<meta property=\"og:image:height\" content=\"800\" \/>\n\t<meta property=\"og:image:type\" content=\"image\/png\" \/>\n<meta name=\"twitter:card\" content=\"summary_large_image\" \/>\n<meta name=\"twitter:description\" content=\"Leon carport solar mounting system Advantages: Watertight, durable support for customization, easy to install\uff0cThe most important thing is safety.\" \/>\n<meta name=\"twitter:label1\" content=\"Tiempo de lectura\" \/>\n\t<meta name=\"twitter:data1\" content=\"2 minutos\" \/>\n<script type=\"application\/ld+json\" class=\"yoast-schema-graph\">{\"@context\":\"https:\/\/schema.org\",\"@graph\":[{\"@type\":\"WebPage\",\"@id\":\"https:\/\/www.leonsolar.com\/product\/aluminumalloy-carport-solar-pv-system\/\",\"url\":\"https:\/\/www.leonsolar.com\/product\/aluminumalloy-carport-solar-pv-system\/\",\"name\":\"Carport Solar Mounting System Excellent Water Resistance\",\"isPartOf\":{\"@id\":\"https:\/\/www.leonsolar.com\/#website\"},\"primaryImageOfPage\":{\"@id\":\"https:\/\/www.leonsolar.com\/product\/aluminumalloy-carport-solar-pv-system\/#primaryimage\"},\"image\":{\"@id\":\"https:\/\/www.leonsolar.com\/product\/aluminumalloy-carport-solar-pv-system\/#primaryimage\"},\"thumbnailUrl\":\"https:\/\/www.leonsolar.com\/wp-content\/uploads\/2024\/11\/leon-solar-Aluminumalloy-carport-solar-pv-system-200.png\",\"datePublished\":\"2024-09-09T03:36:26+00:00\",\"dateModified\":\"2024-11-15T08:15:19+00:00\",\"description\":\"Leon carport solar mounting system Advantages: Watertight, durable support for customization, easy to install\uff0cThe most important thing is safety.\",\"breadcrumb\":{\"@id\":\"https:\/\/www.leonsolar.com\/product\/aluminumalloy-carport-solar-pv-system\/#breadcrumb\"},\"inLanguage\":\"es\",\"potentialAction\":[{\"@type\":\"ReadAction\",\"target\":[\"https:\/\/www.leonsolar.com\/product\/aluminumalloy-carport-solar-pv-system\/\"]}]},{\"@type\":\"ImageObject\",\"inLanguage\":\"es\",\"@id\":\"https:\/\/www.leonsolar.com\/product\/aluminumalloy-carport-solar-pv-system\/#primaryimage\",\"url\":\"https:\/\/www.leonsolar.com\/wp-content\/uploads\/2024\/11\/leon-solar-Aluminumalloy-carport-solar-pv-system-200.png\",\"contentUrl\":\"https:\/\/www.leonsolar.com\/wp-content\/uploads\/2024\/11\/leon-solar-Aluminumalloy-carport-solar-pv-system-200.png\",\"width\":800,\"height\":800,\"caption\":\"carport mounting system must have enough strength to ensure vehicle and personal safety.\"},{\"@type\":\"BreadcrumbList\",\"@id\":\"https:\/\/www.leonsolar.com\/product\/aluminumalloy-carport-solar-pv-system\/#breadcrumb\",\"itemListElement\":[{\"@type\":\"ListItem\",\"position\":1,\"name\":\"Home\",\"item\":\"https:\/\/www.leonsolar.com\/\"},{\"@type\":\"ListItem\",\"position\":2,\"name\":\"Products\",\"item\":\"https:\/\/www.leonsolar.com\/shop\/\"},{\"@type\":\"ListItem\",\"position\":3,\"name\":\"Aluminumalloy carport solar mounting system\"}]},{\"@type\":\"WebSite\",\"@id\":\"https:\/\/www.leonsolar.com\/#website\",\"url\":\"https:\/\/www.leonsolar.com\/\",\"name\":\"Leon solar mounting system\",\"description\":\"ground mount system,tin roof mount system,tie roof mount system,floating pv system,solar pv Accessories\",\"publisher\":{\"@id\":\"https:\/\/www.leonsolar.com\/#organization\"},\"alternateName\":\"Show pages in search results Show pages in search results Disabling this means that pages will not be indexed by search engines and will be excluded from XML sitemaps. Read more about the search results settings.\",\"potentialAction\":[{\"@type\":\"SearchAction\",\"target\":{\"@type\":\"EntryPoint\",\"urlTemplate\":\"https:\/\/www.leonsolar.com\/?s={search_term_string}\"},\"query-input\":{\"@type\":\"PropertyValueSpecification\",\"valueRequired\":true,\"valueName\":\"search_term_string\"}}],\"inLanguage\":\"es\"},{\"@type\":\"Organization\",\"@id\":\"https:\/\/www.leonsolar.com\/#organization\",\"name\":\"Xiamen Leon Solar Technology Co., Ltd\",\"url\":\"https:\/\/www.leonsolar.com\/\",\"logo\":{\"@type\":\"ImageObject\",\"inLanguage\":\"es\",\"@id\":\"https:\/\/www.leonsolar.com\/#\/schema\/logo\/image\/\",\"url\":\"https:\/\/www.leonsolar.com\/wp-content\/uploads\/2024\/09\/leon-solar-company-logo-250-250.png\",\"contentUrl\":\"https:\/\/www.leonsolar.com\/wp-content\/uploads\/2024\/09\/leon-solar-company-logo-250-250.png\",\"width\":1044,\"height\":720,\"caption\":\"Xiamen Leon Solar Technology Co., Ltd\"},\"image\":{\"@id\":\"https:\/\/www.leonsolar.com\/#\/schema\/logo\/image\/\"},\"sameAs\":[\"https:\/\/www.facebook.com\/profile.php?id=100091002557296\",\"https:\/\/www.linkedin.com\/company\/13753269\/admin\/dashboard\/\"]}]}<\/script>\n<!-- \/ Yoast SEO Premium plugin. -->","yoast_head_json":{"title":"Sistema de montaje solar en cochera Excelente resistencia al agua","description":"Leon carport sistema de montaje solar Ventajas: Estanco, soporte duradero de personalizaci\u00f3n, f\u00e1cil de instalar\uff0cLo m\u00e1s importante es la seguridad.","robots":{"index":"index","follow":"follow","max-snippet":"max-snippet:-1","max-image-preview":"max-image-preview:large","max-video-preview":"max-video-preview:-1"},"canonical":"https:\/\/www.leonsolar.com\/es\/producto\/carport-de-aleacion-de-aluminio-sistema-solar-pv\/","og_locale":"es_ES","og_type":"article","og_title":"Aluminumalloy carport solar mounting system","og_description":"Leon carport solar mounting system Advantages: Watertight, durable support for customization, easy to install\uff0cThe most important thing is safety.","og_url":"https:\/\/www.leonsolar.com\/es\/producto\/carport-de-aleacion-de-aluminio-sistema-solar-pv\/","article_publisher":"https:\/\/www.facebook.com\/profile.php?id=100091002557296","article_modified_time":"2024-11-15T08:15:19+00:00","og_image":[{"width":800,"height":800,"url":"https:\/\/www.leonsolar.com\/wp-content\/uploads\/2024\/11\/leon-solar-Aluminumalloy-carport-solar-pv-system-200.png","type":"image\/png"}],"twitter_card":"summary_large_image","twitter_description":"Leon carport solar mounting system Advantages: Watertight, durable support for customization, easy to install\uff0cThe most important thing is safety.","twitter_misc":{"Tiempo de lectura":"2 minutos"},"schema":{"@context":"https:\/\/schema.org","@graph":[{"@type":"WebPage","@id":"https:\/\/www.leonsolar.com\/product\/aluminumalloy-carport-solar-pv-system\/","url":"https:\/\/www.leonsolar.com\/product\/aluminumalloy-carport-solar-pv-system\/","name":"Sistema de montaje solar en cochera Excelente resistencia al agua","isPartOf":{"@id":"https:\/\/www.leonsolar.com\/#website"},"primaryImageOfPage":{"@id":"https:\/\/www.leonsolar.com\/product\/aluminumalloy-carport-solar-pv-system\/#primaryimage"},"image":{"@id":"https:\/\/www.leonsolar.com\/product\/aluminumalloy-carport-solar-pv-system\/#primaryimage"},"thumbnailUrl":"https:\/\/www.leonsolar.com\/wp-content\/uploads\/2024\/11\/leon-solar-Aluminumalloy-carport-solar-pv-system-200.png","datePublished":"2024-09-09T03:36:26+00:00","dateModified":"2024-11-15T08:15:19+00:00","description":"Leon carport sistema de montaje solar Ventajas: Estanco, soporte duradero de personalizaci\u00f3n, f\u00e1cil de instalar\uff0cLo m\u00e1s importante es la seguridad.","breadcrumb":{"@id":"https:\/\/www.leonsolar.com\/product\/aluminumalloy-carport-solar-pv-system\/#breadcrumb"},"inLanguage":"es","potentialAction":[{"@type":"ReadAction","target":["https:\/\/www.leonsolar.com\/product\/aluminumalloy-carport-solar-pv-system\/"]}]},{"@type":"ImageObject","inLanguage":"es","@id":"https:\/\/www.leonsolar.com\/product\/aluminumalloy-carport-solar-pv-system\/#primaryimage","url":"https:\/\/www.leonsolar.com\/wp-content\/uploads\/2024\/11\/leon-solar-Aluminumalloy-carport-solar-pv-system-200.png","contentUrl":"https:\/\/www.leonsolar.com\/wp-content\/uploads\/2024\/11\/leon-solar-Aluminumalloy-carport-solar-pv-system-200.png","width":800,"height":800,"caption":"carport mounting system must have enough strength to ensure vehicle and personal safety."},{"@type":"BreadcrumbList","@id":"https:\/\/www.leonsolar.com\/product\/aluminumalloy-carport-solar-pv-system\/#breadcrumb","itemListElement":[{"@type":"ListItem","position":1,"name":"Home","item":"https:\/\/www.leonsolar.com\/"},{"@type":"ListItem","position":2,"name":"Products","item":"https:\/\/www.leonsolar.com\/shop\/"},{"@type":"ListItem","position":3,"name":"Aluminumalloy carport solar mounting system"}]},{"@type":"WebSite","@id":"https:\/\/www.leonsolar.com\/#website","url":"https:\/\/www.leonsolar.com\/","name":"Sistema de montaje solar Leon","description":"sistema de montaje en suelo,sistema de montaje en tejado de zinc,sistema de montaje en tejado flotante,sistema pv solar Accesorios","publisher":{"@id":"https:\/\/www.leonsolar.com\/#organization"},"alternateName":"Show pages in search results Show pages in search results Disabling this means that pages will not be indexed by search engines and will be excluded from XML sitemaps. Read more about the search results settings.","potentialAction":[{"@type":"SearchAction","target":{"@type":"EntryPoint","urlTemplate":"https:\/\/www.leonsolar.com\/?s={search_term_string}"},"query-input":{"@type":"PropertyValueSpecification","valueRequired":true,"valueName":"search_term_string"}}],"inLanguage":"es"},{"@type":"Organization","@id":"https:\/\/www.leonsolar.com\/#organization","name":"Xiamen Leon Solar Technology S.L.","url":"https:\/\/www.leonsolar.com\/","logo":{"@type":"ImageObject","inLanguage":"es","@id":"https:\/\/www.leonsolar.com\/#\/schema\/logo\/image\/","url":"https:\/\/www.leonsolar.com\/wp-content\/uploads\/2024\/09\/leon-solar-company-logo-250-250.png","contentUrl":"https:\/\/www.leonsolar.com\/wp-content\/uploads\/2024\/09\/leon-solar-company-logo-250-250.png","width":1044,"height":720,"caption":"Xiamen Leon Solar Technology Co., Ltd"},"image":{"@id":"https:\/\/www.leonsolar.com\/#\/schema\/logo\/image\/"},"sameAs":["https:\/\/www.facebook.com\/profile.php?id=100091002557296","https:\/\/www.linkedin.com\/company\/13753269\/admin\/dashboard\/"]}]}},"_links":{"self":[{"href":"https:\/\/www.leonsolar.com\/es\/wp-json\/wp\/v2\/product\/1961"}],"collection":[{"href":"https:\/\/www.leonsolar.com\/es\/wp-json\/wp\/v2\/product"}],"about":[{"href":"https:\/\/www.leonsolar.com\/es\/wp-json\/wp\/v2\/types\/product"}],"wp:featuredmedia":[{"embeddable":true,"href":"https:\/\/www.leonsolar.com\/es\/wp-json\/wp\/v2\/media\/3172"}],"wp:attachment":[{"href":"https:\/\/www.leonsolar.com\/es\/wp-json\/wp\/v2\/media?parent=1961"}],"wp:term":[{"taxonomy":"product_brand","embeddable":true,"href":"https:\/\/www.leonsolar.com\/es\/wp-json\/wp\/v2\/product_brand?post=1961"},{"taxonomy":"product_cat","embeddable":true,"href":"https:\/\/www.leonsolar.com\/es\/wp-json\/wp\/v2\/product_cat?post=1961"},{"taxonomy":"product_tag","embeddable":true,"href":"https:\/\/www.leonsolar.com\/es\/wp-json\/wp\/v2\/product_tag?post=1961"}],"curies":[{"name":"wp","href":"https:\/\/api.w.org\/{rel}","templated":true}]}}