{"id":2069,"date":"2024-09-10T03:12:23","date_gmt":"2024-09-10T03:12:23","guid":{"rendered":"https:\/\/leonsolar.com\/?post_type=product&#038;p=2069"},"modified":"2024-11-20T03:21:32","modified_gmt":"2024-11-20T03:21:32","slug":"sistema-fotovoltaico-de-apoyo-al-balcon","status":"publish","type":"product","link":"https:\/\/www.leonsolar.com\/es\/producto\/sistema-fotovoltaico-de-apoyo-al-balcon\/","title":{"rendered":"Sistema de soporte fotovoltaico para balcones"},"content":{"rendered":"<p>El sistema de soporte fotovoltaico para balcones es una soluci\u00f3n vers\u00e1til e innovadora dise\u00f1ada para aprovechar la energ\u00eda solar en balcones residenciales, en particular utilizando las barandillas de los balcones. Este sistema pretende satisfacer las necesidades diarias de electricidad de los usuarios al tiempo que optimiza el espacio y mejora el atractivo est\u00e9tico del entorno vital.<\/p>\n<p><img fetchpriority=\"high\" decoding=\"async\" class=\"alignnone wp-image-3177 size-full\" src=\"https:\/\/www.leonsolar.com\/wp-content\/uploads\/2024\/11\/leon-solar-roof-Balcony-photovoltaic-support-system-100.png\" alt=\"Efecto del sistema de instalaci\u00f3n solar en el balc\u00f3n\" width=\"1200\" height=\"1200\" srcset=\"https:\/\/www.leonsolar.com\/wp-content\/uploads\/2024\/11\/leon-solar-roof-Balcony-photovoltaic-support-system-100.png 1200w, https:\/\/www.leonsolar.com\/wp-content\/uploads\/2024\/11\/leon-solar-roof-Balcony-photovoltaic-support-system-100-300x300.png 300w, https:\/\/www.leonsolar.com\/wp-content\/uploads\/2024\/11\/leon-solar-roof-Balcony-photovoltaic-support-system-100-1024x1024.png 1024w, https:\/\/www.leonsolar.com\/wp-content\/uploads\/2024\/11\/leon-solar-roof-Balcony-photovoltaic-support-system-100-150x150.png 150w, https:\/\/www.leonsolar.com\/wp-content\/uploads\/2024\/11\/leon-solar-roof-Balcony-photovoltaic-support-system-100-768x768.png 768w, https:\/\/www.leonsolar.com\/wp-content\/uploads\/2024\/11\/leon-solar-roof-Balcony-photovoltaic-support-system-100-12x12.png 12w, https:\/\/www.leonsolar.com\/wp-content\/uploads\/2024\/11\/leon-solar-roof-Balcony-photovoltaic-support-system-100-600x600.png 600w, https:\/\/www.leonsolar.com\/wp-content\/uploads\/2024\/11\/leon-solar-roof-Balcony-photovoltaic-support-system-100-100x100.png 100w\" sizes=\"(max-width: 1200px) 100vw, 1200px\" \/><\/p>\n<h3>Objetivo principal:<\/h3>\n<ul>\n<li><strong>Generaci\u00f3n de energ\u00eda renovable<\/strong>: Producir electricidad limpia y sostenible directamente en el balc\u00f3n, reduciendo la dependencia de la red el\u00e9ctrica.<\/li>\n<li><strong>Eficiencia espacial<\/strong>: Al integrarse con las barandillas de los balcones existentes, maximiza el uso del limitado espacio exterior sin invadir las zonas habitables.<\/li>\n<li><strong>Comodidad y accesibilidad<\/strong>: F\u00e1cil de instalar y mantener, por lo que es accesible para los propietarios de viviendas para gestionar su producci\u00f3n de energ\u00eda.<\/li>\n<\/ul>\n<h3>Ventajas clave:<\/h3>\n<ul>\n<li><strong>Integraci\u00f3n con barandillas de balcones<\/strong>: El sistema est\u00e1 dise\u00f1ado para fijarse firmemente a la barandilla, utilizando una parte del balc\u00f3n que de otro modo no se utilizar\u00eda para generar energ\u00eda.<\/li>\n<li><strong>Satisfacci\u00f3n de las necesidades diarias de electricidad<\/strong>: Capaz de generar una parte significativa de las necesidades diarias de electricidad de un hogar, dependiendo del tama\u00f1o y la eficiencia de los paneles solares utilizados.<\/li>\n<li><strong>Atractivo est\u00e9tico<\/strong>: Se integra armoniosamente en el dise\u00f1o arquitect\u00f3nico del edificio, realzando el aspecto general del balc\u00f3n sin molestar.<\/li>\n<li><strong>Durabilidad y resistencia a la intemperie<\/strong>: Construido con materiales robustos que pueden soportar diversas condiciones clim\u00e1ticas, lo que garantiza la fiabilidad y el rendimiento a largo plazo.<\/li>\n<\/ul>\n<h3>Consideraci\u00f3n especial para el uso del balc\u00f3n:<\/h3>\n<ul>\n<li><strong>Dise\u00f1o compacto<\/strong>: El dise\u00f1o del sistema permite un uso eficiente del espacio de los balcones, algo crucial en entornos urbanos donde las zonas al aire libre son limitadas.<\/li>\n<li><strong>Seguridad y estabilidad<\/strong>: Una cuidadosa ingenier\u00eda garantiza que el sistema no a\u00f1ade ning\u00fan riesgo adicional a los usuarios de balcones, manteniendo la estabilidad y las normas de seguridad.<\/li>\n<li><strong>Facilidad de instalaci\u00f3n<\/strong>: Los sencillos procedimientos de instalaci\u00f3n permiten a los usuarios instalar el sistema por s\u00ed mismos, lo que reduce costes y tiempo.<\/li>\n<\/ul>\n<p>Aprovechando conceptos de la lista proporcionada de 100 palabras clave, como \"<a href=\"https:\/\/www.leonsolar.com\/es\/categoria-de-productos\/sistema-de-montaje-solar-leonsolar\/sistema-fotovoltaico-leonsolar\/\">Soportes para paneles solares<\/a>\", \"Instalaci\u00f3n de sistemas fotovoltaicos\" y \"Soluciones fotovoltaicas para tejados\", el sistema de soporte fotovoltaico para balcones ofrece una soluci\u00f3n completa para integrar la energ\u00eda solar en la vida cotidiana. Este enfoque no s\u00f3lo contribuye a la sostenibilidad medioambiental, sino que tambi\u00e9n proporciona beneficios econ\u00f3micos al reducir las facturas de electricidad y aumentar potencialmente el valor de la propiedad.<\/p>\n<p>&nbsp;<\/p>\n<h3>Certificaciones t\u00e9cnicas:<\/h3>\n<p>&nbsp;<\/p>\n<p><img decoding=\"async\" class=\"size-full wp-image-2612\" src=\"https:\/\/leonsolar.com\/wp-content\/uploads\/2024\/09\/leon-solar-brackets-pv-system-certification.png\" alt=\"Principales certificaciones y objetivos de los sistemas de montaje FV Las principales certificaciones de los sistemas de montaje FV son: IEC 61730: Garantiza las normas de seguridad y rendimiento de los m\u00f3dulos FV y sus sistemas de montaje. UL 1703: Cubre los requisitos de seguridad para m\u00f3dulos FV planos y sus soportes. Marcado CE: Indica el cumplimiento de las normas de la UE en materia de salud, seguridad y protecci\u00f3n del medio ambiente. Certificaci\u00f3n TUV: Valida la calidad y fiabilidad de los productos y sistemas fotovoltaicos. Estas certificaciones garantizan que los sistemas de montaje FV cumplen rigurosas normas de calidad y seguridad, proporcionando un rendimiento fiable y protecci\u00f3n frente a posibles peligros. Son cruciales para conseguir la aceptaci\u00f3n del mercado y la confianza del consumidor.\" width=\"771\" height=\"390\" srcset=\"https:\/\/www.leonsolar.com\/wp-content\/uploads\/2024\/09\/leon-solar-brackets-pv-system-certification.png 771w, https:\/\/www.leonsolar.com\/wp-content\/uploads\/2024\/09\/leon-solar-brackets-pv-system-certification-300x152.png 300w, https:\/\/www.leonsolar.com\/wp-content\/uploads\/2024\/09\/leon-solar-brackets-pv-system-certification-768x388.png 768w, https:\/\/www.leonsolar.com\/wp-content\/uploads\/2024\/09\/leon-solar-brackets-pv-system-certification-600x304.png 600w\" sizes=\"(max-width: 771px) 100vw, 771px\" \/><\/p>","protected":false},"excerpt":{"rendered":"<p>\u00c1ngulo de inclinaci\u00f3n: 15-30<\/p>\n<p>Material: Aluminio de alta resistencia 6005-T5, acero inoxidable SUS304<\/p>\n<p>Garant\u00eda: 10 a\u00f1os<\/p>\n<p>Certificados\uff1aCE\uff0cSGS<\/p>\n<p>Conformidad:AS\/NZS1170.2,Euro Code 8, DIN 1055.IBC 2006<\/p>","protected":false},"featured_media":3177,"template":"","meta":{"site-sidebar-layout":"default","site-content-layout":"","ast-site-content-layout":"default","site-content-style":"default","site-sidebar-style":"default","ast-global-header-display":"","ast-banner-title-visibility":"","ast-main-header-display":"","ast-hfb-above-header-display":"","ast-hfb-below-header-display":"","ast-hfb-mobile-header-display":"","site-post-title":"","ast-breadcrumbs-content":"","ast-featured-img":"","footer-sml-layout":"","theme-transparent-header-meta":"default","adv-header-id-meta":"","stick-header-meta":"default","header-above-stick-meta":"","header-main-stick-meta":"","header-below-stick-meta":"","astra-migrate-meta-layouts":"set","ast-page-background-enabled":"default","ast-page-background-meta":{"desktop":{"background-color":"var(--ast-global-color-4)","background-image":"","background-repeat":"repeat","background-position":"center center","background-size":"auto","background-attachment":"scroll","background-type":"","background-media":"","overlay-type":"","overlay-color":"","overlay-opacity":"","overlay-gradient":""},"tablet":{"background-color":"","background-image":"","background-repeat":"repeat","background-position":"center center","background-size":"auto","background-attachment":"scroll","background-type":"","background-media":"","overlay-type":"","overlay-color":"","overlay-opacity":"","overlay-gradient":""},"mobile":{"background-color":"","background-image":"","background-repeat":"repeat","background-position":"center center","background-size":"auto","background-attachment":"scroll","background-type":"","background-media":"","overlay-type":"","overlay-color":"","overlay-opacity":"","overlay-gradient":""}},"ast-content-background-meta":{"desktop":{"background-color":"var(--ast-global-color-5)","background-image":"","background-repeat":"repeat","background-position":"center center","background-size":"auto","background-attachment":"scroll","background-type":"","background-media":"","overlay-type":"","overlay-color":"","overlay-opacity":"","overlay-gradient":""},"tablet":{"background-color":"var(--ast-global-color-5)","background-image":"","background-repeat":"repeat","background-position":"center center","background-size":"auto","background-attachment":"scroll","background-type":"","background-media":"","overlay-type":"","overlay-color":"","overlay-opacity":"","overlay-gradient":""},"mobile":{"background-color":"var(--ast-global-color-5)","background-image":"","background-repeat":"repeat","background-position":"center center","background-size":"auto","background-attachment":"scroll","background-type":"","background-media":"","overlay-type":"","overlay-color":"","overlay-opacity":"","overlay-gradient":""}}},"product_brand":[],"product_cat":[65,107,76],"product_tag":[194,189,188,193],"class_list":{"0":"post-2069","1":"product","2":"type-product","3":"status-publish","4":"has-post-thumbnail","6":"product_cat-all-products","7":"product_cat-balcony-solar-mounting-structure","8":"product_cat-leonsolar-roof-solar-pv-system","9":"product_tag-balcony-pv-system","10":"product_tag-pv-roof-systems","11":"product_tag-roof-pv-mounts","12":"product_tag-solar-panel-mounts","13":"desktop-align-left","14":"tablet-align-left","15":"mobile-align-left","17":"first","18":"instock","19":"shipping-taxable","20":"product-type-simple"},"yoast_head":"<!-- This site is optimized with the Yoast SEO Premium plugin v23.3 (Yoast SEO v24.4) - https:\/\/yoast.com\/wordpress\/plugins\/seo\/ -->\n<title>balcony solar system manufacturer<\/title>\n<meta name=\"description\" content=\"The balcony solar system can use the location of the balcony railing,or window to install photovoltaic panels.ballasted solar racking manufacturer.\" \/>\n<meta name=\"robots\" content=\"index, follow, max-snippet:-1, max-image-preview:large, max-video-preview:-1\" \/>\n<link rel=\"canonical\" href=\"https:\/\/www.leonsolar.com\/es\/producto\/sistema-fotovoltaico-de-apoyo-al-balcon\/\" \/>\n<meta property=\"og:locale\" content=\"es_ES\" \/>\n<meta property=\"og:type\" content=\"article\" \/>\n<meta property=\"og:title\" content=\"Balcony photovoltaic support system\" \/>\n<meta property=\"og:description\" content=\"The balcony solar system can use the location of the balcony railing,or window to install photovoltaic panels.ballasted solar racking manufacturer.\" \/>\n<meta property=\"og:url\" content=\"https:\/\/www.leonsolar.com\/es\/producto\/sistema-fotovoltaico-de-apoyo-al-balcon\/\" \/>\n<meta property=\"article:publisher\" content=\"https:\/\/www.facebook.com\/profile.php?id=100091002557296\" \/>\n<meta property=\"article:modified_time\" content=\"2024-11-20T03:21:32+00:00\" \/>\n<meta property=\"og:image\" content=\"https:\/\/www.leonsolar.com\/wp-content\/uploads\/2024\/11\/leon-solar-roof-Balcony-photovoltaic-support-system-100.png\" \/>\n\t<meta property=\"og:image:width\" content=\"1200\" \/>\n\t<meta property=\"og:image:height\" content=\"1200\" \/>\n\t<meta property=\"og:image:type\" content=\"image\/png\" \/>\n<meta name=\"twitter:card\" content=\"summary_large_image\" \/>\n<meta name=\"twitter:label1\" content=\"Tiempo de lectura\" \/>\n\t<meta name=\"twitter:data1\" content=\"3 minutos\" \/>\n<script type=\"application\/ld+json\" class=\"yoast-schema-graph\">{\"@context\":\"https:\/\/schema.org\",\"@graph\":[{\"@type\":\"WebPage\",\"@id\":\"https:\/\/www.leonsolar.com\/product\/balcony-photovoltaic-support-system\/\",\"url\":\"https:\/\/www.leonsolar.com\/product\/balcony-photovoltaic-support-system\/\",\"name\":\"balcony solar system manufacturer\",\"isPartOf\":{\"@id\":\"https:\/\/www.leonsolar.com\/#website\"},\"primaryImageOfPage\":{\"@id\":\"https:\/\/www.leonsolar.com\/product\/balcony-photovoltaic-support-system\/#primaryimage\"},\"image\":{\"@id\":\"https:\/\/www.leonsolar.com\/product\/balcony-photovoltaic-support-system\/#primaryimage\"},\"thumbnailUrl\":\"https:\/\/www.leonsolar.com\/wp-content\/uploads\/2024\/11\/leon-solar-roof-Balcony-photovoltaic-support-system-100.png\",\"datePublished\":\"2024-09-10T03:12:23+00:00\",\"dateModified\":\"2024-11-20T03:21:32+00:00\",\"description\":\"The balcony solar system can use the location of the balcony railing,or window to install photovoltaic panels.ballasted solar racking manufacturer.\",\"breadcrumb\":{\"@id\":\"https:\/\/www.leonsolar.com\/product\/balcony-photovoltaic-support-system\/#breadcrumb\"},\"inLanguage\":\"es\",\"potentialAction\":[{\"@type\":\"ReadAction\",\"target\":[\"https:\/\/www.leonsolar.com\/product\/balcony-photovoltaic-support-system\/\"]}]},{\"@type\":\"ImageObject\",\"inLanguage\":\"es\",\"@id\":\"https:\/\/www.leonsolar.com\/product\/balcony-photovoltaic-support-system\/#primaryimage\",\"url\":\"https:\/\/www.leonsolar.com\/wp-content\/uploads\/2024\/11\/leon-solar-roof-Balcony-photovoltaic-support-system-100.png\",\"contentUrl\":\"https:\/\/www.leonsolar.com\/wp-content\/uploads\/2024\/11\/leon-solar-roof-Balcony-photovoltaic-support-system-100.png\",\"width\":1200,\"height\":1200,\"caption\":\"Balcony solar installation system effect\"},{\"@type\":\"BreadcrumbList\",\"@id\":\"https:\/\/www.leonsolar.com\/product\/balcony-photovoltaic-support-system\/#breadcrumb\",\"itemListElement\":[{\"@type\":\"ListItem\",\"position\":1,\"name\":\"Home\",\"item\":\"https:\/\/www.leonsolar.com\/\"},{\"@type\":\"ListItem\",\"position\":2,\"name\":\"Products\",\"item\":\"https:\/\/www.leonsolar.com\/shop\/\"},{\"@type\":\"ListItem\",\"position\":3,\"name\":\"Balcony photovoltaic support system\"}]},{\"@type\":\"WebSite\",\"@id\":\"https:\/\/www.leonsolar.com\/#website\",\"url\":\"https:\/\/www.leonsolar.com\/\",\"name\":\"Leon solar mounting system\",\"description\":\"ground mount system,tin roof mount system,tie roof mount system,floating pv system,solar pv Accessories\",\"publisher\":{\"@id\":\"https:\/\/www.leonsolar.com\/#organization\"},\"alternateName\":\"Show pages in search results Show pages in search results Disabling this means that pages will not be indexed by search engines and will be excluded from XML sitemaps. Read more about the search results settings.\",\"potentialAction\":[{\"@type\":\"SearchAction\",\"target\":{\"@type\":\"EntryPoint\",\"urlTemplate\":\"https:\/\/www.leonsolar.com\/?s={search_term_string}\"},\"query-input\":{\"@type\":\"PropertyValueSpecification\",\"valueRequired\":true,\"valueName\":\"search_term_string\"}}],\"inLanguage\":\"es\"},{\"@type\":\"Organization\",\"@id\":\"https:\/\/www.leonsolar.com\/#organization\",\"name\":\"Xiamen Leon Solar Technology Co., Ltd\",\"url\":\"https:\/\/www.leonsolar.com\/\",\"logo\":{\"@type\":\"ImageObject\",\"inLanguage\":\"es\",\"@id\":\"https:\/\/www.leonsolar.com\/#\/schema\/logo\/image\/\",\"url\":\"https:\/\/www.leonsolar.com\/wp-content\/uploads\/2024\/09\/leon-solar-company-logo-250-250.png\",\"contentUrl\":\"https:\/\/www.leonsolar.com\/wp-content\/uploads\/2024\/09\/leon-solar-company-logo-250-250.png\",\"width\":1044,\"height\":720,\"caption\":\"Xiamen Leon Solar Technology Co., Ltd\"},\"image\":{\"@id\":\"https:\/\/www.leonsolar.com\/#\/schema\/logo\/image\/\"},\"sameAs\":[\"https:\/\/www.facebook.com\/profile.php?id=100091002557296\",\"https:\/\/www.linkedin.com\/company\/13753269\/admin\/dashboard\/\"]}]}<\/script>\n<!-- \/ Yoast SEO Premium plugin. -->","yoast_head_json":{"title":"fabricante de sistemas solares para balcones","description":"El sistema solar balc\u00f3n puede utilizar la ubicaci\u00f3n de la barandilla del balc\u00f3n, o ventana para instalar paneles fotovoltaicos.","robots":{"index":"index","follow":"follow","max-snippet":"max-snippet:-1","max-image-preview":"max-image-preview:large","max-video-preview":"max-video-preview:-1"},"canonical":"https:\/\/www.leonsolar.com\/es\/producto\/sistema-fotovoltaico-de-apoyo-al-balcon\/","og_locale":"es_ES","og_type":"article","og_title":"Balcony photovoltaic support system","og_description":"The balcony solar system can use the location of the balcony railing,or window to install photovoltaic panels.ballasted solar racking manufacturer.","og_url":"https:\/\/www.leonsolar.com\/es\/producto\/sistema-fotovoltaico-de-apoyo-al-balcon\/","article_publisher":"https:\/\/www.facebook.com\/profile.php?id=100091002557296","article_modified_time":"2024-11-20T03:21:32+00:00","og_image":[{"width":1200,"height":1200,"url":"https:\/\/www.leonsolar.com\/wp-content\/uploads\/2024\/11\/leon-solar-roof-Balcony-photovoltaic-support-system-100.png","type":"image\/png"}],"twitter_card":"summary_large_image","twitter_misc":{"Tiempo de lectura":"3 minutos"},"schema":{"@context":"https:\/\/schema.org","@graph":[{"@type":"WebPage","@id":"https:\/\/www.leonsolar.com\/product\/balcony-photovoltaic-support-system\/","url":"https:\/\/www.leonsolar.com\/product\/balcony-photovoltaic-support-system\/","name":"fabricante de sistemas solares para balcones","isPartOf":{"@id":"https:\/\/www.leonsolar.com\/#website"},"primaryImageOfPage":{"@id":"https:\/\/www.leonsolar.com\/product\/balcony-photovoltaic-support-system\/#primaryimage"},"image":{"@id":"https:\/\/www.leonsolar.com\/product\/balcony-photovoltaic-support-system\/#primaryimage"},"thumbnailUrl":"https:\/\/www.leonsolar.com\/wp-content\/uploads\/2024\/11\/leon-solar-roof-Balcony-photovoltaic-support-system-100.png","datePublished":"2024-09-10T03:12:23+00:00","dateModified":"2024-11-20T03:21:32+00:00","description":"El sistema solar balc\u00f3n puede utilizar la ubicaci\u00f3n de la barandilla del balc\u00f3n, o ventana para instalar paneles fotovoltaicos.","breadcrumb":{"@id":"https:\/\/www.leonsolar.com\/product\/balcony-photovoltaic-support-system\/#breadcrumb"},"inLanguage":"es","potentialAction":[{"@type":"ReadAction","target":["https:\/\/www.leonsolar.com\/product\/balcony-photovoltaic-support-system\/"]}]},{"@type":"ImageObject","inLanguage":"es","@id":"https:\/\/www.leonsolar.com\/product\/balcony-photovoltaic-support-system\/#primaryimage","url":"https:\/\/www.leonsolar.com\/wp-content\/uploads\/2024\/11\/leon-solar-roof-Balcony-photovoltaic-support-system-100.png","contentUrl":"https:\/\/www.leonsolar.com\/wp-content\/uploads\/2024\/11\/leon-solar-roof-Balcony-photovoltaic-support-system-100.png","width":1200,"height":1200,"caption":"Balcony solar installation system effect"},{"@type":"BreadcrumbList","@id":"https:\/\/www.leonsolar.com\/product\/balcony-photovoltaic-support-system\/#breadcrumb","itemListElement":[{"@type":"ListItem","position":1,"name":"Home","item":"https:\/\/www.leonsolar.com\/"},{"@type":"ListItem","position":2,"name":"Products","item":"https:\/\/www.leonsolar.com\/shop\/"},{"@type":"ListItem","position":3,"name":"Balcony photovoltaic support system"}]},{"@type":"WebSite","@id":"https:\/\/www.leonsolar.com\/#website","url":"https:\/\/www.leonsolar.com\/","name":"Sistema de montaje solar Leon","description":"sistema de montaje en suelo,sistema de montaje en tejado de zinc,sistema de montaje en tejado flotante,sistema pv solar Accesorios","publisher":{"@id":"https:\/\/www.leonsolar.com\/#organization"},"alternateName":"Show pages in search results Show pages in search results Disabling this means that pages will not be indexed by search engines and will be excluded from XML sitemaps. Read more about the search results settings.","potentialAction":[{"@type":"SearchAction","target":{"@type":"EntryPoint","urlTemplate":"https:\/\/www.leonsolar.com\/?s={search_term_string}"},"query-input":{"@type":"PropertyValueSpecification","valueRequired":true,"valueName":"search_term_string"}}],"inLanguage":"es"},{"@type":"Organization","@id":"https:\/\/www.leonsolar.com\/#organization","name":"Xiamen Leon Solar Technology S.L.","url":"https:\/\/www.leonsolar.com\/","logo":{"@type":"ImageObject","inLanguage":"es","@id":"https:\/\/www.leonsolar.com\/#\/schema\/logo\/image\/","url":"https:\/\/www.leonsolar.com\/wp-content\/uploads\/2024\/09\/leon-solar-company-logo-250-250.png","contentUrl":"https:\/\/www.leonsolar.com\/wp-content\/uploads\/2024\/09\/leon-solar-company-logo-250-250.png","width":1044,"height":720,"caption":"Xiamen Leon Solar Technology Co., Ltd"},"image":{"@id":"https:\/\/www.leonsolar.com\/#\/schema\/logo\/image\/"},"sameAs":["https:\/\/www.facebook.com\/profile.php?id=100091002557296","https:\/\/www.linkedin.com\/company\/13753269\/admin\/dashboard\/"]}]}},"_links":{"self":[{"href":"https:\/\/www.leonsolar.com\/es\/wp-json\/wp\/v2\/product\/2069"}],"collection":[{"href":"https:\/\/www.leonsolar.com\/es\/wp-json\/wp\/v2\/product"}],"about":[{"href":"https:\/\/www.leonsolar.com\/es\/wp-json\/wp\/v2\/types\/product"}],"wp:featuredmedia":[{"embeddable":true,"href":"https:\/\/www.leonsolar.com\/es\/wp-json\/wp\/v2\/media\/3177"}],"wp:attachment":[{"href":"https:\/\/www.leonsolar.com\/es\/wp-json\/wp\/v2\/media?parent=2069"}],"wp:term":[{"taxonomy":"product_brand","embeddable":true,"href":"https:\/\/www.leonsolar.com\/es\/wp-json\/wp\/v2\/product_brand?post=2069"},{"taxonomy":"product_cat","embeddable":true,"href":"https:\/\/www.leonsolar.com\/es\/wp-json\/wp\/v2\/product_cat?post=2069"},{"taxonomy":"product_tag","embeddable":true,"href":"https:\/\/www.leonsolar.com\/es\/wp-json\/wp\/v2\/product_tag?post=2069"}],"curies":[{"name":"wp","href":"https:\/\/api.w.org\/{rel}","templated":true}]}}