{"id":2148,"date":"2024-09-11T02:37:55","date_gmt":"2024-09-11T02:37:55","guid":{"rendered":"https:\/\/leonsolar.com\/?post_type=product&#038;p=2148"},"modified":"2024-09-24T07:22:25","modified_gmt":"2024-09-24T07:22:25","slug":"conector-de-riel-de-techo","status":"publish","type":"product","link":"https:\/\/www.leonsolar.com\/es\/producto\/conector-de-riel-de-techo\/","title":{"rendered":"Kit de empalme de ra\u00edl solar 01- Soluci\u00f3n duradera de uni\u00f3n de ra\u00edles"},"content":{"rendered":"<h2 style=\"text-align: center\">Kit de empalme de ra\u00edl 01<\/h2>\n<p>&nbsp;<\/p>\n<h3>Descripci\u00f3n del producto<\/h3>\n<p><strong>Los conectores de ra\u00edles se utilizan para unir dos o m\u00e1s ra\u00edles de montaje solar en un sistema de instalaci\u00f3n de paneles solares, garantizando una estructura de ra\u00edles estable y continua. Unen de forma segura los ra\u00edles adyacentes para crear un sistema de soporte sin fisuras para los paneles solares, por lo que resultan esenciales en instalaciones de mayor tama\u00f1o en las que se necesitan varios ra\u00edles.<\/strong><\/p>\n<p style=\"padding-left: 40px\"><img fetchpriority=\"high\" decoding=\"async\" class=\"alignleft wp-image-2727\" src=\"https:\/\/leonsolar.com\/wp-content\/uploads\/2024\/09\/rail-splice-kit-01-scaled.jpg\" alt=\"\" width=\"427\" height=\"283\" srcset=\"https:\/\/www.leonsolar.com\/wp-content\/uploads\/2024\/09\/rail-splice-kit-01-scaled.jpg 2560w, https:\/\/www.leonsolar.com\/wp-content\/uploads\/2024\/09\/rail-splice-kit-01-300x199.jpg 300w, https:\/\/www.leonsolar.com\/wp-content\/uploads\/2024\/09\/rail-splice-kit-01-1024x680.jpg 1024w, https:\/\/www.leonsolar.com\/wp-content\/uploads\/2024\/09\/rail-splice-kit-01-768x510.jpg 768w, https:\/\/www.leonsolar.com\/wp-content\/uploads\/2024\/09\/rail-splice-kit-01-1536x1019.jpg 1536w, https:\/\/www.leonsolar.com\/wp-content\/uploads\/2024\/09\/rail-splice-kit-01-2048x1359.jpg 2048w, https:\/\/www.leonsolar.com\/wp-content\/uploads\/2024\/09\/rail-splice-kit-01-18x12.jpg 18w, https:\/\/www.leonsolar.com\/wp-content\/uploads\/2024\/09\/rail-splice-kit-01-600x398.jpg 600w\" sizes=\"(max-width: 427px) 100vw, 427px\" \/><img decoding=\"async\" class=\"alignleft wp-image-2735\" src=\"https:\/\/leonsolar.com\/wp-content\/uploads\/2024\/09\/rail-splice-kit-scene-01.jpg\" alt=\"\" width=\"401\" height=\"307\" srcset=\"https:\/\/www.leonsolar.com\/wp-content\/uploads\/2024\/09\/rail-splice-kit-scene-01.jpg 1080w, https:\/\/www.leonsolar.com\/wp-content\/uploads\/2024\/09\/rail-splice-kit-scene-01-300x230.jpg 300w, https:\/\/www.leonsolar.com\/wp-content\/uploads\/2024\/09\/rail-splice-kit-scene-01-1024x784.jpg 1024w, https:\/\/www.leonsolar.com\/wp-content\/uploads\/2024\/09\/rail-splice-kit-scene-01-768x588.jpg 768w, https:\/\/www.leonsolar.com\/wp-content\/uploads\/2024\/09\/rail-splice-kit-scene-01-16x12.jpg 16w, https:\/\/www.leonsolar.com\/wp-content\/uploads\/2024\/09\/rail-splice-kit-scene-01-600x459.jpg 600w\" sizes=\"(max-width: 401px) 100vw, 401px\" \/><\/p>\n<h4 style=\"padding-left: 40px\"><\/h4>\n<h4 style=\"padding-left: 40px\"><\/h4>\n<h3><\/h3>\n<h3><\/h3>\n<h3>Caracter\u00edsticas t\u00e9cnicas<\/h3>\n<p><img decoding=\"async\" class=\"alignleft size-full wp-image-2718\" src=\"https:\/\/leonsolar.com\/wp-content\/uploads\/2024\/09\/Aluminum-bracket.png\" alt=\"\" width=\"1249\" height=\"282\" srcset=\"https:\/\/www.leonsolar.com\/wp-content\/uploads\/2024\/09\/Aluminum-bracket.png 1249w, https:\/\/www.leonsolar.com\/wp-content\/uploads\/2024\/09\/Aluminum-bracket-300x68.png 300w, https:\/\/www.leonsolar.com\/wp-content\/uploads\/2024\/09\/Aluminum-bracket-1024x231.png 1024w, https:\/\/www.leonsolar.com\/wp-content\/uploads\/2024\/09\/Aluminum-bracket-768x173.png 768w, https:\/\/www.leonsolar.com\/wp-content\/uploads\/2024\/09\/Aluminum-bracket-18x4.png 18w, https:\/\/www.leonsolar.com\/wp-content\/uploads\/2024\/09\/Aluminum-bracket-600x135.png 600w\" sizes=\"(max-width: 1249px) 100vw, 1249px\" \/><\/p>","protected":false},"excerpt":{"rendered":"<p><strong>Art\u00edculo:LS-ASK<\/strong><\/p>\n<p><strong>El conector de carril es un componente duradero y f\u00e1cil de instalar que se utiliza para unir de forma segura los carriles de montaje solar, proporcionando un sistema de soporte estable y continuo para las instalaciones de paneles solares.<\/strong><\/p>","protected":false},"featured_media":2149,"template":"","meta":{"site-sidebar-layout":"default","site-content-layout":"","ast-site-content-layout":"default","site-content-style":"default","site-sidebar-style":"default","ast-global-header-display":"","ast-banner-title-visibility":"","ast-main-header-display":"","ast-hfb-above-header-display":"","ast-hfb-below-header-display":"","ast-hfb-mobile-header-display":"","site-post-title":"","ast-breadcrumbs-content":"","ast-featured-img":"","footer-sml-layout":"","theme-transparent-header-meta":"default","adv-header-id-meta":"","stick-header-meta":"default","header-above-stick-meta":"","header-main-stick-meta":"","header-below-stick-meta":"","astra-migrate-meta-layouts":"set","ast-page-background-enabled":"default","ast-page-background-meta":{"desktop":{"background-color":"var(--ast-global-color-4)","background-image":"","background-repeat":"repeat","background-position":"center center","background-size":"auto","background-attachment":"scroll","background-type":"","background-media":"","overlay-type":"","overlay-color":"","overlay-opacity":"","overlay-gradient":""},"tablet":{"background-color":"","background-image":"","background-repeat":"repeat","background-position":"center center","background-size":"auto","background-attachment":"scroll","background-type":"","background-media":"","overlay-type":"","overlay-color":"","overlay-opacity":"","overlay-gradient":""},"mobile":{"background-color":"","background-image":"","background-repeat":"repeat","background-position":"center center","background-size":"auto","background-attachment":"scroll","background-type":"","background-media":"","overlay-type":"","overlay-color":"","overlay-opacity":"","overlay-gradient":""}},"ast-content-background-meta":{"desktop":{"background-color":"var(--ast-global-color-5)","background-image":"","background-repeat":"repeat","background-position":"center center","background-size":"auto","background-attachment":"scroll","background-type":"","background-media":"","overlay-type":"","overlay-color":"","overlay-opacity":"","overlay-gradient":""},"tablet":{"background-color":"var(--ast-global-color-5)","background-image":"","background-repeat":"repeat","background-position":"center center","background-size":"auto","background-attachment":"scroll","background-type":"","background-media":"","overlay-type":"","overlay-color":"","overlay-opacity":"","overlay-gradient":""},"mobile":{"background-color":"var(--ast-global-color-5)","background-image":"","background-repeat":"repeat","background-position":"center center","background-size":"auto","background-attachment":"scroll","background-type":"","background-media":"","overlay-type":"","overlay-color":"","overlay-opacity":"","overlay-gradient":""}}},"product_brand":[],"product_cat":[65,78],"product_tag":[123,138,118],"class_list":{"0":"post-2148","1":"product","2":"type-product","3":"status-publish","4":"has-post-thumbnail","6":"product_cat-all-products","7":"product_cat-leonsolar-solar-pv-accessories","8":"product_tag-solar-accessaries","9":"product_tag-solar-mounting-connector","10":"product_tag-solar-mounting-kit","11":"desktop-align-left","12":"tablet-align-left","13":"mobile-align-left","15":"first","16":"instock","17":"shipping-taxable","18":"product-type-simple"},"yoast_head":"<!-- This site is optimized with the Yoast SEO Premium plugin v23.3 (Yoast SEO v24.4) - https:\/\/yoast.com\/wordpress\/plugins\/seo\/ -->\n<title>Solar Rail splice kit 01- Durable Rail Joining Solution -<\/title>\n<meta name=\"robots\" content=\"index, follow, max-snippet:-1, max-image-preview:large, max-video-preview:-1\" \/>\n<link rel=\"canonical\" href=\"https:\/\/www.leonsolar.com\/es\/producto\/conector-de-riel-de-techo\/\" \/>\n<meta property=\"og:locale\" content=\"es_ES\" \/>\n<meta property=\"og:type\" content=\"article\" \/>\n<meta property=\"og:title\" content=\"Solar Rail splice kit 01- Durable Rail Joining Solution\" \/>\n<meta property=\"og:description\" content=\"Item:LS-ASK  The rail connector is a durable and easy-to-install component used to securely join solar mounting rails, providing a stable and continuous support system for solar panel installations.\" \/>\n<meta property=\"og:url\" content=\"https:\/\/www.leonsolar.com\/es\/producto\/conector-de-riel-de-techo\/\" \/>\n<meta property=\"article:publisher\" content=\"https:\/\/www.facebook.com\/profile.php?id=100091002557296\" \/>\n<meta property=\"article:modified_time\" content=\"2024-09-24T07:22:25+00:00\" \/>\n<meta property=\"og:image\" content=\"https:\/\/www.leonsolar.com\/wp-content\/uploads\/2024\/09\/leon-solar-Roof-track-connector-for-roof-rail-one-100-1024x916.png\" \/>\n\t<meta property=\"og:image:width\" content=\"1024\" \/>\n\t<meta property=\"og:image:height\" content=\"916\" \/>\n\t<meta property=\"og:image:type\" content=\"image\/png\" \/>\n<meta name=\"twitter:card\" content=\"summary_large_image\" \/>\n<script type=\"application\/ld+json\" class=\"yoast-schema-graph\">{\"@context\":\"https:\/\/schema.org\",\"@graph\":[{\"@type\":\"WebPage\",\"@id\":\"https:\/\/www.leonsolar.com\/product\/roof-track-connector\/\",\"url\":\"https:\/\/www.leonsolar.com\/product\/roof-track-connector\/\",\"name\":\"Solar Rail splice kit 01- Durable Rail Joining Solution -\",\"isPartOf\":{\"@id\":\"https:\/\/www.leonsolar.com\/#website\"},\"primaryImageOfPage\":{\"@id\":\"https:\/\/www.leonsolar.com\/product\/roof-track-connector\/#primaryimage\"},\"image\":{\"@id\":\"https:\/\/www.leonsolar.com\/product\/roof-track-connector\/#primaryimage\"},\"thumbnailUrl\":\"https:\/\/www.leonsolar.com\/wp-content\/uploads\/2024\/09\/leon-solar-Roof-track-connector-for-roof-rail-one-100.png\",\"datePublished\":\"2024-09-11T02:37:55+00:00\",\"dateModified\":\"2024-09-24T07:22:25+00:00\",\"breadcrumb\":{\"@id\":\"https:\/\/www.leonsolar.com\/product\/roof-track-connector\/#breadcrumb\"},\"inLanguage\":\"es\",\"potentialAction\":[{\"@type\":\"ReadAction\",\"target\":[\"https:\/\/www.leonsolar.com\/product\/roof-track-connector\/\"]}]},{\"@type\":\"ImageObject\",\"inLanguage\":\"es\",\"@id\":\"https:\/\/www.leonsolar.com\/product\/roof-track-connector\/#primaryimage\",\"url\":\"https:\/\/www.leonsolar.com\/wp-content\/uploads\/2024\/09\/leon-solar-Roof-track-connector-for-roof-rail-one-100.png\",\"contentUrl\":\"https:\/\/www.leonsolar.com\/wp-content\/uploads\/2024\/09\/leon-solar-Roof-track-connector-for-roof-rail-one-100.png\",\"width\":8000,\"height\":7159,\"caption\":\"The solar rail splice kit is designed for securely connecting two sections of solar mounting rails. This kit includes all necessary components to ensure a stable and durable connection, facilitating seamless installation of solar panels. Constructed from high-quality materials, it provides excellent strength and resistance to environmental factors, making it suitable for various solar energy applications\"},{\"@type\":\"BreadcrumbList\",\"@id\":\"https:\/\/www.leonsolar.com\/product\/roof-track-connector\/#breadcrumb\",\"itemListElement\":[{\"@type\":\"ListItem\",\"position\":1,\"name\":\"Home\",\"item\":\"https:\/\/www.leonsolar.com\/\"},{\"@type\":\"ListItem\",\"position\":2,\"name\":\"Products\",\"item\":\"https:\/\/www.leonsolar.com\/shop\/\"},{\"@type\":\"ListItem\",\"position\":3,\"name\":\"Solar Rail splice kit 01- Durable Rail Joining Solution\"}]},{\"@type\":\"WebSite\",\"@id\":\"https:\/\/www.leonsolar.com\/#website\",\"url\":\"https:\/\/www.leonsolar.com\/\",\"name\":\"Leon solar mounting system\",\"description\":\"ground mount system,tin roof mount system,tie roof mount system,floating pv system,solar pv Accessories\",\"publisher\":{\"@id\":\"https:\/\/www.leonsolar.com\/#organization\"},\"alternateName\":\"Show pages in search results Show pages in search results Disabling this means that pages will not be indexed by search engines and will be excluded from XML sitemaps. Read more about the search results settings.\",\"potentialAction\":[{\"@type\":\"SearchAction\",\"target\":{\"@type\":\"EntryPoint\",\"urlTemplate\":\"https:\/\/www.leonsolar.com\/?s={search_term_string}\"},\"query-input\":{\"@type\":\"PropertyValueSpecification\",\"valueRequired\":true,\"valueName\":\"search_term_string\"}}],\"inLanguage\":\"es\"},{\"@type\":\"Organization\",\"@id\":\"https:\/\/www.leonsolar.com\/#organization\",\"name\":\"Xiamen Leon Solar Technology Co., Ltd\",\"url\":\"https:\/\/www.leonsolar.com\/\",\"logo\":{\"@type\":\"ImageObject\",\"inLanguage\":\"es\",\"@id\":\"https:\/\/www.leonsolar.com\/#\/schema\/logo\/image\/\",\"url\":\"https:\/\/www.leonsolar.com\/wp-content\/uploads\/2024\/09\/leon-solar-company-logo-250-250.png\",\"contentUrl\":\"https:\/\/www.leonsolar.com\/wp-content\/uploads\/2024\/09\/leon-solar-company-logo-250-250.png\",\"width\":1044,\"height\":720,\"caption\":\"Xiamen Leon Solar Technology Co., Ltd\"},\"image\":{\"@id\":\"https:\/\/www.leonsolar.com\/#\/schema\/logo\/image\/\"},\"sameAs\":[\"https:\/\/www.facebook.com\/profile.php?id=100091002557296\",\"https:\/\/www.linkedin.com\/company\/13753269\/admin\/dashboard\/\"]}]}<\/script>\n<!-- \/ Yoast SEO Premium plugin. -->","yoast_head_json":{"title":"Solar Rail splice kit 01- Soluci\u00f3n duradera de uni\u00f3n de ra\u00edles -","robots":{"index":"index","follow":"follow","max-snippet":"max-snippet:-1","max-image-preview":"max-image-preview:large","max-video-preview":"max-video-preview:-1"},"canonical":"https:\/\/www.leonsolar.com\/es\/producto\/conector-de-riel-de-techo\/","og_locale":"es_ES","og_type":"article","og_title":"Solar Rail splice kit 01- Durable Rail Joining Solution","og_description":"Item:LS-ASK  The rail connector is a durable and easy-to-install component used to securely join solar mounting rails, providing a stable and continuous support system for solar panel installations.","og_url":"https:\/\/www.leonsolar.com\/es\/producto\/conector-de-riel-de-techo\/","article_publisher":"https:\/\/www.facebook.com\/profile.php?id=100091002557296","article_modified_time":"2024-09-24T07:22:25+00:00","og_image":[{"width":1024,"height":916,"url":"https:\/\/www.leonsolar.com\/wp-content\/uploads\/2024\/09\/leon-solar-Roof-track-connector-for-roof-rail-one-100-1024x916.png","type":"image\/png"}],"twitter_card":"summary_large_image","schema":{"@context":"https:\/\/schema.org","@graph":[{"@type":"WebPage","@id":"https:\/\/www.leonsolar.com\/product\/roof-track-connector\/","url":"https:\/\/www.leonsolar.com\/product\/roof-track-connector\/","name":"Solar Rail splice kit 01- Soluci\u00f3n duradera de uni\u00f3n de ra\u00edles -","isPartOf":{"@id":"https:\/\/www.leonsolar.com\/#website"},"primaryImageOfPage":{"@id":"https:\/\/www.leonsolar.com\/product\/roof-track-connector\/#primaryimage"},"image":{"@id":"https:\/\/www.leonsolar.com\/product\/roof-track-connector\/#primaryimage"},"thumbnailUrl":"https:\/\/www.leonsolar.com\/wp-content\/uploads\/2024\/09\/leon-solar-Roof-track-connector-for-roof-rail-one-100.png","datePublished":"2024-09-11T02:37:55+00:00","dateModified":"2024-09-24T07:22:25+00:00","breadcrumb":{"@id":"https:\/\/www.leonsolar.com\/product\/roof-track-connector\/#breadcrumb"},"inLanguage":"es","potentialAction":[{"@type":"ReadAction","target":["https:\/\/www.leonsolar.com\/product\/roof-track-connector\/"]}]},{"@type":"ImageObject","inLanguage":"es","@id":"https:\/\/www.leonsolar.com\/product\/roof-track-connector\/#primaryimage","url":"https:\/\/www.leonsolar.com\/wp-content\/uploads\/2024\/09\/leon-solar-Roof-track-connector-for-roof-rail-one-100.png","contentUrl":"https:\/\/www.leonsolar.com\/wp-content\/uploads\/2024\/09\/leon-solar-Roof-track-connector-for-roof-rail-one-100.png","width":8000,"height":7159,"caption":"The solar rail splice kit is designed for securely connecting two sections of solar mounting rails. This kit includes all necessary components to ensure a stable and durable connection, facilitating seamless installation of solar panels. Constructed from high-quality materials, it provides excellent strength and resistance to environmental factors, making it suitable for various solar energy applications"},{"@type":"BreadcrumbList","@id":"https:\/\/www.leonsolar.com\/product\/roof-track-connector\/#breadcrumb","itemListElement":[{"@type":"ListItem","position":1,"name":"Home","item":"https:\/\/www.leonsolar.com\/"},{"@type":"ListItem","position":2,"name":"Products","item":"https:\/\/www.leonsolar.com\/shop\/"},{"@type":"ListItem","position":3,"name":"Solar Rail splice kit 01- Durable Rail Joining Solution"}]},{"@type":"WebSite","@id":"https:\/\/www.leonsolar.com\/#website","url":"https:\/\/www.leonsolar.com\/","name":"Sistema de montaje solar Leon","description":"sistema de montaje en suelo,sistema de montaje en tejado de zinc,sistema de montaje en tejado flotante,sistema pv solar Accesorios","publisher":{"@id":"https:\/\/www.leonsolar.com\/#organization"},"alternateName":"Show pages in search results Show pages in search results Disabling this means that pages will not be indexed by search engines and will be excluded from XML sitemaps. Read more about the search results settings.","potentialAction":[{"@type":"SearchAction","target":{"@type":"EntryPoint","urlTemplate":"https:\/\/www.leonsolar.com\/?s={search_term_string}"},"query-input":{"@type":"PropertyValueSpecification","valueRequired":true,"valueName":"search_term_string"}}],"inLanguage":"es"},{"@type":"Organization","@id":"https:\/\/www.leonsolar.com\/#organization","name":"Xiamen Leon Solar Technology S.L.","url":"https:\/\/www.leonsolar.com\/","logo":{"@type":"ImageObject","inLanguage":"es","@id":"https:\/\/www.leonsolar.com\/#\/schema\/logo\/image\/","url":"https:\/\/www.leonsolar.com\/wp-content\/uploads\/2024\/09\/leon-solar-company-logo-250-250.png","contentUrl":"https:\/\/www.leonsolar.com\/wp-content\/uploads\/2024\/09\/leon-solar-company-logo-250-250.png","width":1044,"height":720,"caption":"Xiamen Leon Solar Technology Co., Ltd"},"image":{"@id":"https:\/\/www.leonsolar.com\/#\/schema\/logo\/image\/"},"sameAs":["https:\/\/www.facebook.com\/profile.php?id=100091002557296","https:\/\/www.linkedin.com\/company\/13753269\/admin\/dashboard\/"]}]}},"_links":{"self":[{"href":"https:\/\/www.leonsolar.com\/es\/wp-json\/wp\/v2\/product\/2148"}],"collection":[{"href":"https:\/\/www.leonsolar.com\/es\/wp-json\/wp\/v2\/product"}],"about":[{"href":"https:\/\/www.leonsolar.com\/es\/wp-json\/wp\/v2\/types\/product"}],"wp:featuredmedia":[{"embeddable":true,"href":"https:\/\/www.leonsolar.com\/es\/wp-json\/wp\/v2\/media\/2149"}],"wp:attachment":[{"href":"https:\/\/www.leonsolar.com\/es\/wp-json\/wp\/v2\/media?parent=2148"}],"wp:term":[{"taxonomy":"product_brand","embeddable":true,"href":"https:\/\/www.leonsolar.com\/es\/wp-json\/wp\/v2\/product_brand?post=2148"},{"taxonomy":"product_cat","embeddable":true,"href":"https:\/\/www.leonsolar.com\/es\/wp-json\/wp\/v2\/product_cat?post=2148"},{"taxonomy":"product_tag","embeddable":true,"href":"https:\/\/www.leonsolar.com\/es\/wp-json\/wp\/v2\/product_tag?post=2148"}],"curies":[{"name":"wp","href":"https:\/\/api.w.org\/{rel}","templated":true}]}}