{"id":3030,"date":"2024-10-14T02:44:19","date_gmt":"2024-10-14T02:44:19","guid":{"rendered":"https:\/\/www.leonsolar.com\/?post_type=product&#038;p=3030"},"modified":"2024-12-03T02:35:31","modified_gmt":"2024-12-03T02:35:31","slug":"soporte-solar-para-tejado-metalico","status":"publish","type":"product","link":"https:\/\/www.leonsolar.com\/es\/producto\/soporte-solar-para-tejado-metalico\/","title":{"rendered":"Soporte solar para tejado met\u00e1lico"},"content":{"rendered":"<h3><\/h3>\n<h2>Finalidad de los sistemas de montaje solar en tejados met\u00e1licos<\/h2>\n<p>los sistemas est\u00e1n dise\u00f1ados espec\u00edficamente para facilitar la instalaci\u00f3n de paneles solares en tejados met\u00e1licos, en particular los cubiertos con tejas de acero de colores. El objetivo de estos sistemas es captar y convertir eficazmente la energ\u00eda solar en energ\u00eda el\u00e9ctrica utilizable, permitiendo as\u00ed a los propietarios aprovechar las fuentes de energ\u00eda renovables y reducir su dependencia de las redes el\u00e9ctricas tradicionales.<\/p>\n<p><a href=\"https:\/\/www.leonsolar.com\/es\/montaje-en-tejado-de-zinc-de-200-kw-instalado-en-sydney-australia\/\" target=\"_blank\" rel=\"noopener\"><img fetchpriority=\"high\" decoding=\"async\" class=\"size-full wp-image-3034 aligncenter\" src=\"https:\/\/www.leonsolar.com\/wp-content\/uploads\/2024\/10\/leon-solar-steel-tile-Trackless-pv-system-1.png\" alt=\"\" width=\"600\" height=\"384\" srcset=\"https:\/\/www.leonsolar.com\/wp-content\/uploads\/2024\/10\/leon-solar-steel-tile-Trackless-pv-system-1.png 600w, https:\/\/www.leonsolar.com\/wp-content\/uploads\/2024\/10\/leon-solar-steel-tile-Trackless-pv-system-1-300x192.png 300w, https:\/\/www.leonsolar.com\/wp-content\/uploads\/2024\/10\/leon-solar-steel-tile-Trackless-pv-system-1-18x12.png 18w\" sizes=\"(max-width: 600px) 100vw, 600px\" \/><\/a><\/p>\n<h2>Caracter\u00edsticas principales de los sistemas de montaje solar en tejados met\u00e1licos<\/h2>\n<ol>\n<li><strong>Dise\u00f1o vers\u00e1til<\/strong>: Los soportes y las fijaciones se pueden personalizar para adaptarse a las distintas inclinaciones, \u00e1ngulos y dimensiones de los tejados, lo que garantiza una exposici\u00f3n \u00f3ptima a la luz solar y la m\u00e1xima captaci\u00f3n de energ\u00eda.<\/li>\n<li><strong>Construcci\u00f3n robusta<\/strong>: Construidos con materiales de alta calidad y resistentes a la intemperie, estos sistemas est\u00e1n dise\u00f1ados para soportar condiciones ambientales adversas, lo que garantiza su durabilidad y estabilidad a largo plazo.<\/li>\n<li><strong>Instalaci\u00f3n simplificada<\/strong>: Dise\u00f1ado pensando en la facilidad de uso, el proceso de instalaci\u00f3n es sencillo, lo que reduce el tiempo y los costes de mano de obra asociados a la instalaci\u00f3n de los paneles solares.<\/li>\n<\/ol>\n<h2>Ventajas notables de los sistemas de montaje solar en tejados met\u00e1licos<\/h2>\n<ol>\n<li><strong>Mayor atractivo visual<\/strong>: Estos sistemas est\u00e1n dise\u00f1ados para integrarse perfectamente con la cubierta met\u00e1lica, preservando su integridad est\u00e9tica al tiempo que a\u00f1aden valor funcional.<\/li>\n<li><strong>Ahorro financiero<\/strong>: Al generar energ\u00eda renovable, estos sistemas pueden reducir significativamente las facturas de electricidad, ofreciendo importantes beneficios financieros a largo plazo y aumentando potencialmente el valor de la propiedad.<\/li>\n<li><strong>Impacto ecol\u00f3gico<\/strong>: Contribuyen a un medio ambiente m\u00e1s verde al reducir la huella de carbono y disminuir la dependencia de los combustibles f\u00f3siles, fomentando la sostenibilidad y la responsabilidad medioambiental.<\/li>\n<li><strong>Eficiencia espacial<\/strong>: Ideales para entornos urbanos con espacio limitado, estos sistemas hacen un uso eficiente de las zonas de tejado existentes, maximizando la producci\u00f3n de energ\u00eda sin necesidad de terrenos adicionales.<\/li>\n<\/ol>\n<p>En esencia, los sistemas de montaje solar en tejados met\u00e1licos ofrecen una soluci\u00f3n pr\u00e1ctica e innovadora para convertir los tejados met\u00e1licos en productores de energ\u00eda sostenible, combinando eficiencia, durabilidad y atractivo est\u00e9tico.<\/p>\n<p>&nbsp;<\/p>\n<p>&nbsp;<\/p>\n<h3>Certificaci\u00f3n tecnol\u00f3gica<\/h3>\n<p>&nbsp;<\/p>\n<p><img decoding=\"async\" class=\"size-full wp-image-2612\" src=\"https:\/\/www.leonsolar.com\/wp-content\/uploads\/2024\/09\/leon-solar-brackets-pv-system-certification.png\" alt=\"Principales certificaciones y objetivos de los sistemas de montaje FV Las principales certificaciones de los sistemas de montaje FV son: IEC 61730: Garantiza las normas de seguridad y rendimiento de los m\u00f3dulos FV y sus sistemas de montaje. UL 1703: Cubre los requisitos de seguridad para m\u00f3dulos FV planos y sus soportes. Marcado CE: Indica el cumplimiento de las normas de la UE en materia de salud, seguridad y protecci\u00f3n del medio ambiente. Certificaci\u00f3n TUV: Valida la calidad y fiabilidad de los productos y sistemas fotovoltaicos. Estas certificaciones garantizan que los sistemas de montaje FV cumplen rigurosas normas de calidad y seguridad, proporcionando un rendimiento fiable y protecci\u00f3n frente a posibles peligros. Son cruciales para conseguir la aceptaci\u00f3n del mercado y la confianza del consumidor.\" width=\"771\" height=\"390\" srcset=\"https:\/\/www.leonsolar.com\/wp-content\/uploads\/2024\/09\/leon-solar-brackets-pv-system-certification.png 771w, https:\/\/www.leonsolar.com\/wp-content\/uploads\/2024\/09\/leon-solar-brackets-pv-system-certification-300x152.png 300w, https:\/\/www.leonsolar.com\/wp-content\/uploads\/2024\/09\/leon-solar-brackets-pv-system-certification-768x388.png 768w, https:\/\/www.leonsolar.com\/wp-content\/uploads\/2024\/09\/leon-solar-brackets-pv-system-certification-600x304.png 600w\" sizes=\"(max-width: 771px) 100vw, 771px\" \/><\/p>","protected":false},"excerpt":{"rendered":"<p>Velocidad del viento: hasta 55 m\/s<\/p>\n<p>Capacidad de carga de nieve: 1.4kn\/\u33a1<\/p>\n<p>Material: Aluminio de alta resistencia 6005-T5, acero inoxidable SUS304&lt;\/p&gt;<\/p>\n<p>Conformidad: AS\/N<\/p>\n<p>ZS1170.2.Euro C\u00f3digo 8, DIN 1055,IBC 2006<\/p>","protected":false},"featured_media":3034,"template":"","meta":{"site-sidebar-layout":"default","site-content-layout":"","ast-site-content-layout":"default","site-content-style":"default","site-sidebar-style":"default","ast-global-header-display":"","ast-banner-title-visibility":"","ast-main-header-display":"","ast-hfb-above-header-display":"","ast-hfb-below-header-display":"","ast-hfb-mobile-header-display":"","site-post-title":"","ast-breadcrumbs-content":"","ast-featured-img":"","footer-sml-layout":"","theme-transparent-header-meta":"default","adv-header-id-meta":"","stick-header-meta":"default","header-above-stick-meta":"","header-main-stick-meta":"","header-below-stick-meta":"","astra-migrate-meta-layouts":"set","ast-page-background-enabled":"default","ast-page-background-meta":{"desktop":{"background-color":"var(--ast-global-color-4)","background-image":"","background-repeat":"repeat","background-position":"center center","background-size":"auto","background-attachment":"scroll","background-type":"","background-media":"","overlay-type":"","overlay-color":"","overlay-opacity":"","overlay-gradient":""},"tablet":{"background-color":"","background-image":"","background-repeat":"repeat","background-position":"center center","background-size":"auto","background-attachment":"scroll","background-type":"","background-media":"","overlay-type":"","overlay-color":"","overlay-opacity":"","overlay-gradient":""},"mobile":{"background-color":"","background-image":"","background-repeat":"repeat","background-position":"center center","background-size":"auto","background-attachment":"scroll","background-type":"","background-media":"","overlay-type":"","overlay-color":"","overlay-opacity":"","overlay-gradient":""}},"ast-content-background-meta":{"desktop":{"background-color":"var(--ast-global-color-5)","background-image":"","background-repeat":"repeat","background-position":"center center","background-size":"auto","background-attachment":"scroll","background-type":"","background-media":"","overlay-type":"","overlay-color":"","overlay-opacity":"","overlay-gradient":""},"tablet":{"background-color":"var(--ast-global-color-5)","background-image":"","background-repeat":"repeat","background-position":"center center","background-size":"auto","background-attachment":"scroll","background-type":"","background-media":"","overlay-type":"","overlay-color":"","overlay-opacity":"","overlay-gradient":""},"mobile":{"background-color":"var(--ast-global-color-5)","background-image":"","background-repeat":"repeat","background-position":"center center","background-size":"auto","background-attachment":"scroll","background-type":"","background-media":"","overlay-type":"","overlay-color":"","overlay-opacity":"","overlay-gradient":""}}},"product_brand":[],"product_cat":[106],"product_tag":[244,245,246],"class_list":{"0":"post-3030","1":"product","2":"type-product","3":"status-publish","4":"has-post-thumbnail","6":"product_cat-metal-roof-mounting-structure","7":"product_tag-leon-solar-pv-system","8":"product_tag-steel-tile-trackless-pv-system","9":"product_tag-trackless-solar-pv-system","10":"desktop-align-left","11":"tablet-align-left","12":"mobile-align-left","14":"first","15":"instock","16":"shipping-taxable","17":"product-type-simple"},"yoast_head":"<!-- This site is optimized with the Yoast SEO Premium plugin v23.3 (Yoast SEO v24.4) - https:\/\/yoast.com\/wordpress\/plugins\/seo\/ -->\n<title>metal roof solar mount<\/title>\n<meta name=\"description\" content=\"The metal roof solar mount system employs clamps to securely and beautifully install solar panels on metal roofs without causing any damage.learn more.\" \/>\n<meta name=\"robots\" content=\"index, follow, max-snippet:-1, max-image-preview:large, max-video-preview:-1\" \/>\n<link rel=\"canonical\" href=\"https:\/\/www.leonsolar.com\/es\/producto\/soporte-solar-para-tejado-metalico\/\" \/>\n<meta property=\"og:locale\" content=\"es_ES\" \/>\n<meta property=\"og:type\" content=\"article\" \/>\n<meta property=\"og:title\" content=\"Metal Roof Solar Mount\" \/>\n<meta property=\"og:description\" content=\"The metal roof solar mount system employs clamps to securely and beautifully install solar panels on metal roofs without causing any damage.learn more.\" \/>\n<meta property=\"og:url\" content=\"https:\/\/www.leonsolar.com\/es\/producto\/soporte-solar-para-tejado-metalico\/\" \/>\n<meta property=\"article:publisher\" content=\"https:\/\/www.facebook.com\/profile.php?id=100091002557296\" \/>\n<meta property=\"article:modified_time\" content=\"2024-12-03T02:35:31+00:00\" \/>\n<meta property=\"og:image\" content=\"https:\/\/www.leonsolar.com\/wp-content\/uploads\/2024\/10\/leon-solar-steel-tile-Trackless-pv-system-1.png\" \/>\n\t<meta property=\"og:image:width\" content=\"600\" \/>\n\t<meta property=\"og:image:height\" content=\"384\" \/>\n\t<meta property=\"og:image:type\" content=\"image\/png\" \/>\n<meta name=\"twitter:card\" content=\"summary_large_image\" \/>\n<meta name=\"twitter:label1\" content=\"Tiempo de lectura\" \/>\n\t<meta name=\"twitter:data1\" content=\"2 minutos\" \/>\n<script type=\"application\/ld+json\" class=\"yoast-schema-graph\">{\"@context\":\"https:\/\/schema.org\",\"@graph\":[{\"@type\":\"WebPage\",\"@id\":\"https:\/\/www.leonsolar.com\/product\/metal-roof-solar-mount\/\",\"url\":\"https:\/\/www.leonsolar.com\/product\/metal-roof-solar-mount\/\",\"name\":\"metal roof solar mount\",\"isPartOf\":{\"@id\":\"https:\/\/www.leonsolar.com\/#website\"},\"primaryImageOfPage\":{\"@id\":\"https:\/\/www.leonsolar.com\/product\/metal-roof-solar-mount\/#primaryimage\"},\"image\":{\"@id\":\"https:\/\/www.leonsolar.com\/product\/metal-roof-solar-mount\/#primaryimage\"},\"thumbnailUrl\":\"https:\/\/www.leonsolar.com\/wp-content\/uploads\/2024\/10\/leon-solar-steel-tile-Trackless-pv-system-1.png\",\"datePublished\":\"2024-10-14T02:44:19+00:00\",\"dateModified\":\"2024-12-03T02:35:31+00:00\",\"description\":\"The metal roof solar mount system employs clamps to securely and beautifully install solar panels on metal roofs without causing any damage.learn more.\",\"breadcrumb\":{\"@id\":\"https:\/\/www.leonsolar.com\/product\/metal-roof-solar-mount\/#breadcrumb\"},\"inLanguage\":\"es\",\"potentialAction\":[{\"@type\":\"ReadAction\",\"target\":[\"https:\/\/www.leonsolar.com\/product\/metal-roof-solar-mount\/\"]}]},{\"@type\":\"ImageObject\",\"inLanguage\":\"es\",\"@id\":\"https:\/\/www.leonsolar.com\/product\/metal-roof-solar-mount\/#primaryimage\",\"url\":\"https:\/\/www.leonsolar.com\/wp-content\/uploads\/2024\/10\/leon-solar-steel-tile-Trackless-pv-system-1.png\",\"contentUrl\":\"https:\/\/www.leonsolar.com\/wp-content\/uploads\/2024\/10\/leon-solar-steel-tile-Trackless-pv-system-1.png\",\"width\":600,\"height\":384,\"caption\":\"it tell us that solar panels mounting tile roof\"},{\"@type\":\"BreadcrumbList\",\"@id\":\"https:\/\/www.leonsolar.com\/product\/metal-roof-solar-mount\/#breadcrumb\",\"itemListElement\":[{\"@type\":\"ListItem\",\"position\":1,\"name\":\"Home\",\"item\":\"https:\/\/www.leonsolar.com\/\"},{\"@type\":\"ListItem\",\"position\":2,\"name\":\"Products\",\"item\":\"https:\/\/www.leonsolar.com\/shop\/\"},{\"@type\":\"ListItem\",\"position\":3,\"name\":\"Metal Roof Solar Mount\"}]},{\"@type\":\"WebSite\",\"@id\":\"https:\/\/www.leonsolar.com\/#website\",\"url\":\"https:\/\/www.leonsolar.com\/\",\"name\":\"Leon solar mounting system\",\"description\":\"ground mount system,tin roof mount system,tie roof mount system,floating pv system,solar pv Accessories\",\"publisher\":{\"@id\":\"https:\/\/www.leonsolar.com\/#organization\"},\"alternateName\":\"Show pages in search results Show pages in search results Disabling this means that pages will not be indexed by search engines and will be excluded from XML sitemaps. Read more about the search results settings.\",\"potentialAction\":[{\"@type\":\"SearchAction\",\"target\":{\"@type\":\"EntryPoint\",\"urlTemplate\":\"https:\/\/www.leonsolar.com\/?s={search_term_string}\"},\"query-input\":{\"@type\":\"PropertyValueSpecification\",\"valueRequired\":true,\"valueName\":\"search_term_string\"}}],\"inLanguage\":\"es\"},{\"@type\":\"Organization\",\"@id\":\"https:\/\/www.leonsolar.com\/#organization\",\"name\":\"Xiamen Leon Solar Technology Co., Ltd\",\"url\":\"https:\/\/www.leonsolar.com\/\",\"logo\":{\"@type\":\"ImageObject\",\"inLanguage\":\"es\",\"@id\":\"https:\/\/www.leonsolar.com\/#\/schema\/logo\/image\/\",\"url\":\"https:\/\/www.leonsolar.com\/wp-content\/uploads\/2024\/09\/leon-solar-company-logo-250-250.png\",\"contentUrl\":\"https:\/\/www.leonsolar.com\/wp-content\/uploads\/2024\/09\/leon-solar-company-logo-250-250.png\",\"width\":1044,\"height\":720,\"caption\":\"Xiamen Leon Solar Technology Co., Ltd\"},\"image\":{\"@id\":\"https:\/\/www.leonsolar.com\/#\/schema\/logo\/image\/\"},\"sameAs\":[\"https:\/\/www.facebook.com\/profile.php?id=100091002557296\",\"https:\/\/www.linkedin.com\/company\/13753269\/admin\/dashboard\/\"]}]}<\/script>\n<!-- \/ Yoast SEO Premium plugin. -->","yoast_head_json":{"title":"soporte solar para tejado met\u00e1lico","description":"El sistema de montaje solar en tejados met\u00e1licos emplea abrazaderas para instalar de forma segura y bonita paneles solares en tejados met\u00e1licos sin causar da\u00f1os.M\u00e1s informaci\u00f3n.","robots":{"index":"index","follow":"follow","max-snippet":"max-snippet:-1","max-image-preview":"max-image-preview:large","max-video-preview":"max-video-preview:-1"},"canonical":"https:\/\/www.leonsolar.com\/es\/producto\/soporte-solar-para-tejado-metalico\/","og_locale":"es_ES","og_type":"article","og_title":"Metal Roof Solar Mount","og_description":"The metal roof solar mount system employs clamps to securely and beautifully install solar panels on metal roofs without causing any damage.learn more.","og_url":"https:\/\/www.leonsolar.com\/es\/producto\/soporte-solar-para-tejado-metalico\/","article_publisher":"https:\/\/www.facebook.com\/profile.php?id=100091002557296","article_modified_time":"2024-12-03T02:35:31+00:00","og_image":[{"width":600,"height":384,"url":"https:\/\/www.leonsolar.com\/wp-content\/uploads\/2024\/10\/leon-solar-steel-tile-Trackless-pv-system-1.png","type":"image\/png"}],"twitter_card":"summary_large_image","twitter_misc":{"Tiempo de lectura":"2 minutos"},"schema":{"@context":"https:\/\/schema.org","@graph":[{"@type":"WebPage","@id":"https:\/\/www.leonsolar.com\/product\/metal-roof-solar-mount\/","url":"https:\/\/www.leonsolar.com\/product\/metal-roof-solar-mount\/","name":"soporte solar para tejado met\u00e1lico","isPartOf":{"@id":"https:\/\/www.leonsolar.com\/#website"},"primaryImageOfPage":{"@id":"https:\/\/www.leonsolar.com\/product\/metal-roof-solar-mount\/#primaryimage"},"image":{"@id":"https:\/\/www.leonsolar.com\/product\/metal-roof-solar-mount\/#primaryimage"},"thumbnailUrl":"https:\/\/www.leonsolar.com\/wp-content\/uploads\/2024\/10\/leon-solar-steel-tile-Trackless-pv-system-1.png","datePublished":"2024-10-14T02:44:19+00:00","dateModified":"2024-12-03T02:35:31+00:00","description":"El sistema de montaje solar en tejados met\u00e1licos emplea abrazaderas para instalar de forma segura y bonita paneles solares en tejados met\u00e1licos sin causar da\u00f1os.M\u00e1s informaci\u00f3n.","breadcrumb":{"@id":"https:\/\/www.leonsolar.com\/product\/metal-roof-solar-mount\/#breadcrumb"},"inLanguage":"es","potentialAction":[{"@type":"ReadAction","target":["https:\/\/www.leonsolar.com\/product\/metal-roof-solar-mount\/"]}]},{"@type":"ImageObject","inLanguage":"es","@id":"https:\/\/www.leonsolar.com\/product\/metal-roof-solar-mount\/#primaryimage","url":"https:\/\/www.leonsolar.com\/wp-content\/uploads\/2024\/10\/leon-solar-steel-tile-Trackless-pv-system-1.png","contentUrl":"https:\/\/www.leonsolar.com\/wp-content\/uploads\/2024\/10\/leon-solar-steel-tile-Trackless-pv-system-1.png","width":600,"height":384,"caption":"it tell us that solar panels mounting tile roof"},{"@type":"BreadcrumbList","@id":"https:\/\/www.leonsolar.com\/product\/metal-roof-solar-mount\/#breadcrumb","itemListElement":[{"@type":"ListItem","position":1,"name":"Home","item":"https:\/\/www.leonsolar.com\/"},{"@type":"ListItem","position":2,"name":"Products","item":"https:\/\/www.leonsolar.com\/shop\/"},{"@type":"ListItem","position":3,"name":"Metal Roof Solar Mount"}]},{"@type":"WebSite","@id":"https:\/\/www.leonsolar.com\/#website","url":"https:\/\/www.leonsolar.com\/","name":"Sistema de montaje solar Leon","description":"sistema de montaje en suelo,sistema de montaje en tejado de zinc,sistema de montaje en tejado flotante,sistema pv solar Accesorios","publisher":{"@id":"https:\/\/www.leonsolar.com\/#organization"},"alternateName":"Show pages in search results Show pages in search results Disabling this means that pages will not be indexed by search engines and will be excluded from XML sitemaps. Read more about the search results settings.","potentialAction":[{"@type":"SearchAction","target":{"@type":"EntryPoint","urlTemplate":"https:\/\/www.leonsolar.com\/?s={search_term_string}"},"query-input":{"@type":"PropertyValueSpecification","valueRequired":true,"valueName":"search_term_string"}}],"inLanguage":"es"},{"@type":"Organization","@id":"https:\/\/www.leonsolar.com\/#organization","name":"Xiamen Leon Solar Technology S.L.","url":"https:\/\/www.leonsolar.com\/","logo":{"@type":"ImageObject","inLanguage":"es","@id":"https:\/\/www.leonsolar.com\/#\/schema\/logo\/image\/","url":"https:\/\/www.leonsolar.com\/wp-content\/uploads\/2024\/09\/leon-solar-company-logo-250-250.png","contentUrl":"https:\/\/www.leonsolar.com\/wp-content\/uploads\/2024\/09\/leon-solar-company-logo-250-250.png","width":1044,"height":720,"caption":"Xiamen Leon Solar Technology Co., Ltd"},"image":{"@id":"https:\/\/www.leonsolar.com\/#\/schema\/logo\/image\/"},"sameAs":["https:\/\/www.facebook.com\/profile.php?id=100091002557296","https:\/\/www.linkedin.com\/company\/13753269\/admin\/dashboard\/"]}]}},"_links":{"self":[{"href":"https:\/\/www.leonsolar.com\/es\/wp-json\/wp\/v2\/product\/3030"}],"collection":[{"href":"https:\/\/www.leonsolar.com\/es\/wp-json\/wp\/v2\/product"}],"about":[{"href":"https:\/\/www.leonsolar.com\/es\/wp-json\/wp\/v2\/types\/product"}],"wp:featuredmedia":[{"embeddable":true,"href":"https:\/\/www.leonsolar.com\/es\/wp-json\/wp\/v2\/media\/3034"}],"wp:attachment":[{"href":"https:\/\/www.leonsolar.com\/es\/wp-json\/wp\/v2\/media?parent=3030"}],"wp:term":[{"taxonomy":"product_brand","embeddable":true,"href":"https:\/\/www.leonsolar.com\/es\/wp-json\/wp\/v2\/product_brand?post=3030"},{"taxonomy":"product_cat","embeddable":true,"href":"https:\/\/www.leonsolar.com\/es\/wp-json\/wp\/v2\/product_cat?post=3030"},{"taxonomy":"product_tag","embeddable":true,"href":"https:\/\/www.leonsolar.com\/es\/wp-json\/wp\/v2\/product_tag?post=3030"}],"curies":[{"name":"wp","href":"https:\/\/api.w.org\/{rel}","templated":true}]}}