{"id":1790,"date":"2024-09-06T03:22:54","date_gmt":"2024-09-06T03:22:54","guid":{"rendered":"https:\/\/leonsolar.com\/?page_id=1790"},"modified":"2024-11-15T04:01:21","modified_gmt":"2024-11-15T04:01:21","slug":"solar-energy-system-project-enquiry","status":"publish","type":"page","link":"https:\/\/www.leonsolar.com\/vi\/solar-energy-system-project-enquiry\/","title":{"rendered":"Enquiry"},"content":{"rendered":"<div data-elementor-type=\"wp-page\" data-elementor-id=\"1790\" class=\"elementor elementor-1790\" data-elementor-post-type=\"page\">\n\t\t\t\t<div class=\"elementor-element elementor-element-1e20304 e-flex e-con-boxed e-con e-parent\" data-id=\"1e20304\" data-element_type=\"container\" data-settings=\"{&quot;background_background&quot;:&quot;classic&quot;}\">\n\t\t\t\t\t<div class=\"e-con-inner\">\n\t\t\t\t<div class=\"elementor-element elementor-element-033246d elementor-widget elementor-widget-heading\" data-id=\"033246d\" data-element_type=\"widget\" data-widget_type=\"heading.default\">\n\t\t\t\t<div class=\"elementor-widget-container\">\n\t\t\t\t\t<h1 class=\"elementor-heading-title elementor-size-default\">Provide professional solar mounting system solutions<\/h1>\t\t\t\t<\/div>\n\t\t\t\t<\/div>\n\t\t\t\t\t<\/div>\n\t\t\t\t<\/div>\n\t\t<div class=\"elementor-element elementor-element-033cf17 e-flex e-con-boxed e-con e-parent\" data-id=\"033cf17\" data-element_type=\"container\">\n\t\t\t\t\t<div class=\"e-con-inner\">\n\t\t\t\t<div class=\"elementor-element elementor-element-8257819 elementor-widget elementor-widget-heading\" data-id=\"8257819\" data-element_type=\"widget\" data-widget_type=\"heading.default\">\n\t\t\t\t<div class=\"elementor-widget-container\">\n\t\t\t\t\t<h2 class=\"elementor-heading-title elementor-size-default\">Online Enquiry<\/h2>\t\t\t\t<\/div>\n\t\t\t\t<\/div>\n\t\t\t\t\t<\/div>\n\t\t\t\t<\/div>\n\t\t<div class=\"elementor-element elementor-element-f05ce58 e-flex e-con-boxed e-con e-parent\" data-id=\"f05ce58\" data-element_type=\"container\">\n\t\t\t\t\t<div class=\"e-con-inner\">\n\t\t\t\t<div class=\"elementor-element elementor-element-400026f elementor-widget elementor-widget-wpforms\" data-id=\"400026f\" data-element_type=\"widget\" data-widget_type=\"wpforms.default\">\n\t\t\t\t<div class=\"elementor-widget-container\">\n\t\t\t\t\t<div class=\"wpforms-container wpforms-render-modern\" id=\"wpforms-1777\"><form id=\"wpforms-form-1777\" class=\"wpforms-validate wpforms-form wpforms-ajax-form\" data-formid=\"1777\" method=\"post\" enctype=\"multipart\/form-data\" action=\"\/vi\/wp-json\/wp\/v2\/pages\/1790\" data-token=\"346d8f202112085ff4083bc63e9293ed\" data-token-time=\"1778624589\" data-trp-original-action=\"\/vi\/wp-json\/wp\/v2\/pages\/1790\"><noscript class=\"wpforms-error-noscript\">Vui l\u00f2ng b\u1eadt JavaScript trong tr\u00ecnh duy\u1ec7t c\u1ee7a b\u1ea1n \u0111\u1ec3 ho\u00e0n th\u00e0nh Form n\u00e0y.<\/noscript><div id=\"wpforms-error-noscript\" style=\"display: none;\">Vui l\u00f2ng b\u1eadt JavaScript trong tr\u00ecnh duy\u1ec7t c\u1ee7a b\u1ea1n \u0111\u1ec3 ho\u00e0n th\u00e0nh Form n\u00e0y.<\/div><div class=\"wpforms-field-container\"><div id=\"wpforms-1777-field_1-container\" class=\"wpforms-field wpforms-field-email\" data-field-id=\"1\"><label class=\"wpforms-field-label\" for=\"wpforms-1777-field_1\">Email <span class=\"wpforms-required-label\" aria-hidden=\"true\">*<\/span><\/label><input type=\"email\" id=\"wpforms-1777-field_1\" class=\"wpforms-field-medium wpforms-field-required\" name=\"wpforms[fields][1]\" spellcheck=\"false\" aria-errormessage=\"wpforms-1777-field_1-error\" required><\/div>\t\t<div id=\"wpforms-1777-field_3-container\"\n\t\t\tclass=\"wpforms-field wpforms-field-text\"\n\t\t\tdata-field-type=\"text\"\n\t\t\tdata-field-id=\"3\"\n\t\t\t>\n\t\t\t<label class=\"wpforms-field-label\" for=\"wpforms-1777-field_3\" >Content Tel\/WhatsApp Email<\/label>\n\t\t\t<input type=\"text\" id=\"wpforms-1777-field_3\" class=\"wpforms-field-medium\" name=\"wpforms[fields][3]\" >\n\t\t<\/div>\n\t\t<div id=\"wpforms-1777-field_5-container\" class=\"wpforms-field wpforms-field-text\" data-field-id=\"5\"><label class=\"wpforms-field-label\" for=\"wpforms-1777-field_5\">Tel\/WhatsApp<\/label><input type=\"text\" id=\"wpforms-1777-field_5\" class=\"wpforms-field-medium\" name=\"wpforms[fields][5]\" aria-errormessage=\"wpforms-1777-field_5-error\" ><\/div><div id=\"wpforms-1777-field_2-container\" class=\"wpforms-field wpforms-field-textarea\" data-field-id=\"2\"><label class=\"wpforms-field-label\" for=\"wpforms-1777-field_2\">Content <span class=\"wpforms-required-label\" aria-hidden=\"true\">*<\/span><\/label><textarea id=\"wpforms-1777-field_2\" class=\"wpforms-field-medium wpforms-field-required\" name=\"wpforms[fields][2]\" aria-errormessage=\"wpforms-1777-field_2-error\" aria-describedby=\"wpforms-1777-field_2-description\" required><\/textarea><div id=\"wpforms-1777-field_2-description\" class=\"wpforms-field-description\">Enter product details (such as colar,size,materials ect) and other specific requirements to receive an accurate quote<\/div><\/div><script>\n\t\t\t\t( function() {\n\t\t\t\t\tconst style = document.createElement( 'style' );\n\t\t\t\t\tstyle.appendChild( document.createTextNode( '#wpforms-1777-field_3-container { position: absolute !important; overflow: hidden !important; display: inline !important; height: 1px !important; width: 1px !important; z-index: -1000 !important; padding: 0 !important; } #wpforms-1777-field_3-container input { visibility: hidden; } #wpforms-conversational-form-page #wpforms-1777-field_3-container label { counter-increment: none; }' ) );\n\t\t\t\t\tdocument.head.appendChild( style );\n\t\t\t\t\tdocument.currentScript?.remove();\n\t\t\t\t} )();\n\t\t\t<\/script><\/div><!-- .wpforms-field-container --><div class=\"wpforms-submit-container\" ><input type=\"hidden\" name=\"wpforms[id]\" value=\"1777\"><input type=\"hidden\" name=\"page_title\" value=\"\"><input type=\"hidden\" name=\"page_url\" value=\"https:\/\/www.leonsolar.com\/vi\/wp-json\/wp\/v2\/pages\/1790\"><input type=\"hidden\" name=\"url_referer\" value=\"\"><button type=\"submit\" name=\"wpforms[submit]\" id=\"wpforms-submit-1777\" class=\"wpforms-submit\" data-alt-text=\"SENDING\u2026\" data-submit-text=\"Enquiry\" aria-live=\"assertive\" value=\"wpforms-submit\">Enquiry<\/button><img decoding=\"async\" src=\"https:\/\/www.leonsolar.com\/wp-content\/plugins\/wpforms-lite\/assets\/images\/submit-spin.svg\" class=\"wpforms-submit-spinner\" style=\"display: none;\" width=\"26\" height=\"26\" alt=\"\u0110ang t\u1ea3i\"><\/div><input type=\"hidden\" name=\"trp-form-language\" value=\"vi\"\/><\/form><\/div>  <!-- .wpforms-container -->\t\t\t\t<\/div>\n\t\t\t\t<\/div>\n\t\t\t\t\t<\/div>\n\t\t\t\t<\/div>\n\t\t\t\t<\/div>","protected":false},"excerpt":{"rendered":"<p>Provide professional solar mounting system solutions Online Enquiry Please enable JavaScript in your browser to complete this form.Please enable JavaScript [&hellip;]<\/p>","protected":false},"author":1,"featured_media":0,"parent":0,"menu_order":0,"comment_status":"closed","ping_status":"closed","template":"","meta":{"site-sidebar-layout":"no-sidebar","site-content-layout":"","ast-site-content-layout":"full-width-container","site-content-style":"default","site-sidebar-style":"default","ast-global-header-display":"","ast-banner-title-visibility":"","ast-main-header-display":"","ast-hfb-above-header-display":"","ast-hfb-below-header-display":"","ast-hfb-mobile-header-display":"","site-post-title":"disabled","ast-breadcrumbs-content":"","ast-featured-img":"disabled","footer-sml-layout":"","theme-transparent-header-meta":"","adv-header-id-meta":"","stick-header-meta":"","header-above-stick-meta":"","header-main-stick-meta":"","header-below-stick-meta":"","astra-migrate-meta-layouts":"default","ast-page-background-enabled":"default","ast-page-background-meta":{"desktop":{"background-color":"var(--ast-global-color-4)","background-image":"","background-repeat":"repeat","background-position":"center center","background-size":"auto","background-attachment":"scroll","background-type":"","background-media":"","overlay-type":"","overlay-color":"","overlay-opacity":"","overlay-gradient":""},"tablet":{"background-color":"","background-image":"","background-repeat":"repeat","background-position":"center center","background-size":"auto","background-attachment":"scroll","background-type":"","background-media":"","overlay-type":"","overlay-color":"","overlay-opacity":"","overlay-gradient":""},"mobile":{"background-color":"","background-image":"","background-repeat":"repeat","background-position":"center center","background-size":"auto","background-attachment":"scroll","background-type":"","background-media":"","overlay-type":"","overlay-color":"","overlay-opacity":"","overlay-gradient":""}},"ast-content-background-meta":{"desktop":{"background-color":"var(--ast-global-color-5)","background-image":"","background-repeat":"repeat","background-position":"center center","background-size":"auto","background-attachment":"scroll","background-type":"","background-media":"","overlay-type":"","overlay-color":"","overlay-opacity":"","overlay-gradient":""},"tablet":{"background-color":"var(--ast-global-color-5)","background-image":"","background-repeat":"repeat","background-position":"center center","background-size":"auto","background-attachment":"scroll","background-type":"","background-media":"","overlay-type":"","overlay-color":"","overlay-opacity":"","overlay-gradient":""},"mobile":{"background-color":"var(--ast-global-color-5)","background-image":"","background-repeat":"repeat","background-position":"center center","background-size":"auto","background-attachment":"scroll","background-type":"","background-media":"","overlay-type":"","overlay-color":"","overlay-opacity":"","overlay-gradient":""}},"footnotes":""},"class_list":["post-1790","page","type-page","status-publish","hentry"],"yoast_head":"<!-- This site is optimized with the Yoast SEO Premium plugin v23.3 (Yoast SEO v24.4) - https:\/\/yoast.com\/wordpress\/plugins\/seo\/ -->\n<title>Enquiry about your solar energy system project<\/title>\n<meta name=\"description\" content=\"Leon Solar specializes in R&amp;D, design, production and sales of solar energy systems. We can provide you with solutions for all kinds solar energy system.Ready to discuss your project?\" \/>\n<meta name=\"robots\" content=\"index, follow, max-snippet:-1, max-image-preview:large, max-video-preview:-1\" \/>\n<link rel=\"canonical\" href=\"https:\/\/www.leonsolar.com\/vi\/solar-energy-system-project-enquiry\/\" \/>\n<meta property=\"og:locale\" content=\"vi_VN\" \/>\n<meta property=\"og:type\" content=\"article\" \/>\n<meta property=\"og:title\" content=\"Enquiry\" \/>\n<meta property=\"og:description\" content=\"Leon Solar specializes in R&amp;D, design, production and sales of solar energy systems. We can provide you with solutions for all kinds solar energy system.Ready to discuss your project?\" \/>\n<meta property=\"og:url\" content=\"https:\/\/www.leonsolar.com\/vi\/solar-energy-system-project-enquiry\/\" \/>\n<meta property=\"article:publisher\" content=\"https:\/\/www.facebook.com\/profile.php?id=100091002557296\" \/>\n<meta property=\"article:modified_time\" content=\"2024-11-15T04:01:21+00:00\" \/>\n<meta property=\"og:image\" content=\"https:\/\/www.leonsolar.com\/wp-content\/plugins\/wpforms-lite\/assets\/images\/submit-spin.svg\" \/>\n<meta name=\"twitter:card\" content=\"summary_large_image\" \/>\n<meta name=\"twitter:label1\" content=\"\u01af\u1edbc t\u00ednh th\u1eddi gian \u0111\u1ecdc\" \/>\n\t<meta name=\"twitter:data1\" content=\"1 ph\u00fat\" \/>\n<script type=\"application\/ld+json\" class=\"yoast-schema-graph\">{\"@context\":\"https:\/\/schema.org\",\"@graph\":[{\"@type\":\"WebPage\",\"@id\":\"https:\/\/www.leonsolar.com\/solar-energy-system-project-enquiry\/\",\"url\":\"https:\/\/www.leonsolar.com\/solar-energy-system-project-enquiry\/\",\"name\":\"Enquiry about your solar energy system project\",\"isPartOf\":{\"@id\":\"https:\/\/www.leonsolar.com\/#website\"},\"primaryImageOfPage\":{\"@id\":\"https:\/\/www.leonsolar.com\/solar-energy-system-project-enquiry\/#primaryimage\"},\"image\":{\"@id\":\"https:\/\/www.leonsolar.com\/solar-energy-system-project-enquiry\/#primaryimage\"},\"thumbnailUrl\":\"https:\/\/www.leonsolar.com\/wp-content\/plugins\/wpforms-lite\/assets\/images\/submit-spin.svg\",\"datePublished\":\"2024-09-06T03:22:54+00:00\",\"dateModified\":\"2024-11-15T04:01:21+00:00\",\"description\":\"Leon Solar specializes in R&D, design, production and sales of solar energy systems. We can provide you with solutions for all kinds solar energy system.Ready to discuss your project?\",\"breadcrumb\":{\"@id\":\"https:\/\/www.leonsolar.com\/solar-energy-system-project-enquiry\/#breadcrumb\"},\"inLanguage\":\"vi\",\"potentialAction\":[{\"@type\":\"ReadAction\",\"target\":[\"https:\/\/www.leonsolar.com\/solar-energy-system-project-enquiry\/\"]}]},{\"@type\":\"ImageObject\",\"inLanguage\":\"vi\",\"@id\":\"https:\/\/www.leonsolar.com\/solar-energy-system-project-enquiry\/#primaryimage\",\"url\":\"https:\/\/www.leonsolar.com\/wp-content\/plugins\/wpforms-lite\/assets\/images\/submit-spin.svg\",\"contentUrl\":\"https:\/\/www.leonsolar.com\/wp-content\/plugins\/wpforms-lite\/assets\/images\/submit-spin.svg\"},{\"@type\":\"BreadcrumbList\",\"@id\":\"https:\/\/www.leonsolar.com\/solar-energy-system-project-enquiry\/#breadcrumb\",\"itemListElement\":[{\"@type\":\"ListItem\",\"position\":1,\"name\":\"Home\",\"item\":\"https:\/\/www.leonsolar.com\/\"},{\"@type\":\"ListItem\",\"position\":2,\"name\":\"Enquiry\"}]},{\"@type\":\"WebSite\",\"@id\":\"https:\/\/www.leonsolar.com\/#website\",\"url\":\"https:\/\/www.leonsolar.com\/\",\"name\":\"Leon solar mounting system\",\"description\":\"ground mount system,tin roof mount system,tie roof mount system,floating pv system,solar pv Accessories\",\"publisher\":{\"@id\":\"https:\/\/www.leonsolar.com\/#organization\"},\"alternateName\":\"Show pages in search results Show pages in search results Disabling this means that pages will not be indexed by search engines and will be excluded from XML sitemaps. Read more about the search results settings.\",\"potentialAction\":[{\"@type\":\"SearchAction\",\"target\":{\"@type\":\"EntryPoint\",\"urlTemplate\":\"https:\/\/www.leonsolar.com\/?s={search_term_string}\"},\"query-input\":{\"@type\":\"PropertyValueSpecification\",\"valueRequired\":true,\"valueName\":\"search_term_string\"}}],\"inLanguage\":\"vi\"},{\"@type\":\"Organization\",\"@id\":\"https:\/\/www.leonsolar.com\/#organization\",\"name\":\"Xiamen Leon Solar Technology Co., Ltd\",\"url\":\"https:\/\/www.leonsolar.com\/\",\"logo\":{\"@type\":\"ImageObject\",\"inLanguage\":\"vi\",\"@id\":\"https:\/\/www.leonsolar.com\/#\/schema\/logo\/image\/\",\"url\":\"https:\/\/www.leonsolar.com\/wp-content\/uploads\/2024\/09\/leon-solar-company-logo-250-250.png\",\"contentUrl\":\"https:\/\/www.leonsolar.com\/wp-content\/uploads\/2024\/09\/leon-solar-company-logo-250-250.png\",\"width\":1044,\"height\":720,\"caption\":\"Xiamen Leon Solar Technology Co., Ltd\"},\"image\":{\"@id\":\"https:\/\/www.leonsolar.com\/#\/schema\/logo\/image\/\"},\"sameAs\":[\"https:\/\/www.facebook.com\/profile.php?id=100091002557296\",\"https:\/\/www.linkedin.com\/company\/13753269\/admin\/dashboard\/\"]}]}<\/script>\n<!-- \/ Yoast SEO Premium plugin. -->","yoast_head_json":{"title":"Enquiry about your solar energy system project","description":"Leon Solar specializes in R&D, design, production and sales of solar energy systems. We can provide you with solutions for all kinds solar energy system.Ready to discuss your project?","robots":{"index":"index","follow":"follow","max-snippet":"max-snippet:-1","max-image-preview":"max-image-preview:large","max-video-preview":"max-video-preview:-1"},"canonical":"https:\/\/www.leonsolar.com\/vi\/solar-energy-system-project-enquiry\/","og_locale":"vi_VN","og_type":"article","og_title":"Enquiry","og_description":"Leon Solar specializes in R&D, design, production and sales of solar energy systems. We can provide you with solutions for all kinds solar energy system.Ready to discuss your project?","og_url":"https:\/\/www.leonsolar.com\/vi\/solar-energy-system-project-enquiry\/","article_publisher":"https:\/\/www.facebook.com\/profile.php?id=100091002557296","article_modified_time":"2024-11-15T04:01:21+00:00","og_image":[{"url":"https:\/\/www.leonsolar.com\/wp-content\/plugins\/wpforms-lite\/assets\/images\/submit-spin.svg","type":"","width":"","height":""}],"twitter_card":"summary_large_image","twitter_misc":{"\u01af\u1edbc t\u00ednh th\u1eddi gian \u0111\u1ecdc":"1 ph\u00fat"},"schema":{"@context":"https:\/\/schema.org","@graph":[{"@type":"WebPage","@id":"https:\/\/www.leonsolar.com\/solar-energy-system-project-enquiry\/","url":"https:\/\/www.leonsolar.com\/solar-energy-system-project-enquiry\/","name":"Enquiry about your solar energy system project","isPartOf":{"@id":"https:\/\/www.leonsolar.com\/#website"},"primaryImageOfPage":{"@id":"https:\/\/www.leonsolar.com\/solar-energy-system-project-enquiry\/#primaryimage"},"image":{"@id":"https:\/\/www.leonsolar.com\/solar-energy-system-project-enquiry\/#primaryimage"},"thumbnailUrl":"https:\/\/www.leonsolar.com\/wp-content\/plugins\/wpforms-lite\/assets\/images\/submit-spin.svg","datePublished":"2024-09-06T03:22:54+00:00","dateModified":"2024-11-15T04:01:21+00:00","description":"Leon Solar specializes in R&D, design, production and sales of solar energy systems. We can provide you with solutions for all kinds solar energy system.Ready to discuss your project?","breadcrumb":{"@id":"https:\/\/www.leonsolar.com\/solar-energy-system-project-enquiry\/#breadcrumb"},"inLanguage":"vi","potentialAction":[{"@type":"ReadAction","target":["https:\/\/www.leonsolar.com\/solar-energy-system-project-enquiry\/"]}]},{"@type":"ImageObject","inLanguage":"vi","@id":"https:\/\/www.leonsolar.com\/solar-energy-system-project-enquiry\/#primaryimage","url":"https:\/\/www.leonsolar.com\/wp-content\/plugins\/wpforms-lite\/assets\/images\/submit-spin.svg","contentUrl":"https:\/\/www.leonsolar.com\/wp-content\/plugins\/wpforms-lite\/assets\/images\/submit-spin.svg"},{"@type":"BreadcrumbList","@id":"https:\/\/www.leonsolar.com\/solar-energy-system-project-enquiry\/#breadcrumb","itemListElement":[{"@type":"ListItem","position":1,"name":"Home","item":"https:\/\/www.leonsolar.com\/"},{"@type":"ListItem","position":2,"name":"Enquiry"}]},{"@type":"WebSite","@id":"https:\/\/www.leonsolar.com\/#website","url":"https:\/\/www.leonsolar.com\/","name":"Leon solar mounting system","description":"ground mount system,tin roof mount system,tie roof mount system,floating pv system,solar pv Accessories","publisher":{"@id":"https:\/\/www.leonsolar.com\/#organization"},"alternateName":"Show pages in search results Show pages in search results Disabling this means that pages will not be indexed by search engines and will be excluded from XML sitemaps. Read more about the search results settings.","potentialAction":[{"@type":"SearchAction","target":{"@type":"EntryPoint","urlTemplate":"https:\/\/www.leonsolar.com\/?s={search_term_string}"},"query-input":{"@type":"PropertyValueSpecification","valueRequired":true,"valueName":"search_term_string"}}],"inLanguage":"vi"},{"@type":"Organization","@id":"https:\/\/www.leonsolar.com\/#organization","name":"Xiamen Leon Solar Technology Co., Ltd","url":"https:\/\/www.leonsolar.com\/","logo":{"@type":"ImageObject","inLanguage":"vi","@id":"https:\/\/www.leonsolar.com\/#\/schema\/logo\/image\/","url":"https:\/\/www.leonsolar.com\/wp-content\/uploads\/2024\/09\/leon-solar-company-logo-250-250.png","contentUrl":"https:\/\/www.leonsolar.com\/wp-content\/uploads\/2024\/09\/leon-solar-company-logo-250-250.png","width":1044,"height":720,"caption":"Xiamen Leon Solar Technology Co., Ltd"},"image":{"@id":"https:\/\/www.leonsolar.com\/#\/schema\/logo\/image\/"},"sameAs":["https:\/\/www.facebook.com\/profile.php?id=100091002557296","https:\/\/www.linkedin.com\/company\/13753269\/admin\/dashboard\/"]}]}},"_links":{"self":[{"href":"https:\/\/www.leonsolar.com\/vi\/wp-json\/wp\/v2\/pages\/1790"}],"collection":[{"href":"https:\/\/www.leonsolar.com\/vi\/wp-json\/wp\/v2\/pages"}],"about":[{"href":"https:\/\/www.leonsolar.com\/vi\/wp-json\/wp\/v2\/types\/page"}],"author":[{"embeddable":true,"href":"https:\/\/www.leonsolar.com\/vi\/wp-json\/wp\/v2\/users\/1"}],"replies":[{"embeddable":true,"href":"https:\/\/www.leonsolar.com\/vi\/wp-json\/wp\/v2\/comments?post=1790"}],"version-history":[{"count":49,"href":"https:\/\/www.leonsolar.com\/vi\/wp-json\/wp\/v2\/pages\/1790\/revisions"}],"predecessor-version":[{"id":3168,"href":"https:\/\/www.leonsolar.com\/vi\/wp-json\/wp\/v2\/pages\/1790\/revisions\/3168"}],"wp:attachment":[{"href":"https:\/\/www.leonsolar.com\/vi\/wp-json\/wp\/v2\/media?parent=1790"}],"curies":[{"name":"wp","href":"https:\/\/api.w.org\/{rel}","templated":true}]}}